{"id":10,"date":"2018-09-25T15:47:42","date_gmt":"2018-09-25T13:47:42","guid":{"rendered":"https:\/\/obt2018.hu\/?page_id=10"},"modified":"2023-09-15T21:42:48","modified_gmt":"2023-09-15T19:42:48","slug":"bemutatkozas","status":"publish","type":"page","link":"https:\/\/obt2018.hu\/en\/bemutatkozas\/","title":{"rendered":"Introduction"},"content":{"rendered":"<p>&nbsp;<\/p>\n<hr \/>\n<p>&nbsp;<\/p>\n<p style=\"text-align: center;\">\u201eNJC commentsthe regulations and recommendations issued by the<br \/>\nPresident of the National Office for the Judiciary (NOJ), furthermore it can<br \/>\nsubmit motions to the President of NOJ to prepare proposals on<br \/>\namendments to the legislation affecting courts.\u201d<\/p>\n<p>&nbsp;<\/p>\n<hr \/>\n<p>&nbsp;<\/p>\n<p>NJC was created by Act CLXI of 2011 on the organisation and administration of courts(Court Organisation Act). It monitors the central management of courts while it also has its own management tasks. More details about our activities can be found under a separate menu item.<\/p>\n<p>NJC operates as a board consisting of 15 judges. The President of the Curia is automatically a memberdue to his\/her position, while the other 14 members are elected by the judges themselves for 6 years by a secret ballot where the judges vote through delegates. The NJC shall have a quorum if at least two-thirds of its members are present.<\/p>\n<p>NJC held its first meeting on 24 March 2012, while its solemn last meeting was held on 8 January 2018. The first elected NJC operated until January 2018, on 15 January the 130 delegates elected by the judges according to a geographicalvotingsystem elected theirnew members and deputymembers. The newly elected NJC started to operate on 30 January 2018. Currently, NJC operates with a reduced number of staff, with 11 members. Due to the resignation of several members and deputymembers a new election is necessary, the date of<br \/>\nthe new election shall be set by the President of NOJ. Following the election, NJC will operate again with 15 members.<\/p>\n<p>The position of the President of NJC shall be rotated biannually among the members on the basis of their service period, starting with the one with the longest service period. The current President of NJC is dr. S\u00e1ndor Szab\u00f3, head of unit of the Szombathely Regional Court, the vice-president is dr. Judit Fatalin, judge at the Budapest Capital Regional Court of Appeal.<\/p>\n<p>Meetings of NJC shall be attended by the Minister of Justice, the Prosecutor General, the President of the Hungarian Bar Association, the President of the Hungarian Chamber of Notaries Public and the President of NOJ in a consultative capacity, making NJC meetings an important platform of the cooperation oflegal professions.<\/p>\n<p>The NJC Bureau, led by the head of office elected by NJC members for 2 years from among themselves,shall be responsible for any administrative tasks in between NJC meetings.<\/p>","protected":false},"excerpt":{"rendered":"<p>&nbsp; &nbsp; \u201eNJC commentsthe regulations and recommendations issued by the President of the National Office for the Judiciary (NOJ), furthermore it can submit motions to the President of NOJ to prepare proposals on amendments to the legislation affecting courts.\u201d &nbsp; &nbsp; NJC was created by Act CLXI of 2011 on the organisation and administration of<br \/><a class=\"moretag\" href=\"https:\/\/obt2018.hu\/en\/bemutatkozas\/\">+ Read More<\/a><\/p>\n","protected":false},"author":1,"featured_media":0,"parent":0,"menu_order":0,"comment_status":"closed","ping_status":"closed","template":"templates\/page-nosidebar_template.php","meta":{"jetpack_post_was_ever_published":false,"footnotes":""},"class_list":["post-10","page","type-page","status-publish","hentry"],"yoast_head":"<!-- This site is optimized with the Yoast SEO plugin v27.2 - https:\/\/yoast.com\/product\/yoast-seo-wordpress\/ -->\n<title>Introduction - Orsz\u00e1gos B\u00edr\u00f3i Tan\u00e1cs<\/title>\n<meta name=\"robots\" content=\"index, follow, max-snippet:-1, max-image-preview:large, max-video-preview:-1\" \/>\n<link rel=\"canonical\" href=\"https:\/\/obt2018.hu\/bemutatkozas\/\" \/>\n<meta property=\"og:locale\" content=\"en_US\" \/>\n<meta property=\"og:type\" content=\"article\" \/>\n<meta property=\"og:title\" content=\"[:hu]Bemutatkoz\u00e1s[:en]Introduction[:] - Orsz\u00e1gos B\u00edr\u00f3i Tan\u00e1cs\" \/>\n<meta property=\"og:description\" content=\"&nbsp; &nbsp; \u201eNJC commentsthe regulations and recommendations issued by the President of the National Office for the Judiciary (NOJ), furthermore it can submit motions to the President of NOJ to prepare proposals on amendments to the legislation affecting courts.\u201d &nbsp; &nbsp; NJC was created by Act CLXI of 2011 on the organisation and administration of+ Read More\" \/>\n<meta property=\"og:url\" content=\"https:\/\/obt2018.hu\/bemutatkozas\/\" \/>\n<meta property=\"og:site_name\" content=\"Orsz\u00e1gos B\u00edr\u00f3i Tan\u00e1cs\" \/>\n<meta property=\"article:modified_time\" content=\"2023-09-15T19:42:48+00:00\" \/>\n<meta name=\"twitter:card\" content=\"summary_large_image\" \/>\n<meta name=\"twitter:label1\" content=\"Est. reading time\" \/>\n\t<meta name=\"twitter:data1\" content=\"2 minutes\" \/>\n<script type=\"application\/ld+json\" class=\"yoast-schema-graph\">{\"@context\":\"https:\/\/schema.org\",\"@graph\":[{\"@type\":\"WebPage\",\"@id\":\"https:\/\/obt2018.hu\/bemutatkozas\/\",\"url\":\"https:\/\/obt2018.hu\/bemutatkozas\/\",\"name\":\"[:hu]Bemutatkoz\u00e1s[:en]Introduction[:] - Orsz\u00e1gos B\u00edr\u00f3i Tan\u00e1cs\",\"isPartOf\":{\"@id\":\"https:\/\/obt2018.hu\/#website\"},\"datePublished\":\"2018-09-25T13:47:42+00:00\",\"dateModified\":\"2023-09-15T19:42:48+00:00\",\"breadcrumb\":{\"@id\":\"https:\/\/obt2018.hu\/bemutatkozas\/#breadcrumb\"},\"inLanguage\":\"en-US\",\"potentialAction\":[{\"@type\":\"ReadAction\",\"target\":[\"https:\/\/obt2018.hu\/bemutatkozas\/\"]}]},{\"@type\":\"BreadcrumbList\",\"@id\":\"https:\/\/obt2018.hu\/bemutatkozas\/#breadcrumb\",\"itemListElement\":[{\"@type\":\"ListItem\",\"position\":1,\"name\":\"Home\",\"item\":\"https:\/\/obt2018.hu\/\"},{\"@type\":\"ListItem\",\"position\":2,\"name\":\"Bemutatkoz\u00e1s\"}]},{\"@type\":\"WebSite\",\"@id\":\"https:\/\/obt2018.hu\/#website\",\"url\":\"https:\/\/obt2018.hu\/\",\"name\":\"OBT 2018\",\"description\":\"Az Orsz\u00e1gos B\u00edr\u00f3i Tan\u00e1cs honlapja\",\"publisher\":{\"@id\":\"https:\/\/obt2018.hu\/#organization\"},\"potentialAction\":[{\"@type\":\"SearchAction\",\"target\":{\"@type\":\"EntryPoint\",\"urlTemplate\":\"https:\/\/obt2018.hu\/?s={search_term_string}\"},\"query-input\":{\"@type\":\"PropertyValueSpecification\",\"valueRequired\":true,\"valueName\":\"search_term_string\"}}],\"inLanguage\":\"en-US\"},{\"@type\":\"Organization\",\"@id\":\"https:\/\/obt2018.hu\/#organization\",\"name\":\"Orsz\u00e1gos B\u00edr\u00f3i Tan\u00e1cs\",\"url\":\"https:\/\/obt2018.hu\/\",\"logo\":{\"@type\":\"ImageObject\",\"inLanguage\":\"en-US\",\"@id\":\"https:\/\/obt2018.hu\/#\/schema\/logo\/image\/\",\"url\":\"https:\/\/obt2018.hu\/wp-content\/uploads\/2018\/10\/logo.png\",\"contentUrl\":\"https:\/\/obt2018.hu\/wp-content\/uploads\/2018\/10\/logo.png\",\"width\":591,\"height\":591,\"caption\":\"Orsz\u00e1gos B\u00edr\u00f3i Tan\u00e1cs\"},\"image\":{\"@id\":\"https:\/\/obt2018.hu\/#\/schema\/logo\/image\/\"}}]}<\/script>\n<!-- \/ Yoast SEO plugin. -->","yoast_head_json":{"title":"[:hu]Bemutatkoz\u00e1s[:en]Introduction[:] - Orsz\u00e1gos B\u00edr\u00f3i Tan\u00e1cs","robots":{"index":"index","follow":"follow","max-snippet":"max-snippet:-1","max-image-preview":"max-image-preview:large","max-video-preview":"max-video-preview:-1"},"canonical":"https:\/\/obt2018.hu\/bemutatkozas\/","og_locale":"en_US","og_type":"article","og_title":"[:hu]Bemutatkoz\u00e1s[:en]Introduction[:] - Orsz\u00e1gos B\u00edr\u00f3i Tan\u00e1cs","og_description":"&nbsp; &nbsp; \u201eNJC commentsthe regulations and recommendations issued by the President of the National Office for the Judiciary (NOJ), furthermore it can submit motions to the President of NOJ to prepare proposals on amendments to the legislation affecting courts.\u201d &nbsp; &nbsp; NJC was created by Act CLXI of 2011 on the organisation and administration of+ Read More","og_url":"https:\/\/obt2018.hu\/bemutatkozas\/","og_site_name":"Orsz\u00e1gos B\u00edr\u00f3i Tan\u00e1cs","article_modified_time":"2023-09-15T19:42:48+00:00","twitter_card":"summary_large_image","twitter_misc":{"Est. reading time":"2 minutes"},"schema":{"@context":"https:\/\/schema.org","@graph":[{"@type":"WebPage","@id":"https:\/\/obt2018.hu\/bemutatkozas\/","url":"https:\/\/obt2018.hu\/bemutatkozas\/","name":"[:hu]Bemutatkoz\u00e1s[:en]Introduction[:] - Orsz\u00e1gos B\u00edr\u00f3i Tan\u00e1cs","isPartOf":{"@id":"https:\/\/obt2018.hu\/#website"},"datePublished":"2018-09-25T13:47:42+00:00","dateModified":"2023-09-15T19:42:48+00:00","breadcrumb":{"@id":"https:\/\/obt2018.hu\/bemutatkozas\/#breadcrumb"},"inLanguage":"en-US","potentialAction":[{"@type":"ReadAction","target":["https:\/\/obt2018.hu\/bemutatkozas\/"]}]},{"@type":"BreadcrumbList","@id":"https:\/\/obt2018.hu\/bemutatkozas\/#breadcrumb","itemListElement":[{"@type":"ListItem","position":1,"name":"Home","item":"https:\/\/obt2018.hu\/"},{"@type":"ListItem","position":2,"name":"Bemutatkoz\u00e1s"}]},{"@type":"WebSite","@id":"https:\/\/obt2018.hu\/#website","url":"https:\/\/obt2018.hu\/","name":"OBT 2018","description":"Az Orsz\u00e1gos B\u00edr\u00f3i Tan\u00e1cs honlapja","publisher":{"@id":"https:\/\/obt2018.hu\/#organization"},"potentialAction":[{"@type":"SearchAction","target":{"@type":"EntryPoint","urlTemplate":"https:\/\/obt2018.hu\/?s={search_term_string}"},"query-input":{"@type":"PropertyValueSpecification","valueRequired":true,"valueName":"search_term_string"}}],"inLanguage":"en-US"},{"@type":"Organization","@id":"https:\/\/obt2018.hu\/#organization","name":"Orsz\u00e1gos B\u00edr\u00f3i Tan\u00e1cs","url":"https:\/\/obt2018.hu\/","logo":{"@type":"ImageObject","inLanguage":"en-US","@id":"https:\/\/obt2018.hu\/#\/schema\/logo\/image\/","url":"https:\/\/obt2018.hu\/wp-content\/uploads\/2018\/10\/logo.png","contentUrl":"https:\/\/obt2018.hu\/wp-content\/uploads\/2018\/10\/logo.png","width":591,"height":591,"caption":"Orsz\u00e1gos B\u00edr\u00f3i Tan\u00e1cs"},"image":{"@id":"https:\/\/obt2018.hu\/#\/schema\/logo\/image\/"}}]}},"jetpack_sharing_enabled":true,"jetpack_shortlink":"https:\/\/wp.me\/PfwhB4-a","jetpack-related-posts":[{"id":106,"url":"https:\/\/obt2018.hu\/en\/tortenetunk\/","url_meta":{"origin":10,"position":0},"title":"Our story","author":"szgabor1976","date":"Tuesday September 25th, 2018","format":false,"excerpt":"2018. november \u00a0 2018.11.26. A Magyar Tudom\u00e1nyos Akad\u00e9mia Jogtudom\u00e1nyi Int\u00e9zete angol nyelv\u0171 konferenci\u00e1t rendezett b\u00edr\u00f3s\u00e1gi igazgat\u00e1si modellek t\u00e9m\u00e1j\u00e1ban, amelyen r\u00e9szt vett dr. Matusik Tam\u00e1s \u00e9s dr. Vad\u00e1sz Viktor OBT tagok. 2018.11.15-17. A Magyar Orsz\u00e1gos K\u00f6zjegyz\u0151i Kamara 30. Region\u00e1lis Kollokvium\u00e1n dr. Csontos Katalin, dr. Matusik Tam\u00e1s \u00e9s dr. Vad\u00e1sz Viktor k\u00e9pviselte\u2026","rel":"","context":"Similar post","block_context":{"text":"Similar post","link":""},"img":{"alt_text":"","src":"","width":0,"height":0},"classes":[]},{"id":83,"url":"https:\/\/obt2018.hu\/en\/felugyelet\/","url_meta":{"origin":10,"position":1},"title":"Supervision","author":"szgabor1976","date":"Tuesday September 25th, 2018","format":false,"excerpt":"\u00a0 \u201eThe central responsibilities of the administration of the courts shall be performed by the President of the National Office for the Judiciary. The National Judicial Council shall supervise the central administration of the courts.\" \u00a0 The most pivotal duty of NJC is defined by Article 25. of the Fundamental\u2026","rel":"","context":"Similar post","block_context":{"text":"Similar post","link":""},"img":{"alt_text":"","src":"","width":0,"height":0},"classes":[]},{"id":69,"url":"https:\/\/obt2018.hu\/en\/2018-2\/","url_meta":{"origin":10,"position":2},"title":"2018","author":"szgabor1976","date":"Tuesday September 25th, 2018","format":false,"excerpt":"\u00a0 2018. I. f\u00e9l\u00e9vre tervezett napirendi pontok: OBT m\u0171k\u00f6d\u00e9s\u00e9vel kapcsolatos el\u0151terjeszt\u00e9sek: az OBT m\u0171k\u00f6d\u00e9si felt\u00e9teleinek biztos\u00edt\u00e1sa, szervezeti \u00e9s m\u0171k\u00f6d\u00e9si szab\u00e1lyzat\u00e1nak m\u00f3dos\u00edt\u00e1sa az OBT hat\u00e1rozatainak, aj\u00e1nl\u00e1sainak deregul\u00e1ci\u00f3ja OBT iroda \u00fcgyviteli szab\u00e1lyzata Besz\u00e1mol\u00f3k, v\u00e9lem\u00e9nyez\u00e9sek: OBH eln\u00f6k f\u00e9l\u00e9ves besz\u00e1mol\u00f3j\u00e1nak megt\u00e1rgyal\u00e1sa a Szolg\u00e1lati B\u00edr\u00f3s\u00e1g eln\u00f6ke besz\u00e1mol\u00f3j\u00e1nak j\u00f3v\u00e1hagy\u00e1sa a V\u00e9grehajt\u00f3i Fegyelmi B\u00edr\u00f3s\u00e1g eln\u00f6ke besz\u00e1mol\u00f3j\u00e1nak j\u00f3v\u00e1hagy\u00e1sa\u2026","rel":"","context":"Similar post","block_context":{"text":"Similar post","link":""},"img":{"alt_text":"","src":"","width":0,"height":0},"classes":[]},{"id":20,"url":"https:\/\/obt2018.hu\/en\/nemzetkozi-kapcsolatok\/","url_meta":{"origin":10,"position":3},"title":"International Relations","author":"szgabor1976","date":"Tuesday September 25th, 2018","format":false,"excerpt":"\u00a0 Az Orsz\u00e1gos Igazs\u00e1gszolg\u00e1ltat\u00e1si Tan\u00e1cs alap\u00edt\u00f3 tagja az Eur\u00f3pai Tan\u00e1csok Igazs\u00e1g\u00fcgyi H\u00e1l\u00f3zat\u00e1nak (ENCJ). A H\u00e1l\u00f3zat munk\u00e1j\u00e1ban az Orsz\u00e1gos B\u00edr\u00f3i Tan\u00e1cs a 2012-es b\u00edr\u00f3s\u00e1gi igazgat\u00e1si reformot k\u00f6vet\u0151en csak megfigyel\u0151k\u00e9nt vehetett r\u00e9szt, majd a 2015. j\u00fanius 3. napj\u00e1n megtartott k\u00f6zgy\u0171l\u00e9sen a tags\u00e1g d\u00f6nt\u00f6tt az OBT felv\u00e9tel\u00e9r\u0151l. \u00a0 Az Orsz\u00e1gos B\u00edr\u00f3i Tan\u00e1cs 2018.\u2026","rel":"","context":"Similar post","block_context":{"text":"Similar post","link":""},"img":{"alt_text":"","src":"","width":0,"height":0},"classes":[]},{"id":45,"url":"https:\/\/obt2018.hu\/en\/udvozles\/","url_meta":{"origin":10,"position":4},"title":"Welcome","author":"szgabor1976","date":"Tuesday September 25th, 2018","format":false,"excerpt":"","rel":"","context":"Similar post","block_context":{"text":"Similar post","link":""},"img":{"alt_text":"","src":"","width":0,"height":0},"classes":[]},{"id":355,"url":"https:\/\/obt2018.hu\/en\/obt-iroda\/","url_meta":{"origin":10,"position":5},"title":"Office of NJO","author":"szgabor1976","date":"Saturday October  6th, 2018","format":false,"excerpt":"\u00a0 \u201eThe Office of NJO performs the administrative tasks of NJO, the assistance of the work of NJO members, documentation management and the full documentation of the work of NJO.\u201d \u00a0 \u00a0 Physically the Office of NJC is located in the building of NJO and its operation is performed by\u2026","rel":"","context":"Similar post","block_context":{"text":"Similar post","link":""},"img":{"alt_text":"","src":"","width":0,"height":0},"classes":[]}],"jetpack_likes_enabled":true,"_links":{"self":[{"href":"https:\/\/obt2018.hu\/en\/wp-json\/wp\/v2\/pages\/10","targetHints":{"allow":["GET"]}}],"collection":[{"href":"https:\/\/obt2018.hu\/en\/wp-json\/wp\/v2\/pages"}],"about":[{"href":"https:\/\/obt2018.hu\/en\/wp-json\/wp\/v2\/types\/page"}],"author":[{"embeddable":true,"href":"https:\/\/obt2018.hu\/en\/wp-json\/wp\/v2\/users\/1"}],"replies":[{"embeddable":true,"href":"https:\/\/obt2018.hu\/en\/wp-json\/wp\/v2\/comments?post=10"}],"version-history":[{"count":13,"href":"https:\/\/obt2018.hu\/en\/wp-json\/wp\/v2\/pages\/10\/revisions"}],"predecessor-version":[{"id":2695,"href":"https:\/\/obt2018.hu\/en\/wp-json\/wp\/v2\/pages\/10\/revisions\/2695"}],"wp:attachment":[{"href":"https:\/\/obt2018.hu\/en\/wp-json\/wp\/v2\/media?parent=10"}],"curies":[{"name":"wp","href":"https:\/\/api.w.org\/{rel}","templated":true}]}}