{"id":111,"date":"2018-09-25T18:33:48","date_gmt":"2018-09-25T16:33:48","guid":{"rendered":"https:\/\/obt2018.hu\/?page_id=111"},"modified":"2022-12-08T18:31:11","modified_gmt":"2022-12-08T17:31:11","slug":"kis-menu","status":"publish","type":"page","link":"https:\/\/obt2018.hu\/en\/kis-menu\/","title":{"rendered":"Kis Men\u00fc"},"content":{"rendered":"<p>\r\n\t\t<div class=\"fancy-title\" style=\"margin: ; text-align: center;\">\r\n\t\t\t<h2 style=\"color:#1f1f1f; font-size:40px; text-align: center;\">\r\n\t\t\t\t<small style=\"color:#3a3a3a; font-size:28px;\"><\/small>\r\n\t\t\t\t\r\n\t\t\t\t<span style=\"color:#9cc914;\"><\/span>\r\n\t\t\t<\/h2>\r\n\t\t<\/div>\r\n\t\t<br \/>\n<div class=\"spacecode\" style=\"height:70px;\"><\/div><br \/>\n<div class=\"services-row services-row-3column\"><br \/>\n\r\n\t\t<div class=\"services-box\">\r\n\t\t\t<div class=\"services-box-inner\">\r\n\t\t\t\t<a style=\"background-color:#202020;\" class=\"services-box-image\" href=\"https:\/\/obt2018.hu\/esemenynaptar\/\"><img decoding=\"async\" src=\"https:\/\/obt2018.hu\/wp-content\/uploads\/2018\/10\/Esem\u00e9nynapt\u00e1r.png\"><\/a>\r\n\t\t\t\t<h4 class=\"services-box-title\" style=\"color:#3b3b3b;\"><a style=\"color:#3b3b3b;\" href=\"https:\/\/obt2018.hu\/esemenynaptar\/\">CALENDAR OF EVENTS<\/a><\/h4>\r\n\t\t\t\t<div class=\"services-box-dots\">\r\n\t\t\t\t\t<span><\/span>\r\n\t\t\t\t\t<span style=\"background-color:#3b3b3b;\"><\/span>\r\n\t\t\t\t\t<span><\/span>\r\n\t\t\t\t<\/div>\r\n\t\t\t\t<p class=\"services-box-text\" style=\"color:#4c4c4c;\"><\/p>\r\n\t\t\t<\/div>\r\n\t\t<\/div>\r\n\t<br \/>\n\r\n\t\t<div class=\"services-box\">\r\n\t\t\t<div class=\"services-box-inner\">\r\n\t\t\t\t<a style=\"background-color:#202020;\" class=\"services-box-image\" href=\"https:\/\/obt2018.hu\/nemzetkozi-kapcsolatok\/\"><img decoding=\"async\" src=\"https:\/\/obt2018.hu\/wp-content\/uploads\/2018\/10\/Nemzetk\u00f6zi.png\"><\/a>\r\n\t\t\t\t<h4 class=\"services-box-title\" style=\"color:#3b3b3b;\"><a style=\"color:#3b3b3b;\" href=\"https:\/\/obt2018.hu\/nemzetkozi-kapcsolatok\/\">NEMZETK\u00d6ZI KAPCSOLATOK<\/a><\/h4>\r\n\t\t\t\t<div class=\"services-box-dots\">\r\n\t\t\t\t\t<span><\/span>\r\n\t\t\t\t\t<span style=\"background-color:#3b3b3b;\"><\/span>\r\n\t\t\t\t\t<span><\/span>\r\n\t\t\t\t<\/div>\r\n\t\t\t\t<p class=\"services-box-text\" style=\"color:#4c4c4c;\"><\/p>\r\n\t\t\t<\/div>\r\n\t\t<\/div>\r\n\t<br \/>\n\r\n\t\t<div class=\"services-box\">\r\n\t\t\t<div class=\"services-box-inner\">\r\n\t\t\t\t<a style=\"background-color:#202020;\" class=\"services-box-image\" href=\"https:\/\/obt2018.hu\/tortenetunk\/\"><img decoding=\"async\" src=\"https:\/\/obt2018.hu\/wp-content\/uploads\/2018\/10\/T\u00f6rt\u00e9net\u00fcnk.png\"><\/a>\r\n\t\t\t\t<h4 class=\"services-box-title\" style=\"color:#3b3b3b;\"><a style=\"color:#3b3b3b;\" href=\"https:\/\/obt2018.hu\/tortenetunk\/\">T\u00d6RT\u00c9NET\u00dcNK<\/a><\/h4>\r\n\t\t\t\t<div class=\"services-box-dots\">\r\n\t\t\t\t\t<span><\/span>\r\n\t\t\t\t\t<span style=\"background-color:#3b3b3b;\"><\/span>\r\n\t\t\t\t\t<span><\/span>\r\n\t\t\t\t<\/div>\r\n\t\t\t\t<p class=\"services-box-text\" style=\"color:#4c4c4c;\"><\/p>\r\n\t\t\t<\/div>\r\n\t\t<\/div>\r\n\t<br \/>\n<div class=\"clear\"><\/div><\/div><\/p>","protected":false},"excerpt":{"rendered":"","protected":false},"author":1,"featured_media":0,"parent":0,"menu_order":0,"comment_status":"closed","ping_status":"closed","template":"templates\/page-nosidebar_template.php","meta":{"jetpack_post_was_ever_published":false,"footnotes":""},"class_list":["post-111","page","type-page","status-publish","hentry"],"yoast_head":"<!-- This site is optimized with the Yoast SEO plugin v27.2 - https:\/\/yoast.com\/product\/yoast-seo-wordpress\/ -->\n<title>Kis Men\u00fc - Orsz\u00e1gos B\u00edr\u00f3i Tan\u00e1cs<\/title>\n<meta name=\"robots\" content=\"index, follow, max-snippet:-1, max-image-preview:large, max-video-preview:-1\" \/>\n<link rel=\"canonical\" href=\"https:\/\/obt2018.hu\/kis-menu\/\" \/>\n<meta property=\"og:locale\" content=\"en_US\" \/>\n<meta property=\"og:type\" content=\"article\" \/>\n<meta property=\"og:title\" content=\"Kis Men\u00fc - Orsz\u00e1gos B\u00edr\u00f3i Tan\u00e1cs\" \/>\n<meta property=\"og:url\" content=\"https:\/\/obt2018.hu\/kis-menu\/\" \/>\n<meta property=\"og:site_name\" content=\"Orsz\u00e1gos B\u00edr\u00f3i Tan\u00e1cs\" \/>\n<meta property=\"article:modified_time\" content=\"2022-12-08T17:31:11+00:00\" \/>\n<meta name=\"twitter:card\" content=\"summary_large_image\" \/>\n<meta name=\"twitter:label1\" content=\"Est. reading time\" \/>\n\t<meta name=\"twitter:data1\" content=\"1 minute\" \/>\n<script type=\"application\/ld+json\" class=\"yoast-schema-graph\">{\"@context\":\"https:\/\/schema.org\",\"@graph\":[{\"@type\":\"WebPage\",\"@id\":\"https:\/\/obt2018.hu\/kis-menu\/\",\"url\":\"https:\/\/obt2018.hu\/kis-menu\/\",\"name\":\"Kis Men\u00fc - Orsz\u00e1gos B\u00edr\u00f3i Tan\u00e1cs\",\"isPartOf\":{\"@id\":\"https:\/\/obt2018.hu\/#website\"},\"datePublished\":\"2018-09-25T16:33:48+00:00\",\"dateModified\":\"2022-12-08T17:31:11+00:00\",\"breadcrumb\":{\"@id\":\"https:\/\/obt2018.hu\/kis-menu\/#breadcrumb\"},\"inLanguage\":\"en-US\",\"potentialAction\":[{\"@type\":\"ReadAction\",\"target\":[\"https:\/\/obt2018.hu\/kis-menu\/\"]}]},{\"@type\":\"BreadcrumbList\",\"@id\":\"https:\/\/obt2018.hu\/kis-menu\/#breadcrumb\",\"itemListElement\":[{\"@type\":\"ListItem\",\"position\":1,\"name\":\"Home\",\"item\":\"https:\/\/obt2018.hu\/\"},{\"@type\":\"ListItem\",\"position\":2,\"name\":\"Kis Men\u00fc\"}]},{\"@type\":\"WebSite\",\"@id\":\"https:\/\/obt2018.hu\/#website\",\"url\":\"https:\/\/obt2018.hu\/\",\"name\":\"OBT 2018\",\"description\":\"Az Orsz\u00e1gos B\u00edr\u00f3i Tan\u00e1cs honlapja\",\"publisher\":{\"@id\":\"https:\/\/obt2018.hu\/#organization\"},\"potentialAction\":[{\"@type\":\"SearchAction\",\"target\":{\"@type\":\"EntryPoint\",\"urlTemplate\":\"https:\/\/obt2018.hu\/?s={search_term_string}\"},\"query-input\":{\"@type\":\"PropertyValueSpecification\",\"valueRequired\":true,\"valueName\":\"search_term_string\"}}],\"inLanguage\":\"en-US\"},{\"@type\":\"Organization\",\"@id\":\"https:\/\/obt2018.hu\/#organization\",\"name\":\"Orsz\u00e1gos B\u00edr\u00f3i Tan\u00e1cs\",\"url\":\"https:\/\/obt2018.hu\/\",\"logo\":{\"@type\":\"ImageObject\",\"inLanguage\":\"en-US\",\"@id\":\"https:\/\/obt2018.hu\/#\/schema\/logo\/image\/\",\"url\":\"https:\/\/obt2018.hu\/wp-content\/uploads\/2018\/10\/logo.png\",\"contentUrl\":\"https:\/\/obt2018.hu\/wp-content\/uploads\/2018\/10\/logo.png\",\"width\":591,\"height\":591,\"caption\":\"Orsz\u00e1gos B\u00edr\u00f3i Tan\u00e1cs\"},\"image\":{\"@id\":\"https:\/\/obt2018.hu\/#\/schema\/logo\/image\/\"}}]}<\/script>\n<!-- \/ Yoast SEO plugin. -->","yoast_head_json":{"title":"Kis Men\u00fc - Orsz\u00e1gos B\u00edr\u00f3i Tan\u00e1cs","robots":{"index":"index","follow":"follow","max-snippet":"max-snippet:-1","max-image-preview":"max-image-preview:large","max-video-preview":"max-video-preview:-1"},"canonical":"https:\/\/obt2018.hu\/kis-menu\/","og_locale":"en_US","og_type":"article","og_title":"Kis Men\u00fc - Orsz\u00e1gos B\u00edr\u00f3i Tan\u00e1cs","og_url":"https:\/\/obt2018.hu\/kis-menu\/","og_site_name":"Orsz\u00e1gos B\u00edr\u00f3i Tan\u00e1cs","article_modified_time":"2022-12-08T17:31:11+00:00","twitter_card":"summary_large_image","twitter_misc":{"Est. reading time":"1 minute"},"schema":{"@context":"https:\/\/schema.org","@graph":[{"@type":"WebPage","@id":"https:\/\/obt2018.hu\/kis-menu\/","url":"https:\/\/obt2018.hu\/kis-menu\/","name":"Kis Men\u00fc - Orsz\u00e1gos B\u00edr\u00f3i Tan\u00e1cs","isPartOf":{"@id":"https:\/\/obt2018.hu\/#website"},"datePublished":"2018-09-25T16:33:48+00:00","dateModified":"2022-12-08T17:31:11+00:00","breadcrumb":{"@id":"https:\/\/obt2018.hu\/kis-menu\/#breadcrumb"},"inLanguage":"en-US","potentialAction":[{"@type":"ReadAction","target":["https:\/\/obt2018.hu\/kis-menu\/"]}]},{"@type":"BreadcrumbList","@id":"https:\/\/obt2018.hu\/kis-menu\/#breadcrumb","itemListElement":[{"@type":"ListItem","position":1,"name":"Home","item":"https:\/\/obt2018.hu\/"},{"@type":"ListItem","position":2,"name":"Kis Men\u00fc"}]},{"@type":"WebSite","@id":"https:\/\/obt2018.hu\/#website","url":"https:\/\/obt2018.hu\/","name":"OBT 2018","description":"Az Orsz\u00e1gos B\u00edr\u00f3i Tan\u00e1cs honlapja","publisher":{"@id":"https:\/\/obt2018.hu\/#organization"},"potentialAction":[{"@type":"SearchAction","target":{"@type":"EntryPoint","urlTemplate":"https:\/\/obt2018.hu\/?s={search_term_string}"},"query-input":{"@type":"PropertyValueSpecification","valueRequired":true,"valueName":"search_term_string"}}],"inLanguage":"en-US"},{"@type":"Organization","@id":"https:\/\/obt2018.hu\/#organization","name":"Orsz\u00e1gos B\u00edr\u00f3i Tan\u00e1cs","url":"https:\/\/obt2018.hu\/","logo":{"@type":"ImageObject","inLanguage":"en-US","@id":"https:\/\/obt2018.hu\/#\/schema\/logo\/image\/","url":"https:\/\/obt2018.hu\/wp-content\/uploads\/2018\/10\/logo.png","contentUrl":"https:\/\/obt2018.hu\/wp-content\/uploads\/2018\/10\/logo.png","width":591,"height":591,"caption":"Orsz\u00e1gos B\u00edr\u00f3i Tan\u00e1cs"},"image":{"@id":"https:\/\/obt2018.hu\/#\/schema\/logo\/image\/"}}]}},"jetpack_sharing_enabled":true,"jetpack_shortlink":"https:\/\/wp.me\/PfwhB4-1N","jetpack-related-posts":[{"id":118,"url":"https:\/\/obt2018.hu\/en\/tevekenysegek\/","url_meta":{"origin":111,"position":0},"title":"Tev\u00e9kenys\u00e9gek","author":"szgabor1976","date":"Tuesday September 25th, 2018","format":false,"excerpt":"","rel":"","context":"Similar post","block_context":{"text":"Similar post","link":""},"img":{"alt_text":"","src":"","width":0,"height":0},"classes":[]},{"id":133,"url":"https:\/\/obt2018.hu\/en\/tagok-1\/","url_meta":{"origin":111,"position":1},"title":"Tagok 1","author":"szgabor1976","date":"Tuesday September 25th, 2018","format":false,"excerpt":"","rel":"","context":"Similar post","block_context":{"text":"Similar post","link":""},"img":{"alt_text":"","src":"","width":0,"height":0},"classes":[]},{"id":77,"url":"https:\/\/obt2018.hu\/en\/kozlemenyek-irasok\/","url_meta":{"origin":111,"position":2},"title":"Publications, articles","author":"szgabor1976","date":"Tuesday September 25th, 2018","format":false,"excerpt":"","rel":"","context":"Similar post","block_context":{"text":"Similar post","link":""},"img":{"alt_text":"","src":"","width":0,"height":0},"classes":[]},{"id":1201,"url":"https:\/\/obt2018.hu\/en\/juhasz-andor-dij\/","url_meta":{"origin":111,"position":3},"title":"(Magyar) Juh\u00e1sz Andor-d\u00edj","author":"szgabor1976","date":"Thursday September 26th, 2019","format":false,"excerpt":"","rel":"","context":"Similar post","block_context":{"text":"Similar post","link":""},"img":{"alt_text":"","src":"","width":0,"height":0},"classes":[]},{"id":1206,"url":"https:\/\/obt2018.hu\/en\/hatarozatok\/","url_meta":{"origin":111,"position":4},"title":"h","author":"szgabor1976","date":"Thursday September 26th, 2019","format":false,"excerpt":"Sorry, this entry is only available in Magyar.","rel":"","context":"Similar post","block_context":{"text":"Similar post","link":""},"img":{"alt_text":"","src":"","width":0,"height":0},"classes":[]},{"id":1203,"url":"https:\/\/obt2018.hu\/en\/szolgalati-birosag-2\/","url_meta":{"origin":111,"position":5},"title":"(Magyar) Szolg\u00e1lati B\u00edr\u00f3s\u00e1g","author":"szgabor1976","date":"Thursday September 26th, 2019","format":false,"excerpt":"Sorry, this entry is only available in Magyar.","rel":"","context":"Similar post","block_context":{"text":"Similar post","link":""},"img":{"alt_text":"","src":"","width":0,"height":0},"classes":[]}],"jetpack_likes_enabled":true,"_links":{"self":[{"href":"https:\/\/obt2018.hu\/en\/wp-json\/wp\/v2\/pages\/111","targetHints":{"allow":["GET"]}}],"collection":[{"href":"https:\/\/obt2018.hu\/en\/wp-json\/wp\/v2\/pages"}],"about":[{"href":"https:\/\/obt2018.hu\/en\/wp-json\/wp\/v2\/types\/page"}],"author":[{"embeddable":true,"href":"https:\/\/obt2018.hu\/en\/wp-json\/wp\/v2\/users\/1"}],"replies":[{"embeddable":true,"href":"https:\/\/obt2018.hu\/en\/wp-json\/wp\/v2\/comments?post=111"}],"version-history":[{"count":12,"href":"https:\/\/obt2018.hu\/en\/wp-json\/wp\/v2\/pages\/111\/revisions"}],"predecessor-version":[{"id":2430,"href":"https:\/\/obt2018.hu\/en\/wp-json\/wp\/v2\/pages\/111\/revisions\/2430"}],"wp:attachment":[{"href":"https:\/\/obt2018.hu\/en\/wp-json\/wp\/v2\/media?parent=111"}],"curies":[{"name":"wp","href":"https:\/\/api.w.org\/{rel}","templated":true}]}}