{"id":118,"date":"2018-09-25T19:01:12","date_gmt":"2018-09-25T17:01:12","guid":{"rendered":"https:\/\/obt2018.hu\/?page_id=118"},"modified":"2019-01-21T16:19:27","modified_gmt":"2019-01-21T15:19:27","slug":"tevekenysegek","status":"publish","type":"page","link":"https:\/\/obt2018.hu\/en\/tevekenysegek\/","title":{"rendered":"Tev\u00e9kenys\u00e9gek"},"content":{"rendered":"<p><div class=\"columns-row\"><br \/>\n\r\n\t\t\t<div class=\"col-columns-2\" id=\"training-box\"><br \/>\n\r\n\t\t<div class=\"fancy-title\" style=\"margin: ; text-align: left;\">\r\n\t\t\t<h2 style=\"color:#202020; font-size:40px; text-align: left;\">\r\n\t\t\t\t<small style=\"color:#3a3a3a; font-size:23px;\"><\/small>\r\n\t\t\t\tActivities\r\n\t\t\t\t<span style=\"color:#9cc914;\"><\/span>\r\n\t\t\t<\/h2>\r\n\t\t<\/div>\r\n\t\t<br \/>\n<div class=\"spacecode\" style=\"height:15px;\"><\/div><\/p>\n<p>&nbsp;<\/p>\n<p>According to the Fundamental Law of Hungary, NJC supervises the central administration of the courts, and participates in the administration of the courts.<\/p>\n<p>The duties of NJC are defined by the cardinal act on the organisation and administration of courts (Act CLXI of 2011) in the following areas: operation of the general central administration, budget issues, statistical data collection and workload measurement, human resource and training.<\/p>\n<p><\/div>  \t\r\n\t\t<br \/>\n\r\n\t\t\t<div class=\"col-columns-2\" id=\"\"><br \/>\n<div class=\"circle-features-container\" style=\"background-color:#36767c;\"><br \/>\n\r\n\t\t<div class=\"circle-features-icon circle-features-icon-active\" style=\"background-color:#282828;\" id=\"circle-features-icon3\"><img decoding=\"async\" src=\"https:\/\/obt2018.hu\/wp-content\/uploads\/2018\/10\/fel\u00fcgyelet.png\"><\/div>\r\n\t\t<div class=\"circle-features circle-features-active\" id=\"circle-features3\">\r\n\t\t\t<h4 class=\"circle-features-title\" style=\"color:#282828;\">SUPERVISION<\/h4>\r\n\t\t\t<p class=\"circle-features-description\" style=\"color:#ffffff;\">\u201eThe central responsibilities of the administration of the courts shall be performed by the President of the National Office for the Judiciary. The National Judicial Council shall supervise the central administration of the courts.\u201d<\/p>\r\n\t\t\t<a href=\"https:\/\/obt2018.hu\/felugyelet\/\" style=\"color:#282828; font-weight: 600;\">READ MORE<\/a>\r\n\t\t<\/div>\r\n\t<br \/>\n\r\n\t\t<div class=\"circle-features-icon\" style=\"background-color:#282828;\" id=\"circle-features-icon2\"><img decoding=\"async\" src=\"https:\/\/obt2018.hu\/wp-content\/uploads\/2018\/10\/Jogalkot\u00e1s.png\"><\/div>\r\n\t\t<div class=\"circle-features\" id=\"circle-features2\">\r\n\t\t\t<h4 class=\"circle-features-title\" style=\"color:#282828;\">LEGISLATURE<\/h4>\r\n\t\t\t<p class=\"circle-features-description\" style=\"color:#ffffff;\">\u201eNJC revises the recommendations and decisions adopted by the President of NOJ, and may initiate at the President of NOJ to propose legislation concerning the courts.\u201d<\/p>\r\n\t\t\t<a href=\"https:\/\/obt2018.hu\/jogalkotas\/\" style=\"color:#282828; font-weight: 600;\">READ MORE<\/a>\r\n\t\t<\/div>\r\n\t<br \/>\n\r\n\t\t<div class=\"circle-features-icon\" style=\"background-color:#282828;\" id=\"circle-features-icon1\"><img decoding=\"async\" src=\"https:\/\/obt2018.hu\/wp-content\/uploads\/2018\/10\/Szolg\u00e1lati-b\u00edr\u00f3s\u00e1g.png\"><\/div>\r\n\t\t<div class=\"circle-features\" id=\"circle-features1\">\r\n\t\t\t<h4 class=\"circle-features-title\" style=\"color:#282828;\">THE SERVICE COURT AND JUDICIAL ETHICS<\/h4>\r\n\t\t\t<p class=\"circle-features-description\" style=\"color:#ffffff;\">\u201eNJC adopts the Code of Ethics of judges, appoints the president of the Service Court and its members, approves the rules of procedures of the Service Court and its annual report.\u201d<\/p>\r\n\t\t\t<a href=\"https:\/\/obt2018.hu\/szolgalati-birosag-es-biroi-etika\/\" style=\"color:#282828; font-weight: 600;\">READ MORE<\/a>\r\n\t\t<\/div>\r\n\t<br \/>\n\r\n\t\t<div class=\"circle-features-icon\" style=\"background-color:#282828;\" id=\"circle-features-icon4\"><img decoding=\"async\" src=\"https:\/\/obt2018.hu\/wp-content\/uploads\/2018\/10\/K\u00f6lts\u00e9gvet\u00e9s.png\"><\/div>\r\n\t\t<div class=\"circle-features\" id=\"circle-features4\">\r\n\t\t\t<h4 class=\"circle-features-title\" style=\"color:#282828;\">BUDGET<\/h4>\r\n\t\t\t<p class=\"circle-features-description\" style=\"color:#ffffff;\">\u201eNJC expresses its opinion on court budgets and the report on the implementation thereof, examines the economic and financial management of courts, expresses opinions on the<br \/>\ndetailed conditions and the rates of the benefits of judges and judicial employees.... \u201d<\/p>\r\n\t\t\t<a href=\"https:\/\/obt2018.hu\/koltsegvetes\/\" style=\"color:#282828; font-weight: 600;\">READ MORE<\/a>\r\n\t\t<\/div>\r\n\t<br \/>\n\r\n\t\t<div class=\"circle-features-icon\" style=\"background-color:#282828;\" id=\"circle-features-icon5\"><img decoding=\"async\" src=\"https:\/\/obt2018.hu\/wp-content\/uploads\/2018\/10\/K\u00e9pz\u00e9s.png\"><\/div>\r\n\t\t<div class=\"circle-features\" id=\"circle-features5\">\r\n\t\t\t<h4 class=\"circle-features-title\" style=\"color:#282828;\">TRAININGS<\/h4>\r\n\t\t\t<p class=\"circle-features-description\" style=\"color:#ffffff;\">\u201eNJC makes a proposal on the central education plan and comments on the rules of the judges\u2019 education system and the performance of training obligations.\u201d<\/p>\r\n\t\t\t<a href=\"https:\/\/obt2018.hu\/kepzes\/\" style=\"color:#282828; font-weight: 600;\">READ MORE<\/a>\r\n\t\t<\/div>\r\n\t<br \/>\n\r\n\t\t<div class=\"circle-features-icon\" style=\"background-color:#282828;\" id=\"circle-features-icon6\"><img decoding=\"async\" src=\"https:\/\/obt2018.hu\/wp-content\/uploads\/2018\/10\/Soron-k\u00edv\u00fclis\u00e9g.png\"><\/div>\r\n\t\t<div class=\"circle-features\" id=\"circle-features6\">\r\n\t\t\t<h4 class=\"circle-features-title\" style=\"color:#282828;\">EXTRAORDINARY CASES<\/h4>\r\n\t\t\t<p class=\"circle-features-description\" style=\"color:#ffffff;\">\u201eIn exceptionally justified cases NJC may render the extraordinary decision of those cases that affect a wide range of the society or are extremely important from the aspect of common interests.\u201d<\/p>\r\n\t\t\t<a href=\"https:\/\/obt2018.hu\/ugyek-soron-kivulisege\/\" style=\"color:#282828; font-weight: 600;\">READ MORE<\/a>\r\n\t\t<\/div>\r\n\t<br \/>\n\r\n\t\t<div class=\"circle-features-icon\" style=\"background-color:#282828;\" id=\"circle-features-icon7\"><img decoding=\"async\" src=\"https:\/\/obt2018.hu\/wp-content\/uploads\/2018\/10\/Szem\u00e9lyzeti.png\"><\/div>\r\n\t\t<div class=\"circle-features\" id=\"circle-features7\">\r\n\t\t\t<h4 class=\"circle-features-title\" style=\"color:#282828;\">PERSONAL DECISIONS<\/h4>\r\n\t\t\t<p class=\"circle-features-description\" style=\"color:#ffffff;\">\u201eThe judge is independent in his or her adjudication. Judges are appointed by the President of the Republic. During the selection process, it is necessary to<br \/>\nguarantee that the judicial office is the result of a legally-regulated, open election procedure ensuring equal opportunities for all applicants...\u201d<\/p>\r\n\t\t\t<a href=\"https:\/\/obt2018.hu\/szemelyi-dontesek\/\" style=\"color:#282828; font-weight: 600;\">READ MORE<\/a>\r\n\t\t<\/div>\r\n\t<br \/>\n\r\n\t\t<div class=\"circle-features-icon\" style=\"background-color:#282828;\" id=\"circle-features-icon8\"><img decoding=\"async\" src=\"https:\/\/obt2018.hu\/wp-content\/uploads\/2018\/10\/iroda.png\"><\/div>\r\n\t\t<div class=\"circle-features\" id=\"circle-features8\">\r\n\t\t\t<h4 class=\"circle-features-title\" style=\"color:#282828;\">OFFICE OF NJO<\/h4>\r\n\t\t\t<p class=\"circle-features-description\" style=\"color:#ffffff;\">\u201eThe Office of NJO performs the administrative tasks of NJO, the assistance of the work of NJO members, documentation management and the full documentation of the work of NJO.\u201d<\/p>\r\n\t\t\t<a href=\"https:\/\/obt2018.hu\/obt-iroda\/\" style=\"color:#282828; font-weight: 600;\">READ MORE<\/a>\r\n\t\t<\/div>\r\n\t<br \/>\n<div class=\"clear\"><\/div><\/div><br \/>\n<\/div>  \t\r\n\t\t<br \/>\n<div class=\"clear\"><\/div><\/div><\/p>","protected":false},"excerpt":{"rendered":"","protected":false},"author":1,"featured_media":0,"parent":0,"menu_order":0,"comment_status":"closed","ping_status":"closed","template":"templates\/page-nosidebar_template.php","meta":{"jetpack_post_was_ever_published":false,"footnotes":""},"class_list":["post-118","page","type-page","status-publish","hentry"],"yoast_head":"<!-- This site is optimized with the Yoast SEO plugin v27.2 - https:\/\/yoast.com\/product\/yoast-seo-wordpress\/ -->\n<title>Tev\u00e9kenys\u00e9gek - Orsz\u00e1gos B\u00edr\u00f3i Tan\u00e1cs<\/title>\n<meta name=\"robots\" content=\"index, follow, max-snippet:-1, max-image-preview:large, max-video-preview:-1\" \/>\n<link rel=\"canonical\" href=\"https:\/\/obt2018.hu\/tevekenysegek\/\" \/>\n<meta property=\"og:locale\" content=\"en_US\" \/>\n<meta property=\"og:type\" content=\"article\" \/>\n<meta property=\"og:title\" content=\"Tev\u00e9kenys\u00e9gek - Orsz\u00e1gos B\u00edr\u00f3i Tan\u00e1cs\" \/>\n<meta property=\"og:url\" content=\"https:\/\/obt2018.hu\/tevekenysegek\/\" \/>\n<meta property=\"og:site_name\" content=\"Orsz\u00e1gos B\u00edr\u00f3i Tan\u00e1cs\" \/>\n<meta property=\"article:modified_time\" content=\"2019-01-21T15:19:27+00:00\" \/>\n<meta name=\"twitter:card\" content=\"summary_large_image\" \/>\n<meta name=\"twitter:label1\" content=\"Est. reading time\" \/>\n\t<meta name=\"twitter:data1\" content=\"7 minutes\" \/>\n<script type=\"application\/ld+json\" class=\"yoast-schema-graph\">{\"@context\":\"https:\/\/schema.org\",\"@graph\":[{\"@type\":\"WebPage\",\"@id\":\"https:\/\/obt2018.hu\/tevekenysegek\/\",\"url\":\"https:\/\/obt2018.hu\/tevekenysegek\/\",\"name\":\"Tev\u00e9kenys\u00e9gek - Orsz\u00e1gos B\u00edr\u00f3i Tan\u00e1cs\",\"isPartOf\":{\"@id\":\"https:\/\/obt2018.hu\/#website\"},\"datePublished\":\"2018-09-25T17:01:12+00:00\",\"dateModified\":\"2019-01-21T15:19:27+00:00\",\"breadcrumb\":{\"@id\":\"https:\/\/obt2018.hu\/tevekenysegek\/#breadcrumb\"},\"inLanguage\":\"en-US\",\"potentialAction\":[{\"@type\":\"ReadAction\",\"target\":[\"https:\/\/obt2018.hu\/tevekenysegek\/\"]}]},{\"@type\":\"BreadcrumbList\",\"@id\":\"https:\/\/obt2018.hu\/tevekenysegek\/#breadcrumb\",\"itemListElement\":[{\"@type\":\"ListItem\",\"position\":1,\"name\":\"Home\",\"item\":\"https:\/\/obt2018.hu\/\"},{\"@type\":\"ListItem\",\"position\":2,\"name\":\"Tev\u00e9kenys\u00e9gek\"}]},{\"@type\":\"WebSite\",\"@id\":\"https:\/\/obt2018.hu\/#website\",\"url\":\"https:\/\/obt2018.hu\/\",\"name\":\"OBT 2018\",\"description\":\"Az Orsz\u00e1gos B\u00edr\u00f3i Tan\u00e1cs honlapja\",\"publisher\":{\"@id\":\"https:\/\/obt2018.hu\/#organization\"},\"potentialAction\":[{\"@type\":\"SearchAction\",\"target\":{\"@type\":\"EntryPoint\",\"urlTemplate\":\"https:\/\/obt2018.hu\/?s={search_term_string}\"},\"query-input\":{\"@type\":\"PropertyValueSpecification\",\"valueRequired\":true,\"valueName\":\"search_term_string\"}}],\"inLanguage\":\"en-US\"},{\"@type\":\"Organization\",\"@id\":\"https:\/\/obt2018.hu\/#organization\",\"name\":\"Orsz\u00e1gos B\u00edr\u00f3i Tan\u00e1cs\",\"url\":\"https:\/\/obt2018.hu\/\",\"logo\":{\"@type\":\"ImageObject\",\"inLanguage\":\"en-US\",\"@id\":\"https:\/\/obt2018.hu\/#\/schema\/logo\/image\/\",\"url\":\"https:\/\/obt2018.hu\/wp-content\/uploads\/2018\/10\/logo.png\",\"contentUrl\":\"https:\/\/obt2018.hu\/wp-content\/uploads\/2018\/10\/logo.png\",\"width\":591,\"height\":591,\"caption\":\"Orsz\u00e1gos B\u00edr\u00f3i Tan\u00e1cs\"},\"image\":{\"@id\":\"https:\/\/obt2018.hu\/#\/schema\/logo\/image\/\"}}]}<\/script>\n<!-- \/ Yoast SEO plugin. -->","yoast_head_json":{"title":"Tev\u00e9kenys\u00e9gek - Orsz\u00e1gos B\u00edr\u00f3i Tan\u00e1cs","robots":{"index":"index","follow":"follow","max-snippet":"max-snippet:-1","max-image-preview":"max-image-preview:large","max-video-preview":"max-video-preview:-1"},"canonical":"https:\/\/obt2018.hu\/tevekenysegek\/","og_locale":"en_US","og_type":"article","og_title":"Tev\u00e9kenys\u00e9gek - Orsz\u00e1gos B\u00edr\u00f3i Tan\u00e1cs","og_url":"https:\/\/obt2018.hu\/tevekenysegek\/","og_site_name":"Orsz\u00e1gos B\u00edr\u00f3i Tan\u00e1cs","article_modified_time":"2019-01-21T15:19:27+00:00","twitter_card":"summary_large_image","twitter_misc":{"Est. reading time":"7 minutes"},"schema":{"@context":"https:\/\/schema.org","@graph":[{"@type":"WebPage","@id":"https:\/\/obt2018.hu\/tevekenysegek\/","url":"https:\/\/obt2018.hu\/tevekenysegek\/","name":"Tev\u00e9kenys\u00e9gek - Orsz\u00e1gos B\u00edr\u00f3i Tan\u00e1cs","isPartOf":{"@id":"https:\/\/obt2018.hu\/#website"},"datePublished":"2018-09-25T17:01:12+00:00","dateModified":"2019-01-21T15:19:27+00:00","breadcrumb":{"@id":"https:\/\/obt2018.hu\/tevekenysegek\/#breadcrumb"},"inLanguage":"en-US","potentialAction":[{"@type":"ReadAction","target":["https:\/\/obt2018.hu\/tevekenysegek\/"]}]},{"@type":"BreadcrumbList","@id":"https:\/\/obt2018.hu\/tevekenysegek\/#breadcrumb","itemListElement":[{"@type":"ListItem","position":1,"name":"Home","item":"https:\/\/obt2018.hu\/"},{"@type":"ListItem","position":2,"name":"Tev\u00e9kenys\u00e9gek"}]},{"@type":"WebSite","@id":"https:\/\/obt2018.hu\/#website","url":"https:\/\/obt2018.hu\/","name":"OBT 2018","description":"Az Orsz\u00e1gos B\u00edr\u00f3i Tan\u00e1cs honlapja","publisher":{"@id":"https:\/\/obt2018.hu\/#organization"},"potentialAction":[{"@type":"SearchAction","target":{"@type":"EntryPoint","urlTemplate":"https:\/\/obt2018.hu\/?s={search_term_string}"},"query-input":{"@type":"PropertyValueSpecification","valueRequired":true,"valueName":"search_term_string"}}],"inLanguage":"en-US"},{"@type":"Organization","@id":"https:\/\/obt2018.hu\/#organization","name":"Orsz\u00e1gos B\u00edr\u00f3i Tan\u00e1cs","url":"https:\/\/obt2018.hu\/","logo":{"@type":"ImageObject","inLanguage":"en-US","@id":"https:\/\/obt2018.hu\/#\/schema\/logo\/image\/","url":"https:\/\/obt2018.hu\/wp-content\/uploads\/2018\/10\/logo.png","contentUrl":"https:\/\/obt2018.hu\/wp-content\/uploads\/2018\/10\/logo.png","width":591,"height":591,"caption":"Orsz\u00e1gos B\u00edr\u00f3i Tan\u00e1cs"},"image":{"@id":"https:\/\/obt2018.hu\/#\/schema\/logo\/image\/"}}]}},"jetpack_sharing_enabled":true,"jetpack_shortlink":"https:\/\/wp.me\/PfwhB4-1U","jetpack-related-posts":[{"id":45,"url":"https:\/\/obt2018.hu\/en\/udvozles\/","url_meta":{"origin":118,"position":0},"title":"Welcome","author":"szgabor1976","date":"Tuesday September 25th, 2018","format":false,"excerpt":"","rel":"","context":"Similar post","block_context":{"text":"Similar post","link":""},"img":{"alt_text":"","src":"","width":0,"height":0},"classes":[]},{"id":83,"url":"https:\/\/obt2018.hu\/en\/felugyelet\/","url_meta":{"origin":118,"position":1},"title":"Supervision","author":"szgabor1976","date":"Tuesday September 25th, 2018","format":false,"excerpt":"\u00a0 \u201eThe central responsibilities of the administration of the courts shall be performed by the President of the National Office for the Judiciary. The National Judicial Council shall supervise the central administration of the courts.\" \u00a0 The most pivotal duty of NJC is defined by Article 25. of the Fundamental\u2026","rel":"","context":"Similar post","block_context":{"text":"Similar post","link":""},"img":{"alt_text":"","src":"","width":0,"height":0},"classes":[]},{"id":111,"url":"https:\/\/obt2018.hu\/en\/kis-menu\/","url_meta":{"origin":118,"position":2},"title":"Kis Men\u00fc","author":"szgabor1976","date":"Tuesday September 25th, 2018","format":false,"excerpt":"","rel":"","context":"Similar post","block_context":{"text":"Similar post","link":""},"img":{"alt_text":"","src":"","width":0,"height":0},"classes":[]},{"id":69,"url":"https:\/\/obt2018.hu\/en\/2018-2\/","url_meta":{"origin":118,"position":3},"title":"2018","author":"szgabor1976","date":"Tuesday September 25th, 2018","format":false,"excerpt":"\u00a0 2018. I. f\u00e9l\u00e9vre tervezett napirendi pontok: OBT m\u0171k\u00f6d\u00e9s\u00e9vel kapcsolatos el\u0151terjeszt\u00e9sek: az OBT m\u0171k\u00f6d\u00e9si felt\u00e9teleinek biztos\u00edt\u00e1sa, szervezeti \u00e9s m\u0171k\u00f6d\u00e9si szab\u00e1lyzat\u00e1nak m\u00f3dos\u00edt\u00e1sa az OBT hat\u00e1rozatainak, aj\u00e1nl\u00e1sainak deregul\u00e1ci\u00f3ja OBT iroda \u00fcgyviteli szab\u00e1lyzata Besz\u00e1mol\u00f3k, v\u00e9lem\u00e9nyez\u00e9sek: OBH eln\u00f6k f\u00e9l\u00e9ves besz\u00e1mol\u00f3j\u00e1nak megt\u00e1rgyal\u00e1sa a Szolg\u00e1lati B\u00edr\u00f3s\u00e1g eln\u00f6ke besz\u00e1mol\u00f3j\u00e1nak j\u00f3v\u00e1hagy\u00e1sa a V\u00e9grehajt\u00f3i Fegyelmi B\u00edr\u00f3s\u00e1g eln\u00f6ke besz\u00e1mol\u00f3j\u00e1nak j\u00f3v\u00e1hagy\u00e1sa\u2026","rel":"","context":"Similar post","block_context":{"text":"Similar post","link":""},"img":{"alt_text":"","src":"","width":0,"height":0},"classes":[]},{"id":355,"url":"https:\/\/obt2018.hu\/en\/obt-iroda\/","url_meta":{"origin":118,"position":4},"title":"Office of NJO","author":"szgabor1976","date":"Saturday October  6th, 2018","format":false,"excerpt":"\u00a0 \u201eThe Office of NJO performs the administrative tasks of NJO, the assistance of the work of NJO members, documentation management and the full documentation of the work of NJO.\u201d \u00a0 \u00a0 Physically the Office of NJC is located in the building of NJO and its operation is performed by\u2026","rel":"","context":"Similar post","block_context":{"text":"Similar post","link":""},"img":{"alt_text":"","src":"","width":0,"height":0},"classes":[]},{"id":12,"url":"https:\/\/obt2018.hu\/en\/hitvallas\/","url_meta":{"origin":118,"position":5},"title":"Credo","author":"szgabor1976","date":"Tuesday September 25th, 2018","format":false,"excerpt":"\u00a0 \u201eWe, the members of the National Judicial Council established on 30 January 2018, declare that in our function representingthe judiciary that elected us democratically,we intend toact in order to ensure impartial justice based on the independence of the judiciary. In fulfilment of our constitutional obligations our first priority is\u2026","rel":"","context":"Similar post","block_context":{"text":"Similar post","link":""},"img":{"alt_text":"","src":"","width":0,"height":0},"classes":[]}],"jetpack_likes_enabled":true,"_links":{"self":[{"href":"https:\/\/obt2018.hu\/en\/wp-json\/wp\/v2\/pages\/118","targetHints":{"allow":["GET"]}}],"collection":[{"href":"https:\/\/obt2018.hu\/en\/wp-json\/wp\/v2\/pages"}],"about":[{"href":"https:\/\/obt2018.hu\/en\/wp-json\/wp\/v2\/types\/page"}],"author":[{"embeddable":true,"href":"https:\/\/obt2018.hu\/en\/wp-json\/wp\/v2\/users\/1"}],"replies":[{"embeddable":true,"href":"https:\/\/obt2018.hu\/en\/wp-json\/wp\/v2\/comments?post=118"}],"version-history":[{"count":30,"href":"https:\/\/obt2018.hu\/en\/wp-json\/wp\/v2\/pages\/118\/revisions"}],"predecessor-version":[{"id":931,"href":"https:\/\/obt2018.hu\/en\/wp-json\/wp\/v2\/pages\/118\/revisions\/931"}],"wp:attachment":[{"href":"https:\/\/obt2018.hu\/en\/wp-json\/wp\/v2\/media?parent=118"}],"curies":[{"name":"wp","href":"https:\/\/api.w.org\/{rel}","templated":true}]}}