{"id":1201,"date":"2019-09-26T10:49:43","date_gmt":"2019-09-26T08:49:43","guid":{"rendered":"https:\/\/obt2018.hu\/?page_id=1201"},"modified":"2022-01-26T23:56:06","modified_gmt":"2022-01-26T22:56:06","slug":"juhasz-andor-dij","status":"publish","type":"page","link":"https:\/\/obt2018.hu\/en\/juhasz-andor-dij\/","title":{"rendered":"(Magyar) Juh\u00e1sz Andor-d\u00edj"},"content":{"rendered":"<p class=\"qtranxs-available-languages-message qtranxs-available-languages-message-en\">Sorry, this entry is only available in <a href=\"https:\/\/obt2018.hu\/hu\/wp-json\/wp\/v2\/pages\/1201\" class=\"qtranxs-available-language-link qtranxs-available-language-link-hu\" title=\"Magyar\">Magyar<\/a>.<\/p>","protected":false},"excerpt":{"rendered":"","protected":false},"author":1,"featured_media":0,"parent":0,"menu_order":0,"comment_status":"closed","ping_status":"closed","template":"templates\/page-nosidebar_template.php","meta":{"jetpack_post_was_ever_published":false,"footnotes":""},"class_list":["post-1201","page","type-page","status-publish","hentry"],"yoast_head":"<!-- This site is optimized with the Yoast SEO plugin v27.2 - https:\/\/yoast.com\/product\/yoast-seo-wordpress\/ -->\n<title><\/title>\n<meta name=\"robots\" content=\"index, follow, max-snippet:-1, max-image-preview:large, max-video-preview:-1\" \/>\n<link rel=\"canonical\" href=\"https:\/\/obt2018.hu\/juhasz-andor-dij\/\" \/>\n<meta property=\"og:locale\" content=\"en_US\" \/>\n<meta property=\"og:type\" content=\"article\" \/>\n<meta property=\"og:title\" content=\"[:hu]Juh\u00e1sz Andor-d\u00edj[:] - Orsz\u00e1gos B\u00edr\u00f3i Tan\u00e1cs\" \/>\n<meta property=\"og:url\" content=\"https:\/\/obt2018.hu\/juhasz-andor-dij\/\" \/>\n<meta property=\"og:site_name\" content=\"Orsz\u00e1gos B\u00edr\u00f3i Tan\u00e1cs\" \/>\n<meta property=\"article:modified_time\" content=\"2022-01-26T22:56:06+00:00\" \/>\n<meta name=\"twitter:card\" content=\"summary_large_image\" \/>\n<meta name=\"twitter:label1\" content=\"Est. reading time\" \/>\n\t<meta name=\"twitter:data1\" content=\"1 minute\" \/>\n<script type=\"application\/ld+json\" class=\"yoast-schema-graph\">{\"@context\":\"https:\/\/schema.org\",\"@graph\":[{\"@type\":\"WebPage\",\"@id\":\"https:\/\/obt2018.hu\/juhasz-andor-dij\/\",\"url\":\"https:\/\/obt2018.hu\/juhasz-andor-dij\/\",\"name\":\"[:hu]Juh\u00e1sz Andor-d\u00edj[:] - Orsz\u00e1gos B\u00edr\u00f3i Tan\u00e1cs\",\"isPartOf\":{\"@id\":\"https:\/\/obt2018.hu\/#website\"},\"datePublished\":\"2019-09-26T08:49:43+00:00\",\"dateModified\":\"2022-01-26T22:56:06+00:00\",\"breadcrumb\":{\"@id\":\"https:\/\/obt2018.hu\/juhasz-andor-dij\/#breadcrumb\"},\"inLanguage\":\"en-US\",\"potentialAction\":[{\"@type\":\"ReadAction\",\"target\":[\"https:\/\/obt2018.hu\/juhasz-andor-dij\/\"]}]},{\"@type\":\"BreadcrumbList\",\"@id\":\"https:\/\/obt2018.hu\/juhasz-andor-dij\/#breadcrumb\",\"itemListElement\":[{\"@type\":\"ListItem\",\"position\":1,\"name\":\"Home\",\"item\":\"https:\/\/obt2018.hu\/\"},{\"@type\":\"ListItem\",\"position\":2,\"name\":\"Juh\u00e1sz Andor-d\u00edj\"}]},{\"@type\":\"WebSite\",\"@id\":\"https:\/\/obt2018.hu\/#website\",\"url\":\"https:\/\/obt2018.hu\/\",\"name\":\"OBT 2018\",\"description\":\"Az Orsz\u00e1gos B\u00edr\u00f3i Tan\u00e1cs honlapja\",\"publisher\":{\"@id\":\"https:\/\/obt2018.hu\/#organization\"},\"potentialAction\":[{\"@type\":\"SearchAction\",\"target\":{\"@type\":\"EntryPoint\",\"urlTemplate\":\"https:\/\/obt2018.hu\/?s={search_term_string}\"},\"query-input\":{\"@type\":\"PropertyValueSpecification\",\"valueRequired\":true,\"valueName\":\"search_term_string\"}}],\"inLanguage\":\"en-US\"},{\"@type\":\"Organization\",\"@id\":\"https:\/\/obt2018.hu\/#organization\",\"name\":\"Orsz\u00e1gos B\u00edr\u00f3i Tan\u00e1cs\",\"url\":\"https:\/\/obt2018.hu\/\",\"logo\":{\"@type\":\"ImageObject\",\"inLanguage\":\"en-US\",\"@id\":\"https:\/\/obt2018.hu\/#\/schema\/logo\/image\/\",\"url\":\"https:\/\/obt2018.hu\/wp-content\/uploads\/2018\/10\/logo.png\",\"contentUrl\":\"https:\/\/obt2018.hu\/wp-content\/uploads\/2018\/10\/logo.png\",\"width\":591,\"height\":591,\"caption\":\"Orsz\u00e1gos B\u00edr\u00f3i Tan\u00e1cs\"},\"image\":{\"@id\":\"https:\/\/obt2018.hu\/#\/schema\/logo\/image\/\"}}]}<\/script>\n<!-- \/ Yoast SEO plugin. -->","yoast_head_json":{"title":"[:hu]Juh\u00e1sz Andor-d\u00edj[:] - Orsz\u00e1gos B\u00edr\u00f3i Tan\u00e1cs","robots":{"index":"index","follow":"follow","max-snippet":"max-snippet:-1","max-image-preview":"max-image-preview:large","max-video-preview":"max-video-preview:-1"},"canonical":"https:\/\/obt2018.hu\/juhasz-andor-dij\/","og_locale":"en_US","og_type":"article","og_title":"[:hu]Juh\u00e1sz Andor-d\u00edj[:] - Orsz\u00e1gos B\u00edr\u00f3i Tan\u00e1cs","og_url":"https:\/\/obt2018.hu\/juhasz-andor-dij\/","og_site_name":"Orsz\u00e1gos B\u00edr\u00f3i Tan\u00e1cs","article_modified_time":"2022-01-26T22:56:06+00:00","twitter_card":"summary_large_image","twitter_misc":{"Est. reading time":"1 minute"},"schema":{"@context":"https:\/\/schema.org","@graph":[{"@type":"WebPage","@id":"https:\/\/obt2018.hu\/juhasz-andor-dij\/","url":"https:\/\/obt2018.hu\/juhasz-andor-dij\/","name":"[:hu]Juh\u00e1sz Andor-d\u00edj[:] - Orsz\u00e1gos B\u00edr\u00f3i Tan\u00e1cs","isPartOf":{"@id":"https:\/\/obt2018.hu\/#website"},"datePublished":"2019-09-26T08:49:43+00:00","dateModified":"2022-01-26T22:56:06+00:00","breadcrumb":{"@id":"https:\/\/obt2018.hu\/juhasz-andor-dij\/#breadcrumb"},"inLanguage":"en-US","potentialAction":[{"@type":"ReadAction","target":["https:\/\/obt2018.hu\/juhasz-andor-dij\/"]}]},{"@type":"BreadcrumbList","@id":"https:\/\/obt2018.hu\/juhasz-andor-dij\/#breadcrumb","itemListElement":[{"@type":"ListItem","position":1,"name":"Home","item":"https:\/\/obt2018.hu\/"},{"@type":"ListItem","position":2,"name":"Juh\u00e1sz Andor-d\u00edj"}]},{"@type":"WebSite","@id":"https:\/\/obt2018.hu\/#website","url":"https:\/\/obt2018.hu\/","name":"OBT 2018","description":"Az Orsz\u00e1gos B\u00edr\u00f3i Tan\u00e1cs honlapja","publisher":{"@id":"https:\/\/obt2018.hu\/#organization"},"potentialAction":[{"@type":"SearchAction","target":{"@type":"EntryPoint","urlTemplate":"https:\/\/obt2018.hu\/?s={search_term_string}"},"query-input":{"@type":"PropertyValueSpecification","valueRequired":true,"valueName":"search_term_string"}}],"inLanguage":"en-US"},{"@type":"Organization","@id":"https:\/\/obt2018.hu\/#organization","name":"Orsz\u00e1gos B\u00edr\u00f3i Tan\u00e1cs","url":"https:\/\/obt2018.hu\/","logo":{"@type":"ImageObject","inLanguage":"en-US","@id":"https:\/\/obt2018.hu\/#\/schema\/logo\/image\/","url":"https:\/\/obt2018.hu\/wp-content\/uploads\/2018\/10\/logo.png","contentUrl":"https:\/\/obt2018.hu\/wp-content\/uploads\/2018\/10\/logo.png","width":591,"height":591,"caption":"Orsz\u00e1gos B\u00edr\u00f3i Tan\u00e1cs"},"image":{"@id":"https:\/\/obt2018.hu\/#\/schema\/logo\/image\/"}}]}},"jetpack_sharing_enabled":true,"jetpack_shortlink":"https:\/\/wp.me\/PfwhB4-jn","jetpack-related-posts":[{"id":111,"url":"https:\/\/obt2018.hu\/en\/kis-menu\/","url_meta":{"origin":1201,"position":0},"title":"Kis Men\u00fc","author":"szgabor1976","date":"Tuesday September 25th, 2018","format":false,"excerpt":"","rel":"","context":"Similar post","block_context":{"text":"Similar post","link":""},"img":{"alt_text":"","src":"","width":0,"height":0},"classes":[]},{"id":1206,"url":"https:\/\/obt2018.hu\/en\/hatarozatok\/","url_meta":{"origin":1201,"position":1},"title":"h","author":"szgabor1976","date":"Thursday September 26th, 2019","format":false,"excerpt":"Sorry, this entry is only available in Magyar.","rel":"","context":"Similar post","block_context":{"text":"Similar post","link":""},"img":{"alt_text":"","src":"","width":0,"height":0},"classes":[]},{"id":69,"url":"https:\/\/obt2018.hu\/en\/2018-2\/","url_meta":{"origin":1201,"position":2},"title":"2018","author":"szgabor1976","date":"Tuesday September 25th, 2018","format":false,"excerpt":"\u00a0 2018. I. f\u00e9l\u00e9vre tervezett napirendi pontok: OBT m\u0171k\u00f6d\u00e9s\u00e9vel kapcsolatos el\u0151terjeszt\u00e9sek: az OBT m\u0171k\u00f6d\u00e9si felt\u00e9teleinek biztos\u00edt\u00e1sa, szervezeti \u00e9s m\u0171k\u00f6d\u00e9si szab\u00e1lyzat\u00e1nak m\u00f3dos\u00edt\u00e1sa az OBT hat\u00e1rozatainak, aj\u00e1nl\u00e1sainak deregul\u00e1ci\u00f3ja OBT iroda \u00fcgyviteli szab\u00e1lyzata Besz\u00e1mol\u00f3k, v\u00e9lem\u00e9nyez\u00e9sek: OBH eln\u00f6k f\u00e9l\u00e9ves besz\u00e1mol\u00f3j\u00e1nak megt\u00e1rgyal\u00e1sa a Szolg\u00e1lati B\u00edr\u00f3s\u00e1g eln\u00f6ke besz\u00e1mol\u00f3j\u00e1nak j\u00f3v\u00e1hagy\u00e1sa a V\u00e9grehajt\u00f3i Fegyelmi B\u00edr\u00f3s\u00e1g eln\u00f6ke besz\u00e1mol\u00f3j\u00e1nak j\u00f3v\u00e1hagy\u00e1sa\u2026","rel":"","context":"Similar post","block_context":{"text":"Similar post","link":""},"img":{"alt_text":"","src":"","width":0,"height":0},"classes":[]},{"id":95,"url":"https:\/\/obt2018.hu\/en\/szemelyi-dontesek\/","url_meta":{"origin":1201,"position":3},"title":"Personal decisions","author":"szgabor1976","date":"Tuesday September 25th, 2018","format":false,"excerpt":"\u00a0 \u201eThe judge is independent in his or her adjudication. Judges are appointed by the President of the Republic. During the selection process, it is necessary to guarantee that the judicial office is the result of a legally-regulated, open election procedure ensuring equal opportunities for all applicants and the best\u2026","rel":"","context":"Similar post","block_context":{"text":"Similar post","link":""},"img":{"alt_text":"","src":"","width":0,"height":0},"classes":[]},{"id":934,"url":"https:\/\/obt2018.hu\/en\/ulesek\/","url_meta":{"origin":1201,"position":4},"title":"Meetings","author":"szgabor1976","date":"Monday January 21st, 2019","format":false,"excerpt":"\u00a0 Annual meeting schedules Scheduled agenda items for the 1st semester of 2018: Submissions related to the operation of NJC ensuring the operation conditions of NJC, amendment of the organisational and operational rules deregulation of the resolutions and recommendations of NJC code of conduct of the NJC office Reports, assessments:\u2026","rel":"","context":"Similar post","block_context":{"text":"Similar post","link":""},"img":{"alt_text":"","src":"","width":0,"height":0},"classes":[]},{"id":106,"url":"https:\/\/obt2018.hu\/en\/tortenetunk\/","url_meta":{"origin":1201,"position":5},"title":"Our story","author":"szgabor1976","date":"Tuesday September 25th, 2018","format":false,"excerpt":"2018. november \u00a0 2018.11.26. A Magyar Tudom\u00e1nyos Akad\u00e9mia Jogtudom\u00e1nyi Int\u00e9zete angol nyelv\u0171 konferenci\u00e1t rendezett b\u00edr\u00f3s\u00e1gi igazgat\u00e1si modellek t\u00e9m\u00e1j\u00e1ban, amelyen r\u00e9szt vett dr. Matusik Tam\u00e1s \u00e9s dr. Vad\u00e1sz Viktor OBT tagok. 2018.11.15-17. A Magyar Orsz\u00e1gos K\u00f6zjegyz\u0151i Kamara 30. Region\u00e1lis Kollokvium\u00e1n dr. Csontos Katalin, dr. Matusik Tam\u00e1s \u00e9s dr. Vad\u00e1sz Viktor k\u00e9pviselte\u2026","rel":"","context":"Similar post","block_context":{"text":"Similar post","link":""},"img":{"alt_text":"","src":"","width":0,"height":0},"classes":[]}],"jetpack_likes_enabled":true,"_links":{"self":[{"href":"https:\/\/obt2018.hu\/en\/wp-json\/wp\/v2\/pages\/1201","targetHints":{"allow":["GET"]}}],"collection":[{"href":"https:\/\/obt2018.hu\/en\/wp-json\/wp\/v2\/pages"}],"about":[{"href":"https:\/\/obt2018.hu\/en\/wp-json\/wp\/v2\/types\/page"}],"author":[{"embeddable":true,"href":"https:\/\/obt2018.hu\/en\/wp-json\/wp\/v2\/users\/1"}],"replies":[{"embeddable":true,"href":"https:\/\/obt2018.hu\/en\/wp-json\/wp\/v2\/comments?post=1201"}],"version-history":[{"count":4,"href":"https:\/\/obt2018.hu\/en\/wp-json\/wp\/v2\/pages\/1201\/revisions"}],"predecessor-version":[{"id":1335,"href":"https:\/\/obt2018.hu\/en\/wp-json\/wp\/v2\/pages\/1201\/revisions\/1335"}],"wp:attachment":[{"href":"https:\/\/obt2018.hu\/en\/wp-json\/wp\/v2\/media?parent=1201"}],"curies":[{"name":"wp","href":"https:\/\/api.w.org\/{rel}","templated":true}]}}