{"id":1896,"date":"2022-01-07T15:38:57","date_gmt":"2022-01-07T14:38:57","guid":{"rendered":"https:\/\/obt2018.hu\/?page_id=1896"},"modified":"2022-01-13T14:26:29","modified_gmt":"2022-01-13T13:26:29","slug":"feltoltes","status":"publish","type":"page","link":"https:\/\/obt2018.hu\/en\/feltoltes\/","title":{"rendered":"Felt\u00f6lt\u00e9s"},"content":{"rendered":"<div class=\"w3eden\">\r\n    <div id=\"wpdmlogin\" >\r\n                    <div class=\"text-center wpdmlogin-logo\">\r\n                <a href=\"https:\/\/obt2018.hu\/en\/\"><img decoding=\"async\" alt=\"Logo\" src=\"https:\/\/obt2018.hu\/wp-content\/uploads\/2018\/10\/cropped-logo.png\" \/><\/a>\r\n            <\/div>\r\n        \r\n\r\n\r\n\r\n\r\n\r\n        \r\n\r\n        <form name=\"loginform\" id=\"loginform\" action=\"\" method=\"post\" class=\"login-form\" >\r\n\r\n            <input type=\"hidden\" name=\"permalink\" value=\"https:\/\/obt2018.hu\/en\/feltoltes\/\" \/>\r\n\r\n            <div id=\"__signin_msg\"><\/div>\r\n\r\n\r\n            \r\n            <input type='hidden' name='__phash' id='__phash' value='9-5l9VxIHYPYUmF53dwlskBTG4nzv8cQcU4Sm7NObs4Ws6AEPni5okL4G9A5Zk4xR6XWw3_3SCPdeZbEeuL-kDuXBM9NBwDl8IPVKXzFlordOBh4DGLHk4PKUwF7M793I8uCnSh5i5h66RaR8udlQsc7Z93VtU2dxYFJjdEZruK13rcdFdcmvELgdVAM6hoY'  \/><div class='form-group ' id='row_log'><div class='input-wrapper text-input-wrapper' id='row_log_wrapper'><label form='log'>Login ID<\/label><input type='text' name='wpdm_login[log]' id='user_login' required='required' placeholder='Username or Email' class='form-control'  \/><\/div><\/div><div class='form-group ' id='row_password'><div class='input-wrapper password-input-wrapper' id='row_password_wrapper'><label form='password'>Password<\/label><input type='password' name='wpdm_login[pwd]' id='password' required='required' placeholder='Enter Password' class='form-control'  \/><\/div><\/div>\r\n\r\n            \r\n                        \r\n            <div class=\"row login-form-meta-text text-muted mb-3\" style=\"font-size: 10px\">\r\n                <div class=\"col-md-5\"><label><input class=\"wpdm-checkbox\" name=\"rememberme\" type=\"checkbox\" id=\"rememberme\" value=\"forever\" \/>Remember Me<\/label><\/div>\r\n                <div class=\"col-md-7 text-right\"><a class=\"color-blue\" href=\"https:\/\/obt2018.hu\/wp-login.php?action=lostpassword\">Forgot Password?<\/a><\/div>\r\n            <\/div>\r\n\r\n            <div class=\"row\">\r\n                <div class=\"col-md-12\"><button type=\"submit\" name=\"wp-submit\" id=\"loginform-submit\" class=\"btn btn-block btn-primary btn-lg\"><i class=\"fas fa-user-shield\"><\/i> &nbsp;Login<\/button><\/div>\r\n                            <\/div>\r\n\r\n            <div class=\"row\">\r\n                            <\/div>\r\n\r\n\r\n            <input type=\"hidden\" name=\"redirect_to\" value=\"\/en\/wp-json\/wp\/v2\/pages\/1896\" \/>\r\n\r\n\r\n\r\n        <\/form>\r\n\r\n\r\n\r\n        \r\n    <\/div>\r\n\r\n\r\n<\/div>\r\n<script data-jetpack-boost=\"ignore\">\r\n    jQuery(function ($) {\r\n                var llbl = $('#loginform-submit').html();\r\n        $('#loginform').submit(function () {\r\n            $('#loginform-submit').html(WPDM.html(\"i\", \"\", \"fa fa-spin fa-sync\")+\" Logging In...\").attr('disabled', 'disabled');\r\n            WPDM.blockUI('#loginform');\r\n            $(this).ajaxSubmit({\r\n                error: function(error) {\r\n                    WPDM.unblockUI('#loginform');\r\n                    $('#loginform').prepend(WPDM.html(\"div\", error.responseJSON.messages, \"alert alert-danger\"));\r\n                    $('#loginform-submit').html(llbl).removeAttr('disabled');\r\n                                    },\r\n                success: function (res) {\r\n                    WPDM.unblockUI('#loginform');\r\n                    if (!res.success) {\r\n                        $('form .alert-danger').hide();\r\n                        $('#loginform').prepend(WPDM.html(\"div\", res.message, \"alert alert-danger\"));\r\n                        $('#loginform-submit').html(llbl).removeAttr('disabled');\r\n                                            } else {\r\n                        $('#loginform-submit').html(WPDM.html(\"i\", \"\", \"fa fa-sun fa-spider\") + \" \" + res.message);\r\n                        location.href = \"\/en\/wp-json\/wp\/v2\/pages\/1896\";\r\n                    }\r\n                }\r\n            });\r\n            return false;\r\n        });\r\n                $('body').on('click', 'form .alert-danger', function(){\r\n            $(this).slideUp();\r\n        });\r\n\r\n    });\r\n<\/script>\r\n\n","protected":false},"excerpt":{"rendered":"","protected":false},"author":1,"featured_media":0,"parent":0,"menu_order":0,"comment_status":"closed","ping_status":"closed","template":"templates\/page-fullwidth_template.php","meta":{"jetpack_post_was_ever_published":false,"footnotes":""},"class_list":["post-1896","page","type-page","status-publish","hentry"],"yoast_head":"<!-- This site is optimized with the Yoast SEO plugin v27.2 - https:\/\/yoast.com\/product\/yoast-seo-wordpress\/ -->\n<title>Felt\u00f6lt\u00e9s - Orsz\u00e1gos B\u00edr\u00f3i Tan\u00e1cs<\/title>\n<meta name=\"robots\" content=\"index, follow, max-snippet:-1, max-image-preview:large, max-video-preview:-1\" \/>\n<link rel=\"canonical\" href=\"https:\/\/obt2018.hu\/feltoltes\/\" \/>\n<meta property=\"og:locale\" content=\"en_US\" \/>\n<meta property=\"og:type\" content=\"article\" \/>\n<meta property=\"og:title\" content=\"Felt\u00f6lt\u00e9s - Orsz\u00e1gos B\u00edr\u00f3i Tan\u00e1cs\" \/>\n<meta property=\"og:url\" content=\"https:\/\/obt2018.hu\/feltoltes\/\" \/>\n<meta property=\"og:site_name\" content=\"Orsz\u00e1gos B\u00edr\u00f3i Tan\u00e1cs\" \/>\n<meta property=\"article:modified_time\" content=\"2022-01-13T13:26:29+00:00\" \/>\n<meta name=\"twitter:card\" content=\"summary_large_image\" \/>\n<meta name=\"twitter:label1\" content=\"Est. reading time\" \/>\n\t<meta name=\"twitter:data1\" content=\"1 minute\" \/>\n<script type=\"application\/ld+json\" class=\"yoast-schema-graph\">{\"@context\":\"https:\/\/schema.org\",\"@graph\":[{\"@type\":\"WebPage\",\"@id\":\"https:\/\/obt2018.hu\/feltoltes\/\",\"url\":\"https:\/\/obt2018.hu\/feltoltes\/\",\"name\":\"Felt\u00f6lt\u00e9s - Orsz\u00e1gos B\u00edr\u00f3i Tan\u00e1cs\",\"isPartOf\":{\"@id\":\"https:\/\/obt2018.hu\/#website\"},\"datePublished\":\"2022-01-07T14:38:57+00:00\",\"dateModified\":\"2022-01-13T13:26:29+00:00\",\"breadcrumb\":{\"@id\":\"https:\/\/obt2018.hu\/feltoltes\/#breadcrumb\"},\"inLanguage\":\"en-US\",\"potentialAction\":[{\"@type\":\"ReadAction\",\"target\":[\"https:\/\/obt2018.hu\/feltoltes\/\"]}]},{\"@type\":\"BreadcrumbList\",\"@id\":\"https:\/\/obt2018.hu\/feltoltes\/#breadcrumb\",\"itemListElement\":[{\"@type\":\"ListItem\",\"position\":1,\"name\":\"Home\",\"item\":\"https:\/\/obt2018.hu\/\"},{\"@type\":\"ListItem\",\"position\":2,\"name\":\"Felt\u00f6lt\u00e9s\"}]},{\"@type\":\"WebSite\",\"@id\":\"https:\/\/obt2018.hu\/#website\",\"url\":\"https:\/\/obt2018.hu\/\",\"name\":\"OBT 2018\",\"description\":\"Az Orsz\u00e1gos B\u00edr\u00f3i Tan\u00e1cs honlapja\",\"publisher\":{\"@id\":\"https:\/\/obt2018.hu\/#organization\"},\"potentialAction\":[{\"@type\":\"SearchAction\",\"target\":{\"@type\":\"EntryPoint\",\"urlTemplate\":\"https:\/\/obt2018.hu\/?s={search_term_string}\"},\"query-input\":{\"@type\":\"PropertyValueSpecification\",\"valueRequired\":true,\"valueName\":\"search_term_string\"}}],\"inLanguage\":\"en-US\"},{\"@type\":\"Organization\",\"@id\":\"https:\/\/obt2018.hu\/#organization\",\"name\":\"Orsz\u00e1gos B\u00edr\u00f3i Tan\u00e1cs\",\"url\":\"https:\/\/obt2018.hu\/\",\"logo\":{\"@type\":\"ImageObject\",\"inLanguage\":\"en-US\",\"@id\":\"https:\/\/obt2018.hu\/#\/schema\/logo\/image\/\",\"url\":\"https:\/\/obt2018.hu\/wp-content\/uploads\/2018\/10\/logo.png\",\"contentUrl\":\"https:\/\/obt2018.hu\/wp-content\/uploads\/2018\/10\/logo.png\",\"width\":591,\"height\":591,\"caption\":\"Orsz\u00e1gos B\u00edr\u00f3i Tan\u00e1cs\"},\"image\":{\"@id\":\"https:\/\/obt2018.hu\/#\/schema\/logo\/image\/\"}}]}<\/script>\n<!-- \/ Yoast SEO plugin. -->","yoast_head_json":{"title":"Felt\u00f6lt\u00e9s - Orsz\u00e1gos B\u00edr\u00f3i Tan\u00e1cs","robots":{"index":"index","follow":"follow","max-snippet":"max-snippet:-1","max-image-preview":"max-image-preview:large","max-video-preview":"max-video-preview:-1"},"canonical":"https:\/\/obt2018.hu\/feltoltes\/","og_locale":"en_US","og_type":"article","og_title":"Felt\u00f6lt\u00e9s - Orsz\u00e1gos B\u00edr\u00f3i Tan\u00e1cs","og_url":"https:\/\/obt2018.hu\/feltoltes\/","og_site_name":"Orsz\u00e1gos B\u00edr\u00f3i Tan\u00e1cs","article_modified_time":"2022-01-13T13:26:29+00:00","twitter_card":"summary_large_image","twitter_misc":{"Est. reading time":"1 minute"},"schema":{"@context":"https:\/\/schema.org","@graph":[{"@type":"WebPage","@id":"https:\/\/obt2018.hu\/feltoltes\/","url":"https:\/\/obt2018.hu\/feltoltes\/","name":"Felt\u00f6lt\u00e9s - Orsz\u00e1gos B\u00edr\u00f3i Tan\u00e1cs","isPartOf":{"@id":"https:\/\/obt2018.hu\/#website"},"datePublished":"2022-01-07T14:38:57+00:00","dateModified":"2022-01-13T13:26:29+00:00","breadcrumb":{"@id":"https:\/\/obt2018.hu\/feltoltes\/#breadcrumb"},"inLanguage":"en-US","potentialAction":[{"@type":"ReadAction","target":["https:\/\/obt2018.hu\/feltoltes\/"]}]},{"@type":"BreadcrumbList","@id":"https:\/\/obt2018.hu\/feltoltes\/#breadcrumb","itemListElement":[{"@type":"ListItem","position":1,"name":"Home","item":"https:\/\/obt2018.hu\/"},{"@type":"ListItem","position":2,"name":"Felt\u00f6lt\u00e9s"}]},{"@type":"WebSite","@id":"https:\/\/obt2018.hu\/#website","url":"https:\/\/obt2018.hu\/","name":"OBT 2018","description":"Az Orsz\u00e1gos B\u00edr\u00f3i Tan\u00e1cs honlapja","publisher":{"@id":"https:\/\/obt2018.hu\/#organization"},"potentialAction":[{"@type":"SearchAction","target":{"@type":"EntryPoint","urlTemplate":"https:\/\/obt2018.hu\/?s={search_term_string}"},"query-input":{"@type":"PropertyValueSpecification","valueRequired":true,"valueName":"search_term_string"}}],"inLanguage":"en-US"},{"@type":"Organization","@id":"https:\/\/obt2018.hu\/#organization","name":"Orsz\u00e1gos B\u00edr\u00f3i Tan\u00e1cs","url":"https:\/\/obt2018.hu\/","logo":{"@type":"ImageObject","inLanguage":"en-US","@id":"https:\/\/obt2018.hu\/#\/schema\/logo\/image\/","url":"https:\/\/obt2018.hu\/wp-content\/uploads\/2018\/10\/logo.png","contentUrl":"https:\/\/obt2018.hu\/wp-content\/uploads\/2018\/10\/logo.png","width":591,"height":591,"caption":"Orsz\u00e1gos B\u00edr\u00f3i Tan\u00e1cs"},"image":{"@id":"https:\/\/obt2018.hu\/#\/schema\/logo\/image\/"}}]}},"jetpack_sharing_enabled":true,"jetpack_shortlink":"https:\/\/wp.me\/PfwhB4-uA","jetpack-related-posts":[],"jetpack_likes_enabled":true,"_links":{"self":[{"href":"https:\/\/obt2018.hu\/en\/wp-json\/wp\/v2\/pages\/1896","targetHints":{"allow":["GET"]}}],"collection":[{"href":"https:\/\/obt2018.hu\/en\/wp-json\/wp\/v2\/pages"}],"about":[{"href":"https:\/\/obt2018.hu\/en\/wp-json\/wp\/v2\/types\/page"}],"author":[{"embeddable":true,"href":"https:\/\/obt2018.hu\/en\/wp-json\/wp\/v2\/users\/1"}],"replies":[{"embeddable":true,"href":"https:\/\/obt2018.hu\/en\/wp-json\/wp\/v2\/comments?post=1896"}],"version-history":[{"count":4,"href":"https:\/\/obt2018.hu\/en\/wp-json\/wp\/v2\/pages\/1896\/revisions"}],"predecessor-version":[{"id":1933,"href":"https:\/\/obt2018.hu\/en\/wp-json\/wp\/v2\/pages\/1896\/revisions\/1933"}],"wp:attachment":[{"href":"https:\/\/obt2018.hu\/en\/wp-json\/wp\/v2\/media?parent=1896"}],"curies":[{"name":"wp","href":"https:\/\/api.w.org\/{rel}","templated":true}]}}