{"id":20,"date":"2018-09-25T15:51:05","date_gmt":"2018-09-25T13:51:05","guid":{"rendered":"https:\/\/obt2018.hu\/?page_id=20"},"modified":"2019-01-28T17:08:38","modified_gmt":"2019-01-28T16:08:38","slug":"nemzetkozi-kapcsolatok","status":"publish","type":"page","link":"https:\/\/obt2018.hu\/en\/nemzetkozi-kapcsolatok\/","title":{"rendered":"International Relations"},"content":{"rendered":"<p>&nbsp;<\/p>\n<p>Az Orsz\u00e1gos Igazs\u00e1gszolg\u00e1ltat\u00e1si Tan\u00e1cs alap\u00edt\u00f3 tagja az <a href=\"http:\/\/www.encj.eu\/\">Eur\u00f3pai Tan\u00e1csok Igazs\u00e1g\u00fcgyi H\u00e1l\u00f3zat\u00e1nak (ENCJ)<\/a>. A H\u00e1l\u00f3zat munk\u00e1j\u00e1ban az Orsz\u00e1gos B\u00edr\u00f3i Tan\u00e1cs a 2012-es b\u00edr\u00f3s\u00e1gi igazgat\u00e1si reformot k\u00f6vet\u0151en csak megfigyel\u0151k\u00e9nt vehetett r\u00e9szt, majd a 2015. j\u00fanius 3. napj\u00e1n megtartott k\u00f6zgy\u0171l\u00e9sen a tags\u00e1g d\u00f6nt\u00f6tt az OBT felv\u00e9tel\u00e9r\u0151l.<\/p>\n<p>&nbsp;<\/p>\n<p>Az Orsz\u00e1gos B\u00edr\u00f3i Tan\u00e1cs 2018. janu\u00e1r 15-\u00e9n megv\u00e1lasztott \u00faj tagjai hitvall\u00e1sukban kifejtett\u00e9k, hogy nemzetk\u00f6zi kapcsolataikban is meg k\u00edv\u00e1nj\u00e1k jelen\u00edteni a jog\u00e1llamis\u00e1g \u00e9s a magyar igazs\u00e1gszolg\u00e1ltat\u00e1s \u00e9rt\u00e9keit. Az OBT megh\u00edv\u00e1s\u00e1ra 2018. j\u00falius 10-\u00e9n Magyarorsz\u00e1gra l\u00e1togatott az ENCJ \u00fajonnan megv\u00e1lasztott eln\u00f6ke \u00e9s igazgat\u00f3tan\u00e1cs\u00e1nak k\u00e9t tagja. Ez alkalomb\u00f3l \u00fcnnep\u00e9lyes \u00fcl\u00e9st tartott az Orsz\u00e1gos B\u00edr\u00f3i Tan\u00e1cs, majd ezt k\u00f6vet\u0151en az ENCJ deleg\u00e1ci\u00f3ja megbesz\u00e9l\u00e9sen vett r\u00e9szt az Igazs\u00e1g\u00fcgy Minisztern\u00e9l. <a href=\"https:\/\/birosag.hu\/sites\/default\/files\/allomanyok\/obt\/hir-melleklet\/emlekezteto_az_obt_2018.07.10.-i_unnepi_uleserol.pdf\">Az \u00fcnnep\u00e9lyes \u00fcl\u00e9s eml\u00e9keztet\u0151je az al\u00e1bbi linken \u00e9rhet\u0151 el.<\/a><\/p>\n<p>&nbsp;<\/p>\n<p>Az Orsz\u00e1gos B\u00edr\u00f3i Tan\u00e1cs \u2013 k\u00f6z\u00f6sen az Orsz\u00e1gos B\u00edr\u00f3s\u00e1gi Hivatallal \u2013 alap\u00edt\u00f3 tag a 2014. m\u00e1jus 12-\u00e9n alakult <a href=\"https:\/\/birosag.hu\/media\/aktualis\/megalakult-balkani-es-euro-mediterran-terseg-igazsagugyi-tanacsainak-halozata\">Balk\u00e1ni \u00e9s Euro-mediterr\u00e1n T\u00e9rs\u00e9g Igazs\u00e1g\u00fcgyi Tan\u00e1csainak H\u00e1l\u00f3zat\u00e1ban<\/a>.<\/p>\n<p>&nbsp;<\/p>\n<p>B\u0151vebben az ENCJ tev\u00e9kenys\u00e9g\u00e9r\u0151l az al\u00e1bbi oldalon t\u00e1j\u00e9koz\u00f3dhat r\u00e9szletesen<\/p>\n","protected":false},"excerpt":{"rendered":"<p>&nbsp; Az Orsz\u00e1gos Igazs\u00e1gszolg\u00e1ltat\u00e1si Tan\u00e1cs alap\u00edt\u00f3 tagja az Eur\u00f3pai Tan\u00e1csok Igazs\u00e1g\u00fcgyi H\u00e1l\u00f3zat\u00e1nak (ENCJ). A H\u00e1l\u00f3zat munk\u00e1j\u00e1ban az Orsz\u00e1gos B\u00edr\u00f3i Tan\u00e1cs a 2012-es b\u00edr\u00f3s\u00e1gi igazgat\u00e1si reformot k\u00f6vet\u0151en csak megfigyel\u0151k\u00e9nt vehetett r\u00e9szt, majd a 2015. j\u00fanius 3. napj\u00e1n megtartott k\u00f6zgy\u0171l\u00e9sen a tags\u00e1g d\u00f6nt\u00f6tt az OBT felv\u00e9tel\u00e9r\u0151l. &nbsp; Az Orsz\u00e1gos B\u00edr\u00f3i Tan\u00e1cs 2018. janu\u00e1r 15-\u00e9n megv\u00e1lasztott \u00faj tagjai<br \/><a class=\"moretag\" href=\"https:\/\/obt2018.hu\/en\/nemzetkozi-kapcsolatok\/\">+ Read More<\/a><\/p>\n","protected":false},"author":1,"featured_media":0,"parent":0,"menu_order":0,"comment_status":"closed","ping_status":"closed","template":"templates\/page-nosidebar_template.php","meta":{"jetpack_post_was_ever_published":false,"footnotes":""},"class_list":["post-20","page","type-page","status-publish","hentry"],"yoast_head":"<!-- This site is optimized with the Yoast SEO plugin v27.2 - https:\/\/yoast.com\/product\/yoast-seo-wordpress\/ -->\n<title>International Relations - Orsz\u00e1gos B\u00edr\u00f3i Tan\u00e1cs<\/title>\n<meta name=\"robots\" content=\"index, follow, max-snippet:-1, max-image-preview:large, max-video-preview:-1\" \/>\n<link rel=\"canonical\" href=\"https:\/\/obt2018.hu\/en\/nemzetkozi-kapcsolatok\/\" \/>\n<meta property=\"og:locale\" content=\"en_US\" \/>\n<meta property=\"og:type\" content=\"article\" \/>\n<meta property=\"og:title\" content=\"[:hu]Nemzetk\u00f6zi kapcsolatok[:en]International Relations[:] - Orsz\u00e1gos B\u00edr\u00f3i Tan\u00e1cs\" \/>\n<meta property=\"og:description\" content=\"&nbsp; Az Orsz\u00e1gos Igazs\u00e1gszolg\u00e1ltat\u00e1si Tan\u00e1cs alap\u00edt\u00f3 tagja az Eur\u00f3pai Tan\u00e1csok Igazs\u00e1g\u00fcgyi H\u00e1l\u00f3zat\u00e1nak (ENCJ). A H\u00e1l\u00f3zat munk\u00e1j\u00e1ban az Orsz\u00e1gos B\u00edr\u00f3i Tan\u00e1cs a 2012-es b\u00edr\u00f3s\u00e1gi igazgat\u00e1si reformot k\u00f6vet\u0151en csak megfigyel\u0151k\u00e9nt vehetett r\u00e9szt, majd a 2015. j\u00fanius 3. napj\u00e1n megtartott k\u00f6zgy\u0171l\u00e9sen a tags\u00e1g d\u00f6nt\u00f6tt az OBT felv\u00e9tel\u00e9r\u0151l. &nbsp; Az Orsz\u00e1gos B\u00edr\u00f3i Tan\u00e1cs 2018. janu\u00e1r 15-\u00e9n megv\u00e1lasztott \u00faj tagjai+ Read More\" \/>\n<meta property=\"og:url\" content=\"https:\/\/obt2018.hu\/en\/nemzetkozi-kapcsolatok\/\" \/>\n<meta property=\"og:site_name\" content=\"Orsz\u00e1gos B\u00edr\u00f3i Tan\u00e1cs\" \/>\n<meta property=\"article:modified_time\" content=\"2019-01-28T16:08:38+00:00\" \/>\n<meta name=\"twitter:card\" content=\"summary_large_image\" \/>\n<meta name=\"twitter:label1\" content=\"Est. reading time\" \/>\n\t<meta name=\"twitter:data1\" content=\"1 minute\" \/>\n<script type=\"application\/ld+json\" class=\"yoast-schema-graph\">{\"@context\":\"https:\/\/schema.org\",\"@graph\":[{\"@type\":\"WebPage\",\"@id\":\"https:\/\/obt2018.hu\/en\/nemzetkozi-kapcsolatok\/\",\"url\":\"https:\/\/obt2018.hu\/en\/nemzetkozi-kapcsolatok\/\",\"name\":\"[:hu]Nemzetk\u00f6zi kapcsolatok[:en]International Relations[:] - Orsz\u00e1gos B\u00edr\u00f3i Tan\u00e1cs\",\"isPartOf\":{\"@id\":\"https:\/\/obt2018.hu\/#website\"},\"datePublished\":\"2018-09-25T13:51:05+00:00\",\"dateModified\":\"2019-01-28T16:08:38+00:00\",\"breadcrumb\":{\"@id\":\"https:\/\/obt2018.hu\/en\/nemzetkozi-kapcsolatok\/#breadcrumb\"},\"inLanguage\":\"en-US\",\"potentialAction\":[{\"@type\":\"ReadAction\",\"target\":[\"https:\/\/obt2018.hu\/en\/nemzetkozi-kapcsolatok\/\"]}]},{\"@type\":\"BreadcrumbList\",\"@id\":\"https:\/\/obt2018.hu\/en\/nemzetkozi-kapcsolatok\/#breadcrumb\",\"itemListElement\":[{\"@type\":\"ListItem\",\"position\":1,\"name\":\"Home\",\"item\":\"https:\/\/obt2018.hu\/\"},{\"@type\":\"ListItem\",\"position\":2,\"name\":\"International Relations\"}]},{\"@type\":\"WebSite\",\"@id\":\"https:\/\/obt2018.hu\/#website\",\"url\":\"https:\/\/obt2018.hu\/\",\"name\":\"OBT 2018\",\"description\":\"Az Orsz\u00e1gos B\u00edr\u00f3i Tan\u00e1cs honlapja\",\"publisher\":{\"@id\":\"https:\/\/obt2018.hu\/#organization\"},\"potentialAction\":[{\"@type\":\"SearchAction\",\"target\":{\"@type\":\"EntryPoint\",\"urlTemplate\":\"https:\/\/obt2018.hu\/?s={search_term_string}\"},\"query-input\":{\"@type\":\"PropertyValueSpecification\",\"valueRequired\":true,\"valueName\":\"search_term_string\"}}],\"inLanguage\":\"en-US\"},{\"@type\":\"Organization\",\"@id\":\"https:\/\/obt2018.hu\/#organization\",\"name\":\"Orsz\u00e1gos B\u00edr\u00f3i Tan\u00e1cs\",\"url\":\"https:\/\/obt2018.hu\/\",\"logo\":{\"@type\":\"ImageObject\",\"inLanguage\":\"en-US\",\"@id\":\"https:\/\/obt2018.hu\/#\/schema\/logo\/image\/\",\"url\":\"https:\/\/obt2018.hu\/wp-content\/uploads\/2018\/10\/logo.png\",\"contentUrl\":\"https:\/\/obt2018.hu\/wp-content\/uploads\/2018\/10\/logo.png\",\"width\":591,\"height\":591,\"caption\":\"Orsz\u00e1gos B\u00edr\u00f3i Tan\u00e1cs\"},\"image\":{\"@id\":\"https:\/\/obt2018.hu\/#\/schema\/logo\/image\/\"}}]}<\/script>\n<!-- \/ Yoast SEO plugin. -->","yoast_head_json":{"title":"[:hu]Nemzetk\u00f6zi kapcsolatok[:en]International Relations[:] - Orsz\u00e1gos B\u00edr\u00f3i Tan\u00e1cs","robots":{"index":"index","follow":"follow","max-snippet":"max-snippet:-1","max-image-preview":"max-image-preview:large","max-video-preview":"max-video-preview:-1"},"canonical":"https:\/\/obt2018.hu\/en\/nemzetkozi-kapcsolatok\/","og_locale":"en_US","og_type":"article","og_title":"[:hu]Nemzetk\u00f6zi kapcsolatok[:en]International Relations[:] - Orsz\u00e1gos B\u00edr\u00f3i Tan\u00e1cs","og_description":"&nbsp; Az Orsz\u00e1gos Igazs\u00e1gszolg\u00e1ltat\u00e1si Tan\u00e1cs alap\u00edt\u00f3 tagja az Eur\u00f3pai Tan\u00e1csok Igazs\u00e1g\u00fcgyi H\u00e1l\u00f3zat\u00e1nak (ENCJ). A H\u00e1l\u00f3zat munk\u00e1j\u00e1ban az Orsz\u00e1gos B\u00edr\u00f3i Tan\u00e1cs a 2012-es b\u00edr\u00f3s\u00e1gi igazgat\u00e1si reformot k\u00f6vet\u0151en csak megfigyel\u0151k\u00e9nt vehetett r\u00e9szt, majd a 2015. j\u00fanius 3. napj\u00e1n megtartott k\u00f6zgy\u0171l\u00e9sen a tags\u00e1g d\u00f6nt\u00f6tt az OBT felv\u00e9tel\u00e9r\u0151l. &nbsp; Az Orsz\u00e1gos B\u00edr\u00f3i Tan\u00e1cs 2018. janu\u00e1r 15-\u00e9n megv\u00e1lasztott \u00faj tagjai+ Read More","og_url":"https:\/\/obt2018.hu\/en\/nemzetkozi-kapcsolatok\/","og_site_name":"Orsz\u00e1gos B\u00edr\u00f3i Tan\u00e1cs","article_modified_time":"2019-01-28T16:08:38+00:00","twitter_card":"summary_large_image","twitter_misc":{"Est. reading time":"1 minute"},"schema":{"@context":"https:\/\/schema.org","@graph":[{"@type":"WebPage","@id":"https:\/\/obt2018.hu\/en\/nemzetkozi-kapcsolatok\/","url":"https:\/\/obt2018.hu\/en\/nemzetkozi-kapcsolatok\/","name":"[:hu]Nemzetk\u00f6zi kapcsolatok[:en]International Relations[:] - Orsz\u00e1gos B\u00edr\u00f3i Tan\u00e1cs","isPartOf":{"@id":"https:\/\/obt2018.hu\/#website"},"datePublished":"2018-09-25T13:51:05+00:00","dateModified":"2019-01-28T16:08:38+00:00","breadcrumb":{"@id":"https:\/\/obt2018.hu\/en\/nemzetkozi-kapcsolatok\/#breadcrumb"},"inLanguage":"en-US","potentialAction":[{"@type":"ReadAction","target":["https:\/\/obt2018.hu\/en\/nemzetkozi-kapcsolatok\/"]}]},{"@type":"BreadcrumbList","@id":"https:\/\/obt2018.hu\/en\/nemzetkozi-kapcsolatok\/#breadcrumb","itemListElement":[{"@type":"ListItem","position":1,"name":"Home","item":"https:\/\/obt2018.hu\/"},{"@type":"ListItem","position":2,"name":"International Relations"}]},{"@type":"WebSite","@id":"https:\/\/obt2018.hu\/#website","url":"https:\/\/obt2018.hu\/","name":"OBT 2018","description":"Az Orsz\u00e1gos B\u00edr\u00f3i Tan\u00e1cs honlapja","publisher":{"@id":"https:\/\/obt2018.hu\/#organization"},"potentialAction":[{"@type":"SearchAction","target":{"@type":"EntryPoint","urlTemplate":"https:\/\/obt2018.hu\/?s={search_term_string}"},"query-input":{"@type":"PropertyValueSpecification","valueRequired":true,"valueName":"search_term_string"}}],"inLanguage":"en-US"},{"@type":"Organization","@id":"https:\/\/obt2018.hu\/#organization","name":"Orsz\u00e1gos B\u00edr\u00f3i Tan\u00e1cs","url":"https:\/\/obt2018.hu\/","logo":{"@type":"ImageObject","inLanguage":"en-US","@id":"https:\/\/obt2018.hu\/#\/schema\/logo\/image\/","url":"https:\/\/obt2018.hu\/wp-content\/uploads\/2018\/10\/logo.png","contentUrl":"https:\/\/obt2018.hu\/wp-content\/uploads\/2018\/10\/logo.png","width":591,"height":591,"caption":"Orsz\u00e1gos B\u00edr\u00f3i Tan\u00e1cs"},"image":{"@id":"https:\/\/obt2018.hu\/#\/schema\/logo\/image\/"}}]}},"jetpack_sharing_enabled":true,"jetpack_shortlink":"https:\/\/wp.me\/PfwhB4-k","jetpack-related-posts":[{"id":106,"url":"https:\/\/obt2018.hu\/en\/tortenetunk\/","url_meta":{"origin":20,"position":0},"title":"Our story","author":"szgabor1976","date":"Tuesday September 25th, 2018","format":false,"excerpt":"2018. november \u00a0 2018.11.26. A Magyar Tudom\u00e1nyos Akad\u00e9mia Jogtudom\u00e1nyi Int\u00e9zete angol nyelv\u0171 konferenci\u00e1t rendezett b\u00edr\u00f3s\u00e1gi igazgat\u00e1si modellek t\u00e9m\u00e1j\u00e1ban, amelyen r\u00e9szt vett dr. Matusik Tam\u00e1s \u00e9s dr. Vad\u00e1sz Viktor OBT tagok. 2018.11.15-17. A Magyar Orsz\u00e1gos K\u00f6zjegyz\u0151i Kamara 30. Region\u00e1lis Kollokvium\u00e1n dr. Csontos Katalin, dr. Matusik Tam\u00e1s \u00e9s dr. Vad\u00e1sz Viktor k\u00e9pviselte\u2026","rel":"","context":"Similar post","block_context":{"text":"Similar post","link":""},"img":{"alt_text":"","src":"","width":0,"height":0},"classes":[]},{"id":12,"url":"https:\/\/obt2018.hu\/en\/hitvallas\/","url_meta":{"origin":20,"position":1},"title":"Credo","author":"szgabor1976","date":"Tuesday September 25th, 2018","format":false,"excerpt":"\u00a0 \u201eWe, the members of the National Judicial Council established on 30 January 2018, declare that in our function representingthe judiciary that elected us democratically,we intend toact in order to ensure impartial justice based on the independence of the judiciary. In fulfilment of our constitutional obligations our first priority is\u2026","rel":"","context":"Similar post","block_context":{"text":"Similar post","link":""},"img":{"alt_text":"","src":"","width":0,"height":0},"classes":[]},{"id":89,"url":"https:\/\/obt2018.hu\/en\/koltsegvetes\/","url_meta":{"origin":20,"position":2},"title":"Budget","author":"szgabor1976","date":"Tuesday September 25th, 2018","format":false,"excerpt":"\u00a0 \u201eNJC expresses its opinion on court budgets and the report on the implementation thereof, examines the economic and financial management of courts, expresses opinions on the detailed conditions and the rates of the benefits of judges and judicial employees. The budget of NJC is displayed separately within the NJO\u2026","rel":"","context":"Similar post","block_context":{"text":"Similar post","link":""},"img":{"alt_text":"","src":"","width":0,"height":0},"classes":[]},{"id":10,"url":"https:\/\/obt2018.hu\/en\/bemutatkozas\/","url_meta":{"origin":20,"position":3},"title":"Introduction","author":"szgabor1976","date":"Tuesday September 25th, 2018","format":false,"excerpt":"\u00a0 \u00a0 \u201eNJC commentsthe regulations and recommendations issued by the President of the National Office for the Judiciary (NOJ), furthermore it can submit motions to the President of NOJ to prepare proposals on amendments to the legislation affecting courts.\u201d \u00a0 \u00a0 NJC was created by Act CLXI of 2011 on\u2026","rel":"","context":"Similar post","block_context":{"text":"Similar post","link":""},"img":{"alt_text":"","src":"","width":0,"height":0},"classes":[]},{"id":83,"url":"https:\/\/obt2018.hu\/en\/felugyelet\/","url_meta":{"origin":20,"position":4},"title":"Supervision","author":"szgabor1976","date":"Tuesday September 25th, 2018","format":false,"excerpt":"\u00a0 \u201eThe central responsibilities of the administration of the courts shall be performed by the President of the National Office for the Judiciary. The National Judicial Council shall supervise the central administration of the courts.\" \u00a0 The most pivotal duty of NJC is defined by Article 25. of the Fundamental\u2026","rel":"","context":"Similar post","block_context":{"text":"Similar post","link":""},"img":{"alt_text":"","src":"","width":0,"height":0},"classes":[]},{"id":45,"url":"https:\/\/obt2018.hu\/en\/udvozles\/","url_meta":{"origin":20,"position":5},"title":"Welcome","author":"szgabor1976","date":"Tuesday September 25th, 2018","format":false,"excerpt":"","rel":"","context":"Similar post","block_context":{"text":"Similar post","link":""},"img":{"alt_text":"","src":"","width":0,"height":0},"classes":[]}],"jetpack_likes_enabled":true,"_links":{"self":[{"href":"https:\/\/obt2018.hu\/en\/wp-json\/wp\/v2\/pages\/20","targetHints":{"allow":["GET"]}}],"collection":[{"href":"https:\/\/obt2018.hu\/en\/wp-json\/wp\/v2\/pages"}],"about":[{"href":"https:\/\/obt2018.hu\/en\/wp-json\/wp\/v2\/types\/page"}],"author":[{"embeddable":true,"href":"https:\/\/obt2018.hu\/en\/wp-json\/wp\/v2\/users\/1"}],"replies":[{"embeddable":true,"href":"https:\/\/obt2018.hu\/en\/wp-json\/wp\/v2\/comments?post=20"}],"version-history":[{"count":3,"href":"https:\/\/obt2018.hu\/en\/wp-json\/wp\/v2\/pages\/20\/revisions"}],"predecessor-version":[{"id":948,"href":"https:\/\/obt2018.hu\/en\/wp-json\/wp\/v2\/pages\/20\/revisions\/948"}],"wp:attachment":[{"href":"https:\/\/obt2018.hu\/en\/wp-json\/wp\/v2\/media?parent=20"}],"curies":[{"name":"wp","href":"https:\/\/api.w.org\/{rel}","templated":true}]}}