{"id":206,"date":"2018-10-04T17:11:31","date_gmt":"2018-10-04T15:11:31","guid":{"rendered":"https:\/\/obt2018.hu\/mdocuments-library\/"},"modified":"2018-10-04T17:11:31","modified_gmt":"2018-10-04T15:11:31","slug":"mdocuments-library","status":"publish","type":"page","link":"https:\/\/obt2018.hu\/en\/mdocuments-library\/","title":{"rendered":"Documents"},"content":{"rendered":"\t\t<div class=\"mdocs\">\n\t\t\t\t\t<div class=\"mdocs-wrap\">\n\t\t\t<div class=\"mdocs-admin-preview\"><\/div>\n\t\t\t\t\t\t<div class=\"mdocs-development-warning\"><\/div>\n\t\t\t<div class=\"mdoc-navbar-container\">\n\t\t\t\t\t\t\t\t<nav class=\"navbar mdocs-navbar-default\" role=\"navigation\" id=\"mdocs-navbar\">\n\t\t\t\t\t<div class=\"container-fluid\">\n\t\t\t\t\t\t<div class=\"navbar-header\">\n\t\t\t\t\t\t\t<button type=\"button\" class=\"navbar-toggle\" data-toggle=\"collapse\" data-target=\"#mdocs-navbar-collapse\">\n\t\t\t\t\t\t\t  <span class=\"sr-only\">Toggle navigation<\/span>\n\t\t\t\t\t\t\t  <span class=\"icon-bar\"><\/span>\n\t\t\t\t\t\t\t  <span class=\"icon-bar\"><\/span>\n\t\t\t\t\t\t\t  <span class=\"icon-bar\"><\/span>\n\t\t\t\t\t\t\t<\/button>\n\t\t\t\t\t\t\t<span class=\"navbar-brand\">Folders<\/span>\n\t\t\t\t\t\t<\/div>\n\t\t\t\t\t\t<div class=\"collapse navbar-collapse\" id=\"mdocs-navbar-collapse\">\n\t\t\t\t\t\t\t<ul class=\"nav navbar-nav\">\n\t\t\t\t\t\t\t\t\t\t\t\t\t\t\t\t\t\t<li>\n\t\t\t\t\t\t\t\t\t\t<a class=\"mdocs-folders\" data-folder=\"mdocs-cat-15\" data-sort=\"modified\" data-sort-type=\"desc\" data-current-sort=\"modified\" data-current-sort-type=\"desc\" data-is-dashboard=\"\" data-is-folder=\"true\" data-hide-folder=\"\" data-hide-main-folder=\"\" >2018<\/a>\n\t\t\t\t\t\t\t\t\t\t<\/li>\n\t\t\t\t\t\t\t\t\t\t\t\t\t\t\t\t\t\t\t\t<li>\n\t\t\t\t\t\t\t\t\t\t<a class=\"mdocs-folders\" data-folder=\"mdocs-cat-1\" data-sort=\"modified\" data-sort-type=\"desc\" data-current-sort=\"modified\" data-current-sort-type=\"desc\" data-is-dashboard=\"\" data-is-folder=\"true\" data-hide-folder=\"\" data-hide-main-folder=\"\" >2019<\/a>\n\t\t\t\t\t\t\t\t\t\t<\/li>\n\t\t\t\t\t\t\t\t\t\t\t\t\t\t\t\t\t\t\t\t<li>\n\t\t\t\t\t\t\t\t\t\t<a class=\"mdocs-folders\" data-folder=\"mdocs-cat-13\" data-sort=\"modified\" data-sort-type=\"desc\" data-current-sort=\"modified\" data-current-sort-type=\"desc\" data-is-dashboard=\"\" data-is-folder=\"true\" data-hide-folder=\"\" data-hide-main-folder=\"\" >English<\/a>\n\t\t\t\t\t\t\t\t\t\t<\/li>\n\t\t\t\t\t\t\t\t\t\t\t\t\t\t\t\t\t\t\t\t<li>\n\t\t\t\t\t\t\t\t\t\t<a class=\"mdocs-folders\" data-folder=\"mdocs-cat-8\" data-sort=\"modified\" data-sort-type=\"desc\" data-current-sort=\"modified\" data-current-sort-type=\"desc\" data-is-dashboard=\"\" data-is-folder=\"true\" data-hide-folder=\"\" data-hide-main-folder=\"\" >2020<\/a>\n\t\t\t\t\t\t\t\t\t\t<\/li>\n\t\t\t\t\t\t\t\t\t\t\t\t\t\t\t\t\t\t\t\t<li>\n\t\t\t\t\t\t\t\t\t\t<a class=\"mdocs-folders\" data-folder=\"mdocs-cat-40\" data-sort=\"modified\" data-sort-type=\"desc\" data-current-sort=\"modified\" data-current-sort-type=\"desc\" data-is-dashboard=\"\" data-is-folder=\"true\" data-hide-folder=\"\" data-hide-main-folder=\"\" >2021<\/a>\n\t\t\t\t\t\t\t\t\t\t<\/li>\n\t\t\t\t\t\t\t\t\t\t\t\t\t\t\t\t\t\t\t\t<li>\n\t\t\t\t\t\t\t\t\t\t<a class=\"mdocs-folders\" data-folder=\"mdocs-cat-55\" data-sort=\"modified\" data-sort-type=\"desc\" data-current-sort=\"modified\" data-current-sort-type=\"desc\" data-is-dashboard=\"\" data-is-folder=\"true\" data-hide-folder=\"\" data-hide-main-folder=\"\" >2022<\/a>\n\t\t\t\t\t\t\t\t\t\t<\/li>\n\t\t\t\t\t\t\t\t\t\t\t\t\t\t\t\t\t<\/ul>\n\t\t\t\t\t\t<\/div>\n\t\t\t\t\t<\/div>\n\t\t\t\t<\/nav>\n\t\t\t\t\t\t<\/div>\n\t\t<\/div>\n\t\t<div class=\"mdocs-container\"><table class=\"table table-hover table-condensed\" id=\"mdocs-list-table\">\t<thead>\n\t\t<tr>\n\t\t\t\t\t\t\t<th class=\"mdocs-name mdocs-sort-option\" data-folder=\"mdocs-cat-15\" data-sort=\"name\" data-sort-type=\"desc\" data-current-sort=\"modified\" data-current-sort-type=\"desc\" data-is-dashboard=\"\" data-hide-folder=\"\" data-hide-main-folder=\"\" >Name<\/th>\n\t\t\t\t\t\t\t\t\t<th class=\"mdocs-downloads mdocs-sort-option\" data-folder=\"mdocs-cat-15\" data-sort=\"downloads\" data-sort-type=\"desc\" data-current-sort=\"modified\" data-current-sort-type=\"desc\" data-is-dashboard=\"\" data-hide-folder=\"\" data-hide-main-folder=\"\" >Downloads<\/th>\n\t\t\t\t\t\t\t\t\t<th class=\"mdocs-modified mdocs-sort-option\" data-folder=\"mdocs-cat-15\" data-sort=\"modified\" data-sort-type=\"desc\" data-current-sort=\"modified\" data-current-sort-type=\"desc\" data-is-dashboard=\"\" data-hide-folder=\"\" data-hide-main-folder=\"\" >Last Modified <i class=\"fa fa-chevron-down\" aria-hidden=\"true\"><\/i><\/th>\n\t\t\t\t\t\t\t\t\t<th class=\"mdocs-download mdocs-sort-option\" data-folder=\"mdocs-cat-15\" data-sort=\"download\" data-sort-type=\"desc\" data-current-sort=\"modified\" data-current-sort-type=\"desc\" data-is-dashboard=\"\" data-hide-folder=\"\" data-hide-main-folder=\"\" >Download<\/th>\n\t\t\t\t\t<\/tr>\n\t\t<\/thead>\n\t\t\t<tfoot>\n\t\t\t<tr>\n\t\t\t\t\t\t\t<th class=\"mdocs-name mdocs-sort-option\" data-folder=\"mdocs-cat-15\" data-sort=\"name\" data-sort-type=\"desc\" data-current-sort=\"modified\" data-current-sort-type=\"desc\" data-is-dashboard=\"\" data-hide-folder=\"\" data-hide-main-folder=\"\" >Name<\/th>\n\t\t\t\t\t\t\t\t\t<th class=\"mdocs-downloads mdocs-sort-option\" data-folder=\"mdocs-cat-15\" data-sort=\"downloads\" data-sort-type=\"desc\" data-current-sort=\"modified\" data-current-sort-type=\"desc\" data-is-dashboard=\"\" data-hide-folder=\"\" data-hide-main-folder=\"\" >Downloads<\/th>\n\t\t\t\t\t\t\t\t\t<th class=\"mdocs-modified mdocs-sort-option\" data-folder=\"mdocs-cat-15\" data-sort=\"modified\" data-sort-type=\"desc\" data-current-sort=\"modified\" data-current-sort-type=\"desc\" data-is-dashboard=\"\" data-hide-folder=\"\" data-hide-main-folder=\"\" >Last Modified <i class=\"fa fa-chevron-down\" aria-hidden=\"true\"><\/i><\/th>\n\t\t\t\t\t\t\t\t\t<th class=\"mdocs-download mdocs-sort-option\" data-folder=\"mdocs-cat-15\" data-sort=\"download\" data-sort-type=\"desc\" data-current-sort=\"modified\" data-current-sort-type=\"desc\" data-is-dashboard=\"\" data-hide-folder=\"\" data-hide-main-folder=\"\" >Download<\/th>\n\t\t\t\t\t<\/tr>\n\t\t\t<\/tfoot>\n\t\t\n\t\t<tr class=\"mdocs-current-cat\" >\n\t\t\t<td colspan=\"5\" id=\"title\" class=\"mdocs-tooltip\">\n\t\t\t\t<b class=\"text-muted\"><i class=\"fas fa-folder-open\" aria-hidden=\"true\"><\/i> 2018<\/b>\n\t\t\t<\/td>\n\t\t<\/tr>\n\t\t\t<tr class=\"mdocs-sub-cats\" >\n\t\t\t\t<td colspan=\"5\" id=\"title\" class=\"mdocs-tooltip\">\n\t\t\t\t\t&emsp;&emsp;<a class=\"mdocs-folders\" data-folder=\"mdocs-cat-16\" data-sort=\"modified\" data-sort-type=\"desc\" data-current-sort=\"modified\" data-current-sort-type=\"desc\" data-is-dashboard=\"\" data-is-folder=\"true\" data-hide-folder=\"\" data-hide-main-folder=\"\" ><i class=\"fas fa-folder\" aria-hidden=\"true\"><\/i> 2018.02.22<\/a>\n\t\t\t\t<\/td>\n\t\t\t<\/tr>\n\t\t\t<tr class=\"mdocs-sub-cats\" >\n\t\t\t\t<td colspan=\"5\" id=\"title\" class=\"mdocs-tooltip\">\n\t\t\t\t\t&emsp;&emsp;<a class=\"mdocs-folders\" data-folder=\"mdocs-cat-18\" data-sort=\"modified\" data-sort-type=\"desc\" data-current-sort=\"modified\" data-current-sort-type=\"desc\" data-is-dashboard=\"\" data-is-folder=\"true\" data-hide-folder=\"\" data-hide-main-folder=\"\" ><i class=\"fas fa-folder\" aria-hidden=\"true\"><\/i> 2018.03.07<\/a>\n\t\t\t\t<\/td>\n\t\t\t<\/tr>\n\t\t\t<tr class=\"mdocs-sub-cats\" >\n\t\t\t\t<td colspan=\"5\" id=\"title\" class=\"mdocs-tooltip\">\n\t\t\t\t\t&emsp;&emsp;<a class=\"mdocs-folders\" data-folder=\"mdocs-cat-19\" data-sort=\"modified\" data-sort-type=\"desc\" data-current-sort=\"modified\" data-current-sort-type=\"desc\" data-is-dashboard=\"\" data-is-folder=\"true\" data-hide-folder=\"\" data-hide-main-folder=\"\" ><i class=\"fas fa-folder\" aria-hidden=\"true\"><\/i> 2018.03.13<\/a>\n\t\t\t\t<\/td>\n\t\t\t<\/tr>\n\t\t\t<tr class=\"mdocs-sub-cats\" >\n\t\t\t\t<td colspan=\"5\" id=\"title\" class=\"mdocs-tooltip\">\n\t\t\t\t\t&emsp;&emsp;<a class=\"mdocs-folders\" data-folder=\"mdocs-cat-20\" data-sort=\"modified\" data-sort-type=\"desc\" data-current-sort=\"modified\" data-current-sort-type=\"desc\" data-is-dashboard=\"\" data-is-folder=\"true\" data-hide-folder=\"\" data-hide-main-folder=\"\" ><i class=\"fas fa-folder\" aria-hidden=\"true\"><\/i> 2018.04.04<\/a>\n\t\t\t\t<\/td>\n\t\t\t<\/tr>\n\t\t\t<tr class=\"mdocs-sub-cats\" >\n\t\t\t\t<td colspan=\"5\" id=\"title\" class=\"mdocs-tooltip\">\n\t\t\t\t\t&emsp;&emsp;<a class=\"mdocs-folders\" data-folder=\"mdocs-cat-21\" data-sort=\"modified\" data-sort-type=\"desc\" data-current-sort=\"modified\" data-current-sort-type=\"desc\" data-is-dashboard=\"\" data-is-folder=\"true\" data-hide-folder=\"\" data-hide-main-folder=\"\" ><i class=\"fas fa-folder\" aria-hidden=\"true\"><\/i> 2018.04.18<\/a>\n\t\t\t\t<\/td>\n\t\t\t<\/tr>\n\t\t\t<tr class=\"mdocs-sub-cats\" >\n\t\t\t\t<td colspan=\"5\" id=\"title\" class=\"mdocs-tooltip\">\n\t\t\t\t\t&emsp;&emsp;<a class=\"mdocs-folders\" data-folder=\"mdocs-cat-22\" data-sort=\"modified\" data-sort-type=\"desc\" data-current-sort=\"modified\" data-current-sort-type=\"desc\" data-is-dashboard=\"\" data-is-folder=\"true\" data-hide-folder=\"\" data-hide-main-folder=\"\" ><i class=\"fas fa-folder\" aria-hidden=\"true\"><\/i> 2018.05.02<\/a>\n\t\t\t\t<\/td>\n\t\t\t<\/tr>\n\t\t\t<tr class=\"mdocs-sub-cats\" >\n\t\t\t\t<td colspan=\"5\" id=\"title\" class=\"mdocs-tooltip\">\n\t\t\t\t\t&emsp;&emsp;<a class=\"mdocs-folders\" data-folder=\"mdocs-cat-23\" data-sort=\"modified\" data-sort-type=\"desc\" data-current-sort=\"modified\" data-current-sort-type=\"desc\" data-is-dashboard=\"\" data-is-folder=\"true\" data-hide-folder=\"\" data-hide-main-folder=\"\" ><i class=\"fas fa-folder\" aria-hidden=\"true\"><\/i> 2018.05.16<\/a>\n\t\t\t\t<\/td>\n\t\t\t<\/tr>\n\t\t\t<tr class=\"mdocs-sub-cats\" >\n\t\t\t\t<td colspan=\"5\" id=\"title\" class=\"mdocs-tooltip\">\n\t\t\t\t\t&emsp;&emsp;<a class=\"mdocs-folders\" data-folder=\"mdocs-cat-24\" data-sort=\"modified\" data-sort-type=\"desc\" data-current-sort=\"modified\" data-current-sort-type=\"desc\" data-is-dashboard=\"\" data-is-folder=\"true\" data-hide-folder=\"\" data-hide-main-folder=\"\" ><i class=\"fas fa-folder\" aria-hidden=\"true\"><\/i> 2018.06.06<\/a>\n\t\t\t\t<\/td>\n\t\t\t<\/tr>\n\t\t\t<tr class=\"mdocs-sub-cats\" >\n\t\t\t\t<td colspan=\"5\" id=\"title\" class=\"mdocs-tooltip\">\n\t\t\t\t\t&emsp;&emsp;<a class=\"mdocs-folders\" data-folder=\"mdocs-cat-25\" data-sort=\"modified\" data-sort-type=\"desc\" data-current-sort=\"modified\" data-current-sort-type=\"desc\" data-is-dashboard=\"\" data-is-folder=\"true\" data-hide-folder=\"\" data-hide-main-folder=\"\" ><i class=\"fas fa-folder\" aria-hidden=\"true\"><\/i> 2018.07.09<\/a>\n\t\t\t\t<\/td>\n\t\t\t<\/tr>\n\t\t\t<tr class=\"mdocs-sub-cats\" >\n\t\t\t\t<td colspan=\"5\" id=\"title\" class=\"mdocs-tooltip\">\n\t\t\t\t\t&emsp;&emsp;<a class=\"mdocs-folders\" data-folder=\"mdocs-cat-26\" data-sort=\"modified\" data-sort-type=\"desc\" data-current-sort=\"modified\" data-current-sort-type=\"desc\" data-is-dashboard=\"\" data-is-folder=\"true\" data-hide-folder=\"\" data-hide-main-folder=\"\" ><i class=\"fas fa-folder\" aria-hidden=\"true\"><\/i> 2018.09.05<\/a>\n\t\t\t\t<\/td>\n\t\t\t<\/tr>\n\t\t\t<tr class=\"mdocs-sub-cats\" >\n\t\t\t\t<td colspan=\"5\" id=\"title\" class=\"mdocs-tooltip\">\n\t\t\t\t\t&emsp;&emsp;<a class=\"mdocs-folders\" data-folder=\"mdocs-cat-27\" data-sort=\"modified\" data-sort-type=\"desc\" data-current-sort=\"modified\" data-current-sort-type=\"desc\" data-is-dashboard=\"\" data-is-folder=\"true\" data-hide-folder=\"\" data-hide-main-folder=\"\" ><i class=\"fas fa-folder\" aria-hidden=\"true\"><\/i> 2018.10.03<\/a>\n\t\t\t\t<\/td>\n\t\t\t<\/tr>\n\t\t\t<tr class=\"mdocs-sub-cats\" >\n\t\t\t\t<td colspan=\"5\" id=\"title\" class=\"mdocs-tooltip\">\n\t\t\t\t\t&emsp;&emsp;<a class=\"mdocs-folders\" data-folder=\"mdocs-cat-28\" data-sort=\"modified\" data-sort-type=\"desc\" data-current-sort=\"modified\" data-current-sort-type=\"desc\" data-is-dashboard=\"\" data-is-folder=\"true\" data-hide-folder=\"\" data-hide-main-folder=\"\" ><i class=\"fas fa-folder\" aria-hidden=\"true\"><\/i> 2018.11.07<\/a>\n\t\t\t\t<\/td>\n\t\t\t<\/tr>\n\t\t\t<tr class=\"mdocs-sub-cats\" >\n\t\t\t\t<td colspan=\"5\" id=\"title\" class=\"mdocs-tooltip\">\n\t\t\t\t\t&emsp;&emsp;<a class=\"mdocs-folders\" data-folder=\"mdocs-cat-29\" data-sort=\"modified\" data-sort-type=\"desc\" data-current-sort=\"modified\" data-current-sort-type=\"desc\" data-is-dashboard=\"\" data-is-folder=\"true\" data-hide-folder=\"\" data-hide-main-folder=\"\" ><i class=\"fas fa-folder\" aria-hidden=\"true\"><\/i> 2018.12.05<\/a>\n\t\t\t\t<\/td>\n\t\t\t<\/tr>\n\t\t\t<tr class=\"mdocs-sub-cats\" >\n\t\t\t\t<td colspan=\"5\" id=\"title\" class=\"mdocs-tooltip\">\n\t\t\t\t\t&emsp;&emsp;<a class=\"mdocs-folders\" data-folder=\"mdocs-cat-30\" data-sort=\"modified\" data-sort-type=\"desc\" data-current-sort=\"modified\" data-current-sort-type=\"desc\" data-is-dashboard=\"\" data-is-folder=\"true\" data-hide-folder=\"\" data-hide-main-folder=\"\" ><i class=\"fas fa-folder\" aria-hidden=\"true\"><\/i> \u00dcl\u00e9sen k\u00edv\u00fcl meghozott hat\u00e1rozatok<\/a>\n\t\t\t\t<\/td>\n\t\t\t<\/tr><tr><td colspan=\"5\"><p class=\"mdocs-nofiles\" >No files found in this folder.<\/p><\/td><\/tr><\/table><\/div><\/div>\n","protected":false},"excerpt":{"rendered":"","protected":false},"author":1,"featured_media":0,"parent":0,"menu_order":0,"comment_status":"closed","ping_status":"closed","template":"","meta":{"jetpack_post_was_ever_published":false,"footnotes":""},"class_list":["post-206","page","type-page","status-publish","hentry"],"yoast_head":"<!-- This site is optimized with the Yoast SEO plugin v27.2 - https:\/\/yoast.com\/product\/yoast-seo-wordpress\/ -->\n<title>Documents - Orsz\u00e1gos B\u00edr\u00f3i Tan\u00e1cs<\/title>\n<meta name=\"robots\" content=\"index, follow, max-snippet:-1, max-image-preview:large, max-video-preview:-1\" \/>\n<link rel=\"canonical\" href=\"https:\/\/obt2018.hu\/mdocuments-library\/\" \/>\n<meta property=\"og:locale\" content=\"en_US\" \/>\n<meta property=\"og:type\" content=\"article\" \/>\n<meta property=\"og:title\" content=\"Documents - Orsz\u00e1gos B\u00edr\u00f3i Tan\u00e1cs\" \/>\n<meta property=\"og:url\" content=\"https:\/\/obt2018.hu\/mdocuments-library\/\" \/>\n<meta property=\"og:site_name\" content=\"Orsz\u00e1gos B\u00edr\u00f3i Tan\u00e1cs\" \/>\n<meta name=\"twitter:card\" content=\"summary_large_image\" \/>\n<script type=\"application\/ld+json\" class=\"yoast-schema-graph\">{\"@context\":\"https:\/\/schema.org\",\"@graph\":[{\"@type\":\"WebPage\",\"@id\":\"https:\/\/obt2018.hu\/mdocuments-library\/\",\"url\":\"https:\/\/obt2018.hu\/mdocuments-library\/\",\"name\":\"Documents - Orsz\u00e1gos B\u00edr\u00f3i Tan\u00e1cs\",\"isPartOf\":{\"@id\":\"https:\/\/obt2018.hu\/#website\"},\"datePublished\":\"2018-10-04T15:11:31+00:00\",\"breadcrumb\":{\"@id\":\"https:\/\/obt2018.hu\/mdocuments-library\/#breadcrumb\"},\"inLanguage\":\"en-US\",\"potentialAction\":[{\"@type\":\"ReadAction\",\"target\":[\"https:\/\/obt2018.hu\/mdocuments-library\/\"]}]},{\"@type\":\"BreadcrumbList\",\"@id\":\"https:\/\/obt2018.hu\/mdocuments-library\/#breadcrumb\",\"itemListElement\":[{\"@type\":\"ListItem\",\"position\":1,\"name\":\"Home\",\"item\":\"https:\/\/obt2018.hu\/\"},{\"@type\":\"ListItem\",\"position\":2,\"name\":\"Documents\"}]},{\"@type\":\"WebSite\",\"@id\":\"https:\/\/obt2018.hu\/#website\",\"url\":\"https:\/\/obt2018.hu\/\",\"name\":\"OBT 2018\",\"description\":\"Az Orsz\u00e1gos B\u00edr\u00f3i Tan\u00e1cs honlapja\",\"publisher\":{\"@id\":\"https:\/\/obt2018.hu\/#organization\"},\"potentialAction\":[{\"@type\":\"SearchAction\",\"target\":{\"@type\":\"EntryPoint\",\"urlTemplate\":\"https:\/\/obt2018.hu\/?s={search_term_string}\"},\"query-input\":{\"@type\":\"PropertyValueSpecification\",\"valueRequired\":true,\"valueName\":\"search_term_string\"}}],\"inLanguage\":\"en-US\"},{\"@type\":\"Organization\",\"@id\":\"https:\/\/obt2018.hu\/#organization\",\"name\":\"Orsz\u00e1gos B\u00edr\u00f3i Tan\u00e1cs\",\"url\":\"https:\/\/obt2018.hu\/\",\"logo\":{\"@type\":\"ImageObject\",\"inLanguage\":\"en-US\",\"@id\":\"https:\/\/obt2018.hu\/#\/schema\/logo\/image\/\",\"url\":\"https:\/\/obt2018.hu\/wp-content\/uploads\/2018\/10\/logo.png\",\"contentUrl\":\"https:\/\/obt2018.hu\/wp-content\/uploads\/2018\/10\/logo.png\",\"width\":591,\"height\":591,\"caption\":\"Orsz\u00e1gos B\u00edr\u00f3i Tan\u00e1cs\"},\"image\":{\"@id\":\"https:\/\/obt2018.hu\/#\/schema\/logo\/image\/\"}}]}<\/script>\n<!-- \/ Yoast SEO plugin. -->","yoast_head_json":{"title":"Documents - Orsz\u00e1gos B\u00edr\u00f3i Tan\u00e1cs","robots":{"index":"index","follow":"follow","max-snippet":"max-snippet:-1","max-image-preview":"max-image-preview:large","max-video-preview":"max-video-preview:-1"},"canonical":"https:\/\/obt2018.hu\/mdocuments-library\/","og_locale":"en_US","og_type":"article","og_title":"Documents - Orsz\u00e1gos B\u00edr\u00f3i Tan\u00e1cs","og_url":"https:\/\/obt2018.hu\/mdocuments-library\/","og_site_name":"Orsz\u00e1gos B\u00edr\u00f3i Tan\u00e1cs","twitter_card":"summary_large_image","schema":{"@context":"https:\/\/schema.org","@graph":[{"@type":"WebPage","@id":"https:\/\/obt2018.hu\/mdocuments-library\/","url":"https:\/\/obt2018.hu\/mdocuments-library\/","name":"Documents - Orsz\u00e1gos B\u00edr\u00f3i Tan\u00e1cs","isPartOf":{"@id":"https:\/\/obt2018.hu\/#website"},"datePublished":"2018-10-04T15:11:31+00:00","breadcrumb":{"@id":"https:\/\/obt2018.hu\/mdocuments-library\/#breadcrumb"},"inLanguage":"en-US","potentialAction":[{"@type":"ReadAction","target":["https:\/\/obt2018.hu\/mdocuments-library\/"]}]},{"@type":"BreadcrumbList","@id":"https:\/\/obt2018.hu\/mdocuments-library\/#breadcrumb","itemListElement":[{"@type":"ListItem","position":1,"name":"Home","item":"https:\/\/obt2018.hu\/"},{"@type":"ListItem","position":2,"name":"Documents"}]},{"@type":"WebSite","@id":"https:\/\/obt2018.hu\/#website","url":"https:\/\/obt2018.hu\/","name":"OBT 2018","description":"Az Orsz\u00e1gos B\u00edr\u00f3i Tan\u00e1cs honlapja","publisher":{"@id":"https:\/\/obt2018.hu\/#organization"},"potentialAction":[{"@type":"SearchAction","target":{"@type":"EntryPoint","urlTemplate":"https:\/\/obt2018.hu\/?s={search_term_string}"},"query-input":{"@type":"PropertyValueSpecification","valueRequired":true,"valueName":"search_term_string"}}],"inLanguage":"en-US"},{"@type":"Organization","@id":"https:\/\/obt2018.hu\/#organization","name":"Orsz\u00e1gos B\u00edr\u00f3i Tan\u00e1cs","url":"https:\/\/obt2018.hu\/","logo":{"@type":"ImageObject","inLanguage":"en-US","@id":"https:\/\/obt2018.hu\/#\/schema\/logo\/image\/","url":"https:\/\/obt2018.hu\/wp-content\/uploads\/2018\/10\/logo.png","contentUrl":"https:\/\/obt2018.hu\/wp-content\/uploads\/2018\/10\/logo.png","width":591,"height":591,"caption":"Orsz\u00e1gos B\u00edr\u00f3i Tan\u00e1cs"},"image":{"@id":"https:\/\/obt2018.hu\/#\/schema\/logo\/image\/"}}]}},"jetpack_sharing_enabled":true,"jetpack_shortlink":"https:\/\/wp.me\/PfwhB4-3k","jetpack-related-posts":[{"id":968,"url":"https:\/\/obt2018.hu\/en\/2019-06-24\/","url_meta":{"origin":206,"position":0},"title":"2019.06.05","author":"szgabor1976","date":"Tuesday January 29th, 2019","format":false,"excerpt":"","rel":"","context":"Similar post","block_context":{"text":"Similar post","link":""},"img":{"alt_text":"","src":"","width":0,"height":0},"classes":[]},{"id":355,"url":"https:\/\/obt2018.hu\/en\/obt-iroda\/","url_meta":{"origin":206,"position":1},"title":"Office of NJO","author":"szgabor1976","date":"Saturday October  6th, 2018","format":false,"excerpt":"\u00a0 \u201eThe Office of NJO performs the administrative tasks of NJO, the assistance of the work of NJO members, documentation management and the full documentation of the work of NJO.\u201d \u00a0 \u00a0 Physically the Office of NJC is located in the building of NJO and its operation is performed by\u2026","rel":"","context":"Similar post","block_context":{"text":"Similar post","link":""},"img":{"alt_text":"","src":"","width":0,"height":0},"classes":[]},{"id":1160,"url":"https:\/\/obt2018.hu\/en\/english\/","url_meta":{"origin":206,"position":2},"title":"English","author":"szgabor1976","date":"Wednesday July 24th, 2019","format":false,"excerpt":"","rel":"","context":"Similar post","block_context":{"text":"Similar post","link":""},"img":{"alt_text":"","src":"","width":0,"height":0},"classes":[]},{"id":211,"url":"https:\/\/obt2018.hu\/en\/2018-02-22\/","url_meta":{"origin":206,"position":3},"title":"2018.02.22","author":"szgabor1976","date":"Friday October  5th, 2018","format":false,"excerpt":"\u00a0 \u00a0 \u00a0 \u00a0 \u00a0 \u00a0 \u00a0","rel":"","context":"Similar post","block_context":{"text":"Similar post","link":""},"img":{"alt_text":"","src":"","width":0,"height":0},"classes":[]},{"id":213,"url":"https:\/\/obt2018.hu\/en\/2018-03-07\/","url_meta":{"origin":206,"position":4},"title":"2018.03.07","author":"szgabor1976","date":"Friday October  5th, 2018","format":false,"excerpt":"\u00a0 \u00a0 \u00a0 \u00a0 \u00a0 \u00a0 \u00a0","rel":"","context":"Similar post","block_context":{"text":"Similar post","link":""},"img":{"alt_text":"","src":"","width":0,"height":0},"classes":[]},{"id":215,"url":"https:\/\/obt2018.hu\/en\/2018-03-13\/","url_meta":{"origin":206,"position":5},"title":"2018.03.13","author":"szgabor1976","date":"Friday October  5th, 2018","format":false,"excerpt":"\u00a0 \u00a0 \u00a0 \u00a0 \u00a0 \u00a0 \u00a0","rel":"","context":"Similar post","block_context":{"text":"Similar post","link":""},"img":{"alt_text":"","src":"","width":0,"height":0},"classes":[]}],"jetpack_likes_enabled":true,"_links":{"self":[{"href":"https:\/\/obt2018.hu\/en\/wp-json\/wp\/v2\/pages\/206","targetHints":{"allow":["GET"]}}],"collection":[{"href":"https:\/\/obt2018.hu\/en\/wp-json\/wp\/v2\/pages"}],"about":[{"href":"https:\/\/obt2018.hu\/en\/wp-json\/wp\/v2\/types\/page"}],"author":[{"embeddable":true,"href":"https:\/\/obt2018.hu\/en\/wp-json\/wp\/v2\/users\/1"}],"replies":[{"embeddable":true,"href":"https:\/\/obt2018.hu\/en\/wp-json\/wp\/v2\/comments?post=206"}],"version-history":[{"count":0,"href":"https:\/\/obt2018.hu\/en\/wp-json\/wp\/v2\/pages\/206\/revisions"}],"wp:attachment":[{"href":"https:\/\/obt2018.hu\/en\/wp-json\/wp\/v2\/media?parent=206"}],"curies":[{"name":"wp","href":"https:\/\/api.w.org\/{rel}","templated":true}]}}