{"id":2110,"date":"2022-04-25T21:07:32","date_gmt":"2022-04-25T19:07:32","guid":{"rendered":"https:\/\/obt2018.hu\/?page_id=2110"},"modified":"2022-04-25T21:21:35","modified_gmt":"2022-04-25T19:21:35","slug":"2022-05-02","status":"publish","type":"page","link":"https:\/\/obt2018.hu\/en\/2022-05-02\/","title":{"rendered":"2022.05.02"},"content":{"rendered":"<section class='__wpdm_gb_section __wpdm_gb_category'><div class='w3eden'>\n    <div class=''>\n\n        <form method=\"get\" class=\"__wpdm_submit_async\" data-container=\"#content_wpdm_package_1\" id=\"sc_form_wpdm_package_1\" style=\"margin-bottom: 15px\">\n    \n            <div class=\"card panel panel-default wpdm-shortcode-toolbar\">\n                <div class=\"card-body panel-body\">\n                    <div class=\"row\">\n                        <div class=\"col-lg-6 col-md-12\">\n                            <input type=\"search\" name=\"skw\" value=\"\" placeholder=\"Search Keyword...\" class=\"form-control\" \/>\n                        <\/div>\n                        <div class=\"col-lg-2 col-md-4\">\n                            <select name=\"orderby\" class=\"wpdm-custom-select custom-select\">\n                                <option value=\"date\" disabled=\"disabled\">Order By:<\/option>\n                                <option value=\"date\" >Publish Date<\/option>\n                                <option value=\"title\" >Title<\/option>\n                                <option value=\"update_date\" >Update Date<\/option>\n                                <option value=\"downloads\" >Downloads<\/option>\n                                <option value=\"views\" >Views<\/option>\n                            <\/select>\n                        <\/div>\n                        <div class=\"col-lg-2 col-md-4\">\n                            <select name=\"order\" class=\"wpdm-custom-select custom-select\">\n                                <option value=\"desc\" disabled=\"disabled\">Order:<\/option>\n                                <option value=\"desc\" >Descending<\/option>\n                                <option value=\"asc\" >Ascending<\/option>\n                            <\/select>\n                        <\/div>\n                        <div class=\"col-lg-2 col-md-4\">\n                            <button type=\"submit\" class=\"btn btn-secondary btn-block\">Apply Filter<\/button>\n                        <\/div>\n                    <\/div>\n                <\/div>\n            <\/div>\n\n            <\/form>\n<div class=\"spacer mb-3 d-block clearfix\"><\/div>\n\n        <div id=\"content_wpdm_package_1\">\n            <div class='row'><div class='col-lg-12 col-md-12 col-12'><!-- WPDM Link Template: Panel -->\n\n<div class=\"card\">\n    <div class=\"card-body\">\n        <div class=\"media\">\n            <a class=\"mr-3 img-48\" href=\"https:\/\/obt2018.hu\/en\/download\/az-obt-2022-majus-2-i-ulesenek-jegyzokonyve\/\">\n                \n            <\/a>\n            <div class=\"media-body\">\n                <h3 class=\"media-heading p-0 m-0\"><a href='https:\/\/obt2018.hu\/en\/download\/az-obt-2022-majus-2-i-ulesenek-jegyzokonyve\/'>Az OBT 2022. m\u00e1jus 2-i \u00fcl\u00e9s\u00e9nek jegyz\u0151k\u00f6nyve<\/a><\/h3>\n                <div class=\"meta text-white-50 text-small mt-1\"><i class=\"fas fa-hdd text-white-50\"><\/i> 229.01 KB <i class=\"ml-2 far fa-arrow-alt-circle-down text-white-50\"><\/i> 666 Downloads<\/div>\n            <\/div>\n        <\/div>\n    <\/div>\n    <div class=\"card-footer\"><div class=\"row\"><div style=\"line-height: 30px;\" class=\"col-6\"><i class=\"far fa-calendar\"><\/i> Sunday May 15th, 2022 <span class=\"wpdm_hide wpdm_remove_empty\"><i class=\"fas fa-code-branch ml-2\"><\/i> <\/span><\/div><div class=\"col-6 text-right align-right\"><a class='wpdm-download-link download-on-click btn btn-primary '  rel='nofollow' href='#' data-downloadurl=\"https:\/\/obt2018.hu\/en\/download\/az-obt-2022-majus-2-i-ulesenek-jegyzokonyve\/?wpdmdl=2161&#038;refresh=69d26043b07171775394883\">Download<\/a><\/div><div style=\"clear: both\"><\/div><\/div><\/div>\n<\/div>\n<\/div><div class='col-lg-12 col-md-12 col-12'><!-- WPDM Link Template: Panel -->\n\n<div class=\"card\">\n    <div class=\"card-body\">\n        <div class=\"media\">\n            <a class=\"mr-3 img-48\" href=\"https:\/\/obt2018.hu\/en\/download\/az-obt-2022-majus-2-i-ulesenek-osszefoglaloja\/\">\n                \n            <\/a>\n            <div class=\"media-body\">\n                <h3 class=\"media-heading p-0 m-0\"><a href='https:\/\/obt2018.hu\/en\/download\/az-obt-2022-majus-2-i-ulesenek-osszefoglaloja\/'>Az OBT 2022. m\u00e1jus 2-i \u00fcl\u00e9s\u00e9nek \u00f6sszefoglal\u00f3ja<\/a><\/h3>\n                <div class=\"meta text-white-50 text-small mt-1\"><i class=\"fas fa-hdd text-white-50\"><\/i> 137.98 KB <i class=\"ml-2 far fa-arrow-alt-circle-down text-white-50\"><\/i> 1434 Downloads<\/div>\n            <\/div>\n        <\/div>\n    <\/div>\n    <div class=\"card-footer\"><div class=\"row\"><div style=\"line-height: 30px;\" class=\"col-6\"><i class=\"far fa-calendar\"><\/i> Monday May  2nd, 2022 <span class=\"wpdm_hide wpdm_remove_empty\"><i class=\"fas fa-code-branch ml-2\"><\/i> <\/span><\/div><div class=\"col-6 text-right align-right\"><a class='wpdm-download-link download-on-click btn btn-primary '  rel='nofollow' href='#' data-downloadurl=\"https:\/\/obt2018.hu\/en\/download\/az-obt-2022-majus-2-i-ulesenek-osszefoglaloja\/?wpdmdl=2137&#038;refresh=69d26043ce2821775394883\">Download<\/a><\/div><div style=\"clear: both\"><\/div><\/div><\/div>\n<\/div>\n<\/div><div class='col-lg-12 col-md-12 col-12'><!-- WPDM Link Template: Panel -->\n\n<div class=\"card\">\n    <div class=\"card-body\">\n        <div class=\"media\">\n            <a class=\"mr-3 img-48\" href=\"https:\/\/obt2018.hu\/en\/download\/az-obt-2022-majus-2-i-ulesenek-modositott-napirendje\/\">\n                \n            <\/a>\n            <div class=\"media-body\">\n                <h3 class=\"media-heading p-0 m-0\"><a href='https:\/\/obt2018.hu\/en\/download\/az-obt-2022-majus-2-i-ulesenek-modositott-napirendje\/'>Az OBT 2022. m\u00e1jus 2-i \u00fcl\u00e9s\u00e9nek m\u00f3dos\u00edtott napirendje<\/a><\/h3>\n                <div class=\"meta text-white-50 text-small mt-1\"><i class=\"fas fa-hdd text-white-50\"><\/i> 56.30 KB <i class=\"ml-2 far fa-arrow-alt-circle-down text-white-50\"><\/i> 477 Downloads<\/div>\n            <\/div>\n        <\/div>\n    <\/div>\n    <div class=\"card-footer\"><div class=\"row\"><div style=\"line-height: 30px;\" class=\"col-6\"><i class=\"far fa-calendar\"><\/i> Monday May  2nd, 2022 <span class=\"wpdm_hide wpdm_remove_empty\"><i class=\"fas fa-code-branch ml-2\"><\/i> <\/span><\/div><div class=\"col-6 text-right align-right\"><a class='wpdm-download-link download-on-click btn btn-primary '  rel='nofollow' href='#' data-downloadurl=\"https:\/\/obt2018.hu\/en\/download\/az-obt-2022-majus-2-i-ulesenek-modositott-napirendje\/?wpdmdl=2136&#038;refresh=69d26043e7e381775394883\">Download<\/a><\/div><div style=\"clear: both\"><\/div><\/div><\/div>\n<\/div>\n<\/div><div class='col-lg-12 col-md-12 col-12'><!-- WPDM Link Template: Panel -->\n\n<div class=\"card\">\n    <div class=\"card-body\">\n        <div class=\"media\">\n            <a class=\"mr-3 img-48\" href=\"https:\/\/obt2018.hu\/en\/download\/2022-05-02\/\">\n                \n            <\/a>\n            <div class=\"media-body\">\n                <h3 class=\"media-heading p-0 m-0\"><a href='https:\/\/obt2018.hu\/en\/download\/2022-05-02\/'>Az OBT 2022. m\u00e1jus 2-i \u00fcl\u00e9s\u00e9nek napirendje<\/a><\/h3>\n                <div class=\"meta text-white-50 text-small mt-1\"><i class=\"fas fa-hdd text-white-50\"><\/i> 276.80 KB <i class=\"ml-2 far fa-arrow-alt-circle-down text-white-50\"><\/i> 631 Downloads<\/div>\n            <\/div>\n        <\/div>\n    <\/div>\n    <div class=\"card-footer\"><div class=\"row\"><div style=\"line-height: 30px;\" class=\"col-6\"><i class=\"far fa-calendar\"><\/i> Monday April 25th, 2022 <span class=\"wpdm_hide wpdm_remove_empty\"><i class=\"fas fa-code-branch ml-2\"><\/i> <\/span><\/div><div class=\"col-6 text-right align-right\"><a class='wpdm-download-link download-on-click btn btn-primary '  rel='nofollow' href='#' data-downloadurl=\"https:\/\/obt2018.hu\/en\/download\/2022-05-02\/?wpdmdl=2129&#038;refresh=69d260440e7951775394884\">Download<\/a><\/div><div style=\"clear: both\"><\/div><\/div><\/div>\n<\/div>\n<\/div><\/div>            <div style='clear:both'><\/div><div class='text-center'><ul class='pagination wpdm-pagination pagination-centered text-center async'><\/ul><\/div><div style='clear:both'><\/div>        <\/div>\n\n        <div style='clear:both'><\/div>\n    <\/div>\n<\/div>\n<\/section>","protected":false},"excerpt":{"rendered":"","protected":false},"author":1,"featured_media":0,"parent":0,"menu_order":0,"comment_status":"closed","ping_status":"closed","template":"templates\/page-fullwidth_template.php","meta":{"jetpack_post_was_ever_published":false,"footnotes":""},"class_list":["post-2110","page","type-page","status-publish","hentry"],"yoast_head":"<!-- This site is optimized with the Yoast SEO plugin v27.2 - https:\/\/yoast.com\/product\/yoast-seo-wordpress\/ -->\n<title>2022.05.02 - Orsz\u00e1gos B\u00edr\u00f3i Tan\u00e1cs<\/title>\n<meta name=\"robots\" content=\"index, follow, max-snippet:-1, max-image-preview:large, max-video-preview:-1\" \/>\n<link rel=\"canonical\" href=\"https:\/\/obt2018.hu\/2022-05-02\/\" \/>\n<meta property=\"og:locale\" content=\"en_US\" \/>\n<meta property=\"og:type\" content=\"article\" \/>\n<meta property=\"og:title\" content=\"2022.05.02 - Orsz\u00e1gos B\u00edr\u00f3i Tan\u00e1cs\" \/>\n<meta property=\"og:url\" content=\"https:\/\/obt2018.hu\/2022-05-02\/\" \/>\n<meta property=\"og:site_name\" content=\"Orsz\u00e1gos B\u00edr\u00f3i Tan\u00e1cs\" \/>\n<meta property=\"article:modified_time\" content=\"2022-04-25T19:21:35+00:00\" \/>\n<meta name=\"twitter:card\" content=\"summary_large_image\" \/>\n<script type=\"application\/ld+json\" class=\"yoast-schema-graph\">{\"@context\":\"https:\/\/schema.org\",\"@graph\":[{\"@type\":\"WebPage\",\"@id\":\"https:\/\/obt2018.hu\/2022-05-02\/\",\"url\":\"https:\/\/obt2018.hu\/2022-05-02\/\",\"name\":\"2022.05.02 - Orsz\u00e1gos B\u00edr\u00f3i Tan\u00e1cs\",\"isPartOf\":{\"@id\":\"https:\/\/obt2018.hu\/#website\"},\"datePublished\":\"2022-04-25T19:07:32+00:00\",\"dateModified\":\"2022-04-25T19:21:35+00:00\",\"breadcrumb\":{\"@id\":\"https:\/\/obt2018.hu\/2022-05-02\/#breadcrumb\"},\"inLanguage\":\"en-US\",\"potentialAction\":[{\"@type\":\"ReadAction\",\"target\":[\"https:\/\/obt2018.hu\/2022-05-02\/\"]}]},{\"@type\":\"BreadcrumbList\",\"@id\":\"https:\/\/obt2018.hu\/2022-05-02\/#breadcrumb\",\"itemListElement\":[{\"@type\":\"ListItem\",\"position\":1,\"name\":\"Home\",\"item\":\"https:\/\/obt2018.hu\/\"},{\"@type\":\"ListItem\",\"position\":2,\"name\":\"2022.05.02\"}]},{\"@type\":\"WebSite\",\"@id\":\"https:\/\/obt2018.hu\/#website\",\"url\":\"https:\/\/obt2018.hu\/\",\"name\":\"OBT 2018\",\"description\":\"Az Orsz\u00e1gos B\u00edr\u00f3i Tan\u00e1cs honlapja\",\"publisher\":{\"@id\":\"https:\/\/obt2018.hu\/#organization\"},\"potentialAction\":[{\"@type\":\"SearchAction\",\"target\":{\"@type\":\"EntryPoint\",\"urlTemplate\":\"https:\/\/obt2018.hu\/?s={search_term_string}\"},\"query-input\":{\"@type\":\"PropertyValueSpecification\",\"valueRequired\":true,\"valueName\":\"search_term_string\"}}],\"inLanguage\":\"en-US\"},{\"@type\":\"Organization\",\"@id\":\"https:\/\/obt2018.hu\/#organization\",\"name\":\"Orsz\u00e1gos B\u00edr\u00f3i Tan\u00e1cs\",\"url\":\"https:\/\/obt2018.hu\/\",\"logo\":{\"@type\":\"ImageObject\",\"inLanguage\":\"en-US\",\"@id\":\"https:\/\/obt2018.hu\/#\/schema\/logo\/image\/\",\"url\":\"https:\/\/obt2018.hu\/wp-content\/uploads\/2018\/10\/logo.png\",\"contentUrl\":\"https:\/\/obt2018.hu\/wp-content\/uploads\/2018\/10\/logo.png\",\"width\":591,\"height\":591,\"caption\":\"Orsz\u00e1gos B\u00edr\u00f3i Tan\u00e1cs\"},\"image\":{\"@id\":\"https:\/\/obt2018.hu\/#\/schema\/logo\/image\/\"}}]}<\/script>\n<!-- \/ Yoast SEO plugin. -->","yoast_head_json":{"title":"2022.05.02 - Orsz\u00e1gos B\u00edr\u00f3i Tan\u00e1cs","robots":{"index":"index","follow":"follow","max-snippet":"max-snippet:-1","max-image-preview":"max-image-preview:large","max-video-preview":"max-video-preview:-1"},"canonical":"https:\/\/obt2018.hu\/2022-05-02\/","og_locale":"en_US","og_type":"article","og_title":"2022.05.02 - Orsz\u00e1gos B\u00edr\u00f3i Tan\u00e1cs","og_url":"https:\/\/obt2018.hu\/2022-05-02\/","og_site_name":"Orsz\u00e1gos B\u00edr\u00f3i Tan\u00e1cs","article_modified_time":"2022-04-25T19:21:35+00:00","twitter_card":"summary_large_image","schema":{"@context":"https:\/\/schema.org","@graph":[{"@type":"WebPage","@id":"https:\/\/obt2018.hu\/2022-05-02\/","url":"https:\/\/obt2018.hu\/2022-05-02\/","name":"2022.05.02 - Orsz\u00e1gos B\u00edr\u00f3i Tan\u00e1cs","isPartOf":{"@id":"https:\/\/obt2018.hu\/#website"},"datePublished":"2022-04-25T19:07:32+00:00","dateModified":"2022-04-25T19:21:35+00:00","breadcrumb":{"@id":"https:\/\/obt2018.hu\/2022-05-02\/#breadcrumb"},"inLanguage":"en-US","potentialAction":[{"@type":"ReadAction","target":["https:\/\/obt2018.hu\/2022-05-02\/"]}]},{"@type":"BreadcrumbList","@id":"https:\/\/obt2018.hu\/2022-05-02\/#breadcrumb","itemListElement":[{"@type":"ListItem","position":1,"name":"Home","item":"https:\/\/obt2018.hu\/"},{"@type":"ListItem","position":2,"name":"2022.05.02"}]},{"@type":"WebSite","@id":"https:\/\/obt2018.hu\/#website","url":"https:\/\/obt2018.hu\/","name":"OBT 2018","description":"Az Orsz\u00e1gos B\u00edr\u00f3i Tan\u00e1cs honlapja","publisher":{"@id":"https:\/\/obt2018.hu\/#organization"},"potentialAction":[{"@type":"SearchAction","target":{"@type":"EntryPoint","urlTemplate":"https:\/\/obt2018.hu\/?s={search_term_string}"},"query-input":{"@type":"PropertyValueSpecification","valueRequired":true,"valueName":"search_term_string"}}],"inLanguage":"en-US"},{"@type":"Organization","@id":"https:\/\/obt2018.hu\/#organization","name":"Orsz\u00e1gos B\u00edr\u00f3i Tan\u00e1cs","url":"https:\/\/obt2018.hu\/","logo":{"@type":"ImageObject","inLanguage":"en-US","@id":"https:\/\/obt2018.hu\/#\/schema\/logo\/image\/","url":"https:\/\/obt2018.hu\/wp-content\/uploads\/2018\/10\/logo.png","contentUrl":"https:\/\/obt2018.hu\/wp-content\/uploads\/2018\/10\/logo.png","width":591,"height":591,"caption":"Orsz\u00e1gos B\u00edr\u00f3i Tan\u00e1cs"},"image":{"@id":"https:\/\/obt2018.hu\/#\/schema\/logo\/image\/"}}]}},"jetpack_sharing_enabled":true,"jetpack_shortlink":"https:\/\/wp.me\/PfwhB4-y2","jetpack-related-posts":[],"jetpack_likes_enabled":true,"_links":{"self":[{"href":"https:\/\/obt2018.hu\/en\/wp-json\/wp\/v2\/pages\/2110","targetHints":{"allow":["GET"]}}],"collection":[{"href":"https:\/\/obt2018.hu\/en\/wp-json\/wp\/v2\/pages"}],"about":[{"href":"https:\/\/obt2018.hu\/en\/wp-json\/wp\/v2\/types\/page"}],"author":[{"embeddable":true,"href":"https:\/\/obt2018.hu\/en\/wp-json\/wp\/v2\/users\/1"}],"replies":[{"embeddable":true,"href":"https:\/\/obt2018.hu\/en\/wp-json\/wp\/v2\/comments?post=2110"}],"version-history":[{"count":3,"href":"https:\/\/obt2018.hu\/en\/wp-json\/wp\/v2\/pages\/2110\/revisions"}],"predecessor-version":[{"id":2120,"href":"https:\/\/obt2018.hu\/en\/wp-json\/wp\/v2\/pages\/2110\/revisions\/2120"}],"wp:attachment":[{"href":"https:\/\/obt2018.hu\/en\/wp-json\/wp\/v2\/media?parent=2110"}],"curies":[{"name":"wp","href":"https:\/\/api.w.org\/{rel}","templated":true}]}}