{"id":2293,"date":"2022-09-21T14:17:11","date_gmt":"2022-09-21T12:17:11","guid":{"rendered":"https:\/\/obt2018.hu\/?page_id=2293"},"modified":"2022-09-21T21:39:33","modified_gmt":"2022-09-21T19:39:33","slug":"2022-10-18","status":"publish","type":"page","link":"https:\/\/obt2018.hu\/en\/2022-10-18\/","title":{"rendered":"2022.10.05"},"content":{"rendered":"<section class='__wpdm_gb_section __wpdm_gb_category'><div class='w3eden'>\n    <div class=''>\n\n        <form method=\"get\" class=\"__wpdm_submit_async\" data-container=\"#content_wpdm_package_1\" id=\"sc_form_wpdm_package_1\" style=\"margin-bottom: 15px\">\n    \n            <div class=\"card panel panel-default wpdm-shortcode-toolbar\">\n                <div class=\"card-body panel-body\">\n                    <div class=\"row\">\n                        <div class=\"col-lg-6 col-md-12\">\n                            <input type=\"search\" name=\"skw\" value=\"\" placeholder=\"Search Keyword...\" class=\"form-control\" \/>\n                        <\/div>\n                        <div class=\"col-lg-2 col-md-4\">\n                            <select name=\"orderby\" class=\"wpdm-custom-select custom-select\">\n                                <option value=\"date\" disabled=\"disabled\">Order By:<\/option>\n                                <option value=\"date\" >Publish Date<\/option>\n                                <option value=\"title\" >Title<\/option>\n                                <option value=\"update_date\" >Update Date<\/option>\n                                <option value=\"downloads\" >Downloads<\/option>\n                                <option value=\"views\" >Views<\/option>\n                            <\/select>\n                        <\/div>\n                        <div class=\"col-lg-2 col-md-4\">\n                            <select name=\"order\" class=\"wpdm-custom-select custom-select\">\n                                <option value=\"desc\" disabled=\"disabled\">Order:<\/option>\n                                <option value=\"desc\" >Descending<\/option>\n                                <option value=\"asc\" >Ascending<\/option>\n                            <\/select>\n                        <\/div>\n                        <div class=\"col-lg-2 col-md-4\">\n                            <button type=\"submit\" class=\"btn btn-secondary btn-block\">Apply Filter<\/button>\n                        <\/div>\n                    <\/div>\n                <\/div>\n            <\/div>\n\n            <\/form>\n<div class=\"spacer mb-3 d-block clearfix\"><\/div>\n\n        <div id=\"content_wpdm_package_1\">\n            <div class='row'><div class='col-lg-12 col-md-12 col-12'><!-- WPDM Link Template: Panel -->\n\n<div class=\"card\">\n    <div class=\"card-body\">\n        <div class=\"media\">\n            <a class=\"mr-3 img-48\" href=\"https:\/\/obt2018.hu\/en\/download\/filippo-donatinak-az-encj-elnokenek-beszede-az-obt-unnepi-ulesen\/\">\n                \n            <\/a>\n            <div class=\"media-body\">\n                <h3 class=\"media-heading p-0 m-0\"><a href='https:\/\/obt2018.hu\/en\/download\/filippo-donatinak-az-encj-elnokenek-beszede-az-obt-unnepi-ulesen\/'>Filippo Donatinak, az ENCJ eln\u00f6k\u00e9nek besz\u00e9de az OBT \u00fcnnepi \u00fcl\u00e9s\u00e9n<\/a><\/h3>\n                <div class=\"meta text-white-50 text-small mt-1\"><i class=\"fas fa-hdd text-white-50\"><\/i> 115.38 KB <i class=\"ml-2 far fa-arrow-alt-circle-down text-white-50\"><\/i> 1067 Downloads<\/div>\n            <\/div>\n        <\/div>\n    <\/div>\n    <div class=\"card-footer\"><div class=\"row\"><div style=\"line-height: 30px;\" class=\"col-6\"><i class=\"far fa-calendar\"><\/i> Friday October 28th, 2022 <span class=\"wpdm_hide wpdm_remove_empty\"><i class=\"fas fa-code-branch ml-2\"><\/i> <\/span><\/div><div class=\"col-6 text-right align-right\"><a class='wpdm-download-link download-on-click btn btn-primary '  rel='nofollow' href='#' data-downloadurl=\"https:\/\/obt2018.hu\/en\/download\/filippo-donatinak-az-encj-elnokenek-beszede-az-obt-unnepi-ulesen\/?wpdmdl=2354&#038;refresh=69e4a303849bb1776591619\">Download<\/a><\/div><div style=\"clear: both\"><\/div><\/div><\/div>\n<\/div>\n<\/div><div class='col-lg-12 col-md-12 col-12'><!-- WPDM Link Template: Panel -->\n\n<div class=\"card\">\n    <div class=\"card-body\">\n        <div class=\"media\">\n            <a class=\"mr-3 img-48\" href=\"https:\/\/obt2018.hu\/en\/download\/az-obt-2022-oktober-18-an-megtartott-unnepi-ulesen-dr-bohli-eszter-az-obt-elnoke-altal-elmondott-beszed\/\">\n                \n            <\/a>\n            <div class=\"media-body\">\n                <h3 class=\"media-heading p-0 m-0\"><a href='https:\/\/obt2018.hu\/en\/download\/az-obt-2022-oktober-18-an-megtartott-unnepi-ulesen-dr-bohli-eszter-az-obt-elnoke-altal-elmondott-beszed\/'>Az OBT 2022. okt\u00f3ber 18-\u00e1n megtartott \u00fcnnepi \u00fcl\u00e9s\u00e9n dr. Bohli Eszter, az OBT eln\u00f6ke \u00e1ltal elmondott besz\u00e9d<\/a><\/h3>\n                <div class=\"meta text-white-50 text-small mt-1\"><i class=\"fas fa-hdd text-white-50\"><\/i> 99.18 KB <i class=\"ml-2 far fa-arrow-alt-circle-down text-white-50\"><\/i> 733 Downloads<\/div>\n            <\/div>\n        <\/div>\n    <\/div>\n    <div class=\"card-footer\"><div class=\"row\"><div style=\"line-height: 30px;\" class=\"col-6\"><i class=\"far fa-calendar\"><\/i> Friday October 28th, 2022 <span class=\"wpdm_hide wpdm_remove_empty\"><i class=\"fas fa-code-branch ml-2\"><\/i> <\/span><\/div><div class=\"col-6 text-right align-right\"><a class='wpdm-download-link download-on-click btn btn-primary '  rel='nofollow' href='#' data-downloadurl=\"https:\/\/obt2018.hu\/en\/download\/az-obt-2022-oktober-18-an-megtartott-unnepi-ulesen-dr-bohli-eszter-az-obt-elnoke-altal-elmondott-beszed\/?wpdmdl=2353&#038;refresh=69e4a303a61111776591619\">Download<\/a><\/div><div style=\"clear: both\"><\/div><\/div><\/div>\n<\/div>\n<\/div><div class='col-lg-12 col-md-12 col-12'><!-- WPDM Link Template: Panel -->\n\n<div class=\"card\">\n    <div class=\"card-body\">\n        <div class=\"media\">\n            <a class=\"mr-3 img-48\" href=\"https:\/\/obt2018.hu\/en\/download\/az-obt-2022-oktober-18-i-unnepi-ulesenek-jegyzokonyve\/\">\n                \n            <\/a>\n            <div class=\"media-body\">\n                <h3 class=\"media-heading p-0 m-0\"><a href='https:\/\/obt2018.hu\/en\/download\/az-obt-2022-oktober-18-i-unnepi-ulesenek-jegyzokonyve\/'>Az OBT 2022. okt\u00f3ber 18-i \u00fcnnepi \u00fcl\u00e9s\u00e9nek jegyz\u0151k\u00f6nyve<\/a><\/h3>\n                <div class=\"meta text-white-50 text-small mt-1\"><i class=\"fas fa-hdd text-white-50\"><\/i> 231.71 KB <i class=\"ml-2 far fa-arrow-alt-circle-down text-white-50\"><\/i> 1071 Downloads<\/div>\n            <\/div>\n        <\/div>\n    <\/div>\n    <div class=\"card-footer\"><div class=\"row\"><div style=\"line-height: 30px;\" class=\"col-6\"><i class=\"far fa-calendar\"><\/i> Thursday October 27th, 2022 <span class=\"wpdm_hide wpdm_remove_empty\"><i class=\"fas fa-code-branch ml-2\"><\/i> <\/span><\/div><div class=\"col-6 text-right align-right\"><a class='wpdm-download-link download-on-click btn btn-primary '  rel='nofollow' href='#' data-downloadurl=\"https:\/\/obt2018.hu\/en\/download\/az-obt-2022-oktober-18-i-unnepi-ulesenek-jegyzokonyve\/?wpdmdl=2347&#038;refresh=69e4a303c23941776591619\">Download<\/a><\/div><div style=\"clear: both\"><\/div><\/div><\/div>\n<\/div>\n<\/div><div class='col-lg-12 col-md-12 col-12'><!-- WPDM Link Template: Panel -->\n\n<div class=\"card\">\n    <div class=\"card-body\">\n        <div class=\"media\">\n            <a class=\"mr-3 img-48\" href=\"https:\/\/obt2018.hu\/en\/download\/az-obt-2022-oktober-18-i-unnepi-ulesenek-osszefoglaloja\/\">\n                \n            <\/a>\n            <div class=\"media-body\">\n                <h3 class=\"media-heading p-0 m-0\"><a href='https:\/\/obt2018.hu\/en\/download\/az-obt-2022-oktober-18-i-unnepi-ulesenek-osszefoglaloja\/'>Az OBT 2022. okt\u00f3ber 18-i \u00fcnnepi \u00fcl\u00e9s\u00e9nek \u00f6sszefoglal\u00f3ja<\/a><\/h3>\n                <div class=\"meta text-white-50 text-small mt-1\"><i class=\"fas fa-hdd text-white-50\"><\/i> 154.86 KB <i class=\"ml-2 far fa-arrow-alt-circle-down text-white-50\"><\/i> 522 Downloads<\/div>\n            <\/div>\n        <\/div>\n    <\/div>\n    <div class=\"card-footer\"><div class=\"row\"><div style=\"line-height: 30px;\" class=\"col-6\"><i class=\"far fa-calendar\"><\/i> Tuesday October 18th, 2022 <span class=\"wpdm_hide wpdm_remove_empty\"><i class=\"fas fa-code-branch ml-2\"><\/i> <\/span><\/div><div class=\"col-6 text-right align-right\"><a class='wpdm-download-link download-on-click btn btn-primary '  rel='nofollow' href='#' data-downloadurl=\"https:\/\/obt2018.hu\/en\/download\/az-obt-2022-oktober-18-i-unnepi-ulesenek-osszefoglaloja\/?wpdmdl=2338&#038;refresh=69e4a303de1021776591619\">Download<\/a><\/div><div style=\"clear: both\"><\/div><\/div><\/div>\n<\/div>\n<\/div><div class='col-lg-12 col-md-12 col-12'><!-- WPDM Link Template: Panel -->\n\n<div class=\"card\">\n    <div class=\"card-body\">\n        <div class=\"media\">\n            <a class=\"mr-3 img-48\" href=\"https:\/\/obt2018.hu\/en\/download\/az-obt-2022-oktober-18-i-unnepi-ulesenek-tervezett-napirendje\/\">\n                \n            <\/a>\n            <div class=\"media-body\">\n                <h3 class=\"media-heading p-0 m-0\"><a href='https:\/\/obt2018.hu\/en\/download\/az-obt-2022-oktober-18-i-unnepi-ulesenek-tervezett-napirendje\/'>Az OBT 2022. okt\u00f3ber 18-i \u00fcnnepi \u00fcl\u00e9s\u00e9nek tervezett napirendje<\/a><\/h3>\n                <div class=\"meta text-white-50 text-small mt-1\"><i class=\"fas fa-hdd text-white-50\"><\/i> 201.05 KB <i class=\"ml-2 far fa-arrow-alt-circle-down text-white-50\"><\/i> 527 Downloads<\/div>\n            <\/div>\n        <\/div>\n    <\/div>\n    <div class=\"card-footer\"><div class=\"row\"><div style=\"line-height: 30px;\" class=\"col-6\"><i class=\"far fa-calendar\"><\/i> Tuesday October 11th, 2022 <span class=\"wpdm_hide wpdm_remove_empty\"><i class=\"fas fa-code-branch ml-2\"><\/i> <\/span><\/div><div class=\"col-6 text-right align-right\"><a class='wpdm-download-link download-on-click btn btn-primary '  rel='nofollow' href='#' data-downloadurl=\"https:\/\/obt2018.hu\/en\/download\/az-obt-2022-oktober-18-i-unnepi-ulesenek-tervezett-napirendje\/?wpdmdl=2336&#038;refresh=69e4a304056331776591620\">Download<\/a><\/div><div style=\"clear: both\"><\/div><\/div><\/div>\n<\/div>\n<\/div><\/div>            <div style='clear:both'><\/div><div class='text-center'><ul class='pagination wpdm-pagination pagination-centered text-center async'><\/ul><\/div><div style='clear:both'><\/div>        <\/div>\n\n        <div style='clear:both'><\/div>\n    <\/div>\n<\/div>\n<\/section>","protected":false},"excerpt":{"rendered":"","protected":false},"author":1,"featured_media":0,"parent":0,"menu_order":0,"comment_status":"closed","ping_status":"closed","template":"templates\/page-fullwidth_template.php","meta":{"jetpack_post_was_ever_published":false,"footnotes":""},"class_list":["post-2293","page","type-page","status-publish","hentry"],"yoast_head":"<!-- This site is optimized with the Yoast SEO plugin v27.2 - https:\/\/yoast.com\/product\/yoast-seo-wordpress\/ -->\n<title>2022.10.05 - Orsz\u00e1gos B\u00edr\u00f3i Tan\u00e1cs<\/title>\n<meta name=\"robots\" content=\"index, follow, max-snippet:-1, max-image-preview:large, max-video-preview:-1\" \/>\n<link rel=\"canonical\" href=\"https:\/\/obt2018.hu\/2022-10-18\/\" \/>\n<meta property=\"og:locale\" content=\"en_US\" \/>\n<meta property=\"og:type\" content=\"article\" \/>\n<meta property=\"og:title\" content=\"[:hu]2022.10.18[:en]2022.10.05[:] - Orsz\u00e1gos B\u00edr\u00f3i Tan\u00e1cs\" \/>\n<meta property=\"og:url\" content=\"https:\/\/obt2018.hu\/2022-10-18\/\" \/>\n<meta property=\"og:site_name\" content=\"Orsz\u00e1gos B\u00edr\u00f3i Tan\u00e1cs\" \/>\n<meta property=\"article:modified_time\" content=\"2022-09-21T19:39:33+00:00\" \/>\n<meta name=\"twitter:card\" content=\"summary_large_image\" \/>\n<script type=\"application\/ld+json\" class=\"yoast-schema-graph\">{\"@context\":\"https:\/\/schema.org\",\"@graph\":[{\"@type\":\"WebPage\",\"@id\":\"https:\/\/obt2018.hu\/2022-10-18\/\",\"url\":\"https:\/\/obt2018.hu\/2022-10-18\/\",\"name\":\"[:hu]2022.10.18[:en]2022.10.05[:] - Orsz\u00e1gos B\u00edr\u00f3i Tan\u00e1cs\",\"isPartOf\":{\"@id\":\"https:\/\/obt2018.hu\/#website\"},\"datePublished\":\"2022-09-21T12:17:11+00:00\",\"dateModified\":\"2022-09-21T19:39:33+00:00\",\"breadcrumb\":{\"@id\":\"https:\/\/obt2018.hu\/2022-10-18\/#breadcrumb\"},\"inLanguage\":\"en-US\",\"potentialAction\":[{\"@type\":\"ReadAction\",\"target\":[\"https:\/\/obt2018.hu\/2022-10-18\/\"]}]},{\"@type\":\"BreadcrumbList\",\"@id\":\"https:\/\/obt2018.hu\/2022-10-18\/#breadcrumb\",\"itemListElement\":[{\"@type\":\"ListItem\",\"position\":1,\"name\":\"Home\",\"item\":\"https:\/\/obt2018.hu\/\"},{\"@type\":\"ListItem\",\"position\":2,\"name\":\"2022.10.18\"}]},{\"@type\":\"WebSite\",\"@id\":\"https:\/\/obt2018.hu\/#website\",\"url\":\"https:\/\/obt2018.hu\/\",\"name\":\"OBT 2018\",\"description\":\"Az Orsz\u00e1gos B\u00edr\u00f3i Tan\u00e1cs honlapja\",\"publisher\":{\"@id\":\"https:\/\/obt2018.hu\/#organization\"},\"potentialAction\":[{\"@type\":\"SearchAction\",\"target\":{\"@type\":\"EntryPoint\",\"urlTemplate\":\"https:\/\/obt2018.hu\/?s={search_term_string}\"},\"query-input\":{\"@type\":\"PropertyValueSpecification\",\"valueRequired\":true,\"valueName\":\"search_term_string\"}}],\"inLanguage\":\"en-US\"},{\"@type\":\"Organization\",\"@id\":\"https:\/\/obt2018.hu\/#organization\",\"name\":\"Orsz\u00e1gos B\u00edr\u00f3i Tan\u00e1cs\",\"url\":\"https:\/\/obt2018.hu\/\",\"logo\":{\"@type\":\"ImageObject\",\"inLanguage\":\"en-US\",\"@id\":\"https:\/\/obt2018.hu\/#\/schema\/logo\/image\/\",\"url\":\"https:\/\/obt2018.hu\/wp-content\/uploads\/2018\/10\/logo.png\",\"contentUrl\":\"https:\/\/obt2018.hu\/wp-content\/uploads\/2018\/10\/logo.png\",\"width\":591,\"height\":591,\"caption\":\"Orsz\u00e1gos B\u00edr\u00f3i Tan\u00e1cs\"},\"image\":{\"@id\":\"https:\/\/obt2018.hu\/#\/schema\/logo\/image\/\"}}]}<\/script>\n<!-- \/ Yoast SEO plugin. -->","yoast_head_json":{"title":"[:hu]2022.10.18[:en]2022.10.05[:] - Orsz\u00e1gos B\u00edr\u00f3i Tan\u00e1cs","robots":{"index":"index","follow":"follow","max-snippet":"max-snippet:-1","max-image-preview":"max-image-preview:large","max-video-preview":"max-video-preview:-1"},"canonical":"https:\/\/obt2018.hu\/2022-10-18\/","og_locale":"en_US","og_type":"article","og_title":"[:hu]2022.10.18[:en]2022.10.05[:] - Orsz\u00e1gos B\u00edr\u00f3i Tan\u00e1cs","og_url":"https:\/\/obt2018.hu\/2022-10-18\/","og_site_name":"Orsz\u00e1gos B\u00edr\u00f3i Tan\u00e1cs","article_modified_time":"2022-09-21T19:39:33+00:00","twitter_card":"summary_large_image","schema":{"@context":"https:\/\/schema.org","@graph":[{"@type":"WebPage","@id":"https:\/\/obt2018.hu\/2022-10-18\/","url":"https:\/\/obt2018.hu\/2022-10-18\/","name":"[:hu]2022.10.18[:en]2022.10.05[:] - Orsz\u00e1gos B\u00edr\u00f3i Tan\u00e1cs","isPartOf":{"@id":"https:\/\/obt2018.hu\/#website"},"datePublished":"2022-09-21T12:17:11+00:00","dateModified":"2022-09-21T19:39:33+00:00","breadcrumb":{"@id":"https:\/\/obt2018.hu\/2022-10-18\/#breadcrumb"},"inLanguage":"en-US","potentialAction":[{"@type":"ReadAction","target":["https:\/\/obt2018.hu\/2022-10-18\/"]}]},{"@type":"BreadcrumbList","@id":"https:\/\/obt2018.hu\/2022-10-18\/#breadcrumb","itemListElement":[{"@type":"ListItem","position":1,"name":"Home","item":"https:\/\/obt2018.hu\/"},{"@type":"ListItem","position":2,"name":"2022.10.18"}]},{"@type":"WebSite","@id":"https:\/\/obt2018.hu\/#website","url":"https:\/\/obt2018.hu\/","name":"OBT 2018","description":"Az Orsz\u00e1gos B\u00edr\u00f3i Tan\u00e1cs honlapja","publisher":{"@id":"https:\/\/obt2018.hu\/#organization"},"potentialAction":[{"@type":"SearchAction","target":{"@type":"EntryPoint","urlTemplate":"https:\/\/obt2018.hu\/?s={search_term_string}"},"query-input":{"@type":"PropertyValueSpecification","valueRequired":true,"valueName":"search_term_string"}}],"inLanguage":"en-US"},{"@type":"Organization","@id":"https:\/\/obt2018.hu\/#organization","name":"Orsz\u00e1gos B\u00edr\u00f3i Tan\u00e1cs","url":"https:\/\/obt2018.hu\/","logo":{"@type":"ImageObject","inLanguage":"en-US","@id":"https:\/\/obt2018.hu\/#\/schema\/logo\/image\/","url":"https:\/\/obt2018.hu\/wp-content\/uploads\/2018\/10\/logo.png","contentUrl":"https:\/\/obt2018.hu\/wp-content\/uploads\/2018\/10\/logo.png","width":591,"height":591,"caption":"Orsz\u00e1gos B\u00edr\u00f3i Tan\u00e1cs"},"image":{"@id":"https:\/\/obt2018.hu\/#\/schema\/logo\/image\/"}}]}},"jetpack_sharing_enabled":true,"jetpack_shortlink":"https:\/\/wp.me\/PfwhB4-AZ","jetpack-related-posts":[{"id":1785,"url":"https:\/\/obt2018.hu\/en\/2022-10-05\/","url_meta":{"origin":2293,"position":0},"title":"(Magyar) 2022.10.05","author":"szgabor1976","date":"Monday December 13th, 2021","format":false,"excerpt":"","rel":"","context":"Similar post","block_context":{"text":"Similar post","link":""},"img":{"alt_text":"","src":"","width":0,"height":0},"classes":[]},{"id":1936,"url":"https:\/\/obt2018.hu\/en\/","url_meta":{"origin":2293,"position":1},"title":"(Magyar) EN","author":"szgabor1976","date":"Thursday January 13th, 2022","format":false,"excerpt":"","rel":"","context":"Similar post","block_context":{"text":"Similar post","link":""},"img":{"alt_text":"","src":"","width":0,"height":0},"classes":[]},{"id":1939,"url":"https:\/\/obt2018.hu\/en\/our-team\/","url_meta":{"origin":2293,"position":2},"title":"(Magyar) our-team","author":"szgabor1976","date":"Thursday January 13th, 2022","format":false,"excerpt":"","rel":"","context":"Similar post","block_context":{"text":"Similar post","link":""},"img":{"alt_text":"","src":"","width":0,"height":0},"classes":[]},{"id":968,"url":"https:\/\/obt2018.hu\/en\/2019-06-24\/","url_meta":{"origin":2293,"position":3},"title":"2019.06.05","author":"szgabor1976","date":"Tuesday January 29th, 2019","format":false,"excerpt":"","rel":"","context":"Similar post","block_context":{"text":"Similar post","link":""},"img":{"alt_text":"","src":"","width":0,"height":0},"classes":[]},{"id":20,"url":"https:\/\/obt2018.hu\/en\/nemzetkozi-kapcsolatok\/","url_meta":{"origin":2293,"position":4},"title":"International Relations","author":"szgabor1976","date":"Tuesday September 25th, 2018","format":false,"excerpt":"\u00a0 Az Orsz\u00e1gos Igazs\u00e1gszolg\u00e1ltat\u00e1si Tan\u00e1cs alap\u00edt\u00f3 tagja az Eur\u00f3pai Tan\u00e1csok Igazs\u00e1g\u00fcgyi H\u00e1l\u00f3zat\u00e1nak (ENCJ). A H\u00e1l\u00f3zat munk\u00e1j\u00e1ban az Orsz\u00e1gos B\u00edr\u00f3i Tan\u00e1cs a 2012-es b\u00edr\u00f3s\u00e1gi igazgat\u00e1si reformot k\u00f6vet\u0151en csak megfigyel\u0151k\u00e9nt vehetett r\u00e9szt, majd a 2015. j\u00fanius 3. napj\u00e1n megtartott k\u00f6zgy\u0171l\u00e9sen a tags\u00e1g d\u00f6nt\u00f6tt az OBT felv\u00e9tel\u00e9r\u0151l. \u00a0 Az Orsz\u00e1gos B\u00edr\u00f3i Tan\u00e1cs 2018.\u2026","rel":"","context":"Similar post","block_context":{"text":"Similar post","link":""},"img":{"alt_text":"","src":"","width":0,"height":0},"classes":[]},{"id":77,"url":"https:\/\/obt2018.hu\/en\/kozlemenyek-irasok\/","url_meta":{"origin":2293,"position":5},"title":"Publications, articles","author":"szgabor1976","date":"Tuesday September 25th, 2018","format":false,"excerpt":"","rel":"","context":"Similar post","block_context":{"text":"Similar post","link":""},"img":{"alt_text":"","src":"","width":0,"height":0},"classes":[]}],"jetpack_likes_enabled":true,"_links":{"self":[{"href":"https:\/\/obt2018.hu\/en\/wp-json\/wp\/v2\/pages\/2293","targetHints":{"allow":["GET"]}}],"collection":[{"href":"https:\/\/obt2018.hu\/en\/wp-json\/wp\/v2\/pages"}],"about":[{"href":"https:\/\/obt2018.hu\/en\/wp-json\/wp\/v2\/types\/page"}],"author":[{"embeddable":true,"href":"https:\/\/obt2018.hu\/en\/wp-json\/wp\/v2\/users\/1"}],"replies":[{"embeddable":true,"href":"https:\/\/obt2018.hu\/en\/wp-json\/wp\/v2\/comments?post=2293"}],"version-history":[{"count":7,"href":"https:\/\/obt2018.hu\/en\/wp-json\/wp\/v2\/pages\/2293\/revisions"}],"predecessor-version":[{"id":2310,"href":"https:\/\/obt2018.hu\/en\/wp-json\/wp\/v2\/pages\/2293\/revisions\/2310"}],"wp:attachment":[{"href":"https:\/\/obt2018.hu\/en\/wp-json\/wp\/v2\/media?parent=2293"}],"curies":[{"name":"wp","href":"https:\/\/api.w.org\/{rel}","templated":true}]}}