{"id":45,"date":"2018-09-25T16:18:29","date_gmt":"2018-09-25T14:18:29","guid":{"rendered":"https:\/\/obt2018.hu\/?page_id=45"},"modified":"2024-01-29T12:12:59","modified_gmt":"2024-01-29T11:12:59","slug":"udvozles","status":"publish","type":"page","link":"https:\/\/obt2018.hu\/en\/udvozles\/","title":{"rendered":"Welcome"},"content":{"rendered":"<p><div class=\"columns-row\"><br \/>\n\r\n\t\t\t<div class=\"col-columns-2\" id=\"\"><\/div>  \t\r\n\t\t<br \/>\n\r\n\t\t\t<div class=\"col-columns-2\" id=\"\"><br \/>\n\r\n\t\t<div class=\"fancy-title\" style=\"margin: ; text-align: left;\">\r\n\t\t\t<h2 style=\"color:#202020; font-size:40px; text-align: left;\">\r\n\t\t\t\t<small style=\"color:#3a3a3a; font-size:23px;\"><\/small>\r\n\t\t\t\tWelcome\r\n\t\t\t\t<span style=\"color:#9cc914;\"><\/span>\r\n\t\t\t<\/h2>\r\n\t\t<\/div>\r\n\t\t<br \/>\n<div class=\"spacecode\" style=\"height:15px;\"><\/div><\/p>\n<p>Welcome to our site operated by the National Judicial Council (NJC). This site was created so that those interested in the activities of NJC have access to information and news about it quickly and directly from the source. NJC is the supervising body of the central administration of courts. It embodies judicial self-management and self-regulation in the Hungarian jurisdiction, thus, it is the highest level public body of the judiciary, a branch of power independent from the executive and legislative powers.<\/p>\n<p>We believe and we work for that efficient checks and balances are and will be able to guarantee that accountable branches of power mutually respect the independence of each other, and that judges can perform judicial activities impartially and objectively and on a highly professional level, perform judiciary activities effectively and in time, ensuring fair trials and equality before the law.<\/p>\n<p><div class=\"spacecode\" style=\"height:60px;\"><\/div><br \/>\n\r\n\t\t<div class=\"button \" style=\"text-align:left;\"><a class=\"sktmore\" style=\"background-color: #36767c; color: #fff;\" href=\"https:\/\/obt2018.hu\/bemutatkozas\/\">Introduction<\/a><\/div><br \/>\n<\/div>  \t\r\n\t\t<br \/>\n<div class=\"clear\"><\/div><\/div><\/p>","protected":false},"excerpt":{"rendered":"","protected":false},"author":1,"featured_media":0,"parent":0,"menu_order":0,"comment_status":"closed","ping_status":"closed","template":"templates\/page-nosidebar_template.php","meta":{"jetpack_post_was_ever_published":false,"footnotes":""},"class_list":["post-45","page","type-page","status-publish","hentry"],"yoast_head":"<!-- This site is optimized with the Yoast SEO plugin v27.2 - https:\/\/yoast.com\/product\/yoast-seo-wordpress\/ -->\n<title>Welcome - Orsz\u00e1gos B\u00edr\u00f3i Tan\u00e1cs<\/title>\n<meta name=\"robots\" content=\"index, follow, max-snippet:-1, max-image-preview:large, max-video-preview:-1\" \/>\n<link rel=\"canonical\" href=\"https:\/\/obt2018.hu\/udvozles\/\" \/>\n<meta property=\"og:locale\" content=\"en_US\" \/>\n<meta property=\"og:type\" content=\"article\" \/>\n<meta property=\"og:title\" content=\"[:hu]\u00dcdv\u00f6zl\u00e9s[:en]Welcome[:] - Orsz\u00e1gos B\u00edr\u00f3i Tan\u00e1cs\" \/>\n<meta property=\"og:url\" content=\"https:\/\/obt2018.hu\/udvozles\/\" \/>\n<meta property=\"og:site_name\" content=\"Orsz\u00e1gos B\u00edr\u00f3i Tan\u00e1cs\" \/>\n<meta property=\"article:modified_time\" content=\"2024-01-29T11:12:59+00:00\" \/>\n<meta name=\"twitter:card\" content=\"summary_large_image\" \/>\n<meta name=\"twitter:label1\" content=\"Est. reading time\" \/>\n\t<meta name=\"twitter:data1\" content=\"2 minutes\" \/>\n<script type=\"application\/ld+json\" class=\"yoast-schema-graph\">{\"@context\":\"https:\/\/schema.org\",\"@graph\":[{\"@type\":\"WebPage\",\"@id\":\"https:\/\/obt2018.hu\/udvozles\/\",\"url\":\"https:\/\/obt2018.hu\/udvozles\/\",\"name\":\"[:hu]\u00dcdv\u00f6zl\u00e9s[:en]Welcome[:] - Orsz\u00e1gos B\u00edr\u00f3i Tan\u00e1cs\",\"isPartOf\":{\"@id\":\"https:\/\/obt2018.hu\/#website\"},\"datePublished\":\"2018-09-25T14:18:29+00:00\",\"dateModified\":\"2024-01-29T11:12:59+00:00\",\"breadcrumb\":{\"@id\":\"https:\/\/obt2018.hu\/udvozles\/#breadcrumb\"},\"inLanguage\":\"en-US\",\"potentialAction\":[{\"@type\":\"ReadAction\",\"target\":[\"https:\/\/obt2018.hu\/udvozles\/\"]}]},{\"@type\":\"BreadcrumbList\",\"@id\":\"https:\/\/obt2018.hu\/udvozles\/#breadcrumb\",\"itemListElement\":[{\"@type\":\"ListItem\",\"position\":1,\"name\":\"Home\",\"item\":\"https:\/\/obt2018.hu\/\"},{\"@type\":\"ListItem\",\"position\":2,\"name\":\"\u00dcdv\u00f6zl\u00e9s\"}]},{\"@type\":\"WebSite\",\"@id\":\"https:\/\/obt2018.hu\/#website\",\"url\":\"https:\/\/obt2018.hu\/\",\"name\":\"OBT 2018\",\"description\":\"Az Orsz\u00e1gos B\u00edr\u00f3i Tan\u00e1cs honlapja\",\"publisher\":{\"@id\":\"https:\/\/obt2018.hu\/#organization\"},\"potentialAction\":[{\"@type\":\"SearchAction\",\"target\":{\"@type\":\"EntryPoint\",\"urlTemplate\":\"https:\/\/obt2018.hu\/?s={search_term_string}\"},\"query-input\":{\"@type\":\"PropertyValueSpecification\",\"valueRequired\":true,\"valueName\":\"search_term_string\"}}],\"inLanguage\":\"en-US\"},{\"@type\":\"Organization\",\"@id\":\"https:\/\/obt2018.hu\/#organization\",\"name\":\"Orsz\u00e1gos B\u00edr\u00f3i Tan\u00e1cs\",\"url\":\"https:\/\/obt2018.hu\/\",\"logo\":{\"@type\":\"ImageObject\",\"inLanguage\":\"en-US\",\"@id\":\"https:\/\/obt2018.hu\/#\/schema\/logo\/image\/\",\"url\":\"https:\/\/obt2018.hu\/wp-content\/uploads\/2018\/10\/logo.png\",\"contentUrl\":\"https:\/\/obt2018.hu\/wp-content\/uploads\/2018\/10\/logo.png\",\"width\":591,\"height\":591,\"caption\":\"Orsz\u00e1gos B\u00edr\u00f3i Tan\u00e1cs\"},\"image\":{\"@id\":\"https:\/\/obt2018.hu\/#\/schema\/logo\/image\/\"}}]}<\/script>\n<!-- \/ Yoast SEO plugin. -->","yoast_head_json":{"title":"[:hu]\u00dcdv\u00f6zl\u00e9s[:en]Welcome[:] - Orsz\u00e1gos B\u00edr\u00f3i Tan\u00e1cs","robots":{"index":"index","follow":"follow","max-snippet":"max-snippet:-1","max-image-preview":"max-image-preview:large","max-video-preview":"max-video-preview:-1"},"canonical":"https:\/\/obt2018.hu\/udvozles\/","og_locale":"en_US","og_type":"article","og_title":"[:hu]\u00dcdv\u00f6zl\u00e9s[:en]Welcome[:] - Orsz\u00e1gos B\u00edr\u00f3i Tan\u00e1cs","og_url":"https:\/\/obt2018.hu\/udvozles\/","og_site_name":"Orsz\u00e1gos B\u00edr\u00f3i Tan\u00e1cs","article_modified_time":"2024-01-29T11:12:59+00:00","twitter_card":"summary_large_image","twitter_misc":{"Est. reading time":"2 minutes"},"schema":{"@context":"https:\/\/schema.org","@graph":[{"@type":"WebPage","@id":"https:\/\/obt2018.hu\/udvozles\/","url":"https:\/\/obt2018.hu\/udvozles\/","name":"[:hu]\u00dcdv\u00f6zl\u00e9s[:en]Welcome[:] - Orsz\u00e1gos B\u00edr\u00f3i Tan\u00e1cs","isPartOf":{"@id":"https:\/\/obt2018.hu\/#website"},"datePublished":"2018-09-25T14:18:29+00:00","dateModified":"2024-01-29T11:12:59+00:00","breadcrumb":{"@id":"https:\/\/obt2018.hu\/udvozles\/#breadcrumb"},"inLanguage":"en-US","potentialAction":[{"@type":"ReadAction","target":["https:\/\/obt2018.hu\/udvozles\/"]}]},{"@type":"BreadcrumbList","@id":"https:\/\/obt2018.hu\/udvozles\/#breadcrumb","itemListElement":[{"@type":"ListItem","position":1,"name":"Home","item":"https:\/\/obt2018.hu\/"},{"@type":"ListItem","position":2,"name":"\u00dcdv\u00f6zl\u00e9s"}]},{"@type":"WebSite","@id":"https:\/\/obt2018.hu\/#website","url":"https:\/\/obt2018.hu\/","name":"OBT 2018","description":"Az Orsz\u00e1gos B\u00edr\u00f3i Tan\u00e1cs honlapja","publisher":{"@id":"https:\/\/obt2018.hu\/#organization"},"potentialAction":[{"@type":"SearchAction","target":{"@type":"EntryPoint","urlTemplate":"https:\/\/obt2018.hu\/?s={search_term_string}"},"query-input":{"@type":"PropertyValueSpecification","valueRequired":true,"valueName":"search_term_string"}}],"inLanguage":"en-US"},{"@type":"Organization","@id":"https:\/\/obt2018.hu\/#organization","name":"Orsz\u00e1gos B\u00edr\u00f3i Tan\u00e1cs","url":"https:\/\/obt2018.hu\/","logo":{"@type":"ImageObject","inLanguage":"en-US","@id":"https:\/\/obt2018.hu\/#\/schema\/logo\/image\/","url":"https:\/\/obt2018.hu\/wp-content\/uploads\/2018\/10\/logo.png","contentUrl":"https:\/\/obt2018.hu\/wp-content\/uploads\/2018\/10\/logo.png","width":591,"height":591,"caption":"Orsz\u00e1gos B\u00edr\u00f3i Tan\u00e1cs"},"image":{"@id":"https:\/\/obt2018.hu\/#\/schema\/logo\/image\/"}}]}},"jetpack_sharing_enabled":true,"jetpack_shortlink":"https:\/\/wp.me\/PfwhB4-J","jetpack-related-posts":[{"id":118,"url":"https:\/\/obt2018.hu\/en\/tevekenysegek\/","url_meta":{"origin":45,"position":0},"title":"Tev\u00e9kenys\u00e9gek","author":"szgabor1976","date":"Tuesday September 25th, 2018","format":false,"excerpt":"","rel":"","context":"Similar post","block_context":{"text":"Similar post","link":""},"img":{"alt_text":"","src":"","width":0,"height":0},"classes":[]},{"id":83,"url":"https:\/\/obt2018.hu\/en\/felugyelet\/","url_meta":{"origin":45,"position":1},"title":"Supervision","author":"szgabor1976","date":"Tuesday September 25th, 2018","format":false,"excerpt":"\u00a0 \u201eThe central responsibilities of the administration of the courts shall be performed by the President of the National Office for the Judiciary. The National Judicial Council shall supervise the central administration of the courts.\" \u00a0 The most pivotal duty of NJC is defined by Article 25. of the Fundamental\u2026","rel":"","context":"Similar post","block_context":{"text":"Similar post","link":""},"img":{"alt_text":"","src":"","width":0,"height":0},"classes":[]},{"id":20,"url":"https:\/\/obt2018.hu\/en\/nemzetkozi-kapcsolatok\/","url_meta":{"origin":45,"position":2},"title":"International Relations","author":"szgabor1976","date":"Tuesday September 25th, 2018","format":false,"excerpt":"\u00a0 Az Orsz\u00e1gos Igazs\u00e1gszolg\u00e1ltat\u00e1si Tan\u00e1cs alap\u00edt\u00f3 tagja az Eur\u00f3pai Tan\u00e1csok Igazs\u00e1g\u00fcgyi H\u00e1l\u00f3zat\u00e1nak (ENCJ). A H\u00e1l\u00f3zat munk\u00e1j\u00e1ban az Orsz\u00e1gos B\u00edr\u00f3i Tan\u00e1cs a 2012-es b\u00edr\u00f3s\u00e1gi igazgat\u00e1si reformot k\u00f6vet\u0151en csak megfigyel\u0151k\u00e9nt vehetett r\u00e9szt, majd a 2015. j\u00fanius 3. napj\u00e1n megtartott k\u00f6zgy\u0171l\u00e9sen a tags\u00e1g d\u00f6nt\u00f6tt az OBT felv\u00e9tel\u00e9r\u0151l. \u00a0 Az Orsz\u00e1gos B\u00edr\u00f3i Tan\u00e1cs 2018.\u2026","rel":"","context":"Similar post","block_context":{"text":"Similar post","link":""},"img":{"alt_text":"","src":"","width":0,"height":0},"classes":[]},{"id":69,"url":"https:\/\/obt2018.hu\/en\/2018-2\/","url_meta":{"origin":45,"position":3},"title":"2018","author":"szgabor1976","date":"Tuesday September 25th, 2018","format":false,"excerpt":"\u00a0 2018. I. f\u00e9l\u00e9vre tervezett napirendi pontok: OBT m\u0171k\u00f6d\u00e9s\u00e9vel kapcsolatos el\u0151terjeszt\u00e9sek: az OBT m\u0171k\u00f6d\u00e9si felt\u00e9teleinek biztos\u00edt\u00e1sa, szervezeti \u00e9s m\u0171k\u00f6d\u00e9si szab\u00e1lyzat\u00e1nak m\u00f3dos\u00edt\u00e1sa az OBT hat\u00e1rozatainak, aj\u00e1nl\u00e1sainak deregul\u00e1ci\u00f3ja OBT iroda \u00fcgyviteli szab\u00e1lyzata Besz\u00e1mol\u00f3k, v\u00e9lem\u00e9nyez\u00e9sek: OBH eln\u00f6k f\u00e9l\u00e9ves besz\u00e1mol\u00f3j\u00e1nak megt\u00e1rgyal\u00e1sa a Szolg\u00e1lati B\u00edr\u00f3s\u00e1g eln\u00f6ke besz\u00e1mol\u00f3j\u00e1nak j\u00f3v\u00e1hagy\u00e1sa a V\u00e9grehajt\u00f3i Fegyelmi B\u00edr\u00f3s\u00e1g eln\u00f6ke besz\u00e1mol\u00f3j\u00e1nak j\u00f3v\u00e1hagy\u00e1sa\u2026","rel":"","context":"Similar post","block_context":{"text":"Similar post","link":""},"img":{"alt_text":"","src":"","width":0,"height":0},"classes":[]},{"id":106,"url":"https:\/\/obt2018.hu\/en\/tortenetunk\/","url_meta":{"origin":45,"position":4},"title":"Our story","author":"szgabor1976","date":"Tuesday September 25th, 2018","format":false,"excerpt":"2018. november \u00a0 2018.11.26. A Magyar Tudom\u00e1nyos Akad\u00e9mia Jogtudom\u00e1nyi Int\u00e9zete angol nyelv\u0171 konferenci\u00e1t rendezett b\u00edr\u00f3s\u00e1gi igazgat\u00e1si modellek t\u00e9m\u00e1j\u00e1ban, amelyen r\u00e9szt vett dr. Matusik Tam\u00e1s \u00e9s dr. Vad\u00e1sz Viktor OBT tagok. 2018.11.15-17. A Magyar Orsz\u00e1gos K\u00f6zjegyz\u0151i Kamara 30. Region\u00e1lis Kollokvium\u00e1n dr. Csontos Katalin, dr. Matusik Tam\u00e1s \u00e9s dr. Vad\u00e1sz Viktor k\u00e9pviselte\u2026","rel":"","context":"Similar post","block_context":{"text":"Similar post","link":""},"img":{"alt_text":"","src":"","width":0,"height":0},"classes":[]},{"id":12,"url":"https:\/\/obt2018.hu\/en\/hitvallas\/","url_meta":{"origin":45,"position":5},"title":"Credo","author":"szgabor1976","date":"Tuesday September 25th, 2018","format":false,"excerpt":"\u00a0 \u201eWe, the members of the National Judicial Council established on 30 January 2018, declare that in our function representingthe judiciary that elected us democratically,we intend toact in order to ensure impartial justice based on the independence of the judiciary. In fulfilment of our constitutional obligations our first priority is\u2026","rel":"","context":"Similar post","block_context":{"text":"Similar post","link":""},"img":{"alt_text":"","src":"","width":0,"height":0},"classes":[]}],"jetpack_likes_enabled":true,"_links":{"self":[{"href":"https:\/\/obt2018.hu\/en\/wp-json\/wp\/v2\/pages\/45","targetHints":{"allow":["GET"]}}],"collection":[{"href":"https:\/\/obt2018.hu\/en\/wp-json\/wp\/v2\/pages"}],"about":[{"href":"https:\/\/obt2018.hu\/en\/wp-json\/wp\/v2\/types\/page"}],"author":[{"embeddable":true,"href":"https:\/\/obt2018.hu\/en\/wp-json\/wp\/v2\/users\/1"}],"replies":[{"embeddable":true,"href":"https:\/\/obt2018.hu\/en\/wp-json\/wp\/v2\/comments?post=45"}],"version-history":[{"count":7,"href":"https:\/\/obt2018.hu\/en\/wp-json\/wp\/v2\/pages\/45\/revisions"}],"predecessor-version":[{"id":2829,"href":"https:\/\/obt2018.hu\/en\/wp-json\/wp\/v2\/pages\/45\/revisions\/2829"}],"wp:attachment":[{"href":"https:\/\/obt2018.hu\/en\/wp-json\/wp\/v2\/media?parent=45"}],"curies":[{"name":"wp","href":"https:\/\/api.w.org\/{rel}","templated":true}]}}