{"id":69,"date":"2018-09-25T17:08:09","date_gmt":"2018-09-25T15:08:09","guid":{"rendered":"https:\/\/obt2018.hu\/?page_id=69"},"modified":"2018-10-08T22:05:08","modified_gmt":"2018-10-08T20:05:08","slug":"2018-2","status":"publish","type":"page","link":"https:\/\/obt2018.hu\/en\/2018-2\/","title":{"rendered":"2018"},"content":{"rendered":"<p>&nbsp;<\/p>\n<p><strong><em>2018. I. f\u00e9l\u00e9vre tervezett napirendi pontok:<\/em><\/strong><\/p>\n<p>OBT m\u0171k\u00f6d\u00e9s\u00e9vel kapcsolatos el\u0151terjeszt\u00e9sek:<\/p>\n<ul>\n<li>az OBT m\u0171k\u00f6d\u00e9si felt\u00e9teleinek biztos\u00edt\u00e1sa, szervezeti \u00e9s m\u0171k\u00f6d\u00e9si szab\u00e1lyzat\u00e1nak m\u00f3dos\u00edt\u00e1sa<\/li>\n<li>az OBT hat\u00e1rozatainak, aj\u00e1nl\u00e1sainak deregul\u00e1ci\u00f3ja<\/li>\n<li>OBT iroda \u00fcgyviteli szab\u00e1lyzata<\/li>\n<\/ul>\n<p>Besz\u00e1mol\u00f3k, v\u00e9lem\u00e9nyez\u00e9sek:<\/p>\n<ul>\n<li>OBH eln\u00f6k f\u00e9l\u00e9ves besz\u00e1mol\u00f3j\u00e1nak megt\u00e1rgyal\u00e1sa<\/li>\n<li>a Szolg\u00e1lati B\u00edr\u00f3s\u00e1g eln\u00f6ke besz\u00e1mol\u00f3j\u00e1nak j\u00f3v\u00e1hagy\u00e1sa<\/li>\n<li>a V\u00e9grehajt\u00f3i Fegyelmi B\u00edr\u00f3s\u00e1g eln\u00f6ke besz\u00e1mol\u00f3j\u00e1nak j\u00f3v\u00e1hagy\u00e1sa<\/li>\n<li>a 2019. \u00e9vi k\u00f6lts\u00e9gvet\u00e9si terv \u00e9s a k\u00f6lts\u00e9gvet\u00e9s v\u00e9grehajt\u00e1s\u00e1ra vonatkoz\u00f3 besz\u00e1mol\u00f3 v\u00e9lem\u00e9nyez\u00e9se<\/li>\n<li>az OBH, valamint a K\u00faria eln\u00f6k\u00e9nek a b\u00edr\u00f3i \u00e9s b\u00edr\u00f3s\u00e1gi vezet\u0151i p\u00e1ly\u00e1zatok elb\u00edr\u00e1l\u00e1sa tekintet\u00e9ben folytatott gyakorlat\u00e1nak v\u00e9lem\u00e9nyez\u00e9se<\/li>\n<li>az egy\u00e9b juttat\u00e1sok felt\u00e9teleir\u0151l \u00e9s m\u00e9rt\u00e9k\u00e9r\u0151l sz\u00f3l\u00f3 el\u0151terjeszt\u00e9s v\u00e9lem\u00e9nyez\u00e9se<\/li>\n<\/ul>\n<p>Vizsg\u00e1latok:<\/p>\n<ul>\n<li>vizsg\u00e1lat az OBH eln\u00f6k\u00e9nek a b\u00edr\u00f3i \u00e9s b\u00edr\u00f3s\u00e1gi vezet\u0151i p\u00e1ly\u00e1zatok \u00e9rv\u00e9nytelen\u00edt\u00e9s\u00e9re vonatkoz\u00f3 gyakorlat\u00e1r\u00f3l (a F\u0151v\u00e1rosi T\u00f6rv\u00e9nysz\u00e9k \u00e9s a Gy\u0151ri \u00cdt\u00e9l\u0151t\u00e1bla \u00f6sszb\u00edr\u00f3i \u00e9rtekezlete \u00e1ltal feltett k\u00e9rd\u00e9sek megv\u00e1laszol\u00e1sa)<\/li>\n<li>vizsg\u00e1lat az OBH eln\u00f6k\u00e9nek a b\u00edr\u00f3s\u00e1gi vezet\u0151k vizsg\u00e1lat\u00e1nak elv\u00e9gz\u00e9s\u00e9re vonatkoz\u00f3 k\u00f6telezetts\u00e9ge teljes\u00edt\u00e9s\u00e9r\u0151l,<\/li>\n<li>vizsg\u00e1lat az OBH eln\u00f6k\u00e9nek a b\u00edr\u00f3s\u00e1gi munkateher m\u00e9r\u00e9si \u00e9s orsz\u00e1gos munkateher meghat\u00e1roz\u00e1si k\u00f6telezetts\u00e9g\u00e9nek teljes\u00edt\u00e9s\u00e9r\u0151l<\/li>\n<li>az elektronikus \u00fcgyint\u00e9z\u00e9s bevezet\u00e9se tapasztalatainak \u00e9s tanuls\u00e1gainak megvitat\u00e1sa<\/li>\n<li>vizsg\u00e1lat az OBH eln\u00f6k\u00e9nek a b\u00edr\u00f3knak az Orsz\u00e1gos B\u00edr\u00f3s\u00e1gi Hivatalba t\u00f6rt\u00e9n\u0151 beoszt\u00e1sa, b\u00edr\u00f3 kirendel\u00e9se, k\u00f6zponti igazgat\u00e1si feladattal t\u00f6rt\u00e9n\u0151 megb\u00edz\u00e1s gyakorlat\u00e1r\u00f3l<\/li>\n<\/ul>\n<p>Egy\u00e9b:<\/p>\n<ul>\n<li>elismer\u00e9sek adom\u00e1nyoz\u00e1sa b\u00edr\u00e1k \u00e9s igazs\u00e1g\u00fcgyi alkalmazottak r\u00e9sz\u00e9re<\/li>\n<\/ul>\n<p>&nbsp;<\/p>\n<p>&nbsp;<br \/>\n<strong><em>2018. II. f\u00e9l\u00e9vre tervezett napirendi pontok:<\/em><\/strong><\/p>\n<p>OBT m\u0171k\u00f6d\u00e9s\u00e9vel kapcsolatos el\u0151terjeszt\u00e9sek:<\/p>\n<ul>\n<li>javaslatt\u00e9tel a b\u00edr\u00f3s\u00e1gok szervezet\u00e9r\u0151l \u00e9s igazgat\u00e1s\u00e1r\u00f3l sz\u00f3l\u00f3 t\u00f6rv\u00e9ny m\u00f3dos\u00edt\u00e1s\u00e1ra<\/li>\n<li>a Juh\u00e1sz Andor d\u00edj adom\u00e1nyoz\u00e1s\u00e1r\u00f3l sz\u00f3l\u00f3 OBT hat\u00e1rozat m\u00f3dos\u00edt\u00e1sa<\/li>\n<li>t\u00e1j\u00e9koztat\u00f3 az OBT nemzetk\u00f6zi kapcsolatair\u00f3l<\/li>\n<li>OBT iroda \u00fcgyviteli szab\u00e1lyzata<\/li>\n<li>OBT \u00e9ves k\u00f6lts\u00e9gvet\u00e9si javaslat\u00e1nak \u00f6ssze\u00e1ll\u00edt\u00e1sa<\/li>\n<\/ul>\n<p>Besz\u00e1mol\u00f3k, v\u00e9lem\u00e9nyez\u00e9sek:<\/p>\n<ul>\n<li>OBH eln\u00f6k f\u00e9l\u00e9ves besz\u00e1mol\u00f3j\u00e1nak megt\u00e1rgyal\u00e1sa<\/li>\n<li>2017. \u00e9vi b\u00edr\u00f3s\u00e1gok k\u00f6lts\u00e9gvet\u00e9s\u00e9nek v\u00e9grehajt\u00e1s\u00e1r\u00f3l sz\u00f3l\u00f3 besz\u00e1mol\u00f3<\/li>\n<li>az egy\u00e9b juttat\u00e1sok felt\u00e9teleir\u0151l \u00e9s m\u00e9rt\u00e9k\u00e9r\u0151l sz\u00f3l\u00f3 el\u0151terjeszt\u00e9s v\u00e9lem\u00e9nyez\u00e9se<\/li>\n<\/ul>\n<p>Vizsg\u00e1latok:<\/p>\n<ul>\n<li>vizsg\u00e1lat az OBH eln\u00f6k\u00e9nek a b\u00edr\u00f3knak az Orsz\u00e1gos B\u00edr\u00f3s\u00e1gi Hivatalba t\u00f6rt\u00e9n\u0151 beoszt\u00e1sa, b\u00edr\u00f3 kirendel\u00e9se, k\u00f6zponti igazgat\u00e1si feladattal t\u00f6rt\u00e9n\u0151 megb\u00edz\u00e1s gyakorlat\u00e1r\u00f3l<\/li>\n<li>vizsg\u00e1lat a b\u00edr\u00f3s\u00e1gi vezet\u0151re vonatkoz\u00f3 \u00f6sszef\u00e9rhetetlens\u00e9g eset\u00e9ben az OBT \u00e1ltal adott felment\u00e9sek gyakorlat\u00e1r\u00f3l<\/li>\n<\/ul>\n<p>Egy\u00e9b:<\/p>\n<ul>\n<li>Magyar Igazs\u00e1g\u00fcgyi Akad\u00e9mia 2019. \u00e9vi oktat\u00e1si terv\u00e9nek megvitat\u00e1sa<\/li>\n<\/ul>\n<p>&nbsp;<\/p>\n","protected":false},"excerpt":{"rendered":"<p>&nbsp; 2018. I. f\u00e9l\u00e9vre tervezett napirendi pontok: OBT m\u0171k\u00f6d\u00e9s\u00e9vel kapcsolatos el\u0151terjeszt\u00e9sek: az OBT m\u0171k\u00f6d\u00e9si felt\u00e9teleinek biztos\u00edt\u00e1sa, szervezeti \u00e9s m\u0171k\u00f6d\u00e9si szab\u00e1lyzat\u00e1nak m\u00f3dos\u00edt\u00e1sa az OBT hat\u00e1rozatainak, aj\u00e1nl\u00e1sainak deregul\u00e1ci\u00f3ja OBT iroda \u00fcgyviteli szab\u00e1lyzata Besz\u00e1mol\u00f3k, v\u00e9lem\u00e9nyez\u00e9sek: OBH eln\u00f6k f\u00e9l\u00e9ves besz\u00e1mol\u00f3j\u00e1nak megt\u00e1rgyal\u00e1sa a Szolg\u00e1lati B\u00edr\u00f3s\u00e1g eln\u00f6ke besz\u00e1mol\u00f3j\u00e1nak j\u00f3v\u00e1hagy\u00e1sa a V\u00e9grehajt\u00f3i Fegyelmi B\u00edr\u00f3s\u00e1g eln\u00f6ke besz\u00e1mol\u00f3j\u00e1nak j\u00f3v\u00e1hagy\u00e1sa a 2019. \u00e9vi k\u00f6lts\u00e9gvet\u00e9si terv<br \/><a class=\"moretag\" href=\"https:\/\/obt2018.hu\/en\/2018-2\/\">+ Read More<\/a><\/p>\n","protected":false},"author":1,"featured_media":0,"parent":0,"menu_order":0,"comment_status":"closed","ping_status":"closed","template":"templates\/page-nosidebar_template.php","meta":{"jetpack_post_was_ever_published":false,"footnotes":""},"class_list":["post-69","page","type-page","status-publish","hentry"],"yoast_head":"<!-- This site is optimized with the Yoast SEO plugin v27.2 - https:\/\/yoast.com\/product\/yoast-seo-wordpress\/ -->\n<title>2018 - Orsz\u00e1gos B\u00edr\u00f3i Tan\u00e1cs<\/title>\n<meta name=\"robots\" content=\"index, follow, max-snippet:-1, max-image-preview:large, max-video-preview:-1\" \/>\n<link rel=\"canonical\" href=\"https:\/\/obt2018.hu\/2018-2\/\" \/>\n<meta property=\"og:locale\" content=\"en_US\" \/>\n<meta property=\"og:type\" content=\"article\" \/>\n<meta property=\"og:title\" content=\"2018 - Orsz\u00e1gos B\u00edr\u00f3i Tan\u00e1cs\" \/>\n<meta property=\"og:description\" content=\"&nbsp; 2018. I. f\u00e9l\u00e9vre tervezett napirendi pontok: OBT m\u0171k\u00f6d\u00e9s\u00e9vel kapcsolatos el\u0151terjeszt\u00e9sek: az OBT m\u0171k\u00f6d\u00e9si felt\u00e9teleinek biztos\u00edt\u00e1sa, szervezeti \u00e9s m\u0171k\u00f6d\u00e9si szab\u00e1lyzat\u00e1nak m\u00f3dos\u00edt\u00e1sa az OBT hat\u00e1rozatainak, aj\u00e1nl\u00e1sainak deregul\u00e1ci\u00f3ja OBT iroda \u00fcgyviteli szab\u00e1lyzata Besz\u00e1mol\u00f3k, v\u00e9lem\u00e9nyez\u00e9sek: OBH eln\u00f6k f\u00e9l\u00e9ves besz\u00e1mol\u00f3j\u00e1nak megt\u00e1rgyal\u00e1sa a Szolg\u00e1lati B\u00edr\u00f3s\u00e1g eln\u00f6ke besz\u00e1mol\u00f3j\u00e1nak j\u00f3v\u00e1hagy\u00e1sa a V\u00e9grehajt\u00f3i Fegyelmi B\u00edr\u00f3s\u00e1g eln\u00f6ke besz\u00e1mol\u00f3j\u00e1nak j\u00f3v\u00e1hagy\u00e1sa a 2019. \u00e9vi k\u00f6lts\u00e9gvet\u00e9si terv+ Read More\" \/>\n<meta property=\"og:url\" content=\"https:\/\/obt2018.hu\/2018-2\/\" \/>\n<meta property=\"og:site_name\" content=\"Orsz\u00e1gos B\u00edr\u00f3i Tan\u00e1cs\" \/>\n<meta property=\"article:modified_time\" content=\"2018-10-08T20:05:08+00:00\" \/>\n<meta name=\"twitter:card\" content=\"summary_large_image\" \/>\n<meta name=\"twitter:label1\" content=\"Est. reading time\" \/>\n\t<meta name=\"twitter:data1\" content=\"3 minutes\" \/>\n<script type=\"application\/ld+json\" class=\"yoast-schema-graph\">{\"@context\":\"https:\/\/schema.org\",\"@graph\":[{\"@type\":\"WebPage\",\"@id\":\"https:\/\/obt2018.hu\/2018-2\/\",\"url\":\"https:\/\/obt2018.hu\/2018-2\/\",\"name\":\"2018 - Orsz\u00e1gos B\u00edr\u00f3i Tan\u00e1cs\",\"isPartOf\":{\"@id\":\"https:\/\/obt2018.hu\/#website\"},\"datePublished\":\"2018-09-25T15:08:09+00:00\",\"dateModified\":\"2018-10-08T20:05:08+00:00\",\"breadcrumb\":{\"@id\":\"https:\/\/obt2018.hu\/2018-2\/#breadcrumb\"},\"inLanguage\":\"en-US\",\"potentialAction\":[{\"@type\":\"ReadAction\",\"target\":[\"https:\/\/obt2018.hu\/2018-2\/\"]}]},{\"@type\":\"BreadcrumbList\",\"@id\":\"https:\/\/obt2018.hu\/2018-2\/#breadcrumb\",\"itemListElement\":[{\"@type\":\"ListItem\",\"position\":1,\"name\":\"Home\",\"item\":\"https:\/\/obt2018.hu\/\"},{\"@type\":\"ListItem\",\"position\":2,\"name\":\"2018\"}]},{\"@type\":\"WebSite\",\"@id\":\"https:\/\/obt2018.hu\/#website\",\"url\":\"https:\/\/obt2018.hu\/\",\"name\":\"OBT 2018\",\"description\":\"Az Orsz\u00e1gos B\u00edr\u00f3i Tan\u00e1cs honlapja\",\"publisher\":{\"@id\":\"https:\/\/obt2018.hu\/#organization\"},\"potentialAction\":[{\"@type\":\"SearchAction\",\"target\":{\"@type\":\"EntryPoint\",\"urlTemplate\":\"https:\/\/obt2018.hu\/?s={search_term_string}\"},\"query-input\":{\"@type\":\"PropertyValueSpecification\",\"valueRequired\":true,\"valueName\":\"search_term_string\"}}],\"inLanguage\":\"en-US\"},{\"@type\":\"Organization\",\"@id\":\"https:\/\/obt2018.hu\/#organization\",\"name\":\"Orsz\u00e1gos B\u00edr\u00f3i Tan\u00e1cs\",\"url\":\"https:\/\/obt2018.hu\/\",\"logo\":{\"@type\":\"ImageObject\",\"inLanguage\":\"en-US\",\"@id\":\"https:\/\/obt2018.hu\/#\/schema\/logo\/image\/\",\"url\":\"https:\/\/obt2018.hu\/wp-content\/uploads\/2018\/10\/logo.png\",\"contentUrl\":\"https:\/\/obt2018.hu\/wp-content\/uploads\/2018\/10\/logo.png\",\"width\":591,\"height\":591,\"caption\":\"Orsz\u00e1gos B\u00edr\u00f3i Tan\u00e1cs\"},\"image\":{\"@id\":\"https:\/\/obt2018.hu\/#\/schema\/logo\/image\/\"}}]}<\/script>\n<!-- \/ Yoast SEO plugin. -->","yoast_head_json":{"title":"2018 - Orsz\u00e1gos B\u00edr\u00f3i Tan\u00e1cs","robots":{"index":"index","follow":"follow","max-snippet":"max-snippet:-1","max-image-preview":"max-image-preview:large","max-video-preview":"max-video-preview:-1"},"canonical":"https:\/\/obt2018.hu\/2018-2\/","og_locale":"en_US","og_type":"article","og_title":"2018 - Orsz\u00e1gos B\u00edr\u00f3i Tan\u00e1cs","og_description":"&nbsp; 2018. I. f\u00e9l\u00e9vre tervezett napirendi pontok: OBT m\u0171k\u00f6d\u00e9s\u00e9vel kapcsolatos el\u0151terjeszt\u00e9sek: az OBT m\u0171k\u00f6d\u00e9si felt\u00e9teleinek biztos\u00edt\u00e1sa, szervezeti \u00e9s m\u0171k\u00f6d\u00e9si szab\u00e1lyzat\u00e1nak m\u00f3dos\u00edt\u00e1sa az OBT hat\u00e1rozatainak, aj\u00e1nl\u00e1sainak deregul\u00e1ci\u00f3ja OBT iroda \u00fcgyviteli szab\u00e1lyzata Besz\u00e1mol\u00f3k, v\u00e9lem\u00e9nyez\u00e9sek: OBH eln\u00f6k f\u00e9l\u00e9ves besz\u00e1mol\u00f3j\u00e1nak megt\u00e1rgyal\u00e1sa a Szolg\u00e1lati B\u00edr\u00f3s\u00e1g eln\u00f6ke besz\u00e1mol\u00f3j\u00e1nak j\u00f3v\u00e1hagy\u00e1sa a V\u00e9grehajt\u00f3i Fegyelmi B\u00edr\u00f3s\u00e1g eln\u00f6ke besz\u00e1mol\u00f3j\u00e1nak j\u00f3v\u00e1hagy\u00e1sa a 2019. \u00e9vi k\u00f6lts\u00e9gvet\u00e9si terv+ Read More","og_url":"https:\/\/obt2018.hu\/2018-2\/","og_site_name":"Orsz\u00e1gos B\u00edr\u00f3i Tan\u00e1cs","article_modified_time":"2018-10-08T20:05:08+00:00","twitter_card":"summary_large_image","twitter_misc":{"Est. reading time":"3 minutes"},"schema":{"@context":"https:\/\/schema.org","@graph":[{"@type":"WebPage","@id":"https:\/\/obt2018.hu\/2018-2\/","url":"https:\/\/obt2018.hu\/2018-2\/","name":"2018 - Orsz\u00e1gos B\u00edr\u00f3i Tan\u00e1cs","isPartOf":{"@id":"https:\/\/obt2018.hu\/#website"},"datePublished":"2018-09-25T15:08:09+00:00","dateModified":"2018-10-08T20:05:08+00:00","breadcrumb":{"@id":"https:\/\/obt2018.hu\/2018-2\/#breadcrumb"},"inLanguage":"en-US","potentialAction":[{"@type":"ReadAction","target":["https:\/\/obt2018.hu\/2018-2\/"]}]},{"@type":"BreadcrumbList","@id":"https:\/\/obt2018.hu\/2018-2\/#breadcrumb","itemListElement":[{"@type":"ListItem","position":1,"name":"Home","item":"https:\/\/obt2018.hu\/"},{"@type":"ListItem","position":2,"name":"2018"}]},{"@type":"WebSite","@id":"https:\/\/obt2018.hu\/#website","url":"https:\/\/obt2018.hu\/","name":"OBT 2018","description":"Az Orsz\u00e1gos B\u00edr\u00f3i Tan\u00e1cs honlapja","publisher":{"@id":"https:\/\/obt2018.hu\/#organization"},"potentialAction":[{"@type":"SearchAction","target":{"@type":"EntryPoint","urlTemplate":"https:\/\/obt2018.hu\/?s={search_term_string}"},"query-input":{"@type":"PropertyValueSpecification","valueRequired":true,"valueName":"search_term_string"}}],"inLanguage":"en-US"},{"@type":"Organization","@id":"https:\/\/obt2018.hu\/#organization","name":"Orsz\u00e1gos B\u00edr\u00f3i Tan\u00e1cs","url":"https:\/\/obt2018.hu\/","logo":{"@type":"ImageObject","inLanguage":"en-US","@id":"https:\/\/obt2018.hu\/#\/schema\/logo\/image\/","url":"https:\/\/obt2018.hu\/wp-content\/uploads\/2018\/10\/logo.png","contentUrl":"https:\/\/obt2018.hu\/wp-content\/uploads\/2018\/10\/logo.png","width":591,"height":591,"caption":"Orsz\u00e1gos B\u00edr\u00f3i Tan\u00e1cs"},"image":{"@id":"https:\/\/obt2018.hu\/#\/schema\/logo\/image\/"}}]}},"jetpack_sharing_enabled":true,"jetpack_shortlink":"https:\/\/wp.me\/PfwhB4-17","jetpack-related-posts":[{"id":2434,"url":"https:\/\/obt2018.hu\/en\/2023-2\/","url_meta":{"origin":69,"position":0},"title":"(Magyar) 2023","author":"szgabor1976","date":"Wednesday January  4th, 2023","format":false,"excerpt":"Sorry, this entry is only available in Magyar.","rel":"","context":"Similar post","block_context":{"text":"Similar post","link":""},"img":{"alt_text":"","src":"","width":0,"height":0},"classes":[]},{"id":934,"url":"https:\/\/obt2018.hu\/en\/ulesek\/","url_meta":{"origin":69,"position":1},"title":"Meetings","author":"szgabor1976","date":"Monday January 21st, 2019","format":false,"excerpt":"\u00a0 Annual meeting schedules Scheduled agenda items for the 1st semester of 2018: Submissions related to the operation of NJC ensuring the operation conditions of NJC, amendment of the organisational and operational rules deregulation of the resolutions and recommendations of NJC code of conduct of the NJC office Reports, assessments:\u2026","rel":"","context":"Similar post","block_context":{"text":"Similar post","link":""},"img":{"alt_text":"","src":"","width":0,"height":0},"classes":[]},{"id":106,"url":"https:\/\/obt2018.hu\/en\/tortenetunk\/","url_meta":{"origin":69,"position":2},"title":"Our story","author":"szgabor1976","date":"Tuesday September 25th, 2018","format":false,"excerpt":"2018. november \u00a0 2018.11.26. A Magyar Tudom\u00e1nyos Akad\u00e9mia Jogtudom\u00e1nyi Int\u00e9zete angol nyelv\u0171 konferenci\u00e1t rendezett b\u00edr\u00f3s\u00e1gi igazgat\u00e1si modellek t\u00e9m\u00e1j\u00e1ban, amelyen r\u00e9szt vett dr. Matusik Tam\u00e1s \u00e9s dr. Vad\u00e1sz Viktor OBT tagok. 2018.11.15-17. A Magyar Orsz\u00e1gos K\u00f6zjegyz\u0151i Kamara 30. Region\u00e1lis Kollokvium\u00e1n dr. Csontos Katalin, dr. Matusik Tam\u00e1s \u00e9s dr. Vad\u00e1sz Viktor k\u00e9pviselte\u2026","rel":"","context":"Similar post","block_context":{"text":"Similar post","link":""},"img":{"alt_text":"","src":"","width":0,"height":0},"classes":[]},{"id":89,"url":"https:\/\/obt2018.hu\/en\/koltsegvetes\/","url_meta":{"origin":69,"position":3},"title":"Budget","author":"szgabor1976","date":"Tuesday September 25th, 2018","format":false,"excerpt":"\u00a0 \u201eNJC expresses its opinion on court budgets and the report on the implementation thereof, examines the economic and financial management of courts, expresses opinions on the detailed conditions and the rates of the benefits of judges and judicial employees. The budget of NJC is displayed separately within the NJO\u2026","rel":"","context":"Similar post","block_context":{"text":"Similar post","link":""},"img":{"alt_text":"","src":"","width":0,"height":0},"classes":[]},{"id":118,"url":"https:\/\/obt2018.hu\/en\/tevekenysegek\/","url_meta":{"origin":69,"position":4},"title":"Tev\u00e9kenys\u00e9gek","author":"szgabor1976","date":"Tuesday September 25th, 2018","format":false,"excerpt":"","rel":"","context":"Similar post","block_context":{"text":"Similar post","link":""},"img":{"alt_text":"","src":"","width":0,"height":0},"classes":[]},{"id":83,"url":"https:\/\/obt2018.hu\/en\/felugyelet\/","url_meta":{"origin":69,"position":5},"title":"Supervision","author":"szgabor1976","date":"Tuesday September 25th, 2018","format":false,"excerpt":"\u00a0 \u201eThe central responsibilities of the administration of the courts shall be performed by the President of the National Office for the Judiciary. The National Judicial Council shall supervise the central administration of the courts.\" \u00a0 The most pivotal duty of NJC is defined by Article 25. of the Fundamental\u2026","rel":"","context":"Similar post","block_context":{"text":"Similar post","link":""},"img":{"alt_text":"","src":"","width":0,"height":0},"classes":[]}],"jetpack_likes_enabled":true,"_links":{"self":[{"href":"https:\/\/obt2018.hu\/en\/wp-json\/wp\/v2\/pages\/69","targetHints":{"allow":["GET"]}}],"collection":[{"href":"https:\/\/obt2018.hu\/en\/wp-json\/wp\/v2\/pages"}],"about":[{"href":"https:\/\/obt2018.hu\/en\/wp-json\/wp\/v2\/types\/page"}],"author":[{"embeddable":true,"href":"https:\/\/obt2018.hu\/en\/wp-json\/wp\/v2\/users\/1"}],"replies":[{"embeddable":true,"href":"https:\/\/obt2018.hu\/en\/wp-json\/wp\/v2\/comments?post=69"}],"version-history":[{"count":7,"href":"https:\/\/obt2018.hu\/en\/wp-json\/wp\/v2\/pages\/69\/revisions"}],"predecessor-version":[{"id":640,"href":"https:\/\/obt2018.hu\/en\/wp-json\/wp\/v2\/pages\/69\/revisions\/640"}],"wp:attachment":[{"href":"https:\/\/obt2018.hu\/en\/wp-json\/wp\/v2\/media?parent=69"}],"curies":[{"name":"wp","href":"https:\/\/api.w.org\/{rel}","templated":true}]}}