{"id":77,"date":"2018-09-25T17:24:33","date_gmt":"2018-09-25T15:24:33","guid":{"rendered":"https:\/\/obt2018.hu\/?page_id=77"},"modified":"2019-01-28T17:44:08","modified_gmt":"2019-01-28T16:44:08","slug":"kozlemenyek-irasok","status":"publish","type":"page","link":"https:\/\/obt2018.hu\/en\/kozlemenyek-irasok\/","title":{"rendered":"Publications, articles"},"content":{"rendered":"<p>\r\n\t\t<div class=\"fancy-title\" style=\"margin: ; text-align: center;\">\r\n\t\t\t<h2 style=\"color:#1f1f1f; font-size:40px; text-align: center;\">\r\n\t\t\t\t<small style=\"color:#3a3a3a; font-size:28px;\"><\/small>\r\n\t\t\t\tPublications, articles\r\n\t\t\t\t<span style=\"color:#9cc914;\"><\/span>\r\n\t\t\t<\/h2>\r\n\t\t<\/div>\r\n\t\t<br \/>\n<div class=\"spacecode\" style=\"height:60px;\"><\/div><br \/>\n<div class=\"post_style1_area\"><div class=\"post_block_style1 \"><div class=\"style1-post-thumb\"><a href=\"https:\/\/obt2018.hu\/en\/megalakult-az-uj-orszagos-biroi-tanacs\/\" title=\"(Magyar) Megalakult az \u00faj Orsz\u00e1gos B\u00edr\u00f3i Tan\u00e1cs\"><img loading=\"lazy\" decoding=\"async\" width=\"300\" height=\"300\" src=\"https:\/\/obt2018.hu\/wp-content\/uploads\/2018\/10\/blog.jpg\" class=\"attachment-full size-full wp-post-image\" alt=\"\" srcset=\"https:\/\/obt2018.hu\/wp-content\/uploads\/2018\/10\/blog.jpg 300w, https:\/\/obt2018.hu\/wp-content\/uploads\/2018\/10\/blog-150x150.jpg 150w\" sizes=\"auto, (max-width: 300px) 100vw, 300px\" data-attachment-id=\"328\" data-permalink=\"https:\/\/obt2018.hu\/en\/elindult-az-orszagos-biroi-tanacs-honlapja\/blog\/\" data-orig-file=\"https:\/\/obt2018.hu\/wp-content\/uploads\/2018\/10\/blog.jpg\" data-orig-size=\"300,300\" data-comments-opened=\"0\" data-image-meta=\"{&quot;aperture&quot;:&quot;0&quot;,&quot;credit&quot;:&quot;&quot;,&quot;camera&quot;:&quot;&quot;,&quot;caption&quot;:&quot;&quot;,&quot;created_timestamp&quot;:&quot;0&quot;,&quot;copyright&quot;:&quot;&quot;,&quot;focal_length&quot;:&quot;0&quot;,&quot;iso&quot;:&quot;0&quot;,&quot;shutter_speed&quot;:&quot;0&quot;,&quot;title&quot;:&quot;&quot;,&quot;orientation&quot;:&quot;0&quot;}\" data-image-title=\"blog\" data-image-description=\"\" data-image-caption=\"\" data-medium-file=\"https:\/\/obt2018.hu\/wp-content\/uploads\/2018\/10\/blog.jpg\" data-large-file=\"https:\/\/obt2018.hu\/wp-content\/uploads\/2018\/10\/blog.jpg\" \/><\/a><\/div><h3><a href=\"https:\/\/obt2018.hu\/en\/megalakult-az-uj-orszagos-biroi-tanacs\/\" title=\"(Magyar) Megalakult az \u00faj Orsz\u00e1gos B\u00edr\u00f3i Tan\u00e1cs\">(Magyar) Megalakult az \u00faj Orsz\u00e1gos B\u00edr\u00f3i Tan\u00e1cs<\/a><\/h3>\r\n\t\t\t\t<div class=\"post_block_style1_meta\">\r\n                \t<span><a href=\"https:\/\/obt2018.hu\/en\/author\/csontos-katalin\/\"><i class=\"fa fa-user fa-lg\"><\/i> Csontos Katalin<\/a><\/span><span><i class=\"fa fa-calendar\"><\/i>January 30, 2024<\/span>\r\n                <\/div>\r\n\t\t\t\t<p>Sorry, this entry is only available in Magyar.<\/p>\r\n\t\t\t\t<a class=\"sktmore\" href=\"https:\/\/obt2018.hu\/en\/megalakult-az-uj-orszagos-biroi-tanacs\/\"><\/a> \r\n\t\t\t\t<\/div><div class=\"post_block_style1 \"><div class=\"style1-post-thumb\"><a href=\"https:\/\/obt2018.hu\/en\/elkoszones\/\" title=\"(Magyar) Elk\u00f6sz\u00f6n\u00e9s\"><img loading=\"lazy\" decoding=\"async\" width=\"300\" height=\"300\" src=\"https:\/\/obt2018.hu\/wp-content\/uploads\/2024\/01\/kozlemeny.jpg\" class=\"attachment-full size-full wp-post-image\" alt=\"\" srcset=\"https:\/\/obt2018.hu\/wp-content\/uploads\/2024\/01\/kozlemeny.jpg 300w, https:\/\/obt2018.hu\/wp-content\/uploads\/2024\/01\/kozlemeny-150x150.jpg 150w\" sizes=\"auto, (max-width: 300px) 100vw, 300px\" data-attachment-id=\"2821\" data-permalink=\"https:\/\/obt2018.hu\/en\/elkoszones\/kozlemeny-2\/\" data-orig-file=\"https:\/\/obt2018.hu\/wp-content\/uploads\/2024\/01\/kozlemeny.jpg\" data-orig-size=\"300,300\" data-comments-opened=\"0\" data-image-meta=\"{&quot;aperture&quot;:&quot;0&quot;,&quot;credit&quot;:&quot;&quot;,&quot;camera&quot;:&quot;&quot;,&quot;caption&quot;:&quot;&quot;,&quot;created_timestamp&quot;:&quot;0&quot;,&quot;copyright&quot;:&quot;&quot;,&quot;focal_length&quot;:&quot;0&quot;,&quot;iso&quot;:&quot;0&quot;,&quot;shutter_speed&quot;:&quot;0&quot;,&quot;title&quot;:&quot;&quot;,&quot;orientation&quot;:&quot;0&quot;}\" data-image-title=\"k\u00f6zlem\u00e9ny\" data-image-description=\"\" data-image-caption=\"\" data-medium-file=\"https:\/\/obt2018.hu\/wp-content\/uploads\/2024\/01\/kozlemeny.jpg\" data-large-file=\"https:\/\/obt2018.hu\/wp-content\/uploads\/2024\/01\/kozlemeny.jpg\" \/><\/a><\/div><h3><a href=\"https:\/\/obt2018.hu\/en\/elkoszones\/\" title=\"(Magyar) Elk\u00f6sz\u00f6n\u00e9s\">(Magyar) Elk\u00f6sz\u00f6n\u00e9s<\/a><\/h3>\r\n\t\t\t\t<div class=\"post_block_style1_meta\">\r\n                \t<span><a href=\"https:\/\/obt2018.hu\/en\/author\/szgabor1976\/\"><i class=\"fa fa-user fa-lg\"><\/i> szgabor1976<\/a><\/span><span><i class=\"fa fa-calendar\"><\/i>January 25, 2024<\/span>\r\n                <\/div>\r\n\t\t\t\t<p>Sorry, this entry is only available in Magyar.<\/p>\r\n\t\t\t\t<a class=\"sktmore\" href=\"https:\/\/obt2018.hu\/en\/elkoszones\/\"><\/a> \r\n\t\t\t\t<\/div><div class=\"post_block_style1 \"><div class=\"style1-post-thumb\"><a href=\"https:\/\/obt2018.hu\/en\/az-obt-kozlemenye-a-kuria-elnokenek-levelerol-az-obt-valasztas-kapcsan\/\" title=\"(Magyar) Az OBT k\u00f6zlem\u00e9nye a K\u00faria eln\u00f6k\u00e9nek level\u00e9r\u0151l az OBT v\u00e1laszt\u00e1s kapcs\u00e1n\"><img loading=\"lazy\" decoding=\"async\" width=\"300\" height=\"300\" src=\"https:\/\/obt2018.hu\/wp-content\/uploads\/2018\/10\/blog.jpg\" class=\"attachment-full size-full wp-post-image\" alt=\"\" srcset=\"https:\/\/obt2018.hu\/wp-content\/uploads\/2018\/10\/blog.jpg 300w, https:\/\/obt2018.hu\/wp-content\/uploads\/2018\/10\/blog-150x150.jpg 150w\" sizes=\"auto, (max-width: 300px) 100vw, 300px\" data-attachment-id=\"328\" data-permalink=\"https:\/\/obt2018.hu\/en\/elindult-az-orszagos-biroi-tanacs-honlapja\/blog\/\" data-orig-file=\"https:\/\/obt2018.hu\/wp-content\/uploads\/2018\/10\/blog.jpg\" data-orig-size=\"300,300\" data-comments-opened=\"0\" data-image-meta=\"{&quot;aperture&quot;:&quot;0&quot;,&quot;credit&quot;:&quot;&quot;,&quot;camera&quot;:&quot;&quot;,&quot;caption&quot;:&quot;&quot;,&quot;created_timestamp&quot;:&quot;0&quot;,&quot;copyright&quot;:&quot;&quot;,&quot;focal_length&quot;:&quot;0&quot;,&quot;iso&quot;:&quot;0&quot;,&quot;shutter_speed&quot;:&quot;0&quot;,&quot;title&quot;:&quot;&quot;,&quot;orientation&quot;:&quot;0&quot;}\" data-image-title=\"blog\" data-image-description=\"\" data-image-caption=\"\" data-medium-file=\"https:\/\/obt2018.hu\/wp-content\/uploads\/2018\/10\/blog.jpg\" data-large-file=\"https:\/\/obt2018.hu\/wp-content\/uploads\/2018\/10\/blog.jpg\" \/><\/a><\/div><h3><a href=\"https:\/\/obt2018.hu\/en\/az-obt-kozlemenye-a-kuria-elnokenek-levelerol-az-obt-valasztas-kapcsan\/\" title=\"(Magyar) Az OBT k\u00f6zlem\u00e9nye a K\u00faria eln\u00f6k\u00e9nek level\u00e9r\u0151l az OBT v\u00e1laszt\u00e1s kapcs\u00e1n\">(Magyar) Az OBT k\u00f6zlem\u00e9nye a K\u00faria eln\u00f6k\u00e9nek level\u00e9r\u0151l az OBT v\u00e1laszt\u00e1s kapcs\u00e1n<\/a><\/h3>\r\n\t\t\t\t<div class=\"post_block_style1_meta\">\r\n                \t<span><a href=\"https:\/\/obt2018.hu\/en\/author\/csontos-katalin\/\"><i class=\"fa fa-user fa-lg\"><\/i> Csontos Katalin<\/a><\/span><span><i class=\"fa fa-calendar\"><\/i>December 21, 2023<\/span>\r\n                <\/div>\r\n\t\t\t\t<p>Sorry, this entry is only available in Magyar.<\/p>\r\n\t\t\t\t<a class=\"sktmore\" href=\"https:\/\/obt2018.hu\/en\/az-obt-kozlemenye-a-kuria-elnokenek-levelerol-az-obt-valasztas-kapcsan\/\"><\/a> \r\n\t\t\t\t<\/div><div class=\"post_block_style1 no_margin_right\"><div class=\"style1-post-thumb\"><a href=\"https:\/\/obt2018.hu\/en\/bemutatkozo-latogatason-jart-david-pressman\/\" title=\"(Magyar) Bemutatkoz\u00f3 l\u00e1togat\u00e1son j\u00e1rt David Pressman\"><img loading=\"lazy\" decoding=\"async\" width=\"300\" height=\"300\" src=\"https:\/\/obt2018.hu\/wp-content\/uploads\/2023\/11\/kozlemeny-bemutatkozo-latogatason-jart-David-Pressman1.jpg\" class=\"attachment-full size-full wp-post-image\" alt=\"\" srcset=\"https:\/\/obt2018.hu\/wp-content\/uploads\/2023\/11\/kozlemeny-bemutatkozo-latogatason-jart-David-Pressman1.jpg 300w, https:\/\/obt2018.hu\/wp-content\/uploads\/2023\/11\/kozlemeny-bemutatkozo-latogatason-jart-David-Pressman1-150x150.jpg 150w\" sizes=\"auto, (max-width: 300px) 100vw, 300px\" data-attachment-id=\"2772\" data-permalink=\"https:\/\/obt2018.hu\/en\/bemutatkozo-latogatason-jart-david-pressman\/kozlemeny-bemutatkozo-latogatason-jart-david-pressman1\/\" data-orig-file=\"https:\/\/obt2018.hu\/wp-content\/uploads\/2023\/11\/kozlemeny-bemutatkozo-latogatason-jart-David-Pressman1.jpg\" data-orig-size=\"300,300\" data-comments-opened=\"0\" data-image-meta=\"{&quot;aperture&quot;:&quot;0&quot;,&quot;credit&quot;:&quot;&quot;,&quot;camera&quot;:&quot;&quot;,&quot;caption&quot;:&quot;&quot;,&quot;created_timestamp&quot;:&quot;0&quot;,&quot;copyright&quot;:&quot;&quot;,&quot;focal_length&quot;:&quot;0&quot;,&quot;iso&quot;:&quot;0&quot;,&quot;shutter_speed&quot;:&quot;0&quot;,&quot;title&quot;:&quot;&quot;,&quot;orientation&quot;:&quot;0&quot;}\" data-image-title=\"k\u00f6zlem\u00e9ny-bemutatkoz\u00f3-l\u00e1togat\u00e1son-j\u00e1rt-David-Pressman1\" data-image-description=\"\" data-image-caption=\"\" data-medium-file=\"https:\/\/obt2018.hu\/wp-content\/uploads\/2023\/11\/kozlemeny-bemutatkozo-latogatason-jart-David-Pressman1.jpg\" data-large-file=\"https:\/\/obt2018.hu\/wp-content\/uploads\/2023\/11\/kozlemeny-bemutatkozo-latogatason-jart-David-Pressman1.jpg\" \/><\/a><\/div><h3><a href=\"https:\/\/obt2018.hu\/en\/bemutatkozo-latogatason-jart-david-pressman\/\" title=\"(Magyar) Bemutatkoz\u00f3 l\u00e1togat\u00e1son j\u00e1rt David Pressman\">(Magyar) Bemutatkoz\u00f3 l\u00e1togat\u00e1son j\u00e1rt David Pressman<\/a><\/h3>\r\n\t\t\t\t<div class=\"post_block_style1_meta\">\r\n                \t<span><a href=\"https:\/\/obt2018.hu\/en\/author\/csontos-katalin\/\"><i class=\"fa fa-user fa-lg\"><\/i> Csontos Katalin<\/a><\/span><span><i class=\"fa fa-calendar\"><\/i>November 15, 2023<\/span>\r\n                <\/div>\r\n\t\t\t\t<p>Sorry, this entry is only available in Magyar.<\/p>\r\n\t\t\t\t<a class=\"sktmore\" href=\"https:\/\/obt2018.hu\/en\/bemutatkozo-latogatason-jart-david-pressman\/\"><\/a> \r\n\t\t\t\t<\/div><div class=\"clear\"><\/div><\/div><br \/>\n<div class=\"spacecode\" style=\"height:60px;\"><\/div><br \/>\n\r\n\t\t<div class=\"button \" style=\"text-align:center;\"><a class=\"sktmore\" style=\"background-color: #36767c; color: #fff;\" href=\"https:\/\/obt2018.hu\/obt-kozlemenyek\/\">More publications, articles<\/a><\/div><\/p>","protected":false},"excerpt":{"rendered":"","protected":false},"author":1,"featured_media":0,"parent":0,"menu_order":0,"comment_status":"closed","ping_status":"closed","template":"templates\/page-nosidebar_template.php","meta":{"jetpack_post_was_ever_published":false,"footnotes":""},"class_list":["post-77","page","type-page","status-publish","hentry"],"yoast_head":"<!-- This site is optimized with the Yoast SEO plugin v27.2 - https:\/\/yoast.com\/product\/yoast-seo-wordpress\/ -->\n<title>Publications, articles - Orsz\u00e1gos B\u00edr\u00f3i Tan\u00e1cs<\/title>\n<meta name=\"robots\" content=\"index, follow, max-snippet:-1, max-image-preview:large, max-video-preview:-1\" \/>\n<link rel=\"canonical\" href=\"https:\/\/obt2018.hu\/kozlemenyek-irasok\/\" \/>\n<meta property=\"og:locale\" content=\"en_US\" \/>\n<meta property=\"og:type\" content=\"article\" \/>\n<meta property=\"og:title\" content=\"[:hu]K\u00f6zlem\u00e9nyek, \u00edr\u00e1sok[:en]Publications, articles[:] - Orsz\u00e1gos B\u00edr\u00f3i Tan\u00e1cs\" \/>\n<meta property=\"og:url\" content=\"https:\/\/obt2018.hu\/kozlemenyek-irasok\/\" \/>\n<meta property=\"og:site_name\" content=\"Orsz\u00e1gos B\u00edr\u00f3i Tan\u00e1cs\" \/>\n<meta property=\"article:modified_time\" content=\"2019-01-28T16:44:08+00:00\" \/>\n<meta name=\"twitter:card\" content=\"summary_large_image\" \/>\n<script type=\"application\/ld+json\" class=\"yoast-schema-graph\">{\"@context\":\"https:\/\/schema.org\",\"@graph\":[{\"@type\":\"WebPage\",\"@id\":\"https:\/\/obt2018.hu\/kozlemenyek-irasok\/\",\"url\":\"https:\/\/obt2018.hu\/kozlemenyek-irasok\/\",\"name\":\"[:hu]K\u00f6zlem\u00e9nyek, \u00edr\u00e1sok[:en]Publications, articles[:] - Orsz\u00e1gos B\u00edr\u00f3i Tan\u00e1cs\",\"isPartOf\":{\"@id\":\"https:\/\/obt2018.hu\/#website\"},\"datePublished\":\"2018-09-25T15:24:33+00:00\",\"dateModified\":\"2019-01-28T16:44:08+00:00\",\"breadcrumb\":{\"@id\":\"https:\/\/obt2018.hu\/kozlemenyek-irasok\/#breadcrumb\"},\"inLanguage\":\"en-US\",\"potentialAction\":[{\"@type\":\"ReadAction\",\"target\":[\"https:\/\/obt2018.hu\/kozlemenyek-irasok\/\"]}]},{\"@type\":\"BreadcrumbList\",\"@id\":\"https:\/\/obt2018.hu\/kozlemenyek-irasok\/#breadcrumb\",\"itemListElement\":[{\"@type\":\"ListItem\",\"position\":1,\"name\":\"Home\",\"item\":\"https:\/\/obt2018.hu\/\"},{\"@type\":\"ListItem\",\"position\":2,\"name\":\"K\u00f6zlem\u00e9nyek, \u00edr\u00e1sok\"}]},{\"@type\":\"WebSite\",\"@id\":\"https:\/\/obt2018.hu\/#website\",\"url\":\"https:\/\/obt2018.hu\/\",\"name\":\"OBT 2018\",\"description\":\"Az Orsz\u00e1gos B\u00edr\u00f3i Tan\u00e1cs honlapja\",\"publisher\":{\"@id\":\"https:\/\/obt2018.hu\/#organization\"},\"potentialAction\":[{\"@type\":\"SearchAction\",\"target\":{\"@type\":\"EntryPoint\",\"urlTemplate\":\"https:\/\/obt2018.hu\/?s={search_term_string}\"},\"query-input\":{\"@type\":\"PropertyValueSpecification\",\"valueRequired\":true,\"valueName\":\"search_term_string\"}}],\"inLanguage\":\"en-US\"},{\"@type\":\"Organization\",\"@id\":\"https:\/\/obt2018.hu\/#organization\",\"name\":\"Orsz\u00e1gos B\u00edr\u00f3i Tan\u00e1cs\",\"url\":\"https:\/\/obt2018.hu\/\",\"logo\":{\"@type\":\"ImageObject\",\"inLanguage\":\"en-US\",\"@id\":\"https:\/\/obt2018.hu\/#\/schema\/logo\/image\/\",\"url\":\"https:\/\/obt2018.hu\/wp-content\/uploads\/2018\/10\/logo.png\",\"contentUrl\":\"https:\/\/obt2018.hu\/wp-content\/uploads\/2018\/10\/logo.png\",\"width\":591,\"height\":591,\"caption\":\"Orsz\u00e1gos B\u00edr\u00f3i Tan\u00e1cs\"},\"image\":{\"@id\":\"https:\/\/obt2018.hu\/#\/schema\/logo\/image\/\"}}]}<\/script>\n<!-- \/ Yoast SEO plugin. -->","yoast_head_json":{"title":"[:hu]K\u00f6zlem\u00e9nyek, \u00edr\u00e1sok[:en]Publications, articles[:] - Orsz\u00e1gos B\u00edr\u00f3i Tan\u00e1cs","robots":{"index":"index","follow":"follow","max-snippet":"max-snippet:-1","max-image-preview":"max-image-preview:large","max-video-preview":"max-video-preview:-1"},"canonical":"https:\/\/obt2018.hu\/kozlemenyek-irasok\/","og_locale":"en_US","og_type":"article","og_title":"[:hu]K\u00f6zlem\u00e9nyek, \u00edr\u00e1sok[:en]Publications, articles[:] - Orsz\u00e1gos B\u00edr\u00f3i Tan\u00e1cs","og_url":"https:\/\/obt2018.hu\/kozlemenyek-irasok\/","og_site_name":"Orsz\u00e1gos B\u00edr\u00f3i Tan\u00e1cs","article_modified_time":"2019-01-28T16:44:08+00:00","twitter_card":"summary_large_image","schema":{"@context":"https:\/\/schema.org","@graph":[{"@type":"WebPage","@id":"https:\/\/obt2018.hu\/kozlemenyek-irasok\/","url":"https:\/\/obt2018.hu\/kozlemenyek-irasok\/","name":"[:hu]K\u00f6zlem\u00e9nyek, \u00edr\u00e1sok[:en]Publications, articles[:] - Orsz\u00e1gos B\u00edr\u00f3i Tan\u00e1cs","isPartOf":{"@id":"https:\/\/obt2018.hu\/#website"},"datePublished":"2018-09-25T15:24:33+00:00","dateModified":"2019-01-28T16:44:08+00:00","breadcrumb":{"@id":"https:\/\/obt2018.hu\/kozlemenyek-irasok\/#breadcrumb"},"inLanguage":"en-US","potentialAction":[{"@type":"ReadAction","target":["https:\/\/obt2018.hu\/kozlemenyek-irasok\/"]}]},{"@type":"BreadcrumbList","@id":"https:\/\/obt2018.hu\/kozlemenyek-irasok\/#breadcrumb","itemListElement":[{"@type":"ListItem","position":1,"name":"Home","item":"https:\/\/obt2018.hu\/"},{"@type":"ListItem","position":2,"name":"K\u00f6zlem\u00e9nyek, \u00edr\u00e1sok"}]},{"@type":"WebSite","@id":"https:\/\/obt2018.hu\/#website","url":"https:\/\/obt2018.hu\/","name":"OBT 2018","description":"Az Orsz\u00e1gos B\u00edr\u00f3i Tan\u00e1cs honlapja","publisher":{"@id":"https:\/\/obt2018.hu\/#organization"},"potentialAction":[{"@type":"SearchAction","target":{"@type":"EntryPoint","urlTemplate":"https:\/\/obt2018.hu\/?s={search_term_string}"},"query-input":{"@type":"PropertyValueSpecification","valueRequired":true,"valueName":"search_term_string"}}],"inLanguage":"en-US"},{"@type":"Organization","@id":"https:\/\/obt2018.hu\/#organization","name":"Orsz\u00e1gos B\u00edr\u00f3i Tan\u00e1cs","url":"https:\/\/obt2018.hu\/","logo":{"@type":"ImageObject","inLanguage":"en-US","@id":"https:\/\/obt2018.hu\/#\/schema\/logo\/image\/","url":"https:\/\/obt2018.hu\/wp-content\/uploads\/2018\/10\/logo.png","contentUrl":"https:\/\/obt2018.hu\/wp-content\/uploads\/2018\/10\/logo.png","width":591,"height":591,"caption":"Orsz\u00e1gos B\u00edr\u00f3i Tan\u00e1cs"},"image":{"@id":"https:\/\/obt2018.hu\/#\/schema\/logo\/image\/"}}]}},"jetpack_sharing_enabled":true,"jetpack_shortlink":"https:\/\/wp.me\/PfwhB4-1f","jetpack-related-posts":[{"id":133,"url":"https:\/\/obt2018.hu\/en\/tagok-1\/","url_meta":{"origin":77,"position":0},"title":"Tagok 1","author":"szgabor1976","date":"Tuesday September 25th, 2018","format":false,"excerpt":"","rel":"","context":"Similar post","block_context":{"text":"Similar post","link":""},"img":{"alt_text":"","src":"","width":0,"height":0},"classes":[]},{"id":111,"url":"https:\/\/obt2018.hu\/en\/kis-menu\/","url_meta":{"origin":77,"position":1},"title":"Kis Men\u00fc","author":"szgabor1976","date":"Tuesday September 25th, 2018","format":false,"excerpt":"","rel":"","context":"Similar post","block_context":{"text":"Similar post","link":""},"img":{"alt_text":"","src":"","width":0,"height":0},"classes":[]},{"id":45,"url":"https:\/\/obt2018.hu\/en\/udvozles\/","url_meta":{"origin":77,"position":2},"title":"Welcome","author":"szgabor1976","date":"Tuesday September 25th, 2018","format":false,"excerpt":"","rel":"","context":"Similar post","block_context":{"text":"Similar post","link":""},"img":{"alt_text":"","src":"","width":0,"height":0},"classes":[]},{"id":118,"url":"https:\/\/obt2018.hu\/en\/tevekenysegek\/","url_meta":{"origin":77,"position":3},"title":"Tev\u00e9kenys\u00e9gek","author":"szgabor1976","date":"Tuesday September 25th, 2018","format":false,"excerpt":"","rel":"","context":"Similar post","block_context":{"text":"Similar post","link":""},"img":{"alt_text":"","src":"","width":0,"height":0},"classes":[]},{"id":22,"url":"https:\/\/obt2018.hu\/en\/obt-kozlemenyek\/","url_meta":{"origin":77,"position":4},"title":"OBT k\u00f6zlem\u00e9nyek","author":"szgabor1976","date":"Tuesday September 25th, 2018","format":false,"excerpt":"","rel":"","context":"Similar post","block_context":{"text":"Similar post","link":""},"img":{"alt_text":"","src":"","width":0,"height":0},"classes":[]},{"id":1206,"url":"https:\/\/obt2018.hu\/en\/hatarozatok\/","url_meta":{"origin":77,"position":5},"title":"h","author":"szgabor1976","date":"Thursday September 26th, 2019","format":false,"excerpt":"Sorry, this entry is only available in Magyar.","rel":"","context":"Similar post","block_context":{"text":"Similar post","link":""},"img":{"alt_text":"","src":"","width":0,"height":0},"classes":[]}],"jetpack_likes_enabled":true,"_links":{"self":[{"href":"https:\/\/obt2018.hu\/en\/wp-json\/wp\/v2\/pages\/77","targetHints":{"allow":["GET"]}}],"collection":[{"href":"https:\/\/obt2018.hu\/en\/wp-json\/wp\/v2\/pages"}],"about":[{"href":"https:\/\/obt2018.hu\/en\/wp-json\/wp\/v2\/types\/page"}],"author":[{"embeddable":true,"href":"https:\/\/obt2018.hu\/en\/wp-json\/wp\/v2\/users\/1"}],"replies":[{"embeddable":true,"href":"https:\/\/obt2018.hu\/en\/wp-json\/wp\/v2\/comments?post=77"}],"version-history":[{"count":14,"href":"https:\/\/obt2018.hu\/en\/wp-json\/wp\/v2\/pages\/77\/revisions"}],"predecessor-version":[{"id":952,"href":"https:\/\/obt2018.hu\/en\/wp-json\/wp\/v2\/pages\/77\/revisions\/952"}],"wp:attachment":[{"href":"https:\/\/obt2018.hu\/en\/wp-json\/wp\/v2\/media?parent=77"}],"curies":[{"name":"wp","href":"https:\/\/api.w.org\/{rel}","templated":true}]}}