{"id":83,"date":"2018-09-25T17:44:01","date_gmt":"2018-09-25T15:44:01","guid":{"rendered":"https:\/\/obt2018.hu\/?page_id=83"},"modified":"2019-01-21T16:06:50","modified_gmt":"2019-01-21T15:06:50","slug":"felugyelet","status":"publish","type":"page","link":"https:\/\/obt2018.hu\/en\/felugyelet\/","title":{"rendered":"Supervision"},"content":{"rendered":"<p>&nbsp;<\/p>\n<hr \/>\n<p style=\"text-align: center;\">\u201eThe central responsibilities of the administration of the courts shall be<br \/>\nperformed by the President of the National Office for the Judiciary. The National<br \/>\nJudicial Council shall supervise the central administration of the courts.&#8221;<\/p>\n<hr \/>\n<p>&nbsp;<\/p>\n<p>The most pivotal duty of NJC is defined by Article 25. of the Fundamental Law of Hungary, according to which NJC supervises the central administration of courts, which is carried out by the President of NOJ.<\/p>\n<p>Point a) of paragraph (1) of Article 103 of the Court Organisation Act regulates supervisory power as follows: in the area of general central administration NJC shall examine the central administrative activity of the President of NOJ and if necessary, notifies the President of the NOJ of any problems.<\/p>\n<p>In the administrative system established by the legislature as of January 1, 2012 the central administration of courts is carried out by one person, the President of NOJ. The President of NOJ received the administrative powers of the former National Council of Justice (NCJ) and its President (appointment of senior judicial executives, adjudication of judicial applications, budgetary powers, powers related to staff management, expressing opinions on draft legislation, training of judges). According to the ministerial commentary of the Act \u201csince a wide range of toolsneeds to be provided for the central administration, it is an essential requirement when establishing the system to ensure that the central administration itself is controlled and accountable\u201d. Therefore, the legislator has set up a panel solely consistedof and elected by judges through a secret ballot, the National Judicial Council, which carries out supervisory and commentary functions, and in some cases exercises the right to consent.<\/p>\n<p>The ministerial commentary draws the attention to the fact that the President of NOJ does not operate without control, because the National Assembly has the right to remove the President from office (by the motion of the President of the Republic or that of NJC) and the NJC exercises revising and awareness-raising powers over the President. To this end, NJC has the right to draw the attention (notify) to irregularities detected during its supervision of the central administration, and ultimately, initiate the removal from office of the President of the NOJ.<\/p>","protected":false},"excerpt":{"rendered":"<p>&nbsp; \u201eThe central responsibilities of the administration of the courts shall be performed by the President of the National Office for the Judiciary. The National Judicial Council shall supervise the central administration of the courts.&#8221; &nbsp; The most pivotal duty of NJC is defined by Article 25. of the Fundamental Law of Hungary, according to<br \/><a class=\"moretag\" href=\"https:\/\/obt2018.hu\/en\/felugyelet\/\">+ Read More<\/a><\/p>\n","protected":false},"author":1,"featured_media":0,"parent":0,"menu_order":0,"comment_status":"closed","ping_status":"closed","template":"templates\/page-nosidebar_template.php","meta":{"jetpack_post_was_ever_published":false,"footnotes":""},"class_list":["post-83","page","type-page","status-publish","hentry"],"yoast_head":"<!-- This site is optimized with the Yoast SEO plugin v27.2 - https:\/\/yoast.com\/product\/yoast-seo-wordpress\/ -->\n<title>Supervision - Orsz\u00e1gos B\u00edr\u00f3i Tan\u00e1cs<\/title>\n<meta name=\"robots\" content=\"index, follow, max-snippet:-1, max-image-preview:large, max-video-preview:-1\" \/>\n<link rel=\"canonical\" href=\"https:\/\/obt2018.hu\/felugyelet\/\" \/>\n<meta property=\"og:locale\" content=\"en_US\" \/>\n<meta property=\"og:type\" content=\"article\" \/>\n<meta property=\"og:title\" content=\"[:hu]Fel\u00fcgyelet[:en]Supervision[:] - Orsz\u00e1gos B\u00edr\u00f3i Tan\u00e1cs\" \/>\n<meta property=\"og:description\" content=\"&nbsp; \u201eThe central responsibilities of the administration of the courts shall be performed by the President of the National Office for the Judiciary. The National Judicial Council shall supervise the central administration of the courts.&#8221; &nbsp; The most pivotal duty of NJC is defined by Article 25. of the Fundamental Law of Hungary, according to+ Read More\" \/>\n<meta property=\"og:url\" content=\"https:\/\/obt2018.hu\/felugyelet\/\" \/>\n<meta property=\"og:site_name\" content=\"Orsz\u00e1gos B\u00edr\u00f3i Tan\u00e1cs\" \/>\n<meta property=\"article:modified_time\" content=\"2019-01-21T15:06:50+00:00\" \/>\n<meta name=\"twitter:card\" content=\"summary_large_image\" \/>\n<meta name=\"twitter:label1\" content=\"Est. reading time\" \/>\n\t<meta name=\"twitter:data1\" content=\"4 minutes\" \/>\n<script type=\"application\/ld+json\" class=\"yoast-schema-graph\">{\"@context\":\"https:\/\/schema.org\",\"@graph\":[{\"@type\":\"WebPage\",\"@id\":\"https:\/\/obt2018.hu\/felugyelet\/\",\"url\":\"https:\/\/obt2018.hu\/felugyelet\/\",\"name\":\"[:hu]Fel\u00fcgyelet[:en]Supervision[:] - Orsz\u00e1gos B\u00edr\u00f3i Tan\u00e1cs\",\"isPartOf\":{\"@id\":\"https:\/\/obt2018.hu\/#website\"},\"datePublished\":\"2018-09-25T15:44:01+00:00\",\"dateModified\":\"2019-01-21T15:06:50+00:00\",\"breadcrumb\":{\"@id\":\"https:\/\/obt2018.hu\/felugyelet\/#breadcrumb\"},\"inLanguage\":\"en-US\",\"potentialAction\":[{\"@type\":\"ReadAction\",\"target\":[\"https:\/\/obt2018.hu\/felugyelet\/\"]}]},{\"@type\":\"BreadcrumbList\",\"@id\":\"https:\/\/obt2018.hu\/felugyelet\/#breadcrumb\",\"itemListElement\":[{\"@type\":\"ListItem\",\"position\":1,\"name\":\"Home\",\"item\":\"https:\/\/obt2018.hu\/\"},{\"@type\":\"ListItem\",\"position\":2,\"name\":\"Fel\u00fcgyelet\"}]},{\"@type\":\"WebSite\",\"@id\":\"https:\/\/obt2018.hu\/#website\",\"url\":\"https:\/\/obt2018.hu\/\",\"name\":\"OBT 2018\",\"description\":\"Az Orsz\u00e1gos B\u00edr\u00f3i Tan\u00e1cs honlapja\",\"publisher\":{\"@id\":\"https:\/\/obt2018.hu\/#organization\"},\"potentialAction\":[{\"@type\":\"SearchAction\",\"target\":{\"@type\":\"EntryPoint\",\"urlTemplate\":\"https:\/\/obt2018.hu\/?s={search_term_string}\"},\"query-input\":{\"@type\":\"PropertyValueSpecification\",\"valueRequired\":true,\"valueName\":\"search_term_string\"}}],\"inLanguage\":\"en-US\"},{\"@type\":\"Organization\",\"@id\":\"https:\/\/obt2018.hu\/#organization\",\"name\":\"Orsz\u00e1gos B\u00edr\u00f3i Tan\u00e1cs\",\"url\":\"https:\/\/obt2018.hu\/\",\"logo\":{\"@type\":\"ImageObject\",\"inLanguage\":\"en-US\",\"@id\":\"https:\/\/obt2018.hu\/#\/schema\/logo\/image\/\",\"url\":\"https:\/\/obt2018.hu\/wp-content\/uploads\/2018\/10\/logo.png\",\"contentUrl\":\"https:\/\/obt2018.hu\/wp-content\/uploads\/2018\/10\/logo.png\",\"width\":591,\"height\":591,\"caption\":\"Orsz\u00e1gos B\u00edr\u00f3i Tan\u00e1cs\"},\"image\":{\"@id\":\"https:\/\/obt2018.hu\/#\/schema\/logo\/image\/\"}}]}<\/script>\n<!-- \/ Yoast SEO plugin. -->","yoast_head_json":{"title":"[:hu]Fel\u00fcgyelet[:en]Supervision[:] - Orsz\u00e1gos B\u00edr\u00f3i Tan\u00e1cs","robots":{"index":"index","follow":"follow","max-snippet":"max-snippet:-1","max-image-preview":"max-image-preview:large","max-video-preview":"max-video-preview:-1"},"canonical":"https:\/\/obt2018.hu\/felugyelet\/","og_locale":"en_US","og_type":"article","og_title":"[:hu]Fel\u00fcgyelet[:en]Supervision[:] - Orsz\u00e1gos B\u00edr\u00f3i Tan\u00e1cs","og_description":"&nbsp; \u201eThe central responsibilities of the administration of the courts shall be performed by the President of the National Office for the Judiciary. The National Judicial Council shall supervise the central administration of the courts.&#8221; &nbsp; The most pivotal duty of NJC is defined by Article 25. of the Fundamental Law of Hungary, according to+ Read More","og_url":"https:\/\/obt2018.hu\/felugyelet\/","og_site_name":"Orsz\u00e1gos B\u00edr\u00f3i Tan\u00e1cs","article_modified_time":"2019-01-21T15:06:50+00:00","twitter_card":"summary_large_image","twitter_misc":{"Est. reading time":"4 minutes"},"schema":{"@context":"https:\/\/schema.org","@graph":[{"@type":"WebPage","@id":"https:\/\/obt2018.hu\/felugyelet\/","url":"https:\/\/obt2018.hu\/felugyelet\/","name":"[:hu]Fel\u00fcgyelet[:en]Supervision[:] - Orsz\u00e1gos B\u00edr\u00f3i Tan\u00e1cs","isPartOf":{"@id":"https:\/\/obt2018.hu\/#website"},"datePublished":"2018-09-25T15:44:01+00:00","dateModified":"2019-01-21T15:06:50+00:00","breadcrumb":{"@id":"https:\/\/obt2018.hu\/felugyelet\/#breadcrumb"},"inLanguage":"en-US","potentialAction":[{"@type":"ReadAction","target":["https:\/\/obt2018.hu\/felugyelet\/"]}]},{"@type":"BreadcrumbList","@id":"https:\/\/obt2018.hu\/felugyelet\/#breadcrumb","itemListElement":[{"@type":"ListItem","position":1,"name":"Home","item":"https:\/\/obt2018.hu\/"},{"@type":"ListItem","position":2,"name":"Fel\u00fcgyelet"}]},{"@type":"WebSite","@id":"https:\/\/obt2018.hu\/#website","url":"https:\/\/obt2018.hu\/","name":"OBT 2018","description":"Az Orsz\u00e1gos B\u00edr\u00f3i Tan\u00e1cs honlapja","publisher":{"@id":"https:\/\/obt2018.hu\/#organization"},"potentialAction":[{"@type":"SearchAction","target":{"@type":"EntryPoint","urlTemplate":"https:\/\/obt2018.hu\/?s={search_term_string}"},"query-input":{"@type":"PropertyValueSpecification","valueRequired":true,"valueName":"search_term_string"}}],"inLanguage":"en-US"},{"@type":"Organization","@id":"https:\/\/obt2018.hu\/#organization","name":"Orsz\u00e1gos B\u00edr\u00f3i Tan\u00e1cs","url":"https:\/\/obt2018.hu\/","logo":{"@type":"ImageObject","inLanguage":"en-US","@id":"https:\/\/obt2018.hu\/#\/schema\/logo\/image\/","url":"https:\/\/obt2018.hu\/wp-content\/uploads\/2018\/10\/logo.png","contentUrl":"https:\/\/obt2018.hu\/wp-content\/uploads\/2018\/10\/logo.png","width":591,"height":591,"caption":"Orsz\u00e1gos B\u00edr\u00f3i Tan\u00e1cs"},"image":{"@id":"https:\/\/obt2018.hu\/#\/schema\/logo\/image\/"}}]}},"jetpack_sharing_enabled":true,"jetpack_shortlink":"https:\/\/wp.me\/PfwhB4-1l","jetpack-related-posts":[{"id":69,"url":"https:\/\/obt2018.hu\/en\/2018-2\/","url_meta":{"origin":83,"position":0},"title":"2018","author":"szgabor1976","date":"Tuesday September 25th, 2018","format":false,"excerpt":"\u00a0 2018. I. f\u00e9l\u00e9vre tervezett napirendi pontok: OBT m\u0171k\u00f6d\u00e9s\u00e9vel kapcsolatos el\u0151terjeszt\u00e9sek: az OBT m\u0171k\u00f6d\u00e9si felt\u00e9teleinek biztos\u00edt\u00e1sa, szervezeti \u00e9s m\u0171k\u00f6d\u00e9si szab\u00e1lyzat\u00e1nak m\u00f3dos\u00edt\u00e1sa az OBT hat\u00e1rozatainak, aj\u00e1nl\u00e1sainak deregul\u00e1ci\u00f3ja OBT iroda \u00fcgyviteli szab\u00e1lyzata Besz\u00e1mol\u00f3k, v\u00e9lem\u00e9nyez\u00e9sek: OBH eln\u00f6k f\u00e9l\u00e9ves besz\u00e1mol\u00f3j\u00e1nak megt\u00e1rgyal\u00e1sa a Szolg\u00e1lati B\u00edr\u00f3s\u00e1g eln\u00f6ke besz\u00e1mol\u00f3j\u00e1nak j\u00f3v\u00e1hagy\u00e1sa a V\u00e9grehajt\u00f3i Fegyelmi B\u00edr\u00f3s\u00e1g eln\u00f6ke besz\u00e1mol\u00f3j\u00e1nak j\u00f3v\u00e1hagy\u00e1sa\u2026","rel":"","context":"Similar post","block_context":{"text":"Similar post","link":""},"img":{"alt_text":"","src":"","width":0,"height":0},"classes":[]},{"id":106,"url":"https:\/\/obt2018.hu\/en\/tortenetunk\/","url_meta":{"origin":83,"position":1},"title":"Our story","author":"szgabor1976","date":"Tuesday September 25th, 2018","format":false,"excerpt":"2018. november \u00a0 2018.11.26. A Magyar Tudom\u00e1nyos Akad\u00e9mia Jogtudom\u00e1nyi Int\u00e9zete angol nyelv\u0171 konferenci\u00e1t rendezett b\u00edr\u00f3s\u00e1gi igazgat\u00e1si modellek t\u00e9m\u00e1j\u00e1ban, amelyen r\u00e9szt vett dr. Matusik Tam\u00e1s \u00e9s dr. Vad\u00e1sz Viktor OBT tagok. 2018.11.15-17. A Magyar Orsz\u00e1gos K\u00f6zjegyz\u0151i Kamara 30. Region\u00e1lis Kollokvium\u00e1n dr. Csontos Katalin, dr. Matusik Tam\u00e1s \u00e9s dr. Vad\u00e1sz Viktor k\u00e9pviselte\u2026","rel":"","context":"Similar post","block_context":{"text":"Similar post","link":""},"img":{"alt_text":"","src":"","width":0,"height":0},"classes":[]},{"id":118,"url":"https:\/\/obt2018.hu\/en\/tevekenysegek\/","url_meta":{"origin":83,"position":2},"title":"Tev\u00e9kenys\u00e9gek","author":"szgabor1976","date":"Tuesday September 25th, 2018","format":false,"excerpt":"","rel":"","context":"Similar post","block_context":{"text":"Similar post","link":""},"img":{"alt_text":"","src":"","width":0,"height":0},"classes":[]},{"id":12,"url":"https:\/\/obt2018.hu\/en\/hitvallas\/","url_meta":{"origin":83,"position":3},"title":"Credo","author":"szgabor1976","date":"Tuesday September 25th, 2018","format":false,"excerpt":"\u00a0 \u201eWe, the members of the National Judicial Council established on 30 January 2018, declare that in our function representingthe judiciary that elected us democratically,we intend toact in order to ensure impartial justice based on the independence of the judiciary. In fulfilment of our constitutional obligations our first priority is\u2026","rel":"","context":"Similar post","block_context":{"text":"Similar post","link":""},"img":{"alt_text":"","src":"","width":0,"height":0},"classes":[]},{"id":355,"url":"https:\/\/obt2018.hu\/en\/obt-iroda\/","url_meta":{"origin":83,"position":4},"title":"Office of NJO","author":"szgabor1976","date":"Saturday October  6th, 2018","format":false,"excerpt":"\u00a0 \u201eThe Office of NJO performs the administrative tasks of NJO, the assistance of the work of NJO members, documentation management and the full documentation of the work of NJO.\u201d \u00a0 \u00a0 Physically the Office of NJC is located in the building of NJO and its operation is performed by\u2026","rel":"","context":"Similar post","block_context":{"text":"Similar post","link":""},"img":{"alt_text":"","src":"","width":0,"height":0},"classes":[]},{"id":89,"url":"https:\/\/obt2018.hu\/en\/koltsegvetes\/","url_meta":{"origin":83,"position":5},"title":"Budget","author":"szgabor1976","date":"Tuesday September 25th, 2018","format":false,"excerpt":"\u00a0 \u201eNJC expresses its opinion on court budgets and the report on the implementation thereof, examines the economic and financial management of courts, expresses opinions on the detailed conditions and the rates of the benefits of judges and judicial employees. The budget of NJC is displayed separately within the NJO\u2026","rel":"","context":"Similar post","block_context":{"text":"Similar post","link":""},"img":{"alt_text":"","src":"","width":0,"height":0},"classes":[]}],"jetpack_likes_enabled":true,"_links":{"self":[{"href":"https:\/\/obt2018.hu\/en\/wp-json\/wp\/v2\/pages\/83","targetHints":{"allow":["GET"]}}],"collection":[{"href":"https:\/\/obt2018.hu\/en\/wp-json\/wp\/v2\/pages"}],"about":[{"href":"https:\/\/obt2018.hu\/en\/wp-json\/wp\/v2\/types\/page"}],"author":[{"embeddable":true,"href":"https:\/\/obt2018.hu\/en\/wp-json\/wp\/v2\/users\/1"}],"replies":[{"embeddable":true,"href":"https:\/\/obt2018.hu\/en\/wp-json\/wp\/v2\/comments?post=83"}],"version-history":[{"count":3,"href":"https:\/\/obt2018.hu\/en\/wp-json\/wp\/v2\/pages\/83\/revisions"}],"predecessor-version":[{"id":928,"href":"https:\/\/obt2018.hu\/en\/wp-json\/wp\/v2\/pages\/83\/revisions\/928"}],"wp:attachment":[{"href":"https:\/\/obt2018.hu\/en\/wp-json\/wp\/v2\/media?parent=83"}],"curies":[{"name":"wp","href":"https:\/\/api.w.org\/{rel}","templated":true}]}}