{"id":85,"date":"2018-09-25T17:46:05","date_gmt":"2018-09-25T15:46:05","guid":{"rendered":"https:\/\/obt2018.hu\/?page_id=85"},"modified":"2019-01-18T16:23:58","modified_gmt":"2019-01-18T15:23:58","slug":"jogalkotas","status":"publish","type":"page","link":"https:\/\/obt2018.hu\/en\/jogalkotas\/","title":{"rendered":"Legislature"},"content":{"rendered":"<p>&nbsp;<\/p>\n<hr \/>\n<p style=\"text-align: center;\">\u201eNJC revises the recommendations and decisions adopted by the President of<br \/>\nNOJ, and may initiate at the President of NOJ to propose legislation concerning<br \/>\nthe courts.\u201d<\/p>\n<hr \/>\n<p>&nbsp;<\/p>\n<p>The legislator provided to the President of NOJ the right to submit proposals for legislation<br \/>\nconcerning the courts to those who are entitled to initiate legislation, and the right to review draft legislature concerning the courts [Points d) and e) of paragraph (1) of Article 76 of Act CLXI of 2011], nevertheless NJC can request from the President of NOJ to propose legislation if it deems necessary. Although this way NJC does not have a direct right to submit proposals, the Minister of Justice also attends the meetings of NJC in a consultative capacity, thus the legislative proposals and the remarks related to them can be brought forward directly. [Point b) of paragraph (1) of Article 103 of Act CLXI of 2011]<\/p>\n<p>The President of NOJ has the right to draw up, as normative instructions, all mandatory rules and regulations applicable to courts and adopt recommendations and decisions in order to perform his\/her administrative tasks. NJC exercises control over this power by expressing its opinions on the rules and recommendations issued by the President of NOJ. [Point c) of paragraph (1) of Article 103of Act CLXI of 2011]<\/p>","protected":false},"excerpt":{"rendered":"<p>&nbsp; \u201eNJC revises the recommendations and decisions adopted by the President of NOJ, and may initiate at the President of NOJ to propose legislation concerning the courts.\u201d &nbsp; The legislator provided to the President of NOJ the right to submit proposals for legislation concerning the courts to those who are entitled to initiate legislation, and<br \/><a class=\"moretag\" href=\"https:\/\/obt2018.hu\/en\/jogalkotas\/\">+ Read More<\/a><\/p>\n","protected":false},"author":1,"featured_media":0,"parent":0,"menu_order":0,"comment_status":"closed","ping_status":"closed","template":"templates\/page-nosidebar_template.php","meta":{"jetpack_post_was_ever_published":false,"footnotes":""},"class_list":["post-85","page","type-page","status-publish","hentry"],"yoast_head":"<!-- This site is optimized with the Yoast SEO plugin v27.2 - https:\/\/yoast.com\/product\/yoast-seo-wordpress\/ -->\n<title>Legislature - Orsz\u00e1gos B\u00edr\u00f3i Tan\u00e1cs<\/title>\n<meta name=\"robots\" content=\"index, follow, max-snippet:-1, max-image-preview:large, max-video-preview:-1\" \/>\n<link rel=\"canonical\" href=\"https:\/\/obt2018.hu\/jogalkotas\/\" \/>\n<meta property=\"og:locale\" content=\"en_US\" \/>\n<meta property=\"og:type\" content=\"article\" \/>\n<meta property=\"og:title\" content=\"[:hu]Jogalkot\u00e1s[:en]Legislature[:] - Orsz\u00e1gos B\u00edr\u00f3i Tan\u00e1cs\" \/>\n<meta property=\"og:description\" content=\"&nbsp; \u201eNJC revises the recommendations and decisions adopted by the President of NOJ, and may initiate at the President of NOJ to propose legislation concerning the courts.\u201d &nbsp; The legislator provided to the President of NOJ the right to submit proposals for legislation concerning the courts to those who are entitled to initiate legislation, and+ Read More\" \/>\n<meta property=\"og:url\" content=\"https:\/\/obt2018.hu\/jogalkotas\/\" \/>\n<meta property=\"og:site_name\" content=\"Orsz\u00e1gos B\u00edr\u00f3i Tan\u00e1cs\" \/>\n<meta property=\"article:modified_time\" content=\"2019-01-18T15:23:58+00:00\" \/>\n<meta name=\"twitter:card\" content=\"summary_large_image\" \/>\n<meta name=\"twitter:label1\" content=\"Est. reading time\" \/>\n\t<meta name=\"twitter:data1\" content=\"2 minutes\" \/>\n<script type=\"application\/ld+json\" class=\"yoast-schema-graph\">{\"@context\":\"https:\/\/schema.org\",\"@graph\":[{\"@type\":\"WebPage\",\"@id\":\"https:\/\/obt2018.hu\/jogalkotas\/\",\"url\":\"https:\/\/obt2018.hu\/jogalkotas\/\",\"name\":\"[:hu]Jogalkot\u00e1s[:en]Legislature[:] - Orsz\u00e1gos B\u00edr\u00f3i Tan\u00e1cs\",\"isPartOf\":{\"@id\":\"https:\/\/obt2018.hu\/#website\"},\"datePublished\":\"2018-09-25T15:46:05+00:00\",\"dateModified\":\"2019-01-18T15:23:58+00:00\",\"breadcrumb\":{\"@id\":\"https:\/\/obt2018.hu\/jogalkotas\/#breadcrumb\"},\"inLanguage\":\"en-US\",\"potentialAction\":[{\"@type\":\"ReadAction\",\"target\":[\"https:\/\/obt2018.hu\/jogalkotas\/\"]}]},{\"@type\":\"BreadcrumbList\",\"@id\":\"https:\/\/obt2018.hu\/jogalkotas\/#breadcrumb\",\"itemListElement\":[{\"@type\":\"ListItem\",\"position\":1,\"name\":\"Home\",\"item\":\"https:\/\/obt2018.hu\/\"},{\"@type\":\"ListItem\",\"position\":2,\"name\":\"Jogalkot\u00e1s\"}]},{\"@type\":\"WebSite\",\"@id\":\"https:\/\/obt2018.hu\/#website\",\"url\":\"https:\/\/obt2018.hu\/\",\"name\":\"OBT 2018\",\"description\":\"Az Orsz\u00e1gos B\u00edr\u00f3i Tan\u00e1cs honlapja\",\"publisher\":{\"@id\":\"https:\/\/obt2018.hu\/#organization\"},\"potentialAction\":[{\"@type\":\"SearchAction\",\"target\":{\"@type\":\"EntryPoint\",\"urlTemplate\":\"https:\/\/obt2018.hu\/?s={search_term_string}\"},\"query-input\":{\"@type\":\"PropertyValueSpecification\",\"valueRequired\":true,\"valueName\":\"search_term_string\"}}],\"inLanguage\":\"en-US\"},{\"@type\":\"Organization\",\"@id\":\"https:\/\/obt2018.hu\/#organization\",\"name\":\"Orsz\u00e1gos B\u00edr\u00f3i Tan\u00e1cs\",\"url\":\"https:\/\/obt2018.hu\/\",\"logo\":{\"@type\":\"ImageObject\",\"inLanguage\":\"en-US\",\"@id\":\"https:\/\/obt2018.hu\/#\/schema\/logo\/image\/\",\"url\":\"https:\/\/obt2018.hu\/wp-content\/uploads\/2018\/10\/logo.png\",\"contentUrl\":\"https:\/\/obt2018.hu\/wp-content\/uploads\/2018\/10\/logo.png\",\"width\":591,\"height\":591,\"caption\":\"Orsz\u00e1gos B\u00edr\u00f3i Tan\u00e1cs\"},\"image\":{\"@id\":\"https:\/\/obt2018.hu\/#\/schema\/logo\/image\/\"}}]}<\/script>\n<!-- \/ Yoast SEO plugin. -->","yoast_head_json":{"title":"[:hu]Jogalkot\u00e1s[:en]Legislature[:] - Orsz\u00e1gos B\u00edr\u00f3i Tan\u00e1cs","robots":{"index":"index","follow":"follow","max-snippet":"max-snippet:-1","max-image-preview":"max-image-preview:large","max-video-preview":"max-video-preview:-1"},"canonical":"https:\/\/obt2018.hu\/jogalkotas\/","og_locale":"en_US","og_type":"article","og_title":"[:hu]Jogalkot\u00e1s[:en]Legislature[:] - Orsz\u00e1gos B\u00edr\u00f3i Tan\u00e1cs","og_description":"&nbsp; \u201eNJC revises the recommendations and decisions adopted by the President of NOJ, and may initiate at the President of NOJ to propose legislation concerning the courts.\u201d &nbsp; The legislator provided to the President of NOJ the right to submit proposals for legislation concerning the courts to those who are entitled to initiate legislation, and+ Read More","og_url":"https:\/\/obt2018.hu\/jogalkotas\/","og_site_name":"Orsz\u00e1gos B\u00edr\u00f3i Tan\u00e1cs","article_modified_time":"2019-01-18T15:23:58+00:00","twitter_card":"summary_large_image","twitter_misc":{"Est. reading time":"2 minutes"},"schema":{"@context":"https:\/\/schema.org","@graph":[{"@type":"WebPage","@id":"https:\/\/obt2018.hu\/jogalkotas\/","url":"https:\/\/obt2018.hu\/jogalkotas\/","name":"[:hu]Jogalkot\u00e1s[:en]Legislature[:] - Orsz\u00e1gos B\u00edr\u00f3i Tan\u00e1cs","isPartOf":{"@id":"https:\/\/obt2018.hu\/#website"},"datePublished":"2018-09-25T15:46:05+00:00","dateModified":"2019-01-18T15:23:58+00:00","breadcrumb":{"@id":"https:\/\/obt2018.hu\/jogalkotas\/#breadcrumb"},"inLanguage":"en-US","potentialAction":[{"@type":"ReadAction","target":["https:\/\/obt2018.hu\/jogalkotas\/"]}]},{"@type":"BreadcrumbList","@id":"https:\/\/obt2018.hu\/jogalkotas\/#breadcrumb","itemListElement":[{"@type":"ListItem","position":1,"name":"Home","item":"https:\/\/obt2018.hu\/"},{"@type":"ListItem","position":2,"name":"Jogalkot\u00e1s"}]},{"@type":"WebSite","@id":"https:\/\/obt2018.hu\/#website","url":"https:\/\/obt2018.hu\/","name":"OBT 2018","description":"Az Orsz\u00e1gos B\u00edr\u00f3i Tan\u00e1cs honlapja","publisher":{"@id":"https:\/\/obt2018.hu\/#organization"},"potentialAction":[{"@type":"SearchAction","target":{"@type":"EntryPoint","urlTemplate":"https:\/\/obt2018.hu\/?s={search_term_string}"},"query-input":{"@type":"PropertyValueSpecification","valueRequired":true,"valueName":"search_term_string"}}],"inLanguage":"en-US"},{"@type":"Organization","@id":"https:\/\/obt2018.hu\/#organization","name":"Orsz\u00e1gos B\u00edr\u00f3i Tan\u00e1cs","url":"https:\/\/obt2018.hu\/","logo":{"@type":"ImageObject","inLanguage":"en-US","@id":"https:\/\/obt2018.hu\/#\/schema\/logo\/image\/","url":"https:\/\/obt2018.hu\/wp-content\/uploads\/2018\/10\/logo.png","contentUrl":"https:\/\/obt2018.hu\/wp-content\/uploads\/2018\/10\/logo.png","width":591,"height":591,"caption":"Orsz\u00e1gos B\u00edr\u00f3i Tan\u00e1cs"},"image":{"@id":"https:\/\/obt2018.hu\/#\/schema\/logo\/image\/"}}]}},"jetpack_sharing_enabled":true,"jetpack_shortlink":"https:\/\/wp.me\/PfwhB4-1n","jetpack-related-posts":[{"id":10,"url":"https:\/\/obt2018.hu\/en\/bemutatkozas\/","url_meta":{"origin":85,"position":0},"title":"Introduction","author":"szgabor1976","date":"Tuesday September 25th, 2018","format":false,"excerpt":"\u00a0 \u00a0 \u201eNJC commentsthe regulations and recommendations issued by the President of the National Office for the Judiciary (NOJ), furthermore it can submit motions to the President of NOJ to prepare proposals on amendments to the legislation affecting courts.\u201d \u00a0 \u00a0 NJC was created by Act CLXI of 2011 on\u2026","rel":"","context":"Similar post","block_context":{"text":"Similar post","link":""},"img":{"alt_text":"","src":"","width":0,"height":0},"classes":[]},{"id":93,"url":"https:\/\/obt2018.hu\/en\/ugyek-soron-kivulisege\/","url_meta":{"origin":85,"position":1},"title":"Extraordinary cases","author":"szgabor1976","date":"Tuesday September 25th, 2018","format":false,"excerpt":"\u00a0 \u00a0\u201eIn exceptionally justified cases NJC may render the extraordinary decision of those cases that affect a wide range of the society or are extremely important from the aspect of common interests.\u201d \u00a0 The new organisation act of 2011 provided the possibility to the President of NJO to transfer cases\u2026","rel":"","context":"Similar post","block_context":{"text":"Similar post","link":""},"img":{"alt_text":"","src":"","width":0,"height":0},"classes":[]},{"id":83,"url":"https:\/\/obt2018.hu\/en\/felugyelet\/","url_meta":{"origin":85,"position":2},"title":"Supervision","author":"szgabor1976","date":"Tuesday September 25th, 2018","format":false,"excerpt":"\u00a0 \u201eThe central responsibilities of the administration of the courts shall be performed by the President of the National Office for the Judiciary. The National Judicial Council shall supervise the central administration of the courts.\" \u00a0 The most pivotal duty of NJC is defined by Article 25. of the Fundamental\u2026","rel":"","context":"Similar post","block_context":{"text":"Similar post","link":""},"img":{"alt_text":"","src":"","width":0,"height":0},"classes":[]},{"id":118,"url":"https:\/\/obt2018.hu\/en\/tevekenysegek\/","url_meta":{"origin":85,"position":3},"title":"Tev\u00e9kenys\u00e9gek","author":"szgabor1976","date":"Tuesday September 25th, 2018","format":false,"excerpt":"","rel":"","context":"Similar post","block_context":{"text":"Similar post","link":""},"img":{"alt_text":"","src":"","width":0,"height":0},"classes":[]},{"id":106,"url":"https:\/\/obt2018.hu\/en\/tortenetunk\/","url_meta":{"origin":85,"position":4},"title":"Our story","author":"szgabor1976","date":"Tuesday September 25th, 2018","format":false,"excerpt":"2018. november \u00a0 2018.11.26. A Magyar Tudom\u00e1nyos Akad\u00e9mia Jogtudom\u00e1nyi Int\u00e9zete angol nyelv\u0171 konferenci\u00e1t rendezett b\u00edr\u00f3s\u00e1gi igazgat\u00e1si modellek t\u00e9m\u00e1j\u00e1ban, amelyen r\u00e9szt vett dr. Matusik Tam\u00e1s \u00e9s dr. Vad\u00e1sz Viktor OBT tagok. 2018.11.15-17. A Magyar Orsz\u00e1gos K\u00f6zjegyz\u0151i Kamara 30. Region\u00e1lis Kollokvium\u00e1n dr. Csontos Katalin, dr. Matusik Tam\u00e1s \u00e9s dr. Vad\u00e1sz Viktor k\u00e9pviselte\u2026","rel":"","context":"Similar post","block_context":{"text":"Similar post","link":""},"img":{"alt_text":"","src":"","width":0,"height":0},"classes":[]},{"id":89,"url":"https:\/\/obt2018.hu\/en\/koltsegvetes\/","url_meta":{"origin":85,"position":5},"title":"Budget","author":"szgabor1976","date":"Tuesday September 25th, 2018","format":false,"excerpt":"\u00a0 \u201eNJC expresses its opinion on court budgets and the report on the implementation thereof, examines the economic and financial management of courts, expresses opinions on the detailed conditions and the rates of the benefits of judges and judicial employees. The budget of NJC is displayed separately within the NJO\u2026","rel":"","context":"Similar post","block_context":{"text":"Similar post","link":""},"img":{"alt_text":"","src":"","width":0,"height":0},"classes":[]}],"jetpack_likes_enabled":true,"_links":{"self":[{"href":"https:\/\/obt2018.hu\/en\/wp-json\/wp\/v2\/pages\/85","targetHints":{"allow":["GET"]}}],"collection":[{"href":"https:\/\/obt2018.hu\/en\/wp-json\/wp\/v2\/pages"}],"about":[{"href":"https:\/\/obt2018.hu\/en\/wp-json\/wp\/v2\/types\/page"}],"author":[{"embeddable":true,"href":"https:\/\/obt2018.hu\/en\/wp-json\/wp\/v2\/users\/1"}],"replies":[{"embeddable":true,"href":"https:\/\/obt2018.hu\/en\/wp-json\/wp\/v2\/comments?post=85"}],"version-history":[{"count":2,"href":"https:\/\/obt2018.hu\/en\/wp-json\/wp\/v2\/pages\/85\/revisions"}],"predecessor-version":[{"id":912,"href":"https:\/\/obt2018.hu\/en\/wp-json\/wp\/v2\/pages\/85\/revisions\/912"}],"wp:attachment":[{"href":"https:\/\/obt2018.hu\/en\/wp-json\/wp\/v2\/media?parent=85"}],"curies":[{"name":"wp","href":"https:\/\/api.w.org\/{rel}","templated":true}]}}