{"id":852,"date":"2018-12-01T17:52:47","date_gmt":"2018-12-01T16:52:47","guid":{"rendered":"https:\/\/obt2018.hu\/?page_id=852"},"modified":"2018-12-01T18:00:16","modified_gmt":"2018-12-01T17:00:16","slug":"cookie-suti-kezelesi-tajekoztato","status":"publish","type":"page","link":"https:\/\/obt2018.hu\/en\/cookie-suti-kezelesi-tajekoztato\/","title":{"rendered":"Cookie (s\u00fcti) kezel\u00e9si t\u00e1j\u00e9koztat\u00f3"},"content":{"rendered":"<h3><strong>1. A cookie-k (s\u00fctik) feladata<\/strong><\/h3>\n<ul>\n<li>inform\u00e1ci\u00f3kat gy\u0171jtenek a l\u00e1togat\u00f3kr\u00f3l \u00e9s eszk\u00f6zeikr\u0151l;<\/li>\n<li>megjegyzik a l\u00e1togat\u00f3k egy\u00e9ni be\u00e1ll\u00edt\u00e1sait, amelyek felhaszn\u00e1l\u00e1sra ker\u00fcl(het)nek pl. online tranzakci\u00f3k ig\u00e9nybev\u00e9telekor, \u00edgy nem kell \u00fajra beg\u00e9pelni \u0151ket;<\/li>\n<li>megk\u00f6nny\u00edtik a weboldal haszn\u00e1lat\u00e1t;<\/li>\n<li>min\u0151s\u00e9gi felhaszn\u00e1l\u00f3i \u00e9lm\u00e9nyt biztos\u00edtanak.<\/li>\n<\/ul>\n<p>A testre szabott kiszolg\u00e1l\u00e1s \u00e9rdek\u00e9ben a felhaszn\u00e1l\u00f3 sz\u00e1m\u00edt\u00f3g\u00e9p\u00e9n kis adatcsomagot, \u00fan.\u00a0 s\u00fctit helyez el \u00e9s a k\u00e9s\u0151bbi l\u00e1togat\u00e1s sor\u00e1n olvas vissza. Ha a b\u00f6ng\u00e9sz\u0151 visszak\u00fcld egy kor\u00e1bban elmentett s\u00fctit, a s\u00fctit kezel\u0151 szolg\u00e1ltat\u00f3nak lehet\u0151s\u00e9ge van \u00f6sszekapcsolni a felhaszn\u00e1l\u00f3 aktu\u00e1lis l\u00e1togat\u00e1s\u00e1t a kor\u00e1bbiakkal, de kiz\u00e1r\u00f3lag a saj\u00e1t tartalma tekintet\u00e9ben.<\/p>\n<p>&nbsp;<\/p>\n<h3><strong>2. Felt\u00e9tlen\u00fcl sz\u00fcks\u00e9ges, munkamenet (session) cookie-k\u00a0<\/strong><strong>(s\u00fctik)<\/strong><\/h3>\n<p>Ezen s\u00fctik c\u00e9lja, hogy a l\u00e1togat\u00f3k marad\u00e9ktalanul \u00e9s z\u00f6kken\u0151mentesen b\u00f6ng\u00e9szhess\u00e9k a www.orszagosbiroitanacs.hu weboldal\u00e1t, haszn\u00e1lhass\u00e1k annak funkci\u00f3it, \u00e9s az ott el\u00e9rhet\u0151 szolg\u00e1ltat\u00e1sokat. Az ilyen t\u00edpus\u00fa s\u00fctik \u00e9rv\u00e9nyess\u00e9gi ideje a munkamenet (b\u00f6ng\u00e9sz\u00e9s) befejez\u00e9s\u00e9ig tart, a b\u00f6ng\u00e9sz\u0151 bez\u00e1r\u00e1s\u00e1val a s\u00fctik e fajt\u00e1ja automatikusan t\u00f6rl\u0151dik a sz\u00e1m\u00edt\u00f3g\u00e9pr\u0151l, illetve a b\u00f6ng\u00e9sz\u00e9sre haszn\u00e1lt m\u00e1s eszk\u00f6zr\u0151l.<\/p>\n<p>&nbsp;<\/p>\n<h3><strong>3. Harmadik f\u00e9l \u00e1ltal elhelyezett cookie-k (analitika)<\/strong><\/h3>\n<p>Az www.orszagosbiroitanacs.hu weboldal\u00e1n alkalmazza a Google Analytics mint harmadik f\u00e9l s\u00fctijeit is. A Google Analytics statisztikai c\u00e9l\u00fa szolg\u00e1ltat\u00e1s haszn\u00e1lat\u00e1val az www.orszagosbiroitanacs.hu inform\u00e1ci\u00f3kat gy\u0171jt azzal kapcsolatban, hogy a l\u00e1togat\u00f3k hogyan haszn\u00e1lj\u00e1k a weboldalt. Az adatot a honlap fejleszt\u00e9s\u00e9nek \u00e9s a felhaszn\u00e1l\u00f3i \u00e9lm\u00e9ny jav\u00edt\u00e1s\u00e1nak c\u00e9lj\u00e1val haszn\u00e1lja fel. Ezen s\u00fctik szint\u00e9n lej\u00e1ratukig a l\u00e1togat\u00f3 sz\u00e1m\u00edt\u00f3g\u00e9p\u00e9n vagy b\u00f6ng\u00e9sz\u00e9sre haszn\u00e1lt m\u00e1s eszk\u00f6z\u00e9n, annak b\u00f6ng\u00e9sz\u0151j\u00e9ben maradnak, illetve am\u00edg a l\u00e1togat\u00f3 nem t\u00f6rli \u0151ket.<\/p>\n<p>&nbsp;<\/p>\n<h3><strong>4.\u00a0<\/strong><strong>A cookie-k (s\u00fctik) kezel\u00e9s\u00e9nek be\u00e1ll\u00edt\u00e1sa<\/strong><\/h3>\n<p>A s\u00fctikre vonatkoz\u00f3 be\u00e1ll\u00edt\u00e1sait m\u00f3dos\u00edthatja vagy letilthatja a b\u00f6ng\u00e9sz\u0151j\u00e9n kereszt\u00fcl.\u00a0Alapbe\u00e1ll\u00edt\u00e1sk\u00e9nt minden b\u00f6ng\u00e9sz\u0151 engedi a s\u00fctik haszn\u00e1lat\u00e1t.<\/p>\n<p>A k\u00f6vetkez\u0151 hivatkoz\u00e1sok hasznosak lehetnek a k\u00fcl\u00f6nb\u00f6z\u0151 b\u00f6ng\u00e9sz\u0151k be\u00e1ll\u00edt\u00e1sa szempontj\u00e1b\u00f3l:<\/p>\n<p><a href=\"http:\/\/support.google.com\/chrome\/bin\/answer.py?hl=en&amp;answer=95647\" target=\"_blank\" rel=\"noopener\">Chrome<\/a><\/p>\n<p><a href=\"https:\/\/support.microsoft.com\/hu-hu\/search?query=s%C3%BCtik\" target=\"_blank\" rel=\"noopener\">Internet Explorer<\/a><\/p>\n<p><a href=\"http:\/\/support.mozilla.org\/en-US\/kb\/cookies-information-websites-store-on-yourcomputer?redirectlocale=en-US&amp;redirectslug=Cookies\" target=\"_blank\" rel=\"noopener\">Firefox<\/a><\/p>\n<p><a href=\"https:\/\/support.apple.com\/kb\/index?page=search&amp;q=cookies%20safari\" target=\"_blank\" rel=\"noopener\">Safari<\/a><\/p>\n","protected":false},"excerpt":{"rendered":"<p>1. A cookie-k (s\u00fctik) feladata inform\u00e1ci\u00f3kat gy\u0171jtenek a l\u00e1togat\u00f3kr\u00f3l \u00e9s eszk\u00f6zeikr\u0151l; megjegyzik a l\u00e1togat\u00f3k egy\u00e9ni be\u00e1ll\u00edt\u00e1sait, amelyek felhaszn\u00e1l\u00e1sra ker\u00fcl(het)nek pl. online tranzakci\u00f3k ig\u00e9nybev\u00e9telekor, \u00edgy nem kell \u00fajra beg\u00e9pelni \u0151ket; megk\u00f6nny\u00edtik a weboldal haszn\u00e1lat\u00e1t; min\u0151s\u00e9gi felhaszn\u00e1l\u00f3i \u00e9lm\u00e9nyt biztos\u00edtanak. A testre szabott kiszolg\u00e1l\u00e1s \u00e9rdek\u00e9ben a felhaszn\u00e1l\u00f3 sz\u00e1m\u00edt\u00f3g\u00e9p\u00e9n kis adatcsomagot, \u00fan.\u00a0 s\u00fctit helyez el \u00e9s a k\u00e9s\u0151bbi l\u00e1togat\u00e1s<br \/><a class=\"moretag\" href=\"https:\/\/obt2018.hu\/en\/cookie-suti-kezelesi-tajekoztato\/\">+ Read More<\/a><\/p>\n","protected":false},"author":1,"featured_media":0,"parent":0,"menu_order":0,"comment_status":"closed","ping_status":"closed","template":"templates\/page-nosidebar_template.php","meta":{"jetpack_post_was_ever_published":false,"footnotes":""},"class_list":["post-852","page","type-page","status-publish","hentry"],"yoast_head":"<!-- This site is optimized with the Yoast SEO plugin v27.2 - https:\/\/yoast.com\/product\/yoast-seo-wordpress\/ -->\n<title>Cookie (s\u00fcti) kezel\u00e9si t\u00e1j\u00e9koztat\u00f3 - Orsz\u00e1gos B\u00edr\u00f3i Tan\u00e1cs<\/title>\n<meta name=\"robots\" content=\"index, follow, max-snippet:-1, max-image-preview:large, max-video-preview:-1\" \/>\n<link rel=\"canonical\" href=\"https:\/\/obt2018.hu\/cookie-suti-kezelesi-tajekoztato\/\" \/>\n<meta property=\"og:locale\" content=\"en_US\" \/>\n<meta property=\"og:type\" content=\"article\" \/>\n<meta property=\"og:title\" content=\"Cookie (s\u00fcti) kezel\u00e9si t\u00e1j\u00e9koztat\u00f3 - Orsz\u00e1gos B\u00edr\u00f3i Tan\u00e1cs\" \/>\n<meta property=\"og:description\" content=\"1. A cookie-k (s\u00fctik) feladata inform\u00e1ci\u00f3kat gy\u0171jtenek a l\u00e1togat\u00f3kr\u00f3l \u00e9s eszk\u00f6zeikr\u0151l; megjegyzik a l\u00e1togat\u00f3k egy\u00e9ni be\u00e1ll\u00edt\u00e1sait, amelyek felhaszn\u00e1l\u00e1sra ker\u00fcl(het)nek pl. online tranzakci\u00f3k ig\u00e9nybev\u00e9telekor, \u00edgy nem kell \u00fajra beg\u00e9pelni \u0151ket; megk\u00f6nny\u00edtik a weboldal haszn\u00e1lat\u00e1t; min\u0151s\u00e9gi felhaszn\u00e1l\u00f3i \u00e9lm\u00e9nyt biztos\u00edtanak. A testre szabott kiszolg\u00e1l\u00e1s \u00e9rdek\u00e9ben a felhaszn\u00e1l\u00f3 sz\u00e1m\u00edt\u00f3g\u00e9p\u00e9n kis adatcsomagot, \u00fan.\u00a0 s\u00fctit helyez el \u00e9s a k\u00e9s\u0151bbi l\u00e1togat\u00e1s+ Read More\" \/>\n<meta property=\"og:url\" content=\"https:\/\/obt2018.hu\/cookie-suti-kezelesi-tajekoztato\/\" \/>\n<meta property=\"og:site_name\" content=\"Orsz\u00e1gos B\u00edr\u00f3i Tan\u00e1cs\" \/>\n<meta property=\"article:modified_time\" content=\"2018-12-01T17:00:16+00:00\" \/>\n<meta name=\"twitter:card\" content=\"summary_large_image\" \/>\n<meta name=\"twitter:label1\" content=\"Est. reading time\" \/>\n\t<meta name=\"twitter:data1\" content=\"2 minutes\" \/>\n<script type=\"application\/ld+json\" class=\"yoast-schema-graph\">{\"@context\":\"https:\/\/schema.org\",\"@graph\":[{\"@type\":\"WebPage\",\"@id\":\"https:\/\/obt2018.hu\/cookie-suti-kezelesi-tajekoztato\/\",\"url\":\"https:\/\/obt2018.hu\/cookie-suti-kezelesi-tajekoztato\/\",\"name\":\"Cookie (s\u00fcti) kezel\u00e9si t\u00e1j\u00e9koztat\u00f3 - Orsz\u00e1gos B\u00edr\u00f3i Tan\u00e1cs\",\"isPartOf\":{\"@id\":\"https:\/\/obt2018.hu\/#website\"},\"datePublished\":\"2018-12-01T16:52:47+00:00\",\"dateModified\":\"2018-12-01T17:00:16+00:00\",\"breadcrumb\":{\"@id\":\"https:\/\/obt2018.hu\/cookie-suti-kezelesi-tajekoztato\/#breadcrumb\"},\"inLanguage\":\"en-US\",\"potentialAction\":[{\"@type\":\"ReadAction\",\"target\":[\"https:\/\/obt2018.hu\/cookie-suti-kezelesi-tajekoztato\/\"]}]},{\"@type\":\"BreadcrumbList\",\"@id\":\"https:\/\/obt2018.hu\/cookie-suti-kezelesi-tajekoztato\/#breadcrumb\",\"itemListElement\":[{\"@type\":\"ListItem\",\"position\":1,\"name\":\"Home\",\"item\":\"https:\/\/obt2018.hu\/\"},{\"@type\":\"ListItem\",\"position\":2,\"name\":\"Cookie (s\u00fcti) kezel\u00e9si t\u00e1j\u00e9koztat\u00f3\"}]},{\"@type\":\"WebSite\",\"@id\":\"https:\/\/obt2018.hu\/#website\",\"url\":\"https:\/\/obt2018.hu\/\",\"name\":\"OBT 2018\",\"description\":\"Az Orsz\u00e1gos B\u00edr\u00f3i Tan\u00e1cs honlapja\",\"publisher\":{\"@id\":\"https:\/\/obt2018.hu\/#organization\"},\"potentialAction\":[{\"@type\":\"SearchAction\",\"target\":{\"@type\":\"EntryPoint\",\"urlTemplate\":\"https:\/\/obt2018.hu\/?s={search_term_string}\"},\"query-input\":{\"@type\":\"PropertyValueSpecification\",\"valueRequired\":true,\"valueName\":\"search_term_string\"}}],\"inLanguage\":\"en-US\"},{\"@type\":\"Organization\",\"@id\":\"https:\/\/obt2018.hu\/#organization\",\"name\":\"Orsz\u00e1gos B\u00edr\u00f3i Tan\u00e1cs\",\"url\":\"https:\/\/obt2018.hu\/\",\"logo\":{\"@type\":\"ImageObject\",\"inLanguage\":\"en-US\",\"@id\":\"https:\/\/obt2018.hu\/#\/schema\/logo\/image\/\",\"url\":\"https:\/\/obt2018.hu\/wp-content\/uploads\/2018\/10\/logo.png\",\"contentUrl\":\"https:\/\/obt2018.hu\/wp-content\/uploads\/2018\/10\/logo.png\",\"width\":591,\"height\":591,\"caption\":\"Orsz\u00e1gos B\u00edr\u00f3i Tan\u00e1cs\"},\"image\":{\"@id\":\"https:\/\/obt2018.hu\/#\/schema\/logo\/image\/\"}}]}<\/script>\n<!-- \/ Yoast SEO plugin. -->","yoast_head_json":{"title":"Cookie (s\u00fcti) kezel\u00e9si t\u00e1j\u00e9koztat\u00f3 - Orsz\u00e1gos B\u00edr\u00f3i Tan\u00e1cs","robots":{"index":"index","follow":"follow","max-snippet":"max-snippet:-1","max-image-preview":"max-image-preview:large","max-video-preview":"max-video-preview:-1"},"canonical":"https:\/\/obt2018.hu\/cookie-suti-kezelesi-tajekoztato\/","og_locale":"en_US","og_type":"article","og_title":"Cookie (s\u00fcti) kezel\u00e9si t\u00e1j\u00e9koztat\u00f3 - Orsz\u00e1gos B\u00edr\u00f3i Tan\u00e1cs","og_description":"1. A cookie-k (s\u00fctik) feladata inform\u00e1ci\u00f3kat gy\u0171jtenek a l\u00e1togat\u00f3kr\u00f3l \u00e9s eszk\u00f6zeikr\u0151l; megjegyzik a l\u00e1togat\u00f3k egy\u00e9ni be\u00e1ll\u00edt\u00e1sait, amelyek felhaszn\u00e1l\u00e1sra ker\u00fcl(het)nek pl. online tranzakci\u00f3k ig\u00e9nybev\u00e9telekor, \u00edgy nem kell \u00fajra beg\u00e9pelni \u0151ket; megk\u00f6nny\u00edtik a weboldal haszn\u00e1lat\u00e1t; min\u0151s\u00e9gi felhaszn\u00e1l\u00f3i \u00e9lm\u00e9nyt biztos\u00edtanak. A testre szabott kiszolg\u00e1l\u00e1s \u00e9rdek\u00e9ben a felhaszn\u00e1l\u00f3 sz\u00e1m\u00edt\u00f3g\u00e9p\u00e9n kis adatcsomagot, \u00fan.\u00a0 s\u00fctit helyez el \u00e9s a k\u00e9s\u0151bbi l\u00e1togat\u00e1s+ Read More","og_url":"https:\/\/obt2018.hu\/cookie-suti-kezelesi-tajekoztato\/","og_site_name":"Orsz\u00e1gos B\u00edr\u00f3i Tan\u00e1cs","article_modified_time":"2018-12-01T17:00:16+00:00","twitter_card":"summary_large_image","twitter_misc":{"Est. reading time":"2 minutes"},"schema":{"@context":"https:\/\/schema.org","@graph":[{"@type":"WebPage","@id":"https:\/\/obt2018.hu\/cookie-suti-kezelesi-tajekoztato\/","url":"https:\/\/obt2018.hu\/cookie-suti-kezelesi-tajekoztato\/","name":"Cookie (s\u00fcti) kezel\u00e9si t\u00e1j\u00e9koztat\u00f3 - Orsz\u00e1gos B\u00edr\u00f3i Tan\u00e1cs","isPartOf":{"@id":"https:\/\/obt2018.hu\/#website"},"datePublished":"2018-12-01T16:52:47+00:00","dateModified":"2018-12-01T17:00:16+00:00","breadcrumb":{"@id":"https:\/\/obt2018.hu\/cookie-suti-kezelesi-tajekoztato\/#breadcrumb"},"inLanguage":"en-US","potentialAction":[{"@type":"ReadAction","target":["https:\/\/obt2018.hu\/cookie-suti-kezelesi-tajekoztato\/"]}]},{"@type":"BreadcrumbList","@id":"https:\/\/obt2018.hu\/cookie-suti-kezelesi-tajekoztato\/#breadcrumb","itemListElement":[{"@type":"ListItem","position":1,"name":"Home","item":"https:\/\/obt2018.hu\/"},{"@type":"ListItem","position":2,"name":"Cookie (s\u00fcti) kezel\u00e9si t\u00e1j\u00e9koztat\u00f3"}]},{"@type":"WebSite","@id":"https:\/\/obt2018.hu\/#website","url":"https:\/\/obt2018.hu\/","name":"OBT 2018","description":"Az Orsz\u00e1gos B\u00edr\u00f3i Tan\u00e1cs honlapja","publisher":{"@id":"https:\/\/obt2018.hu\/#organization"},"potentialAction":[{"@type":"SearchAction","target":{"@type":"EntryPoint","urlTemplate":"https:\/\/obt2018.hu\/?s={search_term_string}"},"query-input":{"@type":"PropertyValueSpecification","valueRequired":true,"valueName":"search_term_string"}}],"inLanguage":"en-US"},{"@type":"Organization","@id":"https:\/\/obt2018.hu\/#organization","name":"Orsz\u00e1gos B\u00edr\u00f3i Tan\u00e1cs","url":"https:\/\/obt2018.hu\/","logo":{"@type":"ImageObject","inLanguage":"en-US","@id":"https:\/\/obt2018.hu\/#\/schema\/logo\/image\/","url":"https:\/\/obt2018.hu\/wp-content\/uploads\/2018\/10\/logo.png","contentUrl":"https:\/\/obt2018.hu\/wp-content\/uploads\/2018\/10\/logo.png","width":591,"height":591,"caption":"Orsz\u00e1gos B\u00edr\u00f3i Tan\u00e1cs"},"image":{"@id":"https:\/\/obt2018.hu\/#\/schema\/logo\/image\/"}}]}},"jetpack_sharing_enabled":true,"jetpack_shortlink":"https:\/\/wp.me\/PfwhB4-dK","jetpack-related-posts":[{"id":2,"url":"https:\/\/obt2018.hu\/en\/ez-egy-minta-oldal\/","url_meta":{"origin":852,"position":0},"title":"Ez egy minta oldal","author":"szgabor1976","date":"Friday September 21st, 2018","format":false,"excerpt":"Ez egy mintaoldal, egy WordPress-alap\u00fa honlap egy oldal\u00e1nak l\u00e9trehoz\u00e1s\u00e1hoz. Az oldal k\u00fcl\u00f6nb\u00f6zik a bejegyz\u00e9st\u0151l, mert az oldal \u00e1lland\u00f3an l\u00e1tszik a honlap men\u00fcj\u00e9ben, a navig\u00e1ci\u00f3 sor\u00e1n (a legt\u00f6bb sablonban). Az emberek t\u00f6bbs\u00e9ge haszn\u00e1lja a N\u00e9vjegy oldalt, amely arra szolg\u00e1l, hogy a lehets\u00e9ges l\u00e1togat\u00f3i sz\u00e1m\u00e1ra elmondjanak magukr\u00f3l, v\u00e1llalkoz\u00e1sukr\u00f3l, a honlapr\u00f3l n\u00e9h\u00e1ny jellemz\u0151\u2026","rel":"","context":"Similar post","block_context":{"text":"Similar post","link":""},"img":{"alt_text":"","src":"","width":0,"height":0},"classes":[]},{"id":106,"url":"https:\/\/obt2018.hu\/en\/tortenetunk\/","url_meta":{"origin":852,"position":1},"title":"Our story","author":"szgabor1976","date":"Tuesday September 25th, 2018","format":false,"excerpt":"2018. november \u00a0 2018.11.26. A Magyar Tudom\u00e1nyos Akad\u00e9mia Jogtudom\u00e1nyi Int\u00e9zete angol nyelv\u0171 konferenci\u00e1t rendezett b\u00edr\u00f3s\u00e1gi igazgat\u00e1si modellek t\u00e9m\u00e1j\u00e1ban, amelyen r\u00e9szt vett dr. Matusik Tam\u00e1s \u00e9s dr. Vad\u00e1sz Viktor OBT tagok. 2018.11.15-17. A Magyar Orsz\u00e1gos K\u00f6zjegyz\u0151i Kamara 30. Region\u00e1lis Kollokvium\u00e1n dr. Csontos Katalin, dr. Matusik Tam\u00e1s \u00e9s dr. Vad\u00e1sz Viktor k\u00e9pviselte\u2026","rel":"","context":"Similar post","block_context":{"text":"Similar post","link":""},"img":{"alt_text":"","src":"","width":0,"height":0},"classes":[]},{"id":95,"url":"https:\/\/obt2018.hu\/en\/szemelyi-dontesek\/","url_meta":{"origin":852,"position":2},"title":"Personal decisions","author":"szgabor1976","date":"Tuesday September 25th, 2018","format":false,"excerpt":"\u00a0 \u201eThe judge is independent in his or her adjudication. Judges are appointed by the President of the Republic. During the selection process, it is necessary to guarantee that the judicial office is the result of a legally-regulated, open election procedure ensuring equal opportunities for all applicants and the best\u2026","rel":"","context":"Similar post","block_context":{"text":"Similar post","link":""},"img":{"alt_text":"","src":"","width":0,"height":0},"classes":[]},{"id":69,"url":"https:\/\/obt2018.hu\/en\/2018-2\/","url_meta":{"origin":852,"position":3},"title":"2018","author":"szgabor1976","date":"Tuesday September 25th, 2018","format":false,"excerpt":"\u00a0 2018. I. f\u00e9l\u00e9vre tervezett napirendi pontok: OBT m\u0171k\u00f6d\u00e9s\u00e9vel kapcsolatos el\u0151terjeszt\u00e9sek: az OBT m\u0171k\u00f6d\u00e9si felt\u00e9teleinek biztos\u00edt\u00e1sa, szervezeti \u00e9s m\u0171k\u00f6d\u00e9si szab\u00e1lyzat\u00e1nak m\u00f3dos\u00edt\u00e1sa az OBT hat\u00e1rozatainak, aj\u00e1nl\u00e1sainak deregul\u00e1ci\u00f3ja OBT iroda \u00fcgyviteli szab\u00e1lyzata Besz\u00e1mol\u00f3k, v\u00e9lem\u00e9nyez\u00e9sek: OBH eln\u00f6k f\u00e9l\u00e9ves besz\u00e1mol\u00f3j\u00e1nak megt\u00e1rgyal\u00e1sa a Szolg\u00e1lati B\u00edr\u00f3s\u00e1g eln\u00f6ke besz\u00e1mol\u00f3j\u00e1nak j\u00f3v\u00e1hagy\u00e1sa a V\u00e9grehajt\u00f3i Fegyelmi B\u00edr\u00f3s\u00e1g eln\u00f6ke besz\u00e1mol\u00f3j\u00e1nak j\u00f3v\u00e1hagy\u00e1sa\u2026","rel":"","context":"Similar post","block_context":{"text":"Similar post","link":""},"img":{"alt_text":"","src":"","width":0,"height":0},"classes":[]},{"id":87,"url":"https:\/\/obt2018.hu\/en\/szolgalati-birosag-es-biroi-etika\/","url_meta":{"origin":852,"position":4},"title":"The Service Court and judicial ethics","author":"szgabor1976","date":"Tuesday September 25th, 2018","format":false,"excerpt":"\u00a0 \u00a0\u201eNJC adopts the Code of Ethics of judges, appoints the president of the Service Court and its members, approves the rules of procedures of the Service Court and its annual report.\u201d \u00a0 Due to the judicial independence guaranteed by the Fundamental Law of Hungary, the disciplinary liability of the\u2026","rel":"","context":"Similar post","block_context":{"text":"Similar post","link":""},"img":{"alt_text":"","src":"","width":0,"height":0},"classes":[]},{"id":91,"url":"https:\/\/obt2018.hu\/en\/kepzes\/","url_meta":{"origin":852,"position":5},"title":"Trainings","author":"szgabor1976","date":"Tuesday September 25th, 2018","format":false,"excerpt":"\u00a0 \u201eNJC makes a proposal on the central education plan and comments on the rules of the judges\u2019 education system and the performance of training obligations.\u201d \u00a0 The Hungarian Academy of Judiciary Sciences, which is operated as an organisational unit of NJC, is responsible for the training of judges and\u2026","rel":"","context":"Similar post","block_context":{"text":"Similar post","link":""},"img":{"alt_text":"","src":"","width":0,"height":0},"classes":[]}],"jetpack_likes_enabled":true,"_links":{"self":[{"href":"https:\/\/obt2018.hu\/en\/wp-json\/wp\/v2\/pages\/852","targetHints":{"allow":["GET"]}}],"collection":[{"href":"https:\/\/obt2018.hu\/en\/wp-json\/wp\/v2\/pages"}],"about":[{"href":"https:\/\/obt2018.hu\/en\/wp-json\/wp\/v2\/types\/page"}],"author":[{"embeddable":true,"href":"https:\/\/obt2018.hu\/en\/wp-json\/wp\/v2\/users\/1"}],"replies":[{"embeddable":true,"href":"https:\/\/obt2018.hu\/en\/wp-json\/wp\/v2\/comments?post=852"}],"version-history":[{"count":2,"href":"https:\/\/obt2018.hu\/en\/wp-json\/wp\/v2\/pages\/852\/revisions"}],"predecessor-version":[{"id":856,"href":"https:\/\/obt2018.hu\/en\/wp-json\/wp\/v2\/pages\/852\/revisions\/856"}],"wp:attachment":[{"href":"https:\/\/obt2018.hu\/en\/wp-json\/wp\/v2\/media?parent=852"}],"curies":[{"name":"wp","href":"https:\/\/api.w.org\/{rel}","templated":true}]}}