{"id":87,"date":"2018-09-25T17:47:15","date_gmt":"2018-09-25T15:47:15","guid":{"rendered":"https:\/\/obt2018.hu\/?page_id=87"},"modified":"2019-01-18T19:43:06","modified_gmt":"2019-01-18T18:43:06","slug":"szolgalati-birosag-es-biroi-etika","status":"publish","type":"page","link":"https:\/\/obt2018.hu\/en\/szolgalati-birosag-es-biroi-etika\/","title":{"rendered":"The Service Court and judicial ethics"},"content":{"rendered":"<p>&nbsp;<\/p>\n<hr \/>\n<p style=\"text-align: center;\">\u00a0\u201eNJC adopts the Code of Ethics of judges, appoints the president of the Service<br \/>\nCourt and its members, approves the rules of procedures of the Service Court and<br \/>\nits annual report.\u201d<\/p>\n<hr \/>\n<p>&nbsp;<\/p>\n<p>Due to the judicial independence guaranteed by the Fundamental Law of Hungary, the disciplinary liability of the judges can only be decided by a service court with competent jurisdiction. In relation to this, Service courts additionally decide on disputes concerning damages and violations of personnel rights, as well as disputes arising from the evaluation of the professional and managerial work of judges. The Service court of first instance is operating under the Budapest Court of Appeal; the Service Court of second instance is operating under the Curia. The President of the Service Court is a judge of the Curia, and the members are appointed by NJC from judges working in the jurisdiction of the Curia, the Court of Appeals and the courts recommended by the full court of the Curia, and the Full panel of judges of the Court of Appeal and the courts. [Article 101-104\/B of Act CLXII of 2011, Points d) and e) of paragraph (1), and point g) of paragraph (3) of Article 103 of Act CLXI of 2011]<\/p>","protected":false},"excerpt":{"rendered":"<p>&nbsp; \u00a0\u201eNJC adopts the Code of Ethics of judges, appoints the president of the Service Court and its members, approves the rules of procedures of the Service Court and its annual report.\u201d &nbsp; Due to the judicial independence guaranteed by the Fundamental Law of Hungary, the disciplinary liability of the judges can only be decided<br \/><a class=\"moretag\" href=\"https:\/\/obt2018.hu\/en\/szolgalati-birosag-es-biroi-etika\/\">+ Read More<\/a><\/p>\n","protected":false},"author":1,"featured_media":0,"parent":0,"menu_order":0,"comment_status":"closed","ping_status":"closed","template":"templates\/page-nosidebar_template.php","meta":{"jetpack_post_was_ever_published":false,"footnotes":""},"class_list":["post-87","page","type-page","status-publish","hentry"],"yoast_head":"<!-- This site is optimized with the Yoast SEO plugin v27.2 - https:\/\/yoast.com\/product\/yoast-seo-wordpress\/ -->\n<title>The Service Court and judicial ethics - Orsz\u00e1gos B\u00edr\u00f3i Tan\u00e1cs<\/title>\n<meta name=\"robots\" content=\"index, follow, max-snippet:-1, max-image-preview:large, max-video-preview:-1\" \/>\n<link rel=\"canonical\" href=\"https:\/\/obt2018.hu\/szolgalati-birosag-es-biroi-etika\/\" \/>\n<meta property=\"og:locale\" content=\"en_US\" \/>\n<meta property=\"og:type\" content=\"article\" \/>\n<meta property=\"og:title\" content=\"[:hu]Szolg\u00e1lati b\u00edr\u00f3s\u00e1g \u00e9s b\u00edr\u00f3i etika[:en]The Service Court and judicial ethics[:] - Orsz\u00e1gos B\u00edr\u00f3i Tan\u00e1cs\" \/>\n<meta property=\"og:description\" content=\"&nbsp; \u00a0\u201eNJC adopts the Code of Ethics of judges, appoints the president of the Service Court and its members, approves the rules of procedures of the Service Court and its annual report.\u201d &nbsp; Due to the judicial independence guaranteed by the Fundamental Law of Hungary, the disciplinary liability of the judges can only be decided+ Read More\" \/>\n<meta property=\"og:url\" content=\"https:\/\/obt2018.hu\/szolgalati-birosag-es-biroi-etika\/\" \/>\n<meta property=\"og:site_name\" content=\"Orsz\u00e1gos B\u00edr\u00f3i Tan\u00e1cs\" \/>\n<meta property=\"article:modified_time\" content=\"2019-01-18T18:43:06+00:00\" \/>\n<meta name=\"twitter:card\" content=\"summary_large_image\" \/>\n<meta name=\"twitter:label1\" content=\"Est. reading time\" \/>\n\t<meta name=\"twitter:data1\" content=\"2 minutes\" \/>\n<script type=\"application\/ld+json\" class=\"yoast-schema-graph\">{\"@context\":\"https:\/\/schema.org\",\"@graph\":[{\"@type\":\"WebPage\",\"@id\":\"https:\/\/obt2018.hu\/szolgalati-birosag-es-biroi-etika\/\",\"url\":\"https:\/\/obt2018.hu\/szolgalati-birosag-es-biroi-etika\/\",\"name\":\"[:hu]Szolg\u00e1lati b\u00edr\u00f3s\u00e1g \u00e9s b\u00edr\u00f3i etika[:en]The Service Court and judicial ethics[:] - Orsz\u00e1gos B\u00edr\u00f3i Tan\u00e1cs\",\"isPartOf\":{\"@id\":\"https:\/\/obt2018.hu\/#website\"},\"datePublished\":\"2018-09-25T15:47:15+00:00\",\"dateModified\":\"2019-01-18T18:43:06+00:00\",\"breadcrumb\":{\"@id\":\"https:\/\/obt2018.hu\/szolgalati-birosag-es-biroi-etika\/#breadcrumb\"},\"inLanguage\":\"en-US\",\"potentialAction\":[{\"@type\":\"ReadAction\",\"target\":[\"https:\/\/obt2018.hu\/szolgalati-birosag-es-biroi-etika\/\"]}]},{\"@type\":\"BreadcrumbList\",\"@id\":\"https:\/\/obt2018.hu\/szolgalati-birosag-es-biroi-etika\/#breadcrumb\",\"itemListElement\":[{\"@type\":\"ListItem\",\"position\":1,\"name\":\"Home\",\"item\":\"https:\/\/obt2018.hu\/\"},{\"@type\":\"ListItem\",\"position\":2,\"name\":\"Szolg\u00e1lati b\u00edr\u00f3s\u00e1g \u00e9s b\u00edr\u00f3i etika\"}]},{\"@type\":\"WebSite\",\"@id\":\"https:\/\/obt2018.hu\/#website\",\"url\":\"https:\/\/obt2018.hu\/\",\"name\":\"OBT 2018\",\"description\":\"Az Orsz\u00e1gos B\u00edr\u00f3i Tan\u00e1cs honlapja\",\"publisher\":{\"@id\":\"https:\/\/obt2018.hu\/#organization\"},\"potentialAction\":[{\"@type\":\"SearchAction\",\"target\":{\"@type\":\"EntryPoint\",\"urlTemplate\":\"https:\/\/obt2018.hu\/?s={search_term_string}\"},\"query-input\":{\"@type\":\"PropertyValueSpecification\",\"valueRequired\":true,\"valueName\":\"search_term_string\"}}],\"inLanguage\":\"en-US\"},{\"@type\":\"Organization\",\"@id\":\"https:\/\/obt2018.hu\/#organization\",\"name\":\"Orsz\u00e1gos B\u00edr\u00f3i Tan\u00e1cs\",\"url\":\"https:\/\/obt2018.hu\/\",\"logo\":{\"@type\":\"ImageObject\",\"inLanguage\":\"en-US\",\"@id\":\"https:\/\/obt2018.hu\/#\/schema\/logo\/image\/\",\"url\":\"https:\/\/obt2018.hu\/wp-content\/uploads\/2018\/10\/logo.png\",\"contentUrl\":\"https:\/\/obt2018.hu\/wp-content\/uploads\/2018\/10\/logo.png\",\"width\":591,\"height\":591,\"caption\":\"Orsz\u00e1gos B\u00edr\u00f3i Tan\u00e1cs\"},\"image\":{\"@id\":\"https:\/\/obt2018.hu\/#\/schema\/logo\/image\/\"}}]}<\/script>\n<!-- \/ Yoast SEO plugin. -->","yoast_head_json":{"title":"[:hu]Szolg\u00e1lati b\u00edr\u00f3s\u00e1g \u00e9s b\u00edr\u00f3i etika[:en]The Service Court and judicial ethics[:] - Orsz\u00e1gos B\u00edr\u00f3i Tan\u00e1cs","robots":{"index":"index","follow":"follow","max-snippet":"max-snippet:-1","max-image-preview":"max-image-preview:large","max-video-preview":"max-video-preview:-1"},"canonical":"https:\/\/obt2018.hu\/szolgalati-birosag-es-biroi-etika\/","og_locale":"en_US","og_type":"article","og_title":"[:hu]Szolg\u00e1lati b\u00edr\u00f3s\u00e1g \u00e9s b\u00edr\u00f3i etika[:en]The Service Court and judicial ethics[:] - Orsz\u00e1gos B\u00edr\u00f3i Tan\u00e1cs","og_description":"&nbsp; \u00a0\u201eNJC adopts the Code of Ethics of judges, appoints the president of the Service Court and its members, approves the rules of procedures of the Service Court and its annual report.\u201d &nbsp; Due to the judicial independence guaranteed by the Fundamental Law of Hungary, the disciplinary liability of the judges can only be decided+ Read More","og_url":"https:\/\/obt2018.hu\/szolgalati-birosag-es-biroi-etika\/","og_site_name":"Orsz\u00e1gos B\u00edr\u00f3i Tan\u00e1cs","article_modified_time":"2019-01-18T18:43:06+00:00","twitter_card":"summary_large_image","twitter_misc":{"Est. reading time":"2 minutes"},"schema":{"@context":"https:\/\/schema.org","@graph":[{"@type":"WebPage","@id":"https:\/\/obt2018.hu\/szolgalati-birosag-es-biroi-etika\/","url":"https:\/\/obt2018.hu\/szolgalati-birosag-es-biroi-etika\/","name":"[:hu]Szolg\u00e1lati b\u00edr\u00f3s\u00e1g \u00e9s b\u00edr\u00f3i etika[:en]The Service Court and judicial ethics[:] - Orsz\u00e1gos B\u00edr\u00f3i Tan\u00e1cs","isPartOf":{"@id":"https:\/\/obt2018.hu\/#website"},"datePublished":"2018-09-25T15:47:15+00:00","dateModified":"2019-01-18T18:43:06+00:00","breadcrumb":{"@id":"https:\/\/obt2018.hu\/szolgalati-birosag-es-biroi-etika\/#breadcrumb"},"inLanguage":"en-US","potentialAction":[{"@type":"ReadAction","target":["https:\/\/obt2018.hu\/szolgalati-birosag-es-biroi-etika\/"]}]},{"@type":"BreadcrumbList","@id":"https:\/\/obt2018.hu\/szolgalati-birosag-es-biroi-etika\/#breadcrumb","itemListElement":[{"@type":"ListItem","position":1,"name":"Home","item":"https:\/\/obt2018.hu\/"},{"@type":"ListItem","position":2,"name":"Szolg\u00e1lati b\u00edr\u00f3s\u00e1g \u00e9s b\u00edr\u00f3i etika"}]},{"@type":"WebSite","@id":"https:\/\/obt2018.hu\/#website","url":"https:\/\/obt2018.hu\/","name":"OBT 2018","description":"Az Orsz\u00e1gos B\u00edr\u00f3i Tan\u00e1cs honlapja","publisher":{"@id":"https:\/\/obt2018.hu\/#organization"},"potentialAction":[{"@type":"SearchAction","target":{"@type":"EntryPoint","urlTemplate":"https:\/\/obt2018.hu\/?s={search_term_string}"},"query-input":{"@type":"PropertyValueSpecification","valueRequired":true,"valueName":"search_term_string"}}],"inLanguage":"en-US"},{"@type":"Organization","@id":"https:\/\/obt2018.hu\/#organization","name":"Orsz\u00e1gos B\u00edr\u00f3i Tan\u00e1cs","url":"https:\/\/obt2018.hu\/","logo":{"@type":"ImageObject","inLanguage":"en-US","@id":"https:\/\/obt2018.hu\/#\/schema\/logo\/image\/","url":"https:\/\/obt2018.hu\/wp-content\/uploads\/2018\/10\/logo.png","contentUrl":"https:\/\/obt2018.hu\/wp-content\/uploads\/2018\/10\/logo.png","width":591,"height":591,"caption":"Orsz\u00e1gos B\u00edr\u00f3i Tan\u00e1cs"},"image":{"@id":"https:\/\/obt2018.hu\/#\/schema\/logo\/image\/"}}]}},"jetpack_sharing_enabled":true,"jetpack_shortlink":"https:\/\/wp.me\/PfwhB4-1p","jetpack-related-posts":[{"id":69,"url":"https:\/\/obt2018.hu\/en\/2018-2\/","url_meta":{"origin":87,"position":0},"title":"2018","author":"szgabor1976","date":"Tuesday September 25th, 2018","format":false,"excerpt":"\u00a0 2018. I. f\u00e9l\u00e9vre tervezett napirendi pontok: OBT m\u0171k\u00f6d\u00e9s\u00e9vel kapcsolatos el\u0151terjeszt\u00e9sek: az OBT m\u0171k\u00f6d\u00e9si felt\u00e9teleinek biztos\u00edt\u00e1sa, szervezeti \u00e9s m\u0171k\u00f6d\u00e9si szab\u00e1lyzat\u00e1nak m\u00f3dos\u00edt\u00e1sa az OBT hat\u00e1rozatainak, aj\u00e1nl\u00e1sainak deregul\u00e1ci\u00f3ja OBT iroda \u00fcgyviteli szab\u00e1lyzata Besz\u00e1mol\u00f3k, v\u00e9lem\u00e9nyez\u00e9sek: OBH eln\u00f6k f\u00e9l\u00e9ves besz\u00e1mol\u00f3j\u00e1nak megt\u00e1rgyal\u00e1sa a Szolg\u00e1lati B\u00edr\u00f3s\u00e1g eln\u00f6ke besz\u00e1mol\u00f3j\u00e1nak j\u00f3v\u00e1hagy\u00e1sa a V\u00e9grehajt\u00f3i Fegyelmi B\u00edr\u00f3s\u00e1g eln\u00f6ke besz\u00e1mol\u00f3j\u00e1nak j\u00f3v\u00e1hagy\u00e1sa\u2026","rel":"","context":"Similar post","block_context":{"text":"Similar post","link":""},"img":{"alt_text":"","src":"","width":0,"height":0},"classes":[]},{"id":14,"url":"https:\/\/obt2018.hu\/en\/tagok\/","url_meta":{"origin":87,"position":1},"title":"Tagok","author":"szgabor1976","date":"Tuesday September 25th, 2018","format":false,"excerpt":"\u201eAz OBT 14 b\u00edr\u00f3 tagj\u00e1t a b\u00edr\u00e1k k\u00fcld\u00f6tt\u00e9rtekezlete a k\u00fcld\u00f6ttek k\u00f6z\u00fcl titkosan, szavazatt\u00f6bbs\u00e9ggel v\u00e1lasztja meg.\u201d Az OBT tagjai tiszts\u00e9g\u00fcket ellent\u00e9telez\u00e9s n\u00e9lk\u00fcl, b\u00edr\u00f3i munk\u00e1juk mellett l\u00e1tj\u00e1k el, azonban feladataik ell\u00e1t\u00e1s\u00e1hoz sz\u00fcks\u00e9ges m\u00e9rt\u00e9kben mentes\u00edteni kell \u0151ket a b\u00edr\u00f3i munka al\u00f3l. A v\u00e1lasztott tiszts\u00e9g bet\u00f6lt\u00e9se beoszt\u00e1sukra \u00e9s a munk\u00e1ltat\u00f3i jogok gyakorl\u00e1s\u00e1ra nincs kihat\u00e1ssal,\u2026","rel":"","context":"Similar post","block_context":{"text":"Similar post","link":""},"img":{"alt_text":"","src":"","width":0,"height":0},"classes":[]},{"id":2434,"url":"https:\/\/obt2018.hu\/en\/2023-2\/","url_meta":{"origin":87,"position":2},"title":"(Magyar) 2023","author":"szgabor1976","date":"Wednesday January  4th, 2023","format":false,"excerpt":"Sorry, this entry is only available in Magyar.","rel":"","context":"Similar post","block_context":{"text":"Similar post","link":""},"img":{"alt_text":"","src":"","width":0,"height":0},"classes":[]},{"id":106,"url":"https:\/\/obt2018.hu\/en\/tortenetunk\/","url_meta":{"origin":87,"position":3},"title":"Our story","author":"szgabor1976","date":"Tuesday September 25th, 2018","format":false,"excerpt":"2018. november \u00a0 2018.11.26. A Magyar Tudom\u00e1nyos Akad\u00e9mia Jogtudom\u00e1nyi Int\u00e9zete angol nyelv\u0171 konferenci\u00e1t rendezett b\u00edr\u00f3s\u00e1gi igazgat\u00e1si modellek t\u00e9m\u00e1j\u00e1ban, amelyen r\u00e9szt vett dr. Matusik Tam\u00e1s \u00e9s dr. Vad\u00e1sz Viktor OBT tagok. 2018.11.15-17. A Magyar Orsz\u00e1gos K\u00f6zjegyz\u0151i Kamara 30. Region\u00e1lis Kollokvium\u00e1n dr. Csontos Katalin, dr. Matusik Tam\u00e1s \u00e9s dr. Vad\u00e1sz Viktor k\u00e9pviselte\u2026","rel":"","context":"Similar post","block_context":{"text":"Similar post","link":""},"img":{"alt_text":"","src":"","width":0,"height":0},"classes":[]},{"id":1203,"url":"https:\/\/obt2018.hu\/en\/szolgalati-birosag-2\/","url_meta":{"origin":87,"position":4},"title":"(Magyar) Szolg\u00e1lati B\u00edr\u00f3s\u00e1g","author":"szgabor1976","date":"Thursday September 26th, 2019","format":false,"excerpt":"Sorry, this entry is only available in Magyar.","rel":"","context":"Similar post","block_context":{"text":"Similar post","link":""},"img":{"alt_text":"","src":"","width":0,"height":0},"classes":[]},{"id":95,"url":"https:\/\/obt2018.hu\/en\/szemelyi-dontesek\/","url_meta":{"origin":87,"position":5},"title":"Personal decisions","author":"szgabor1976","date":"Tuesday September 25th, 2018","format":false,"excerpt":"\u00a0 \u201eThe judge is independent in his or her adjudication. Judges are appointed by the President of the Republic. During the selection process, it is necessary to guarantee that the judicial office is the result of a legally-regulated, open election procedure ensuring equal opportunities for all applicants and the best\u2026","rel":"","context":"Similar post","block_context":{"text":"Similar post","link":""},"img":{"alt_text":"","src":"","width":0,"height":0},"classes":[]}],"jetpack_likes_enabled":true,"_links":{"self":[{"href":"https:\/\/obt2018.hu\/en\/wp-json\/wp\/v2\/pages\/87","targetHints":{"allow":["GET"]}}],"collection":[{"href":"https:\/\/obt2018.hu\/en\/wp-json\/wp\/v2\/pages"}],"about":[{"href":"https:\/\/obt2018.hu\/en\/wp-json\/wp\/v2\/types\/page"}],"author":[{"embeddable":true,"href":"https:\/\/obt2018.hu\/en\/wp-json\/wp\/v2\/users\/1"}],"replies":[{"embeddable":true,"href":"https:\/\/obt2018.hu\/en\/wp-json\/wp\/v2\/comments?post=87"}],"version-history":[{"count":3,"href":"https:\/\/obt2018.hu\/en\/wp-json\/wp\/v2\/pages\/87\/revisions"}],"predecessor-version":[{"id":919,"href":"https:\/\/obt2018.hu\/en\/wp-json\/wp\/v2\/pages\/87\/revisions\/919"}],"wp:attachment":[{"href":"https:\/\/obt2018.hu\/en\/wp-json\/wp\/v2\/media?parent=87"}],"curies":[{"name":"wp","href":"https:\/\/api.w.org\/{rel}","templated":true}]}}