{"id":89,"date":"2018-09-25T17:55:00","date_gmt":"2018-09-25T15:55:00","guid":{"rendered":"https:\/\/obt2018.hu\/?page_id=89"},"modified":"2019-01-18T19:29:21","modified_gmt":"2019-01-18T18:29:21","slug":"koltsegvetes","status":"publish","type":"page","link":"https:\/\/obt2018.hu\/en\/koltsegvetes\/","title":{"rendered":"Budget"},"content":{"rendered":"<p>&nbsp;<\/p>\n<hr \/>\n<p style=\"text-align: center;\">\u201eNJC expresses its opinion on court budgets and the report on the implementation thereof,<br \/>\nexamines the economic and financial management of courts, expresses opinions on the<br \/>\ndetailed conditions and the rates of the benefits of judges and judicial employees.<br \/>\nThe budget of NJC is displayed separately within the NJO budget.\u201d<\/p>\n<hr \/>\n<p>&nbsp;<\/p>\n<p>The court is independent in exercising public authority, i.e. in the terms of adjudication and it is separated from the legislative and executive branches, in case budgetary issues, however, similarly to other countries in Europe and the world, it is part of the single central budget. The budget of the courts forms as an independent budget chapter, within which the Curia has its own title, and under a unified title there are 26 independent budgetary organizations. (5 Court of Appeals, 20 General courts, and NJC)<\/p>\n<p>The compilation of the court budget on a chapter level is the task of the President of NJC and the President is also authorised by the act to participate in the budget negotiation, however it has a guarantee importance that NJC may comment on the next year\u2019s budget plan and the closed year\u2019s financial report. [Points a) of paragraph (2) of Article 103 of Act CLXI of 2011]<\/p>\n<p>Among others it is the task of the President of NJC to govern and manage the budget chapter, and he\/she also governs the internal control of courts. Further to that the legislator also decided that the control of the management of courts is the task of the President of NJC. To this end NJO may request for information from the President of NJC, and the members of NJC have the right to control the management by having access to documents. However, it is important that the control of courts as individual budget entities is the right and obligation of the President of NJC since NJO controls central management and not local administration. [Point b) of paragraph (2) of Article 103 of Act CLXI of 2011]<\/p>\n<p>The system of the remuneration of judges is defined by cardinal law, while the rate of the base remuneration of judges is defined by the act on the annual budget. The remuneration of judges is not solely a budgetary issue, since from the aspect of judiciary independence it is essentially important that judges receive proper remuneration. Sadly, taking into consideration the gross value and purchasing power, the remuneration of judges is the lowest in the European Union and in the last eight years the remuneration improvement has not reached the rate of inflation.<\/p>\n<p>The European Networks of Councils for the Judiciary (ENCJ), the International Association of Judges (IAJ), the Consultative Council of European Judges (CCJE) and the Association of Hungarian Judges have drawn the attention several times to the fact that the remuneration of judges should reflect their responsible work and should ensure their independence. The importance of this is shown also by the fact that the legislator has provided the possibility to NJC to comment on the detailed rules and rate other benefits. [Point c) of paragraph (2) of Article 103 of Act CLXI of 2011]<\/p>","protected":false},"excerpt":{"rendered":"<p>&nbsp; \u201eNJC expresses its opinion on court budgets and the report on the implementation thereof, examines the economic and financial management of courts, expresses opinions on the detailed conditions and the rates of the benefits of judges and judicial employees. The budget of NJC is displayed separately within the NJO budget.\u201d &nbsp; The court is<br \/><a class=\"moretag\" href=\"https:\/\/obt2018.hu\/en\/koltsegvetes\/\">+ Read More<\/a><\/p>\n","protected":false},"author":1,"featured_media":0,"parent":0,"menu_order":0,"comment_status":"closed","ping_status":"closed","template":"templates\/page-nosidebar_template.php","meta":{"jetpack_post_was_ever_published":false,"footnotes":""},"class_list":["post-89","page","type-page","status-publish","hentry"],"yoast_head":"<!-- This site is optimized with the Yoast SEO plugin v27.2 - https:\/\/yoast.com\/product\/yoast-seo-wordpress\/ -->\n<title>Budget - Orsz\u00e1gos B\u00edr\u00f3i Tan\u00e1cs<\/title>\n<meta name=\"robots\" content=\"index, follow, max-snippet:-1, max-image-preview:large, max-video-preview:-1\" \/>\n<link rel=\"canonical\" href=\"https:\/\/obt2018.hu\/en\/koltsegvetes\/\" \/>\n<meta property=\"og:locale\" content=\"en_US\" \/>\n<meta property=\"og:type\" content=\"article\" \/>\n<meta property=\"og:title\" content=\"[:hu]K\u00f6lts\u00e9gvet\u00e9s[:en]Budget[:] - Orsz\u00e1gos B\u00edr\u00f3i Tan\u00e1cs\" \/>\n<meta property=\"og:description\" content=\"&nbsp; \u201eNJC expresses its opinion on court budgets and the report on the implementation thereof, examines the economic and financial management of courts, expresses opinions on the detailed conditions and the rates of the benefits of judges and judicial employees. The budget of NJC is displayed separately within the NJO budget.\u201d &nbsp; The court is+ Read More\" \/>\n<meta property=\"og:url\" content=\"https:\/\/obt2018.hu\/en\/koltsegvetes\/\" \/>\n<meta property=\"og:site_name\" content=\"Orsz\u00e1gos B\u00edr\u00f3i Tan\u00e1cs\" \/>\n<meta property=\"article:modified_time\" content=\"2019-01-18T18:29:21+00:00\" \/>\n<meta name=\"twitter:card\" content=\"summary_large_image\" \/>\n<meta name=\"twitter:label1\" content=\"Est. reading time\" \/>\n\t<meta name=\"twitter:data1\" content=\"6 minutes\" \/>\n<script type=\"application\/ld+json\" class=\"yoast-schema-graph\">{\"@context\":\"https:\/\/schema.org\",\"@graph\":[{\"@type\":\"WebPage\",\"@id\":\"https:\/\/obt2018.hu\/en\/koltsegvetes\/\",\"url\":\"https:\/\/obt2018.hu\/en\/koltsegvetes\/\",\"name\":\"[:hu]K\u00f6lts\u00e9gvet\u00e9s[:en]Budget[:] - Orsz\u00e1gos B\u00edr\u00f3i Tan\u00e1cs\",\"isPartOf\":{\"@id\":\"https:\/\/obt2018.hu\/#website\"},\"datePublished\":\"2018-09-25T15:55:00+00:00\",\"dateModified\":\"2019-01-18T18:29:21+00:00\",\"breadcrumb\":{\"@id\":\"https:\/\/obt2018.hu\/en\/koltsegvetes\/#breadcrumb\"},\"inLanguage\":\"en-US\",\"potentialAction\":[{\"@type\":\"ReadAction\",\"target\":[\"https:\/\/obt2018.hu\/en\/koltsegvetes\/\"]}]},{\"@type\":\"BreadcrumbList\",\"@id\":\"https:\/\/obt2018.hu\/en\/koltsegvetes\/#breadcrumb\",\"itemListElement\":[{\"@type\":\"ListItem\",\"position\":1,\"name\":\"Home\",\"item\":\"https:\/\/obt2018.hu\/\"},{\"@type\":\"ListItem\",\"position\":2,\"name\":\"Budget\"}]},{\"@type\":\"WebSite\",\"@id\":\"https:\/\/obt2018.hu\/#website\",\"url\":\"https:\/\/obt2018.hu\/\",\"name\":\"OBT 2018\",\"description\":\"Az Orsz\u00e1gos B\u00edr\u00f3i Tan\u00e1cs honlapja\",\"publisher\":{\"@id\":\"https:\/\/obt2018.hu\/#organization\"},\"potentialAction\":[{\"@type\":\"SearchAction\",\"target\":{\"@type\":\"EntryPoint\",\"urlTemplate\":\"https:\/\/obt2018.hu\/?s={search_term_string}\"},\"query-input\":{\"@type\":\"PropertyValueSpecification\",\"valueRequired\":true,\"valueName\":\"search_term_string\"}}],\"inLanguage\":\"en-US\"},{\"@type\":\"Organization\",\"@id\":\"https:\/\/obt2018.hu\/#organization\",\"name\":\"Orsz\u00e1gos B\u00edr\u00f3i Tan\u00e1cs\",\"url\":\"https:\/\/obt2018.hu\/\",\"logo\":{\"@type\":\"ImageObject\",\"inLanguage\":\"en-US\",\"@id\":\"https:\/\/obt2018.hu\/#\/schema\/logo\/image\/\",\"url\":\"https:\/\/obt2018.hu\/wp-content\/uploads\/2018\/10\/logo.png\",\"contentUrl\":\"https:\/\/obt2018.hu\/wp-content\/uploads\/2018\/10\/logo.png\",\"width\":591,\"height\":591,\"caption\":\"Orsz\u00e1gos B\u00edr\u00f3i Tan\u00e1cs\"},\"image\":{\"@id\":\"https:\/\/obt2018.hu\/#\/schema\/logo\/image\/\"}}]}<\/script>\n<!-- \/ Yoast SEO plugin. -->","yoast_head_json":{"title":"[:hu]K\u00f6lts\u00e9gvet\u00e9s[:en]Budget[:] - Orsz\u00e1gos B\u00edr\u00f3i Tan\u00e1cs","robots":{"index":"index","follow":"follow","max-snippet":"max-snippet:-1","max-image-preview":"max-image-preview:large","max-video-preview":"max-video-preview:-1"},"canonical":"https:\/\/obt2018.hu\/en\/koltsegvetes\/","og_locale":"en_US","og_type":"article","og_title":"[:hu]K\u00f6lts\u00e9gvet\u00e9s[:en]Budget[:] - Orsz\u00e1gos B\u00edr\u00f3i Tan\u00e1cs","og_description":"&nbsp; \u201eNJC expresses its opinion on court budgets and the report on the implementation thereof, examines the economic and financial management of courts, expresses opinions on the detailed conditions and the rates of the benefits of judges and judicial employees. The budget of NJC is displayed separately within the NJO budget.\u201d &nbsp; The court is+ Read More","og_url":"https:\/\/obt2018.hu\/en\/koltsegvetes\/","og_site_name":"Orsz\u00e1gos B\u00edr\u00f3i Tan\u00e1cs","article_modified_time":"2019-01-18T18:29:21+00:00","twitter_card":"summary_large_image","twitter_misc":{"Est. reading time":"6 minutes"},"schema":{"@context":"https:\/\/schema.org","@graph":[{"@type":"WebPage","@id":"https:\/\/obt2018.hu\/en\/koltsegvetes\/","url":"https:\/\/obt2018.hu\/en\/koltsegvetes\/","name":"[:hu]K\u00f6lts\u00e9gvet\u00e9s[:en]Budget[:] - Orsz\u00e1gos B\u00edr\u00f3i Tan\u00e1cs","isPartOf":{"@id":"https:\/\/obt2018.hu\/#website"},"datePublished":"2018-09-25T15:55:00+00:00","dateModified":"2019-01-18T18:29:21+00:00","breadcrumb":{"@id":"https:\/\/obt2018.hu\/en\/koltsegvetes\/#breadcrumb"},"inLanguage":"en-US","potentialAction":[{"@type":"ReadAction","target":["https:\/\/obt2018.hu\/en\/koltsegvetes\/"]}]},{"@type":"BreadcrumbList","@id":"https:\/\/obt2018.hu\/en\/koltsegvetes\/#breadcrumb","itemListElement":[{"@type":"ListItem","position":1,"name":"Home","item":"https:\/\/obt2018.hu\/"},{"@type":"ListItem","position":2,"name":"Budget"}]},{"@type":"WebSite","@id":"https:\/\/obt2018.hu\/#website","url":"https:\/\/obt2018.hu\/","name":"OBT 2018","description":"Az Orsz\u00e1gos B\u00edr\u00f3i Tan\u00e1cs honlapja","publisher":{"@id":"https:\/\/obt2018.hu\/#organization"},"potentialAction":[{"@type":"SearchAction","target":{"@type":"EntryPoint","urlTemplate":"https:\/\/obt2018.hu\/?s={search_term_string}"},"query-input":{"@type":"PropertyValueSpecification","valueRequired":true,"valueName":"search_term_string"}}],"inLanguage":"en-US"},{"@type":"Organization","@id":"https:\/\/obt2018.hu\/#organization","name":"Orsz\u00e1gos B\u00edr\u00f3i Tan\u00e1cs","url":"https:\/\/obt2018.hu\/","logo":{"@type":"ImageObject","inLanguage":"en-US","@id":"https:\/\/obt2018.hu\/#\/schema\/logo\/image\/","url":"https:\/\/obt2018.hu\/wp-content\/uploads\/2018\/10\/logo.png","contentUrl":"https:\/\/obt2018.hu\/wp-content\/uploads\/2018\/10\/logo.png","width":591,"height":591,"caption":"Orsz\u00e1gos B\u00edr\u00f3i Tan\u00e1cs"},"image":{"@id":"https:\/\/obt2018.hu\/#\/schema\/logo\/image\/"}}]}},"jetpack_sharing_enabled":true,"jetpack_shortlink":"https:\/\/wp.me\/PfwhB4-1r","jetpack-related-posts":[{"id":2434,"url":"https:\/\/obt2018.hu\/en\/2023-2\/","url_meta":{"origin":89,"position":0},"title":"(Magyar) 2023","author":"szgabor1976","date":"Wednesday January  4th, 2023","format":false,"excerpt":"Sorry, this entry is only available in Magyar.","rel":"","context":"Similar post","block_context":{"text":"Similar post","link":""},"img":{"alt_text":"","src":"","width":0,"height":0},"classes":[]},{"id":69,"url":"https:\/\/obt2018.hu\/en\/2018-2\/","url_meta":{"origin":89,"position":1},"title":"2018","author":"szgabor1976","date":"Tuesday September 25th, 2018","format":false,"excerpt":"\u00a0 2018. I. f\u00e9l\u00e9vre tervezett napirendi pontok: OBT m\u0171k\u00f6d\u00e9s\u00e9vel kapcsolatos el\u0151terjeszt\u00e9sek: az OBT m\u0171k\u00f6d\u00e9si felt\u00e9teleinek biztos\u00edt\u00e1sa, szervezeti \u00e9s m\u0171k\u00f6d\u00e9si szab\u00e1lyzat\u00e1nak m\u00f3dos\u00edt\u00e1sa az OBT hat\u00e1rozatainak, aj\u00e1nl\u00e1sainak deregul\u00e1ci\u00f3ja OBT iroda \u00fcgyviteli szab\u00e1lyzata Besz\u00e1mol\u00f3k, v\u00e9lem\u00e9nyez\u00e9sek: OBH eln\u00f6k f\u00e9l\u00e9ves besz\u00e1mol\u00f3j\u00e1nak megt\u00e1rgyal\u00e1sa a Szolg\u00e1lati B\u00edr\u00f3s\u00e1g eln\u00f6ke besz\u00e1mol\u00f3j\u00e1nak j\u00f3v\u00e1hagy\u00e1sa a V\u00e9grehajt\u00f3i Fegyelmi B\u00edr\u00f3s\u00e1g eln\u00f6ke besz\u00e1mol\u00f3j\u00e1nak j\u00f3v\u00e1hagy\u00e1sa\u2026","rel":"","context":"Similar post","block_context":{"text":"Similar post","link":""},"img":{"alt_text":"","src":"","width":0,"height":0},"classes":[]},{"id":118,"url":"https:\/\/obt2018.hu\/en\/tevekenysegek\/","url_meta":{"origin":89,"position":2},"title":"Tev\u00e9kenys\u00e9gek","author":"szgabor1976","date":"Tuesday September 25th, 2018","format":false,"excerpt":"","rel":"","context":"Similar post","block_context":{"text":"Similar post","link":""},"img":{"alt_text":"","src":"","width":0,"height":0},"classes":[]},{"id":934,"url":"https:\/\/obt2018.hu\/en\/ulesek\/","url_meta":{"origin":89,"position":3},"title":"Meetings","author":"szgabor1976","date":"Monday January 21st, 2019","format":false,"excerpt":"\u00a0 Annual meeting schedules Scheduled agenda items for the 1st semester of 2018: Submissions related to the operation of NJC ensuring the operation conditions of NJC, amendment of the organisational and operational rules deregulation of the resolutions and recommendations of NJC code of conduct of the NJC office Reports, assessments:\u2026","rel":"","context":"Similar post","block_context":{"text":"Similar post","link":""},"img":{"alt_text":"","src":"","width":0,"height":0},"classes":[]},{"id":83,"url":"https:\/\/obt2018.hu\/en\/felugyelet\/","url_meta":{"origin":89,"position":4},"title":"Supervision","author":"szgabor1976","date":"Tuesday September 25th, 2018","format":false,"excerpt":"\u00a0 \u201eThe central responsibilities of the administration of the courts shall be performed by the President of the National Office for the Judiciary. The National Judicial Council shall supervise the central administration of the courts.\" \u00a0 The most pivotal duty of NJC is defined by Article 25. of the Fundamental\u2026","rel":"","context":"Similar post","block_context":{"text":"Similar post","link":""},"img":{"alt_text":"","src":"","width":0,"height":0},"classes":[]},{"id":106,"url":"https:\/\/obt2018.hu\/en\/tortenetunk\/","url_meta":{"origin":89,"position":5},"title":"Our story","author":"szgabor1976","date":"Tuesday September 25th, 2018","format":false,"excerpt":"2018. november \u00a0 2018.11.26. A Magyar Tudom\u00e1nyos Akad\u00e9mia Jogtudom\u00e1nyi Int\u00e9zete angol nyelv\u0171 konferenci\u00e1t rendezett b\u00edr\u00f3s\u00e1gi igazgat\u00e1si modellek t\u00e9m\u00e1j\u00e1ban, amelyen r\u00e9szt vett dr. Matusik Tam\u00e1s \u00e9s dr. Vad\u00e1sz Viktor OBT tagok. 2018.11.15-17. A Magyar Orsz\u00e1gos K\u00f6zjegyz\u0151i Kamara 30. Region\u00e1lis Kollokvium\u00e1n dr. Csontos Katalin, dr. Matusik Tam\u00e1s \u00e9s dr. Vad\u00e1sz Viktor k\u00e9pviselte\u2026","rel":"","context":"Similar post","block_context":{"text":"Similar post","link":""},"img":{"alt_text":"","src":"","width":0,"height":0},"classes":[]}],"jetpack_likes_enabled":true,"_links":{"self":[{"href":"https:\/\/obt2018.hu\/en\/wp-json\/wp\/v2\/pages\/89","targetHints":{"allow":["GET"]}}],"collection":[{"href":"https:\/\/obt2018.hu\/en\/wp-json\/wp\/v2\/pages"}],"about":[{"href":"https:\/\/obt2018.hu\/en\/wp-json\/wp\/v2\/types\/page"}],"author":[{"embeddable":true,"href":"https:\/\/obt2018.hu\/en\/wp-json\/wp\/v2\/users\/1"}],"replies":[{"embeddable":true,"href":"https:\/\/obt2018.hu\/en\/wp-json\/wp\/v2\/comments?post=89"}],"version-history":[{"count":2,"href":"https:\/\/obt2018.hu\/en\/wp-json\/wp\/v2\/pages\/89\/revisions"}],"predecessor-version":[{"id":917,"href":"https:\/\/obt2018.hu\/en\/wp-json\/wp\/v2\/pages\/89\/revisions\/917"}],"wp:attachment":[{"href":"https:\/\/obt2018.hu\/en\/wp-json\/wp\/v2\/media?parent=89"}],"curies":[{"name":"wp","href":"https:\/\/api.w.org\/{rel}","templated":true}]}}