{"id":91,"date":"2018-09-25T17:57:07","date_gmt":"2018-09-25T15:57:07","guid":{"rendered":"https:\/\/obt2018.hu\/?page_id=91"},"modified":"2019-01-18T19:25:40","modified_gmt":"2019-01-18T18:25:40","slug":"kepzes","status":"publish","type":"page","link":"https:\/\/obt2018.hu\/en\/kepzes\/","title":{"rendered":"Trainings"},"content":{"rendered":"<p>&nbsp;<\/p>\n<hr \/>\n<p style=\"text-align: center;\">\u201e<em>NJC makes a proposal on the central education plan and comments on the rules of the<br \/>\njudges\u2019 education system and the performance of training obligations.<\/em>\u201d<\/p>\n<hr \/>\n<p>&nbsp;<\/p>\n<p>The Hungarian Academy of Judiciary Sciences, which is operated as an organisational unit of NJC, is responsible for the training of judges and judiciary employees. The Hungarian Academy of Judiciary Sciences, formerly Hungarian Academy for the Training of Judges, was established in 2006. The Hungarian Academy of Judiciary Sciences prepares a central education plan on central trainings held centrally, regionally and locally, to which NJC can submit proposals. This proposal is related to not only training proposals for action; NJC may submit proposals also on the directions and priorities of training. [Point a) of paragraph (4) of Article 103 of Act CLXI of 2011]<\/p>\n<p>The President of NJO shall define the training system of judges and the rules of the performance of training obligations. However, there were related efforts, this has not been realised in the past six years. NJO comments on every issued regulation and recommendation but the act lists separately the task to comment on the training system and the rules of training obligations. [Point b) of paragraph (4) of Article 103 of the Act CLXI of 2011]<\/p>\n<p>The training system of judges is part of the judge career, it is related to their career development and it has a direct effect on the quality of judicial work. Especially because of this reason it is highly important that the training system is transparent and based on objective professional grounds. It should not be allowed to define the topics of the trainings and appoint lecturers and participants based on governance or other non-professional reasons, as it sadly happened several times in the recent past. Further to the transfer of material knowledge necessary for judiciary work such as trainings following the changes of law, the trainings should primarily concentrate on judicial competencies and should strengthen the independence and impartiality of the judges and fair procedure in general. Besides that, professional trainings have an important role in the fact that judges working in different areas of the country can share their experience with each other and within the frameworks of the training a discussion can start between the judges of lower and higher instance. The Hungarian Academy of Judiciary Sciences, similarly to other foreign educational institutions and international training centres, should create a trainer data base in which it could be tracked in a transparent way who is asked to be a trainer based on experience, lecturer competencies and the feedback of the participants.<\/p>","protected":false},"excerpt":{"rendered":"<p>&nbsp; \u201eNJC makes a proposal on the central education plan and comments on the rules of the judges\u2019 education system and the performance of training obligations.\u201d &nbsp; The Hungarian Academy of Judiciary Sciences, which is operated as an organisational unit of NJC, is responsible for the training of judges and judiciary employees. The Hungarian Academy<br \/><a class=\"moretag\" href=\"https:\/\/obt2018.hu\/en\/kepzes\/\">+ Read More<\/a><\/p>\n","protected":false},"author":1,"featured_media":0,"parent":0,"menu_order":0,"comment_status":"closed","ping_status":"closed","template":"templates\/page-nosidebar_template.php","meta":{"jetpack_post_was_ever_published":false,"footnotes":""},"class_list":["post-91","page","type-page","status-publish","hentry"],"yoast_head":"<!-- This site is optimized with the Yoast SEO plugin v27.2 - https:\/\/yoast.com\/product\/yoast-seo-wordpress\/ -->\n<title>Trainings - Orsz\u00e1gos B\u00edr\u00f3i Tan\u00e1cs<\/title>\n<meta name=\"robots\" content=\"index, follow, max-snippet:-1, max-image-preview:large, max-video-preview:-1\" \/>\n<link rel=\"canonical\" href=\"https:\/\/obt2018.hu\/kepzes\/\" \/>\n<meta property=\"og:locale\" content=\"en_US\" \/>\n<meta property=\"og:type\" content=\"article\" \/>\n<meta property=\"og:title\" content=\"[:hu]K\u00e9pz\u00e9s[:en]Trainings[:] - Orsz\u00e1gos B\u00edr\u00f3i Tan\u00e1cs\" \/>\n<meta property=\"og:description\" content=\"&nbsp; \u201eNJC makes a proposal on the central education plan and comments on the rules of the judges\u2019 education system and the performance of training obligations.\u201d &nbsp; The Hungarian Academy of Judiciary Sciences, which is operated as an organisational unit of NJC, is responsible for the training of judges and judiciary employees. The Hungarian Academy+ Read More\" \/>\n<meta property=\"og:url\" content=\"https:\/\/obt2018.hu\/kepzes\/\" \/>\n<meta property=\"og:site_name\" content=\"Orsz\u00e1gos B\u00edr\u00f3i Tan\u00e1cs\" \/>\n<meta property=\"article:modified_time\" content=\"2019-01-18T18:25:40+00:00\" \/>\n<meta name=\"twitter:card\" content=\"summary_large_image\" \/>\n<meta name=\"twitter:label1\" content=\"Est. reading time\" \/>\n\t<meta name=\"twitter:data1\" content=\"5 minutes\" \/>\n<script type=\"application\/ld+json\" class=\"yoast-schema-graph\">{\"@context\":\"https:\/\/schema.org\",\"@graph\":[{\"@type\":\"WebPage\",\"@id\":\"https:\/\/obt2018.hu\/kepzes\/\",\"url\":\"https:\/\/obt2018.hu\/kepzes\/\",\"name\":\"[:hu]K\u00e9pz\u00e9s[:en]Trainings[:] - Orsz\u00e1gos B\u00edr\u00f3i Tan\u00e1cs\",\"isPartOf\":{\"@id\":\"https:\/\/obt2018.hu\/#website\"},\"datePublished\":\"2018-09-25T15:57:07+00:00\",\"dateModified\":\"2019-01-18T18:25:40+00:00\",\"breadcrumb\":{\"@id\":\"https:\/\/obt2018.hu\/kepzes\/#breadcrumb\"},\"inLanguage\":\"en-US\",\"potentialAction\":[{\"@type\":\"ReadAction\",\"target\":[\"https:\/\/obt2018.hu\/kepzes\/\"]}]},{\"@type\":\"BreadcrumbList\",\"@id\":\"https:\/\/obt2018.hu\/kepzes\/#breadcrumb\",\"itemListElement\":[{\"@type\":\"ListItem\",\"position\":1,\"name\":\"Home\",\"item\":\"https:\/\/obt2018.hu\/\"},{\"@type\":\"ListItem\",\"position\":2,\"name\":\"K\u00e9pz\u00e9s\"}]},{\"@type\":\"WebSite\",\"@id\":\"https:\/\/obt2018.hu\/#website\",\"url\":\"https:\/\/obt2018.hu\/\",\"name\":\"OBT 2018\",\"description\":\"Az Orsz\u00e1gos B\u00edr\u00f3i Tan\u00e1cs honlapja\",\"publisher\":{\"@id\":\"https:\/\/obt2018.hu\/#organization\"},\"potentialAction\":[{\"@type\":\"SearchAction\",\"target\":{\"@type\":\"EntryPoint\",\"urlTemplate\":\"https:\/\/obt2018.hu\/?s={search_term_string}\"},\"query-input\":{\"@type\":\"PropertyValueSpecification\",\"valueRequired\":true,\"valueName\":\"search_term_string\"}}],\"inLanguage\":\"en-US\"},{\"@type\":\"Organization\",\"@id\":\"https:\/\/obt2018.hu\/#organization\",\"name\":\"Orsz\u00e1gos B\u00edr\u00f3i Tan\u00e1cs\",\"url\":\"https:\/\/obt2018.hu\/\",\"logo\":{\"@type\":\"ImageObject\",\"inLanguage\":\"en-US\",\"@id\":\"https:\/\/obt2018.hu\/#\/schema\/logo\/image\/\",\"url\":\"https:\/\/obt2018.hu\/wp-content\/uploads\/2018\/10\/logo.png\",\"contentUrl\":\"https:\/\/obt2018.hu\/wp-content\/uploads\/2018\/10\/logo.png\",\"width\":591,\"height\":591,\"caption\":\"Orsz\u00e1gos B\u00edr\u00f3i Tan\u00e1cs\"},\"image\":{\"@id\":\"https:\/\/obt2018.hu\/#\/schema\/logo\/image\/\"}}]}<\/script>\n<!-- \/ Yoast SEO plugin. -->","yoast_head_json":{"title":"[:hu]K\u00e9pz\u00e9s[:en]Trainings[:] - Orsz\u00e1gos B\u00edr\u00f3i Tan\u00e1cs","robots":{"index":"index","follow":"follow","max-snippet":"max-snippet:-1","max-image-preview":"max-image-preview:large","max-video-preview":"max-video-preview:-1"},"canonical":"https:\/\/obt2018.hu\/kepzes\/","og_locale":"en_US","og_type":"article","og_title":"[:hu]K\u00e9pz\u00e9s[:en]Trainings[:] - Orsz\u00e1gos B\u00edr\u00f3i Tan\u00e1cs","og_description":"&nbsp; \u201eNJC makes a proposal on the central education plan and comments on the rules of the judges\u2019 education system and the performance of training obligations.\u201d &nbsp; The Hungarian Academy of Judiciary Sciences, which is operated as an organisational unit of NJC, is responsible for the training of judges and judiciary employees. The Hungarian Academy+ Read More","og_url":"https:\/\/obt2018.hu\/kepzes\/","og_site_name":"Orsz\u00e1gos B\u00edr\u00f3i Tan\u00e1cs","article_modified_time":"2019-01-18T18:25:40+00:00","twitter_card":"summary_large_image","twitter_misc":{"Est. reading time":"5 minutes"},"schema":{"@context":"https:\/\/schema.org","@graph":[{"@type":"WebPage","@id":"https:\/\/obt2018.hu\/kepzes\/","url":"https:\/\/obt2018.hu\/kepzes\/","name":"[:hu]K\u00e9pz\u00e9s[:en]Trainings[:] - Orsz\u00e1gos B\u00edr\u00f3i Tan\u00e1cs","isPartOf":{"@id":"https:\/\/obt2018.hu\/#website"},"datePublished":"2018-09-25T15:57:07+00:00","dateModified":"2019-01-18T18:25:40+00:00","breadcrumb":{"@id":"https:\/\/obt2018.hu\/kepzes\/#breadcrumb"},"inLanguage":"en-US","potentialAction":[{"@type":"ReadAction","target":["https:\/\/obt2018.hu\/kepzes\/"]}]},{"@type":"BreadcrumbList","@id":"https:\/\/obt2018.hu\/kepzes\/#breadcrumb","itemListElement":[{"@type":"ListItem","position":1,"name":"Home","item":"https:\/\/obt2018.hu\/"},{"@type":"ListItem","position":2,"name":"K\u00e9pz\u00e9s"}]},{"@type":"WebSite","@id":"https:\/\/obt2018.hu\/#website","url":"https:\/\/obt2018.hu\/","name":"OBT 2018","description":"Az Orsz\u00e1gos B\u00edr\u00f3i Tan\u00e1cs honlapja","publisher":{"@id":"https:\/\/obt2018.hu\/#organization"},"potentialAction":[{"@type":"SearchAction","target":{"@type":"EntryPoint","urlTemplate":"https:\/\/obt2018.hu\/?s={search_term_string}"},"query-input":{"@type":"PropertyValueSpecification","valueRequired":true,"valueName":"search_term_string"}}],"inLanguage":"en-US"},{"@type":"Organization","@id":"https:\/\/obt2018.hu\/#organization","name":"Orsz\u00e1gos B\u00edr\u00f3i Tan\u00e1cs","url":"https:\/\/obt2018.hu\/","logo":{"@type":"ImageObject","inLanguage":"en-US","@id":"https:\/\/obt2018.hu\/#\/schema\/logo\/image\/","url":"https:\/\/obt2018.hu\/wp-content\/uploads\/2018\/10\/logo.png","contentUrl":"https:\/\/obt2018.hu\/wp-content\/uploads\/2018\/10\/logo.png","width":591,"height":591,"caption":"Orsz\u00e1gos B\u00edr\u00f3i Tan\u00e1cs"},"image":{"@id":"https:\/\/obt2018.hu\/#\/schema\/logo\/image\/"}}]}},"jetpack_sharing_enabled":true,"jetpack_shortlink":"https:\/\/wp.me\/PfwhB4-1t","jetpack-related-posts":[{"id":69,"url":"https:\/\/obt2018.hu\/en\/2018-2\/","url_meta":{"origin":91,"position":0},"title":"2018","author":"szgabor1976","date":"Tuesday September 25th, 2018","format":false,"excerpt":"\u00a0 2018. I. f\u00e9l\u00e9vre tervezett napirendi pontok: OBT m\u0171k\u00f6d\u00e9s\u00e9vel kapcsolatos el\u0151terjeszt\u00e9sek: az OBT m\u0171k\u00f6d\u00e9si felt\u00e9teleinek biztos\u00edt\u00e1sa, szervezeti \u00e9s m\u0171k\u00f6d\u00e9si szab\u00e1lyzat\u00e1nak m\u00f3dos\u00edt\u00e1sa az OBT hat\u00e1rozatainak, aj\u00e1nl\u00e1sainak deregul\u00e1ci\u00f3ja OBT iroda \u00fcgyviteli szab\u00e1lyzata Besz\u00e1mol\u00f3k, v\u00e9lem\u00e9nyez\u00e9sek: OBH eln\u00f6k f\u00e9l\u00e9ves besz\u00e1mol\u00f3j\u00e1nak megt\u00e1rgyal\u00e1sa a Szolg\u00e1lati B\u00edr\u00f3s\u00e1g eln\u00f6ke besz\u00e1mol\u00f3j\u00e1nak j\u00f3v\u00e1hagy\u00e1sa a V\u00e9grehajt\u00f3i Fegyelmi B\u00edr\u00f3s\u00e1g eln\u00f6ke besz\u00e1mol\u00f3j\u00e1nak j\u00f3v\u00e1hagy\u00e1sa\u2026","rel":"","context":"Similar post","block_context":{"text":"Similar post","link":""},"img":{"alt_text":"","src":"","width":0,"height":0},"classes":[]},{"id":2434,"url":"https:\/\/obt2018.hu\/en\/2023-2\/","url_meta":{"origin":91,"position":1},"title":"(Magyar) 2023","author":"szgabor1976","date":"Wednesday January  4th, 2023","format":false,"excerpt":"Sorry, this entry is only available in Magyar.","rel":"","context":"Similar post","block_context":{"text":"Similar post","link":""},"img":{"alt_text":"","src":"","width":0,"height":0},"classes":[]},{"id":118,"url":"https:\/\/obt2018.hu\/en\/tevekenysegek\/","url_meta":{"origin":91,"position":2},"title":"Tev\u00e9kenys\u00e9gek","author":"szgabor1976","date":"Tuesday September 25th, 2018","format":false,"excerpt":"","rel":"","context":"Similar post","block_context":{"text":"Similar post","link":""},"img":{"alt_text":"","src":"","width":0,"height":0},"classes":[]},{"id":83,"url":"https:\/\/obt2018.hu\/en\/felugyelet\/","url_meta":{"origin":91,"position":3},"title":"Supervision","author":"szgabor1976","date":"Tuesday September 25th, 2018","format":false,"excerpt":"\u00a0 \u201eThe central responsibilities of the administration of the courts shall be performed by the President of the National Office for the Judiciary. The National Judicial Council shall supervise the central administration of the courts.\" \u00a0 The most pivotal duty of NJC is defined by Article 25. of the Fundamental\u2026","rel":"","context":"Similar post","block_context":{"text":"Similar post","link":""},"img":{"alt_text":"","src":"","width":0,"height":0},"classes":[]},{"id":106,"url":"https:\/\/obt2018.hu\/en\/tortenetunk\/","url_meta":{"origin":91,"position":4},"title":"Our story","author":"szgabor1976","date":"Tuesday September 25th, 2018","format":false,"excerpt":"2018. november \u00a0 2018.11.26. A Magyar Tudom\u00e1nyos Akad\u00e9mia Jogtudom\u00e1nyi Int\u00e9zete angol nyelv\u0171 konferenci\u00e1t rendezett b\u00edr\u00f3s\u00e1gi igazgat\u00e1si modellek t\u00e9m\u00e1j\u00e1ban, amelyen r\u00e9szt vett dr. Matusik Tam\u00e1s \u00e9s dr. Vad\u00e1sz Viktor OBT tagok. 2018.11.15-17. A Magyar Orsz\u00e1gos K\u00f6zjegyz\u0151i Kamara 30. Region\u00e1lis Kollokvium\u00e1n dr. Csontos Katalin, dr. Matusik Tam\u00e1s \u00e9s dr. Vad\u00e1sz Viktor k\u00e9pviselte\u2026","rel":"","context":"Similar post","block_context":{"text":"Similar post","link":""},"img":{"alt_text":"","src":"","width":0,"height":0},"classes":[]},{"id":12,"url":"https:\/\/obt2018.hu\/en\/hitvallas\/","url_meta":{"origin":91,"position":5},"title":"Credo","author":"szgabor1976","date":"Tuesday September 25th, 2018","format":false,"excerpt":"\u00a0 \u201eWe, the members of the National Judicial Council established on 30 January 2018, declare that in our function representingthe judiciary that elected us democratically,we intend toact in order to ensure impartial justice based on the independence of the judiciary. In fulfilment of our constitutional obligations our first priority is\u2026","rel":"","context":"Similar post","block_context":{"text":"Similar post","link":""},"img":{"alt_text":"","src":"","width":0,"height":0},"classes":[]}],"jetpack_likes_enabled":true,"_links":{"self":[{"href":"https:\/\/obt2018.hu\/en\/wp-json\/wp\/v2\/pages\/91","targetHints":{"allow":["GET"]}}],"collection":[{"href":"https:\/\/obt2018.hu\/en\/wp-json\/wp\/v2\/pages"}],"about":[{"href":"https:\/\/obt2018.hu\/en\/wp-json\/wp\/v2\/types\/page"}],"author":[{"embeddable":true,"href":"https:\/\/obt2018.hu\/en\/wp-json\/wp\/v2\/users\/1"}],"replies":[{"embeddable":true,"href":"https:\/\/obt2018.hu\/en\/wp-json\/wp\/v2\/comments?post=91"}],"version-history":[{"count":3,"href":"https:\/\/obt2018.hu\/en\/wp-json\/wp\/v2\/pages\/91\/revisions"}],"predecessor-version":[{"id":916,"href":"https:\/\/obt2018.hu\/en\/wp-json\/wp\/v2\/pages\/91\/revisions\/916"}],"wp:attachment":[{"href":"https:\/\/obt2018.hu\/en\/wp-json\/wp\/v2\/media?parent=91"}],"curies":[{"name":"wp","href":"https:\/\/api.w.org\/{rel}","templated":true}]}}