{"id":934,"date":"2019-01-21T16:36:41","date_gmt":"2019-01-21T15:36:41","guid":{"rendered":"https:\/\/obt2018.hu\/?page_id=934"},"modified":"2022-12-08T16:46:55","modified_gmt":"2022-12-08T15:46:55","slug":"ulesek","status":"publish","type":"page","link":"https:\/\/obt2018.hu\/en\/ulesek\/","title":{"rendered":"Meetings"},"content":{"rendered":"<p>&nbsp;<\/p>\n<ol>\n<li><strong><em>Annual meeting schedules<\/em><\/strong><\/li>\n<\/ol>\n<p><em>Scheduled agenda items for the 1<sup>st<\/sup> semester of 2018:<\/em><\/p>\n<p><u>Submissions related to the operation of NJC<\/u><\/p>\n<ul>\n<li>ensuring the operation conditions of NJC, amendment of the organisational and operational rules<\/li>\n<li>deregulation of the resolutions and recommendations of NJC<\/li>\n<li>code of conduct of the NJC office<\/li>\n<\/ul>\n<p><u>Reports, assessments:<\/u><\/p>\n<ul>\n<li>discussion of the semi-annual report of the president of NJC<\/li>\n<li>approval of the report of the President of the Service Court<\/li>\n<li>approval of the report of the President of the Executive Disciplinary Court<\/li>\n<li>assessment of the 2019 budget plan and the report regarding the execution of the budget<\/li>\n<li>the practice of the president of NJC and the Curia regarding the evaluation of the tenders of the judges and the judicial leaders<\/li>\n<li>assessment of the submission on the conditions and the rate of the other benefits<\/li>\n<\/ul>\n<p><u>Examinations:<\/u><\/p>\n<ul>\n<li>examination on the practice of the invalidation of the tenders of the judges and the judicial leaders (answering the questions asked by the Assembly of the Judges of the Budapest Capital Regional Court and the Gy\u0151r Regional Court of Appeal)<\/li>\n<li>examination on the performance of the obligation of the President of NJC regarding the investigation of the judicial leaders<\/li>\n<li>examination on the performance of the obligation of the President of NJC regarding the measurement of the judicial workload and the determination of the national workload<\/li>\n<li>discussion of the experiences and the lessons learned of the introduction of the electronic filing<\/li>\n<li>examination on the practice of the President of NJC regarding the assignment of the judges in NJC, the appointment of a judge, assignment of central administrative tasks<\/li>\n<\/ul>\n<p><u>Other:<\/u><\/p>\n<ul>\n<li>donation of appreciations for judges and judicial staff<\/li>\n<\/ul>\n<p><strong>\u00a0<\/strong><\/p>\n<p><em>Scheduled agenda items for the 2nd semester of 2018:<\/em><\/p>\n<p><u>Submissions related to the operation of NJC<\/u><\/p>\n<ul>\n<li>proposal on the amendment of Act CLXI of 2011 on the organisation and administration of courts (Court Organisation Act)<\/li>\n<li>amendment of the NJC resolution on the donation of the Andor Juh\u00e1sz Prize<\/li>\n<li>briefing on the international relations of NJC<\/li>\n<li>code of conduct of the NJC Office<\/li>\n<li>drawing up the annual budget proposal of NJC<\/li>\n<\/ul>\n<p><u>Reports, assessments:<\/u><\/p>\n<ul>\n<li>discussion of the semi-annual report of the president of NJC<\/li>\n<li>report on the execution of the 2017 annual budget of the courts<\/li>\n<li>assessment of the submission on the conditions and the rate of the other benefits<\/li>\n<\/ul>\n<p><u>Examinations:<\/u><\/p>\n<ul>\n<li>examination on the practice of the President of NJC regarding the assignment of the judges in NJC, appointment of a judge, assignment with central administrative tasks<\/li>\n<li>examination on the practice of the dismissals made by NJC in case of conflict of interest concerning the judicial leaders<\/li>\n<\/ul>\n<p><u>Other:<\/u><\/p>\n<ul>\n<li>discussion of the education plan 2019 of the Hungarian Academy of Justice<\/li>\n<\/ul>\n<p><strong>\u00a0<\/strong><strong><em>\u00a0<\/em><\/strong><\/p>\n<ol start=\"2\">\n<li><strong><em>Summaries and reports of meetings<\/em><\/strong><\/li>\n<\/ol>\n<p>Summaries of some NJC meetings are also available in English language:<\/p>\n<ul>\n<li><a href=\"https:\/\/www.dropbox.com\/s\/brx3atri9kj1ri5\/Summary%2002.05.2018%20NJC%20of%20Hungary.pdf?dl=0\">02\/05\/2018 \u2013 Report on the unlawful practise of OBH President on appointment of judges and court presidents<\/a><\/li>\n<li><a href=\"https:\/\/www.dropbox.com\/s\/zfzktke0g1ulxik\/Summary%2016.05.2018%20NJC%20of%20Hungary.pdf?dl=0\">16\/05\/2018 \u2013 NJC requests president of NOJ to fulfil its legal obligations<\/a><\/li>\n<li><a href=\"https:\/\/www.dropbox.com\/s\/elb6n1k4ov2nxiw\/Report%2007.11.2018%20NJC.pdf?dl=0\">07\/11\/2018 \u2013 Reflections on recent letters of OBH President and unsuccessful electoral assembly, proposals for the annual training program<\/a><\/li>\n<\/ul>\n<p>&nbsp;<\/p>\n<p>&nbsp;<\/p>\n<ol start=\"3\">\n<li><strong><em>Press releases and statements<\/em><\/strong><\/li>\n<\/ol>\n<p>&nbsp;<\/p>\n<p>The following press releases, statements and publications are also available in English language:<\/p>\n<ul>\n<li><a href=\"https:\/\/www.dropbox.com\/s\/d1m6eq0m630xrob\/Crisis%20in%20the%20Hungarian%20Judicial%20Administration%2012.07.2018%20vadaszv.pdf?dl=0\">19\/06\/2018 Essay on the \u201cCrisis in the Hungarian Judicial Administration\u201d (Viktor Vad\u00e1sz)<\/a><\/li>\n<li><a href=\"https:\/\/www.dropbox.com\/s\/uposlet0sijdw2j\/Unsuccessful%20assembly%202018-10-09.pdf?dl=0\">09\/10\/2018 Unsuccessful assembly<\/a><\/li>\n<li><a href=\"https:\/\/www.dropbox.com\/s\/6mbczg895lcs0ee\/12%20Myths%20about%20the%20National%20Judicial%20Council%20%28OBT%29.pdf?dl=0\">15\/10\/2018 12 Myths about the National Judicial Council<\/a><\/li>\n<li><a href=\"https:\/\/www.dropbox.com\/s\/xfwug3i8rr04xer\/Comments%20on%20the%20proposal%20of%20OBH%20president%202018-10-29.pdf?dl=0\">29\/10\/2018 Comments on the legal proposal of OBH president<\/a><\/li>\n<\/ul>\n<p><\/p>","protected":false},"excerpt":{"rendered":"<p>&nbsp; Annual meeting schedules Scheduled agenda items for the 1st semester of 2018: Submissions related to the operation of NJC ensuring the operation conditions of NJC, amendment of the organisational and operational rules deregulation of the resolutions and recommendations of NJC code of conduct of the NJC office Reports, assessments: discussion of the semi-annual report<br \/><a class=\"moretag\" href=\"https:\/\/obt2018.hu\/en\/ulesek\/\">+ Read More<\/a><\/p>\n","protected":false},"author":1,"featured_media":0,"parent":0,"menu_order":0,"comment_status":"closed","ping_status":"closed","template":"templates\/page-nosidebar_template.php","meta":{"jetpack_post_was_ever_published":false,"footnotes":""},"class_list":["post-934","page","type-page","status-publish","hentry"],"yoast_head":"<!-- This site is optimized with the Yoast SEO plugin v27.2 - https:\/\/yoast.com\/product\/yoast-seo-wordpress\/ -->\n<title>Meetings - Orsz\u00e1gos B\u00edr\u00f3i Tan\u00e1cs<\/title>\n<meta name=\"robots\" content=\"index, follow, max-snippet:-1, max-image-preview:large, max-video-preview:-1\" \/>\n<link rel=\"canonical\" href=\"https:\/\/obt2018.hu\/ulesek\/\" \/>\n<meta property=\"og:locale\" content=\"en_US\" \/>\n<meta property=\"og:type\" content=\"article\" \/>\n<meta property=\"og:title\" content=\"[:hu]\u00dcl\u00e9sek[:en]Meetings[:] - Orsz\u00e1gos B\u00edr\u00f3i Tan\u00e1cs\" \/>\n<meta property=\"og:description\" content=\"&nbsp; Annual meeting schedules Scheduled agenda items for the 1st semester of 2018: Submissions related to the operation of NJC ensuring the operation conditions of NJC, amendment of the organisational and operational rules deregulation of the resolutions and recommendations of NJC code of conduct of the NJC office Reports, assessments: discussion of the semi-annual report+ Read More\" \/>\n<meta property=\"og:url\" content=\"https:\/\/obt2018.hu\/ulesek\/\" \/>\n<meta property=\"og:site_name\" content=\"Orsz\u00e1gos B\u00edr\u00f3i Tan\u00e1cs\" \/>\n<meta property=\"article:modified_time\" content=\"2022-12-08T15:46:55+00:00\" \/>\n<meta name=\"twitter:card\" content=\"summary_large_image\" \/>\n<meta name=\"twitter:label1\" content=\"Est. reading time\" \/>\n\t<meta name=\"twitter:data1\" content=\"2 minutes\" \/>\n<script type=\"application\/ld+json\" class=\"yoast-schema-graph\">{\"@context\":\"https:\/\/schema.org\",\"@graph\":[{\"@type\":\"WebPage\",\"@id\":\"https:\/\/obt2018.hu\/ulesek\/\",\"url\":\"https:\/\/obt2018.hu\/ulesek\/\",\"name\":\"[:hu]\u00dcl\u00e9sek[:en]Meetings[:] - Orsz\u00e1gos B\u00edr\u00f3i Tan\u00e1cs\",\"isPartOf\":{\"@id\":\"https:\/\/obt2018.hu\/#website\"},\"datePublished\":\"2019-01-21T15:36:41+00:00\",\"dateModified\":\"2022-12-08T15:46:55+00:00\",\"breadcrumb\":{\"@id\":\"https:\/\/obt2018.hu\/ulesek\/#breadcrumb\"},\"inLanguage\":\"en-US\",\"potentialAction\":[{\"@type\":\"ReadAction\",\"target\":[\"https:\/\/obt2018.hu\/ulesek\/\"]}]},{\"@type\":\"BreadcrumbList\",\"@id\":\"https:\/\/obt2018.hu\/ulesek\/#breadcrumb\",\"itemListElement\":[{\"@type\":\"ListItem\",\"position\":1,\"name\":\"Home\",\"item\":\"https:\/\/obt2018.hu\/\"},{\"@type\":\"ListItem\",\"position\":2,\"name\":\"\u00dcl\u00e9sek\"}]},{\"@type\":\"WebSite\",\"@id\":\"https:\/\/obt2018.hu\/#website\",\"url\":\"https:\/\/obt2018.hu\/\",\"name\":\"OBT 2018\",\"description\":\"Az Orsz\u00e1gos B\u00edr\u00f3i Tan\u00e1cs honlapja\",\"publisher\":{\"@id\":\"https:\/\/obt2018.hu\/#organization\"},\"potentialAction\":[{\"@type\":\"SearchAction\",\"target\":{\"@type\":\"EntryPoint\",\"urlTemplate\":\"https:\/\/obt2018.hu\/?s={search_term_string}\"},\"query-input\":{\"@type\":\"PropertyValueSpecification\",\"valueRequired\":true,\"valueName\":\"search_term_string\"}}],\"inLanguage\":\"en-US\"},{\"@type\":\"Organization\",\"@id\":\"https:\/\/obt2018.hu\/#organization\",\"name\":\"Orsz\u00e1gos B\u00edr\u00f3i Tan\u00e1cs\",\"url\":\"https:\/\/obt2018.hu\/\",\"logo\":{\"@type\":\"ImageObject\",\"inLanguage\":\"en-US\",\"@id\":\"https:\/\/obt2018.hu\/#\/schema\/logo\/image\/\",\"url\":\"https:\/\/obt2018.hu\/wp-content\/uploads\/2018\/10\/logo.png\",\"contentUrl\":\"https:\/\/obt2018.hu\/wp-content\/uploads\/2018\/10\/logo.png\",\"width\":591,\"height\":591,\"caption\":\"Orsz\u00e1gos B\u00edr\u00f3i Tan\u00e1cs\"},\"image\":{\"@id\":\"https:\/\/obt2018.hu\/#\/schema\/logo\/image\/\"}}]}<\/script>\n<!-- \/ Yoast SEO plugin. -->","yoast_head_json":{"title":"[:hu]\u00dcl\u00e9sek[:en]Meetings[:] - Orsz\u00e1gos B\u00edr\u00f3i Tan\u00e1cs","robots":{"index":"index","follow":"follow","max-snippet":"max-snippet:-1","max-image-preview":"max-image-preview:large","max-video-preview":"max-video-preview:-1"},"canonical":"https:\/\/obt2018.hu\/ulesek\/","og_locale":"en_US","og_type":"article","og_title":"[:hu]\u00dcl\u00e9sek[:en]Meetings[:] - Orsz\u00e1gos B\u00edr\u00f3i Tan\u00e1cs","og_description":"&nbsp; Annual meeting schedules Scheduled agenda items for the 1st semester of 2018: Submissions related to the operation of NJC ensuring the operation conditions of NJC, amendment of the organisational and operational rules deregulation of the resolutions and recommendations of NJC code of conduct of the NJC office Reports, assessments: discussion of the semi-annual report+ Read More","og_url":"https:\/\/obt2018.hu\/ulesek\/","og_site_name":"Orsz\u00e1gos B\u00edr\u00f3i Tan\u00e1cs","article_modified_time":"2022-12-08T15:46:55+00:00","twitter_card":"summary_large_image","twitter_misc":{"Est. reading time":"2 minutes"},"schema":{"@context":"https:\/\/schema.org","@graph":[{"@type":"WebPage","@id":"https:\/\/obt2018.hu\/ulesek\/","url":"https:\/\/obt2018.hu\/ulesek\/","name":"[:hu]\u00dcl\u00e9sek[:en]Meetings[:] - Orsz\u00e1gos B\u00edr\u00f3i Tan\u00e1cs","isPartOf":{"@id":"https:\/\/obt2018.hu\/#website"},"datePublished":"2019-01-21T15:36:41+00:00","dateModified":"2022-12-08T15:46:55+00:00","breadcrumb":{"@id":"https:\/\/obt2018.hu\/ulesek\/#breadcrumb"},"inLanguage":"en-US","potentialAction":[{"@type":"ReadAction","target":["https:\/\/obt2018.hu\/ulesek\/"]}]},{"@type":"BreadcrumbList","@id":"https:\/\/obt2018.hu\/ulesek\/#breadcrumb","itemListElement":[{"@type":"ListItem","position":1,"name":"Home","item":"https:\/\/obt2018.hu\/"},{"@type":"ListItem","position":2,"name":"\u00dcl\u00e9sek"}]},{"@type":"WebSite","@id":"https:\/\/obt2018.hu\/#website","url":"https:\/\/obt2018.hu\/","name":"OBT 2018","description":"Az Orsz\u00e1gos B\u00edr\u00f3i Tan\u00e1cs honlapja","publisher":{"@id":"https:\/\/obt2018.hu\/#organization"},"potentialAction":[{"@type":"SearchAction","target":{"@type":"EntryPoint","urlTemplate":"https:\/\/obt2018.hu\/?s={search_term_string}"},"query-input":{"@type":"PropertyValueSpecification","valueRequired":true,"valueName":"search_term_string"}}],"inLanguage":"en-US"},{"@type":"Organization","@id":"https:\/\/obt2018.hu\/#organization","name":"Orsz\u00e1gos B\u00edr\u00f3i Tan\u00e1cs","url":"https:\/\/obt2018.hu\/","logo":{"@type":"ImageObject","inLanguage":"en-US","@id":"https:\/\/obt2018.hu\/#\/schema\/logo\/image\/","url":"https:\/\/obt2018.hu\/wp-content\/uploads\/2018\/10\/logo.png","contentUrl":"https:\/\/obt2018.hu\/wp-content\/uploads\/2018\/10\/logo.png","width":591,"height":591,"caption":"Orsz\u00e1gos B\u00edr\u00f3i Tan\u00e1cs"},"image":{"@id":"https:\/\/obt2018.hu\/#\/schema\/logo\/image\/"}}]}},"jetpack_sharing_enabled":true,"jetpack_shortlink":"https:\/\/wp.me\/PfwhB4-f4","jetpack-related-posts":[{"id":2434,"url":"https:\/\/obt2018.hu\/en\/2023-2\/","url_meta":{"origin":934,"position":0},"title":"(Magyar) 2023","author":"szgabor1976","date":"Wednesday January  4th, 2023","format":false,"excerpt":"Sorry, this entry is only available in Magyar.","rel":"","context":"Similar post","block_context":{"text":"Similar post","link":""},"img":{"alt_text":"","src":"","width":0,"height":0},"classes":[]},{"id":69,"url":"https:\/\/obt2018.hu\/en\/2018-2\/","url_meta":{"origin":934,"position":1},"title":"2018","author":"szgabor1976","date":"Tuesday September 25th, 2018","format":false,"excerpt":"\u00a0 2018. I. f\u00e9l\u00e9vre tervezett napirendi pontok: OBT m\u0171k\u00f6d\u00e9s\u00e9vel kapcsolatos el\u0151terjeszt\u00e9sek: az OBT m\u0171k\u00f6d\u00e9si felt\u00e9teleinek biztos\u00edt\u00e1sa, szervezeti \u00e9s m\u0171k\u00f6d\u00e9si szab\u00e1lyzat\u00e1nak m\u00f3dos\u00edt\u00e1sa az OBT hat\u00e1rozatainak, aj\u00e1nl\u00e1sainak deregul\u00e1ci\u00f3ja OBT iroda \u00fcgyviteli szab\u00e1lyzata Besz\u00e1mol\u00f3k, v\u00e9lem\u00e9nyez\u00e9sek: OBH eln\u00f6k f\u00e9l\u00e9ves besz\u00e1mol\u00f3j\u00e1nak megt\u00e1rgyal\u00e1sa a Szolg\u00e1lati B\u00edr\u00f3s\u00e1g eln\u00f6ke besz\u00e1mol\u00f3j\u00e1nak j\u00f3v\u00e1hagy\u00e1sa a V\u00e9grehajt\u00f3i Fegyelmi B\u00edr\u00f3s\u00e1g eln\u00f6ke besz\u00e1mol\u00f3j\u00e1nak j\u00f3v\u00e1hagy\u00e1sa\u2026","rel":"","context":"Similar post","block_context":{"text":"Similar post","link":""},"img":{"alt_text":"","src":"","width":0,"height":0},"classes":[]},{"id":106,"url":"https:\/\/obt2018.hu\/en\/tortenetunk\/","url_meta":{"origin":934,"position":2},"title":"Our story","author":"szgabor1976","date":"Tuesday September 25th, 2018","format":false,"excerpt":"2018. november \u00a0 2018.11.26. A Magyar Tudom\u00e1nyos Akad\u00e9mia Jogtudom\u00e1nyi Int\u00e9zete angol nyelv\u0171 konferenci\u00e1t rendezett b\u00edr\u00f3s\u00e1gi igazgat\u00e1si modellek t\u00e9m\u00e1j\u00e1ban, amelyen r\u00e9szt vett dr. Matusik Tam\u00e1s \u00e9s dr. Vad\u00e1sz Viktor OBT tagok. 2018.11.15-17. A Magyar Orsz\u00e1gos K\u00f6zjegyz\u0151i Kamara 30. Region\u00e1lis Kollokvium\u00e1n dr. Csontos Katalin, dr. Matusik Tam\u00e1s \u00e9s dr. Vad\u00e1sz Viktor k\u00e9pviselte\u2026","rel":"","context":"Similar post","block_context":{"text":"Similar post","link":""},"img":{"alt_text":"","src":"","width":0,"height":0},"classes":[]},{"id":14,"url":"https:\/\/obt2018.hu\/en\/tagok\/","url_meta":{"origin":934,"position":3},"title":"Tagok","author":"szgabor1976","date":"Tuesday September 25th, 2018","format":false,"excerpt":"\u201eAz OBT 14 b\u00edr\u00f3 tagj\u00e1t a b\u00edr\u00e1k k\u00fcld\u00f6tt\u00e9rtekezlete a k\u00fcld\u00f6ttek k\u00f6z\u00fcl titkosan, szavazatt\u00f6bbs\u00e9ggel v\u00e1lasztja meg.\u201d Az OBT tagjai tiszts\u00e9g\u00fcket ellent\u00e9telez\u00e9s n\u00e9lk\u00fcl, b\u00edr\u00f3i munk\u00e1juk mellett l\u00e1tj\u00e1k el, azonban feladataik ell\u00e1t\u00e1s\u00e1hoz sz\u00fcks\u00e9ges m\u00e9rt\u00e9kben mentes\u00edteni kell \u0151ket a b\u00edr\u00f3i munka al\u00f3l. A v\u00e1lasztott tiszts\u00e9g bet\u00f6lt\u00e9se beoszt\u00e1sukra \u00e9s a munk\u00e1ltat\u00f3i jogok gyakorl\u00e1s\u00e1ra nincs kihat\u00e1ssal,\u2026","rel":"","context":"Similar post","block_context":{"text":"Similar post","link":""},"img":{"alt_text":"","src":"","width":0,"height":0},"classes":[]},{"id":10,"url":"https:\/\/obt2018.hu\/en\/bemutatkozas\/","url_meta":{"origin":934,"position":4},"title":"Introduction","author":"szgabor1976","date":"Tuesday September 25th, 2018","format":false,"excerpt":"\u00a0 \u00a0 \u201eNJC commentsthe regulations and recommendations issued by the President of the National Office for the Judiciary (NOJ), furthermore it can submit motions to the President of NOJ to prepare proposals on amendments to the legislation affecting courts.\u201d \u00a0 \u00a0 NJC was created by Act CLXI of 2011 on\u2026","rel":"","context":"Similar post","block_context":{"text":"Similar post","link":""},"img":{"alt_text":"","src":"","width":0,"height":0},"classes":[]},{"id":87,"url":"https:\/\/obt2018.hu\/en\/szolgalati-birosag-es-biroi-etika\/","url_meta":{"origin":934,"position":5},"title":"The Service Court and judicial ethics","author":"szgabor1976","date":"Tuesday September 25th, 2018","format":false,"excerpt":"\u00a0 \u00a0\u201eNJC adopts the Code of Ethics of judges, appoints the president of the Service Court and its members, approves the rules of procedures of the Service Court and its annual report.\u201d \u00a0 Due to the judicial independence guaranteed by the Fundamental Law of Hungary, the disciplinary liability of the\u2026","rel":"","context":"Similar post","block_context":{"text":"Similar post","link":""},"img":{"alt_text":"","src":"","width":0,"height":0},"classes":[]}],"jetpack_likes_enabled":true,"_links":{"self":[{"href":"https:\/\/obt2018.hu\/en\/wp-json\/wp\/v2\/pages\/934","targetHints":{"allow":["GET"]}}],"collection":[{"href":"https:\/\/obt2018.hu\/en\/wp-json\/wp\/v2\/pages"}],"about":[{"href":"https:\/\/obt2018.hu\/en\/wp-json\/wp\/v2\/types\/page"}],"author":[{"embeddable":true,"href":"https:\/\/obt2018.hu\/en\/wp-json\/wp\/v2\/users\/1"}],"replies":[{"embeddable":true,"href":"https:\/\/obt2018.hu\/en\/wp-json\/wp\/v2\/comments?post=934"}],"version-history":[{"count":9,"href":"https:\/\/obt2018.hu\/en\/wp-json\/wp\/v2\/pages\/934\/revisions"}],"predecessor-version":[{"id":2422,"href":"https:\/\/obt2018.hu\/en\/wp-json\/wp\/v2\/pages\/934\/revisions\/2422"}],"wp:attachment":[{"href":"https:\/\/obt2018.hu\/en\/wp-json\/wp\/v2\/media?parent=934"}],"curies":[{"name":"wp","href":"https:\/\/api.w.org\/{rel}","templated":true}]}}