{"id":968,"date":"2019-01-29T14:33:00","date_gmt":"2019-01-29T13:33:00","guid":{"rendered":"https:\/\/obt2018.hu\/?page_id=968"},"modified":"2019-06-04T10:22:46","modified_gmt":"2019-06-04T08:22:46","slug":"2019-06-24","status":"publish","type":"page","link":"https:\/\/obt2018.hu\/en\/2019-06-24\/","title":{"rendered":"2019.06.05"},"content":{"rendered":"<p><div class=\"mdocs\"><div class=\"mdocs-wrap\"><\/div><div class=\"mdocs-container\"><table class=\"table table-hover table-condensed\" id=\"mdocs-list-table\">\t<thead>\n\t\t<tr>\n\t\t\t\t\t\t\t<th class=\"mdocs-name mdocs-sort-option\" data-folder=\"\" data-sort=\"name\" data-sort-type=\"desc\" data-current-sort=\"modified\" data-current-sort-type=\"desc\" data-is-dashboard=\"\" data-hide-folder=\"1\" data-hide-main-folder=\"1\" >Name<\/th>\n\t\t\t\t\t\t\t\t\t<th class=\"mdocs-downloads mdocs-sort-option\" data-folder=\"\" data-sort=\"downloads\" data-sort-type=\"desc\" data-current-sort=\"modified\" data-current-sort-type=\"desc\" data-is-dashboard=\"\" data-hide-folder=\"1\" data-hide-main-folder=\"1\" >Downloads<\/th>\n\t\t\t\t\t\t\t\t\t<th class=\"mdocs-modified mdocs-sort-option\" data-folder=\"\" data-sort=\"modified\" data-sort-type=\"desc\" data-current-sort=\"modified\" data-current-sort-type=\"desc\" data-is-dashboard=\"\" data-hide-folder=\"1\" data-hide-main-folder=\"1\" >Last Modified <i class=\"fa fa-chevron-down\" aria-hidden=\"true\"><\/i><\/th>\n\t\t\t\t\t\t\t\t\t<th class=\"mdocs-download mdocs-sort-option\" data-folder=\"\" data-sort=\"download\" data-sort-type=\"desc\" data-current-sort=\"modified\" data-current-sort-type=\"desc\" data-is-dashboard=\"\" data-hide-folder=\"1\" data-hide-main-folder=\"1\" >Download<\/th>\n\t\t\t\t\t<\/tr>\n\t\t<\/thead>\n\t\t\t<tfoot>\n\t\t\t<tr>\n\t\t\t\t\t\t\t<th class=\"mdocs-name mdocs-sort-option\" data-folder=\"\" data-sort=\"name\" data-sort-type=\"desc\" data-current-sort=\"modified\" data-current-sort-type=\"desc\" data-is-dashboard=\"\" data-hide-folder=\"1\" data-hide-main-folder=\"1\" >Name<\/th>\n\t\t\t\t\t\t\t\t\t<th class=\"mdocs-downloads mdocs-sort-option\" data-folder=\"\" data-sort=\"downloads\" data-sort-type=\"desc\" data-current-sort=\"modified\" data-current-sort-type=\"desc\" data-is-dashboard=\"\" data-hide-folder=\"1\" data-hide-main-folder=\"1\" >Downloads<\/th>\n\t\t\t\t\t\t\t\t\t<th class=\"mdocs-modified mdocs-sort-option\" data-folder=\"\" data-sort=\"modified\" data-sort-type=\"desc\" data-current-sort=\"modified\" data-current-sort-type=\"desc\" data-is-dashboard=\"\" data-hide-folder=\"1\" data-hide-main-folder=\"1\" >Last Modified <i class=\"fa fa-chevron-down\" aria-hidden=\"true\"><\/i><\/th>\n\t\t\t\t\t\t\t\t\t<th class=\"mdocs-download mdocs-sort-option\" data-folder=\"\" data-sort=\"download\" data-sort-type=\"desc\" data-current-sort=\"modified\" data-current-sort-type=\"desc\" data-is-dashboard=\"\" data-hide-folder=\"1\" data-hide-main-folder=\"1\" >Download<\/th>\n\t\t\t\t\t<\/tr>\n\t\t\t<\/tfoot>\n\t\t<tr><td colspan=\"5\"><p class=\"mdocs-nofiles\" >No files found in this folder.<\/p><\/td><\/tr><\/table><\/div><\/div><\/p>","protected":false},"excerpt":{"rendered":"","protected":false},"author":1,"featured_media":0,"parent":0,"menu_order":0,"comment_status":"closed","ping_status":"closed","template":"templates\/page-nosidebar_template.php","meta":{"jetpack_post_was_ever_published":false,"footnotes":""},"class_list":["post-968","page","type-page","status-publish","hentry"],"yoast_head":"<!-- This site is optimized with the Yoast SEO plugin v27.2 - https:\/\/yoast.com\/product\/yoast-seo-wordpress\/ -->\n<title>2019.06.05 - Orsz\u00e1gos B\u00edr\u00f3i Tan\u00e1cs<\/title>\n<meta name=\"robots\" content=\"index, follow, max-snippet:-1, max-image-preview:large, max-video-preview:-1\" \/>\n<link rel=\"canonical\" href=\"https:\/\/obt2018.hu\/2019-06-24\/\" \/>\n<meta property=\"og:locale\" content=\"en_US\" \/>\n<meta property=\"og:type\" content=\"article\" \/>\n<meta property=\"og:title\" content=\"[:hu]2019.06.24[:en]2019.06.05[:] - Orsz\u00e1gos B\u00edr\u00f3i Tan\u00e1cs\" \/>\n<meta property=\"og:url\" content=\"https:\/\/obt2018.hu\/2019-06-24\/\" \/>\n<meta property=\"og:site_name\" content=\"Orsz\u00e1gos B\u00edr\u00f3i Tan\u00e1cs\" \/>\n<meta property=\"article:modified_time\" content=\"2019-06-04T08:22:46+00:00\" \/>\n<meta name=\"twitter:card\" content=\"summary_large_image\" \/>\n<script type=\"application\/ld+json\" class=\"yoast-schema-graph\">{\"@context\":\"https:\/\/schema.org\",\"@graph\":[{\"@type\":\"WebPage\",\"@id\":\"https:\/\/obt2018.hu\/2019-06-24\/\",\"url\":\"https:\/\/obt2018.hu\/2019-06-24\/\",\"name\":\"[:hu]2019.06.24[:en]2019.06.05[:] - Orsz\u00e1gos B\u00edr\u00f3i Tan\u00e1cs\",\"isPartOf\":{\"@id\":\"https:\/\/obt2018.hu\/#website\"},\"datePublished\":\"2019-01-29T13:33:00+00:00\",\"dateModified\":\"2019-06-04T08:22:46+00:00\",\"breadcrumb\":{\"@id\":\"https:\/\/obt2018.hu\/2019-06-24\/#breadcrumb\"},\"inLanguage\":\"en-US\",\"potentialAction\":[{\"@type\":\"ReadAction\",\"target\":[\"https:\/\/obt2018.hu\/2019-06-24\/\"]}]},{\"@type\":\"BreadcrumbList\",\"@id\":\"https:\/\/obt2018.hu\/2019-06-24\/#breadcrumb\",\"itemListElement\":[{\"@type\":\"ListItem\",\"position\":1,\"name\":\"Home\",\"item\":\"https:\/\/obt2018.hu\/\"},{\"@type\":\"ListItem\",\"position\":2,\"name\":\"2019.06.24\"}]},{\"@type\":\"WebSite\",\"@id\":\"https:\/\/obt2018.hu\/#website\",\"url\":\"https:\/\/obt2018.hu\/\",\"name\":\"OBT 2018\",\"description\":\"Az Orsz\u00e1gos B\u00edr\u00f3i Tan\u00e1cs honlapja\",\"publisher\":{\"@id\":\"https:\/\/obt2018.hu\/#organization\"},\"potentialAction\":[{\"@type\":\"SearchAction\",\"target\":{\"@type\":\"EntryPoint\",\"urlTemplate\":\"https:\/\/obt2018.hu\/?s={search_term_string}\"},\"query-input\":{\"@type\":\"PropertyValueSpecification\",\"valueRequired\":true,\"valueName\":\"search_term_string\"}}],\"inLanguage\":\"en-US\"},{\"@type\":\"Organization\",\"@id\":\"https:\/\/obt2018.hu\/#organization\",\"name\":\"Orsz\u00e1gos B\u00edr\u00f3i Tan\u00e1cs\",\"url\":\"https:\/\/obt2018.hu\/\",\"logo\":{\"@type\":\"ImageObject\",\"inLanguage\":\"en-US\",\"@id\":\"https:\/\/obt2018.hu\/#\/schema\/logo\/image\/\",\"url\":\"https:\/\/obt2018.hu\/wp-content\/uploads\/2018\/10\/logo.png\",\"contentUrl\":\"https:\/\/obt2018.hu\/wp-content\/uploads\/2018\/10\/logo.png\",\"width\":591,\"height\":591,\"caption\":\"Orsz\u00e1gos B\u00edr\u00f3i Tan\u00e1cs\"},\"image\":{\"@id\":\"https:\/\/obt2018.hu\/#\/schema\/logo\/image\/\"}}]}<\/script>\n<!-- \/ Yoast SEO plugin. -->","yoast_head_json":{"title":"[:hu]2019.06.24[:en]2019.06.05[:] - Orsz\u00e1gos B\u00edr\u00f3i Tan\u00e1cs","robots":{"index":"index","follow":"follow","max-snippet":"max-snippet:-1","max-image-preview":"max-image-preview:large","max-video-preview":"max-video-preview:-1"},"canonical":"https:\/\/obt2018.hu\/2019-06-24\/","og_locale":"en_US","og_type":"article","og_title":"[:hu]2019.06.24[:en]2019.06.05[:] - Orsz\u00e1gos B\u00edr\u00f3i Tan\u00e1cs","og_url":"https:\/\/obt2018.hu\/2019-06-24\/","og_site_name":"Orsz\u00e1gos B\u00edr\u00f3i Tan\u00e1cs","article_modified_time":"2019-06-04T08:22:46+00:00","twitter_card":"summary_large_image","schema":{"@context":"https:\/\/schema.org","@graph":[{"@type":"WebPage","@id":"https:\/\/obt2018.hu\/2019-06-24\/","url":"https:\/\/obt2018.hu\/2019-06-24\/","name":"[:hu]2019.06.24[:en]2019.06.05[:] - Orsz\u00e1gos B\u00edr\u00f3i Tan\u00e1cs","isPartOf":{"@id":"https:\/\/obt2018.hu\/#website"},"datePublished":"2019-01-29T13:33:00+00:00","dateModified":"2019-06-04T08:22:46+00:00","breadcrumb":{"@id":"https:\/\/obt2018.hu\/2019-06-24\/#breadcrumb"},"inLanguage":"en-US","potentialAction":[{"@type":"ReadAction","target":["https:\/\/obt2018.hu\/2019-06-24\/"]}]},{"@type":"BreadcrumbList","@id":"https:\/\/obt2018.hu\/2019-06-24\/#breadcrumb","itemListElement":[{"@type":"ListItem","position":1,"name":"Home","item":"https:\/\/obt2018.hu\/"},{"@type":"ListItem","position":2,"name":"2019.06.24"}]},{"@type":"WebSite","@id":"https:\/\/obt2018.hu\/#website","url":"https:\/\/obt2018.hu\/","name":"OBT 2018","description":"Az Orsz\u00e1gos B\u00edr\u00f3i Tan\u00e1cs honlapja","publisher":{"@id":"https:\/\/obt2018.hu\/#organization"},"potentialAction":[{"@type":"SearchAction","target":{"@type":"EntryPoint","urlTemplate":"https:\/\/obt2018.hu\/?s={search_term_string}"},"query-input":{"@type":"PropertyValueSpecification","valueRequired":true,"valueName":"search_term_string"}}],"inLanguage":"en-US"},{"@type":"Organization","@id":"https:\/\/obt2018.hu\/#organization","name":"Orsz\u00e1gos B\u00edr\u00f3i Tan\u00e1cs","url":"https:\/\/obt2018.hu\/","logo":{"@type":"ImageObject","inLanguage":"en-US","@id":"https:\/\/obt2018.hu\/#\/schema\/logo\/image\/","url":"https:\/\/obt2018.hu\/wp-content\/uploads\/2018\/10\/logo.png","contentUrl":"https:\/\/obt2018.hu\/wp-content\/uploads\/2018\/10\/logo.png","width":591,"height":591,"caption":"Orsz\u00e1gos B\u00edr\u00f3i Tan\u00e1cs"},"image":{"@id":"https:\/\/obt2018.hu\/#\/schema\/logo\/image\/"}}]}},"jetpack_sharing_enabled":true,"jetpack_shortlink":"https:\/\/wp.me\/PfwhB4-fC","jetpack-related-posts":[{"id":1160,"url":"https:\/\/obt2018.hu\/en\/english\/","url_meta":{"origin":968,"position":0},"title":"English","author":"szgabor1976","date":"Wednesday July 24th, 2019","format":false,"excerpt":"","rel":"","context":"Similar post","block_context":{"text":"Similar post","link":""},"img":{"alt_text":"","src":"","width":0,"height":0},"classes":[]},{"id":211,"url":"https:\/\/obt2018.hu\/en\/2018-02-22\/","url_meta":{"origin":968,"position":1},"title":"2018.02.22","author":"szgabor1976","date":"Friday October  5th, 2018","format":false,"excerpt":"\u00a0 \u00a0 \u00a0 \u00a0 \u00a0 \u00a0 \u00a0","rel":"","context":"Similar post","block_context":{"text":"Similar post","link":""},"img":{"alt_text":"","src":"","width":0,"height":0},"classes":[]},{"id":213,"url":"https:\/\/obt2018.hu\/en\/2018-03-07\/","url_meta":{"origin":968,"position":2},"title":"2018.03.07","author":"szgabor1976","date":"Friday October  5th, 2018","format":false,"excerpt":"\u00a0 \u00a0 \u00a0 \u00a0 \u00a0 \u00a0 \u00a0","rel":"","context":"Similar post","block_context":{"text":"Similar post","link":""},"img":{"alt_text":"","src":"","width":0,"height":0},"classes":[]},{"id":215,"url":"https:\/\/obt2018.hu\/en\/2018-03-13\/","url_meta":{"origin":968,"position":3},"title":"2018.03.13","author":"szgabor1976","date":"Friday October  5th, 2018","format":false,"excerpt":"\u00a0 \u00a0 \u00a0 \u00a0 \u00a0 \u00a0 \u00a0","rel":"","context":"Similar post","block_context":{"text":"Similar post","link":""},"img":{"alt_text":"","src":"","width":0,"height":0},"classes":[]},{"id":217,"url":"https:\/\/obt2018.hu\/en\/2018-04-04\/","url_meta":{"origin":968,"position":4},"title":"2018.04.04","author":"szgabor1976","date":"Friday October  5th, 2018","format":false,"excerpt":"\u00a0 \u00a0 \u00a0 \u00a0 \u00a0 \u00a0 \u00a0","rel":"","context":"Similar post","block_context":{"text":"Similar post","link":""},"img":{"alt_text":"","src":"","width":0,"height":0},"classes":[]},{"id":219,"url":"https:\/\/obt2018.hu\/en\/2018-04-18\/","url_meta":{"origin":968,"position":5},"title":"2018.04.18","author":"szgabor1976","date":"Friday October  5th, 2018","format":false,"excerpt":"\u00a0 \u00a0 \u00a0 \u00a0 \u00a0 \u00a0 \u00a0","rel":"","context":"Similar post","block_context":{"text":"Similar post","link":""},"img":{"alt_text":"","src":"","width":0,"height":0},"classes":[]}],"jetpack_likes_enabled":true,"_links":{"self":[{"href":"https:\/\/obt2018.hu\/en\/wp-json\/wp\/v2\/pages\/968","targetHints":{"allow":["GET"]}}],"collection":[{"href":"https:\/\/obt2018.hu\/en\/wp-json\/wp\/v2\/pages"}],"about":[{"href":"https:\/\/obt2018.hu\/en\/wp-json\/wp\/v2\/types\/page"}],"author":[{"embeddable":true,"href":"https:\/\/obt2018.hu\/en\/wp-json\/wp\/v2\/users\/1"}],"replies":[{"embeddable":true,"href":"https:\/\/obt2018.hu\/en\/wp-json\/wp\/v2\/comments?post=968"}],"version-history":[{"count":2,"href":"https:\/\/obt2018.hu\/en\/wp-json\/wp\/v2\/pages\/968\/revisions"}],"predecessor-version":[{"id":1100,"href":"https:\/\/obt2018.hu\/en\/wp-json\/wp\/v2\/pages\/968\/revisions\/1100"}],"wp:attachment":[{"href":"https:\/\/obt2018.hu\/en\/wp-json\/wp\/v2\/media?parent=968"}],"curies":[{"name":"wp","href":"https:\/\/api.w.org\/{rel}","templated":true}]}}